{"id":674520,"date":"2026-02-19T16:18:06","date_gmt":"2026-02-19T15:18:06","guid":{"rendered":"https:\/\/selleetools.com\/?post_type=product&#038;p=674520"},"modified":"2026-04-09T18:04:40","modified_gmt":"2026-04-09T16:04:40","slug":"zbieracz-lapacz-wody-deszczowej-z-zaworem-bradas-80mm-brazowy","status":"publish","type":"product","link":"https:\/\/admincentral.selleetools.com\/pl\/product\/zbieracz-lapacz-wody-deszczowej-z-zaworem-bradas-80mm-brazowy\/","title":{"rendered":"Zbieracz, \u0142apacz wody deszczowej z zaworem, BRADAS 80mm, Br\u0105zowy"},"content":{"rendered":"<p>Wymiary:<br \/>\n&#8211; \u015brednica wewn\u0119trzna: 80 mm<br \/>\n&#8211; wysoko\u015b\u0107: 175 mm<br \/>\n&#8211; d\u0142ugo\u015b\u0107 ramienia: 170mm<br \/>\n&#8211; \u015brednica wylweki: 34 mm<\/p>\n<p>W\u0142a\u015bciwo\u015bci:<br \/>\n&#8211; zbieracz mo\u017cna zastosowa\u0107 do rur spustowych PCV i metalowych o \u015brednicy : 80 mm<br \/>\n&#8211; wysoki wsp\u00f3\u0142czynnik sprawno\u015bci przechwytu wody deszczowej<br \/>\n&#8211; zaw\u00f3r z regulacj\u0105 przep\u0142ywu wody<br \/>\n&#8211; wysokiej jako\u015bci tworzywo ABS<br \/>\n&#8211; \u0142atwy i szybki monta\u017c<\/p>\n<p>Mo\u017cliwo\u015b\u0107 pod\u0142\u0105czenia w\u0119\u017ca technicznego VEN-FLEX 35mm (nie zawarty w zestawie)<\/p>\n<p>Wymiary:<br \/>\n&#8211; \u015brednica wewn\u0119trzna: 80 mm<br \/>\n&#8211; wysoko\u015b\u0107: 175 mm<br \/>\n&#8211; d\u0142ugo\u015b\u0107 ramienia: 170mm<br \/>\n&#8211; \u015brednica wylweki: 34 mm<\/p>\n<p>W\u0142a\u015bciwo\u015bci:<br \/>\n&#8211; zbieracz mo\u017cna zastosowa\u0107 do rur spustowych PCV i metalowych o \u015brednicy : 80 mm<br \/>\n&#8211; wysoki wsp\u00f3\u0142czynnik sprawno\u015bci przechwytu wody deszczowej<br \/>\n&#8211; zaw\u00f3r z regulacj\u0105 przep\u0142ywu wody<br \/>\n&#8211; wysokiej jako\u015bci tworzywo ABS<br \/>\n&#8211; \u0142atwy i szybki monta\u017c<\/p>\n<p>Mo\u017cliwo\u015b\u0107 pod\u0142\u0105czenia w\u0119\u017ca technicznego VEN-FLEX 35mm (nie zawarty w zestawie)<\/p>\n","protected":false},"excerpt":{"rendered":"<p>Wymiary: &#8211; \u015brednica wewn\u0119trzna: 80 mm &#8211; wysoko\u015b\u0107: 175 mm &#8211; d\u0142ugo\u015b\u0107 ramienia: 170mm &#8211; \u015brednica wylweki: 34 mm W\u0142a\u015bciwo\u015bci: &#8211; zbieracz mo\u017cna zastosowa\u0107 do rur spustowych PCV i metalowych o \u015brednicy : 80 mm &#8211; wysoki wsp\u00f3\u0142czynnik sprawno\u015bci przechwytu wody deszczowej &#8211; zaw\u00f3r z regulacj\u0105 przep\u0142ywu wody &#8211; wysokiej jako\u015bci tworzywo ABS &#8211; \u0142atwy &#8230; <a title=\"Zbieracz, \u0142apacz wody deszczowej z zaworem, BRADAS 80mm, Br\u0105zowy\" class=\"read-more\" href=\"https:\/\/admincentral.selleetools.com\/pl\/product\/zbieracz-lapacz-wody-deszczowej-z-zaworem-bradas-80mm-brazowy\/\">Read more<span class=\"screen-reader-text\">Zbieracz, \u0142apacz wody deszczowej z zaworem, BRADAS 80mm, Br\u0105zowy<\/span><\/a><\/p>\n","protected":false},"featured_media":674512,"comment_status":"open","ping_status":"closed","template":"","meta":{"_links_to":"","_links_to_target":""},"yoast_head":"<!-- This site is optimized with the Yoast SEO plugin v19.4 - https:\/\/yoast.com\/wordpress\/plugins\/seo\/ -->\n<title>Zbieracz, \u0142apacz wody deszczowej z zaworem, BRADAS 80mm, Br\u0105zowy - Selleetools.com<\/title>\n<meta name=\"robots\" content=\"index, follow, max-snippet:-1, max-image-preview:large, max-video-preview:-1\" \/>\n<link rel=\"canonical\" href=\"https:\/\/admincentral.selleetools.com\/pl\/product\/zbieracz-lapacz-wody-deszczowej-z-zaworem-bradas-80mm-brazowy\/\" \/>\n<meta property=\"og:locale\" content=\"pl_PL\" \/>\n<meta property=\"og:type\" content=\"article\" \/>\n<meta property=\"og:title\" content=\"Zbieracz, \u0142apacz wody deszczowej z zaworem, BRADAS 80mm, Br\u0105zowy - Selleetools.com\" \/>\n<meta property=\"og:description\" content=\"Wymiary: &#8211; \u015brednica wewn\u0119trzna: 80 mm &#8211; wysoko\u015b\u0107: 175 mm &#8211; d\u0142ugo\u015b\u0107 ramienia: 170mm &#8211; \u015brednica wylweki: 34 mm W\u0142a\u015bciwo\u015bci: &#8211; zbieracz mo\u017cna zastosowa\u0107 do rur spustowych PCV i metalowych o \u015brednicy : 80 mm &#8211; wysoki wsp\u00f3\u0142czynnik sprawno\u015bci przechwytu wody deszczowej &#8211; zaw\u00f3r z regulacj\u0105 przep\u0142ywu wody &#8211; wysokiej jako\u015bci tworzywo ABS &#8211; \u0142atwy ... Read moreZbieracz, \u0142apacz wody deszczowej z zaworem, BRADAS 80mm, Br\u0105zowy\" \/>\n<meta property=\"og:url\" content=\"https:\/\/admincentral.selleetools.com\/pl\/product\/zbieracz-lapacz-wody-deszczowej-z-zaworem-bradas-80mm-brazowy\/\" \/>\n<meta property=\"og:site_name\" content=\"Selleetools.com\" \/>\n<meta property=\"article:modified_time\" content=\"2026-04-09T16:04:40+00:00\" \/>\n<meta property=\"og:image\" content=\"https:\/\/selleetools.com\/wp-content\/uploads\/2026\/02\/f92af45cd9968a26cc4d153fb94a2ef1.jpg\" \/>\n\t<meta property=\"og:image:width\" content=\"600\" \/>\n\t<meta property=\"og:image:height\" content=\"600\" \/>\n\t<meta property=\"og:image:type\" content=\"image\/jpeg\" \/>\n<meta name=\"twitter:card\" content=\"summary_large_image\" \/>\n<meta name=\"twitter:label1\" content=\"Est. reading time\" \/>\n\t<meta name=\"twitter:data1\" content=\"1 minuta\" \/>\n<!-- \/ Yoast SEO plugin. -->","yoast_head_json":{"title":"Zbieracz, \u0142apacz wody deszczowej z zaworem, BRADAS 80mm, Br\u0105zowy - Selleetools.com","robots":{"index":"index","follow":"follow","max-snippet":"max-snippet:-1","max-image-preview":"max-image-preview:large","max-video-preview":"max-video-preview:-1"},"canonical":"https:\/\/admincentral.selleetools.com\/pl\/product\/zbieracz-lapacz-wody-deszczowej-z-zaworem-bradas-80mm-brazowy\/","og_locale":"pl_PL","og_type":"article","og_title":"Zbieracz, \u0142apacz wody deszczowej z zaworem, BRADAS 80mm, Br\u0105zowy - Selleetools.com","og_description":"Wymiary: &#8211; \u015brednica wewn\u0119trzna: 80 mm &#8211; wysoko\u015b\u0107: 175 mm &#8211; d\u0142ugo\u015b\u0107 ramienia: 170mm &#8211; \u015brednica wylweki: 34 mm W\u0142a\u015bciwo\u015bci: &#8211; zbieracz mo\u017cna zastosowa\u0107 do rur spustowych PCV i metalowych o \u015brednicy : 80 mm &#8211; wysoki wsp\u00f3\u0142czynnik sprawno\u015bci przechwytu wody deszczowej &#8211; zaw\u00f3r z regulacj\u0105 przep\u0142ywu wody &#8211; wysokiej jako\u015bci tworzywo ABS &#8211; \u0142atwy ... Read moreZbieracz, \u0142apacz wody deszczowej z zaworem, BRADAS 80mm, Br\u0105zowy","og_url":"https:\/\/admincentral.selleetools.com\/pl\/product\/zbieracz-lapacz-wody-deszczowej-z-zaworem-bradas-80mm-brazowy\/","og_site_name":"Selleetools.com","article_modified_time":"2026-04-09T16:04:40+00:00","og_image":[{"width":600,"height":600,"url":"https:\/\/selleetools.com\/wp-content\/uploads\/2026\/02\/f92af45cd9968a26cc4d153fb94a2ef1.jpg","type":"image\/jpeg"}],"twitter_card":"summary_large_image","twitter_misc":{"Est. reading time":"1 minuta"},"schema":{"@context":"https:\/\/schema.org","@graph":[{"@type":"Organization","@id":"https:\/\/selleetools.com\/#organization","name":"Selleetools","url":"https:\/\/selleetools.com\/","sameAs":[],"logo":{"@type":"ImageObject","inLanguage":"pl-PL","@id":"https:\/\/selleetools.com\/#\/schema\/logo\/image\/","url":"https:\/\/selleetools.com\/wp-content\/uploads\/2021\/10\/logo-dark.png","contentUrl":"https:\/\/selleetools.com\/wp-content\/uploads\/2021\/10\/logo-dark.png","width":320,"height":76,"caption":"Selleetools"},"image":{"@id":"https:\/\/selleetools.com\/#\/schema\/logo\/image\/"}},{"@type":"WebSite","@id":"https:\/\/selleetools.com\/#website","url":"https:\/\/selleetools.com\/","name":"Selleetools.com","description":"","publisher":{"@id":"https:\/\/selleetools.com\/#organization"},"potentialAction":[{"@type":"SearchAction","target":{"@type":"EntryPoint","urlTemplate":"https:\/\/selleetools.com\/?s={search_term_string}"},"query-input":"required name=search_term_string"}],"inLanguage":"pl-PL"},{"@type":"WebPage","@id":"https:\/\/admincentral.selleetools.com\/pl\/product\/zbieracz-lapacz-wody-deszczowej-z-zaworem-bradas-80mm-brazowy\/","url":"https:\/\/admincentral.selleetools.com\/pl\/product\/zbieracz-lapacz-wody-deszczowej-z-zaworem-bradas-80mm-brazowy\/","name":"Zbieracz, \u0142apacz wody deszczowej z zaworem, BRADAS 80mm, Br\u0105zowy - Selleetools.com","isPartOf":{"@id":"https:\/\/selleetools.com\/#website"},"datePublished":"2026-02-19T15:18:06+00:00","dateModified":"2026-04-09T16:04:40+00:00","breadcrumb":{"@id":"https:\/\/admincentral.selleetools.com\/pl\/product\/zbieracz-lapacz-wody-deszczowej-z-zaworem-bradas-80mm-brazowy\/#breadcrumb"},"inLanguage":"pl-PL","potentialAction":[{"@type":"ReadAction","target":["https:\/\/admincentral.selleetools.com\/pl\/product\/zbieracz-lapacz-wody-deszczowej-z-zaworem-bradas-80mm-brazowy\/"]}]},{"@type":"BreadcrumbList","@id":"https:\/\/admincentral.selleetools.com\/pl\/product\/zbieracz-lapacz-wody-deszczowej-z-zaworem-bradas-80mm-brazowy\/#breadcrumb","itemListElement":[{"@type":"ListItem","position":1,"name":"Home","item":"https:\/\/selleetools.com\/pl\/"},{"@type":"ListItem","position":2,"name":"Katalog","item":"https:\/\/selleetools.com\/pl\/katalog\/"},{"@type":"ListItem","position":3,"name":"Zbieracz, \u0142apacz wody deszczowej z zaworem, BRADAS 80mm, Br\u0105zowy"}]}]}},"_links":{"self":[{"href":"https:\/\/admincentral.selleetools.com\/pl\/wp-json\/wp\/v2\/product\/674520"}],"collection":[{"href":"https:\/\/admincentral.selleetools.com\/pl\/wp-json\/wp\/v2\/product"}],"about":[{"href":"https:\/\/admincentral.selleetools.com\/pl\/wp-json\/wp\/v2\/types\/product"}],"replies":[{"embeddable":true,"href":"https:\/\/admincentral.selleetools.com\/pl\/wp-json\/wp\/v2\/comments?post=674520"}],"wp:featuredmedia":[{"embeddable":true,"href":"https:\/\/admincentral.selleetools.com\/pl\/wp-json\/wp\/v2\/media\/674512"}],"wp:attachment":[{"href":"https:\/\/admincentral.selleetools.com\/pl\/wp-json\/wp\/v2\/media?parent=674520"}],"curies":[{"name":"wp","href":"https:\/\/api.w.org\/{rel}","templated":true}]}}