{"id":674651,"date":"2026-02-19T16:19:37","date_gmt":"2026-02-19T15:19:37","guid":{"rendered":"https:\/\/selleetools.com\/?post_type=product&#038;p=674651"},"modified":"2026-04-09T18:06:55","modified_gmt":"2026-04-09T16:06:55","slug":"doniczka-wysoka-urbi-case-t-duc600t-z-wkladem-bialy","status":"publish","type":"product","link":"https:\/\/admincentral.selleetools.com\/pl\/product\/doniczka-wysoka-urbi-case-t-duc600t-z-wkladem-bialy\/","title":{"rendered":"Doniczka wysoka Urbi Case T DUC600T z wk\u0142adem | Bia\u0142y"},"content":{"rendered":"<section class=\"section\">\n<div class=\"item item-6\">\n<section class=\"text-item\">\n<h1>Doniczka wysoka Urbi Case DUC600T z wk\u0142adem &#8211; Bia\u0142y<\/h1>\n<p><b>Wysoka donica <\/b>pozwoli Ci na stworzenie spektakularnego kwietnika. Dzi\u0119ki zastosowaniu wysokiej jako\u015bci tworzywa sztucznego sprawdzi si\u0119 nie tylko wewn\u0105trz domu, ale tak\u017ce na zewn\u0105trz \u2013 w ogrodzie lub na balkonie.\u00a0<\/p>\n<p>\u00a0<\/p>\n<p><b>\u2794 Postaw na wysok\u0105 doniczk\u0119 i o\u017cyw swoj\u0105 przestrze\u0144 efektownymi ro\u015blinami!<\/b><\/p>\n<\/section><\/div>\n<div class=\"item item-6\">\n<section class=\"image-item\">\n            <img src=\"https:\/\/upload.cdn.baselinker.com\/products\/3028621\/4bd3e194630cbe9128cd162fc5618f52.jpg\" \/><br \/>\n        <\/section>\n<\/p><\/div>\n<\/section>\n<section class=\"section\">\n<div class=\"item item-6\">\n<section class=\"text-item\">\n<p><b>Zawarto\u015b\u0107 zestawu:<\/b><\/p>\n<p><b>\u00a0<\/b><\/p>\n<p>\u2705 Doniczka (os\u0142onka) x 1<\/p>\n<p>\u2705 Wk\u0142ad wewn\u0119trzny x 1<\/p>\n<p>\u2705 Gumowy korek do zatkania odp\u0142ywu wody x 1<\/p>\n<\/section><\/div>\n<div class=\"item item-6\">\n<section class=\"image-item\">\n            <img src=\"https:\/\/upload.cdn.baselinker.com\/products\/3028621\/b116c9f37fdb326ec57b64318d4edc8f.jpg\" \/><br \/>\n        <\/section>\n<\/p><\/div>\n<\/section>\n<section class=\"section\">\n<div class=\"item item-6\">\n<section class=\"text-item\">\n<p><b>Specyfikacja:<\/b><\/p>\n<p>\u00a0<\/p>\n<p>\u2611\ufe0f D\u0142ugo\u015b\u0107: <b>58 cm<\/b><\/p>\n<p>\u2611\ufe0f Szeroko\u015b\u0107: <b>18 cm<\/b><\/p>\n<p>\u2611\ufe0f Wysoko\u015b\u0107: <b>49,8 cm<\/b><\/p>\n<p>\u2611\ufe0f Pojemno\u015b\u0107: <b>38 l<\/b><\/p>\n<p>\u2611\ufe0f Materia\u0142:<b> tworzywo sztuczne<\/b><\/p>\n<p>\u2611\ufe0f Kolor:<b> bia\u0142y<\/b><\/p>\n<p>Informacje dodatkowe:<\/p>\n<p><b>Doniczka na spodzie posiada wyznaczone przez producenta miejsca w kt\u00f3rych mo\u017cna wywierci\u0107 otwory do odp\u0142ywu nadmiaru wody. Otw\u00f3r zatykany korkiem.<\/b><\/p>\n<\/section><\/div>\n<div class=\"item item-6\">\n<section class=\"image-item\">\n            <img src=\"https:\/\/upload.cdn.baselinker.com\/products\/3028621\/2bd9aa10a0e9647f2e8426c29c14bff1.jpg\" \/><br \/>\n        <\/section>\n<\/p><\/div>\n<\/section>\n<section class=\"section\">\n<div class=\"item item-6\">\n<section class=\"text-item\">\n<p>Wk\u0142ad wewn\u0119trzny do doniczek pozwala na zmniejszenie przestrzeni wewn\u0119trznej a tym samym wykorzystanie mniejszej ilo\u015bci ziemi.<\/p>\n<p>Wk\u0142ad doniczki posiada r\u0105czki dzi\u0119ki kt\u00f3rym mo\u017cna go bez problemu wyj\u0105\u0107 oraz posiada\u00a0 w\u0142asn\u0105 podstawk\u0119 na wod\u0119.<\/p>\n<p><b>Specyfikacja\u00a0wk\u0142adu:<\/b><\/p>\n<p>\u2714\ufe0f d\u0142ugo\u015b\u0107 &#8211; 58 cm<\/p>\n<p>\u2714\ufe0f szeroko\u015b\u0107 &#8211; 18 cm<\/p>\n<p>\u2714\ufe0f wysoko\u015b\u0107 &#8211; 19,5 cm<\/p>\n<p>\u2714\ufe0f materia\u0142 &#8211; tworzywo sztuczne<\/p>\n<\/section><\/div>\n<div class=\"item item-6\">\n<section class=\"image-item\">\n            <img src=\"https:\/\/upload.cdn.baselinker.com\/products\/3028621\/0a9758683f9bfbb4e3e2a0849825013c.jpg\" \/><br \/>\n        <\/section>\n<\/p><\/div>\n<\/section>\n<section class=\"section\">\n<div class=\"item item-6\">\n<section class=\"text-item\">\n<p><b>Wk\u0142ad wewn\u0119trzny z n\u00f3\u017ck\u0105 \u2013 stabilno\u015b\u0107 i wygoda dla Twoich ro\u015blin<\/b><\/p>\n<p>Zapewnij swoim ro\u015blinom najlepsze warunki dzi\u0119ki innowacyjnemu wk\u0142adowi wewn\u0119trznemu z n\u00f3\u017ck\u0105!<\/p>\n<p>\u2705 <b>Stabilno\u015b\u0107 i trwa\u0142o\u015b\u0107<\/b> \u2013 specjalna n\u00f3\u017cka utrzymuje wk\u0142ad w odpowiednim miejscu, zapobiegaj\u0105c jego zapadaniu si\u0119 pod ci\u0119\u017carem ziemi.<\/p>\n<p>\u2705 <b>Dodatkowe wzmocnienie<\/b> \u2013 wbudowana rozp\u00f3rka stabilizuje \u015bcianki wk\u0142adu, utrzymuj\u0105c go w optymalnym kszta\u0142cie.<\/p>\n<p>\u2705 <b>Praktyczna podstawka<\/b> \u2013 na dnie wk\u0142adu znajduje si\u0119 miejsce na gromadzenie nadmiaru wody, co pomaga w zachowaniu odpowiedniego poziomu wilgoci.<\/p>\n<\/section><\/div>\n<div class=\"item item-6\">\n<section class=\"image-item\">\n            <img src=\"https:\/\/upload.cdn.baselinker.com\/products\/3028621\/d95f8273006b5e35ef1863a9586821a7.png\" \/><br \/>\n        <\/section>\n<\/p><\/div>\n<\/section>\n<section class=\"section\">\n<div class=\"item item-6\">\n<section class=\"text-item\">\n<p><b>Doniczka wysoka \u2013 najwa\u017cniejsze cechy:<\/b><\/p>\n<p><b>\u00a0<\/b><\/p>\n<p>\u27a1\ufe0f Atrakcyjny design i neutralna kolorystyka sprawiaj\u0105, \u017ce doniczka <b>sprawdzi si\u0119 w ka\u017cdym miejscu<\/b> (bez wzgl\u0119du na styl aran\u017cacji).<\/p>\n<p>\u00a0<\/p>\n<p>\u27a1\ufe0f Zastosowanie materia\u0142\u00f3w najwy\u017cszej jako\u015bci przek\u0142ada si\u0119 na <b>wytrzyma\u0142o\u015b\u0107, trwa\u0142o\u015b\u0107 i \u017cywotno\u015b\u0107<\/b>.<\/p>\n<p>\u00a0<\/p>\n<p>\u27a1\ufe0f Dzi\u0119ki optymalnej wysoko\u015bci (prawie 50 cm) wspaniale <b>eksponuje zasadzone w niej ro\u015bliny<\/b>.<\/p>\n<\/section><\/div>\n<div class=\"item item-6\">\n<section class=\"image-item\">\n            <img src=\"https:\/\/upload.cdn.baselinker.com\/products\/3028621\/54607dae7efbb0eef640809d435c3ae7.jpg\" \/><br \/>\n        <\/section>\n<\/p><\/div>\n<\/section>\n<section class=\"section\">\n<div class=\"item item-6\">\n<section class=\"text-item\">\n<p><b>Idealnie sprawdza si\u0119 jako ozdoba:<\/b><\/p>\n<ul>\n<li>domu,<\/li>\n<li>tarasu,<\/li>\n<li>balkonu,<\/li>\n<li>altany,<\/li>\n<li>ogrodu,<\/li>\n<\/ul>\n<\/section><\/div>\n<div class=\"item item-6\">\n<section class=\"image-item\">\n            <img src=\"https:\/\/upload.cdn.baselinker.com\/products\/3028621\/22ba24edcdb9f9173afee1cc684098d0.jpg\" \/><br \/>\n        <\/section>\n<\/p><\/div>\n<\/section>\n<section class=\"section\">\n<div class=\"item item-6\">\n<section class=\"text-item\">\n<p><b>Nasza doniczka wysoka jest trwa\u0142a i wytrzyma\u0142a!<\/b><\/p>\n<p><b>\u00a0<\/b><\/p>\n<p>Dzi\u0119ki materia\u0142om najwy\u017cszej jako\u015bci doniczka jest nie tylko solidna i wytrzyma\u0142a, ale tak\u017ce<b> odporna na szkodliwe dzia\u0142anie warunk\u00f3w atmosferycznych<\/b> (tj. promieniowanie s\u0142oneczne i wilgo\u0107).<\/p>\n<p>\u00a0<\/p>\n<p>Z tego powodu nadaje si\u0119 <b>do sta\u0142ego u\u017cytkowania na zewn\u0105trz <\/b>(w okresie wegetacji ro\u015blin) oraz <b>d\u0142ugo zachowuje pi\u0119kny wygl\u0105d<\/b>.<\/p>\n<\/section><\/div>\n<div class=\"item item-6\">\n<section class=\"image-item\">\n            <img src=\"https:\/\/upload.cdn.baselinker.com\/products\/3028621\/72cf43ba147e1436fef9fc58be8a77b7.jpg\" \/><br \/>\n        <\/section>\n<\/p><\/div>\n<\/section>\n<section class=\"section\">\n<div class=\"item item-6\">\n<section class=\"text-item\">\n<p><b>Zastanawiasz si\u0119, jakie ro\u015bliny warto zasadzi\u0107 w wysokiej doniczce? Oto kilka inspiracji:<\/b><\/p>\n<p><b>\u00a0<\/b><\/p>\n<p>\u2705 Sukulenty<\/p>\n<p>\u2705 Monstery<\/p>\n<p>\u2705 Storczyki<\/p>\n<p>\u2705 Paprocie<\/p>\n<p>\u2705 Zio\u0142a (np. bazylia, mi\u0119ta)<\/p>\n<p>\u2705 Bratki<\/p>\n<p>\u2705 Aksamitki<\/p>\n<p>\u2705 Lawenda<\/p>\n<p>\u2705 Nemezje<\/p>\n<\/section><\/div>\n<div class=\"item item-6\">\n<section class=\"image-item\">\n            <img src=\"https:\/\/upload.cdn.baselinker.com\/products\/3028621\/b116c9f37fdb326ec57b64318d4edc8f.jpg\" \/><br \/>\n        <\/section>\n<\/p><\/div>\n<\/section>\n<p>Doniczka wysoka Urbi Case T DUC600T<\/p>\n<p>Zestaw zawiera:<\/p>\n<p>    Doniczk\u0119 (os\u0142onk\u0119)<br \/>\n    Wk\u0142ad wewn\u0119trzny<br \/>\n    Gumowy korek do zatkania odp\u0142ywu wody<\/p>\n<p>Informacj\u0119 dodatkowe:<\/p>\n<p>    doniczka nie posiada podstawki<br \/>\n    doniczka nie posiada otwor\u00f3w w dnie<\/p>\n<p>Mo\u017cemy j\u0105 umie\u015bci\u0107:<\/p>\n<p>    w domu<br \/>\n    przestronnym wn\u0119trzu<br \/>\n    na tarasie<br \/>\n    na balkonie<br \/>\n    w ogrodzie<\/p>\n<p>Doniczka na spodzie posiada wyznaczone przez producenta miejsca w kt\u00f3rych mo\u017cna wywierci\u0107 otwory do odp\u0142ywu nadmiaru wody.<\/p>\n<p>Specyfikacja:<\/p>\n<p>    d\u0142ugo\u015b\u0107 g\u00f3ry &#8211; 58cm<br \/>\n    d\u0142ugo\u015b\u0107 podstawy &#8211; 54,5cm<br \/>\n    szeroko\u015b\u0107 g\u00f3ry &#8211; 18cm<br \/>\n    szeroko\u015b\u0107 podstawy &#8211; 14,5cm<br \/>\n    wysoko\u015b\u0107 &#8211; 50cm<br \/>\n    pojemno\u015b\u0107 &#8211; 38l<br \/>\n    materia\u0142 &#8211; tworzywo sztuczne<\/p>\n","protected":false},"excerpt":{"rendered":"<p>Doniczka wysoka Urbi Case DUC600T z wk\u0142adem &#8211; Bia\u0142y Wysoka donica pozwoli Ci na stworzenie spektakularnego kwietnika. Dzi\u0119ki zastosowaniu wysokiej jako\u015bci tworzywa sztucznego sprawdzi si\u0119 nie tylko wewn\u0105trz domu, ale tak\u017ce na zewn\u0105trz \u2013 w ogrodzie lub na balkonie.\u00a0 \u00a0 \u2794 Postaw na wysok\u0105 doniczk\u0119 i o\u017cyw swoj\u0105 przestrze\u0144 efektownymi ro\u015blinami! Zawarto\u015b\u0107 zestawu: \u00a0 \u2705 &#8230; <a title=\"Doniczka wysoka Urbi Case T DUC600T z wk\u0142adem | Bia\u0142y\" class=\"read-more\" href=\"https:\/\/admincentral.selleetools.com\/pl\/product\/doniczka-wysoka-urbi-case-t-duc600t-z-wkladem-bialy\/\">Read more<span class=\"screen-reader-text\">Doniczka wysoka Urbi Case T DUC600T z wk\u0142adem | Bia\u0142y<\/span><\/a><\/p>\n","protected":false},"featured_media":674635,"comment_status":"open","ping_status":"closed","template":"","meta":{"_links_to":"","_links_to_target":""},"yoast_head":"<!-- This site is optimized with the Yoast SEO plugin v19.4 - https:\/\/yoast.com\/wordpress\/plugins\/seo\/ -->\n<title>Doniczka wysoka Urbi Case T DUC600T z wk\u0142adem | Bia\u0142y - Selleetools.com<\/title>\n<meta name=\"robots\" content=\"index, follow, max-snippet:-1, max-image-preview:large, max-video-preview:-1\" \/>\n<link rel=\"canonical\" href=\"https:\/\/admincentral.selleetools.com\/product\/doniczka-wysoka-urbi-case-t-duc600t-z-wkladem-bialy\/\" \/>\n<meta property=\"og:locale\" content=\"pl_PL\" \/>\n<meta property=\"og:type\" content=\"article\" \/>\n<meta property=\"og:title\" content=\"Doniczka wysoka Urbi Case T DUC600T z wk\u0142adem | Bia\u0142y - Selleetools.com\" \/>\n<meta property=\"og:description\" content=\"Doniczka wysoka Urbi Case DUC600T z wk\u0142adem &#8211; Bia\u0142y Wysoka donica pozwoli Ci na stworzenie spektakularnego kwietnika. Dzi\u0119ki zastosowaniu wysokiej jako\u015bci tworzywa sztucznego sprawdzi si\u0119 nie tylko wewn\u0105trz domu, ale tak\u017ce na zewn\u0105trz \u2013 w ogrodzie lub na balkonie.\u00a0 \u00a0 \u2794 Postaw na wysok\u0105 doniczk\u0119 i o\u017cyw swoj\u0105 przestrze\u0144 efektownymi ro\u015blinami! Zawarto\u015b\u0107 zestawu: \u00a0 \u2705 ... Read moreDoniczka wysoka Urbi Case T DUC600T z wk\u0142adem | Bia\u0142y\" \/>\n<meta property=\"og:url\" content=\"https:\/\/admincentral.selleetools.com\/product\/doniczka-wysoka-urbi-case-t-duc600t-z-wkladem-bialy\/\" \/>\n<meta property=\"og:site_name\" content=\"Selleetools.com\" \/>\n<meta property=\"article:modified_time\" content=\"2026-04-09T16:06:55+00:00\" \/>\n<meta property=\"og:image\" content=\"https:\/\/selleetools.com\/wp-content\/uploads\/2026\/02\/4bd3e194630cbe9128cd162fc5618f52.jpg\" \/>\n\t<meta property=\"og:image:width\" content=\"2500\" \/>\n\t<meta property=\"og:image:height\" content=\"2500\" \/>\n\t<meta property=\"og:image:type\" content=\"image\/jpeg\" \/>\n<meta name=\"twitter:card\" content=\"summary_large_image\" \/>\n<meta name=\"twitter:label1\" content=\"Est. reading time\" \/>\n\t<meta name=\"twitter:data1\" content=\"3 minuty\" \/>\n<!-- \/ Yoast SEO plugin. -->","yoast_head_json":{"title":"Doniczka wysoka Urbi Case T DUC600T z wk\u0142adem | Bia\u0142y - Selleetools.com","robots":{"index":"index","follow":"follow","max-snippet":"max-snippet:-1","max-image-preview":"max-image-preview:large","max-video-preview":"max-video-preview:-1"},"canonical":"https:\/\/admincentral.selleetools.com\/product\/doniczka-wysoka-urbi-case-t-duc600t-z-wkladem-bialy\/","og_locale":"pl_PL","og_type":"article","og_title":"Doniczka wysoka Urbi Case T DUC600T z wk\u0142adem | Bia\u0142y - Selleetools.com","og_description":"Doniczka wysoka Urbi Case DUC600T z wk\u0142adem &#8211; Bia\u0142y Wysoka donica pozwoli Ci na stworzenie spektakularnego kwietnika. Dzi\u0119ki zastosowaniu wysokiej jako\u015bci tworzywa sztucznego sprawdzi si\u0119 nie tylko wewn\u0105trz domu, ale tak\u017ce na zewn\u0105trz \u2013 w ogrodzie lub na balkonie.\u00a0 \u00a0 \u2794 Postaw na wysok\u0105 doniczk\u0119 i o\u017cyw swoj\u0105 przestrze\u0144 efektownymi ro\u015blinami! Zawarto\u015b\u0107 zestawu: \u00a0 \u2705 ... Read moreDoniczka wysoka Urbi Case T DUC600T z wk\u0142adem | Bia\u0142y","og_url":"https:\/\/admincentral.selleetools.com\/product\/doniczka-wysoka-urbi-case-t-duc600t-z-wkladem-bialy\/","og_site_name":"Selleetools.com","article_modified_time":"2026-04-09T16:06:55+00:00","og_image":[{"width":2500,"height":2500,"url":"https:\/\/selleetools.com\/wp-content\/uploads\/2026\/02\/4bd3e194630cbe9128cd162fc5618f52.jpg","type":"image\/jpeg"}],"twitter_card":"summary_large_image","twitter_misc":{"Est. reading time":"3 minuty"},"schema":{"@context":"https:\/\/schema.org","@graph":[{"@type":"Organization","@id":"https:\/\/selleetools.com\/#organization","name":"Selleetools","url":"https:\/\/selleetools.com\/","sameAs":[],"logo":{"@type":"ImageObject","inLanguage":"pl-PL","@id":"https:\/\/selleetools.com\/#\/schema\/logo\/image\/","url":"https:\/\/selleetools.com\/wp-content\/uploads\/2021\/10\/logo-dark.png","contentUrl":"https:\/\/selleetools.com\/wp-content\/uploads\/2021\/10\/logo-dark.png","width":320,"height":76,"caption":"Selleetools"},"image":{"@id":"https:\/\/selleetools.com\/#\/schema\/logo\/image\/"}},{"@type":"WebSite","@id":"https:\/\/selleetools.com\/#website","url":"https:\/\/selleetools.com\/","name":"Selleetools.com","description":"","publisher":{"@id":"https:\/\/selleetools.com\/#organization"},"potentialAction":[{"@type":"SearchAction","target":{"@type":"EntryPoint","urlTemplate":"https:\/\/selleetools.com\/?s={search_term_string}"},"query-input":"required name=search_term_string"}],"inLanguage":"pl-PL"},{"@type":"WebPage","@id":"https:\/\/admincentral.selleetools.com\/product\/doniczka-wysoka-urbi-case-t-duc600t-z-wkladem-bialy\/","url":"https:\/\/admincentral.selleetools.com\/product\/doniczka-wysoka-urbi-case-t-duc600t-z-wkladem-bialy\/","name":"Doniczka wysoka Urbi Case T DUC600T z wk\u0142adem | Bia\u0142y - Selleetools.com","isPartOf":{"@id":"https:\/\/selleetools.com\/#website"},"datePublished":"2026-02-19T15:19:37+00:00","dateModified":"2026-04-09T16:06:55+00:00","breadcrumb":{"@id":"https:\/\/admincentral.selleetools.com\/product\/doniczka-wysoka-urbi-case-t-duc600t-z-wkladem-bialy\/#breadcrumb"},"inLanguage":"pl-PL","potentialAction":[{"@type":"ReadAction","target":["https:\/\/admincentral.selleetools.com\/product\/doniczka-wysoka-urbi-case-t-duc600t-z-wkladem-bialy\/"]}]},{"@type":"BreadcrumbList","@id":"https:\/\/admincentral.selleetools.com\/product\/doniczka-wysoka-urbi-case-t-duc600t-z-wkladem-bialy\/#breadcrumb","itemListElement":[{"@type":"ListItem","position":1,"name":"Home","item":"https:\/\/selleetools.com\/pl\/"},{"@type":"ListItem","position":2,"name":"Katalog","item":"https:\/\/selleetools.com\/pl\/katalog\/"},{"@type":"ListItem","position":3,"name":"Doniczka wysoka Urbi Case T DUC600T z wk\u0142adem | Bia\u0142y"}]}]}},"_links":{"self":[{"href":"https:\/\/admincentral.selleetools.com\/pl\/wp-json\/wp\/v2\/product\/674651"}],"collection":[{"href":"https:\/\/admincentral.selleetools.com\/pl\/wp-json\/wp\/v2\/product"}],"about":[{"href":"https:\/\/admincentral.selleetools.com\/pl\/wp-json\/wp\/v2\/types\/product"}],"replies":[{"embeddable":true,"href":"https:\/\/admincentral.selleetools.com\/pl\/wp-json\/wp\/v2\/comments?post=674651"}],"wp:featuredmedia":[{"embeddable":true,"href":"https:\/\/admincentral.selleetools.com\/pl\/wp-json\/wp\/v2\/media\/674635"}],"wp:attachment":[{"href":"https:\/\/admincentral.selleetools.com\/pl\/wp-json\/wp\/v2\/media?parent=674651"}],"curies":[{"name":"wp","href":"https:\/\/api.w.org\/{rel}","templated":true}]}}