{"id":675005,"date":"2026-02-19T16:23:08","date_gmt":"2026-02-19T15:23:08","guid":{"rendered":"https:\/\/selleetools.com\/?post_type=product&#038;p=675005"},"modified":"2026-04-09T17:09:50","modified_gmt":"2026-04-09T15:09:50","slug":"zbiornik-na-nawoz-ogrodowy-combioliq-55-l-z-kranikiem-czarny","status":"publish","type":"product","link":"https:\/\/admincentral.selleetools.com\/pl\/product\/zbiornik-na-nawoz-ogrodowy-combioliq-55-l-z-kranikiem-czarny\/","title":{"rendered":"Zbiornik na naw\u00f3z ogrodowy COMBIOLIQ 55 l. z kranikiem, Czarny"},"content":{"rendered":"<p>Zbiornik na naw\u00f3z ogrodowy COMBIOLIQ 55 l., Czarny. Pojemnik do wytwarzania nawozu w kolorze czarnym o pojemno\u015bci 55 l. Dane techniczne: Wysoko\u015b\u0107: 60,2 cm. \u015arednica: 38 cm. Waga: 2,482 kg. Pojemno\u015b\u0107: 55 l. Producent: Prosperplast.<\/p>\n<p>Zbiornik na naw\u00f3z ogrodowy COMBIOLIQ 55 l., Czarny. Pojemnik do wytwarzania nawozu w kolorze czarnym o pojemno\u015bci 55 l. Dane techniczne: Wysoko\u015b\u0107: 60,2 cm. \u015arednica: 38 cm. Waga: 2,482 kg. Pojemno\u015b\u0107: 55 l. Producent: Prosperplast.<\/p>\n","protected":false},"excerpt":{"rendered":"<p>Zbiornik na naw\u00f3z ogrodowy COMBIOLIQ 55 l., Czarny. Pojemnik do wytwarzania nawozu w kolorze czarnym o pojemno\u015bci 55 l. Dane techniczne: Wysoko\u015b\u0107: 60,2 cm. \u015arednica: 38 cm. Waga: 2,482 kg. Pojemno\u015b\u0107: 55 l. Producent: Prosperplast. Zbiornik na naw\u00f3z ogrodowy COMBIOLIQ 55 l., Czarny. Pojemnik do wytwarzania nawozu w kolorze czarnym o pojemno\u015bci 55 l. Dane &#8230; <a title=\"Zbiornik na naw\u00f3z ogrodowy COMBIOLIQ 55 l. z kranikiem, Czarny\" class=\"read-more\" href=\"https:\/\/admincentral.selleetools.com\/pl\/product\/zbiornik-na-nawoz-ogrodowy-combioliq-55-l-z-kranikiem-czarny\/\">Read more<span class=\"screen-reader-text\">Zbiornik na naw\u00f3z ogrodowy COMBIOLIQ 55 l. z kranikiem, Czarny<\/span><\/a><\/p>\n","protected":false},"featured_media":674987,"comment_status":"open","ping_status":"closed","template":"","meta":{"_links_to":"","_links_to_target":""},"yoast_head":"<!-- This site is optimized with the Yoast SEO plugin v19.4 - https:\/\/yoast.com\/wordpress\/plugins\/seo\/ -->\n<title>Zbiornik na naw\u00f3z ogrodowy COMBIOLIQ 55 l. z kranikiem, Czarny - Selleetools.com<\/title>\n<meta name=\"robots\" content=\"index, follow, max-snippet:-1, max-image-preview:large, max-video-preview:-1\" \/>\n<link rel=\"canonical\" href=\"https:\/\/admincentral.selleetools.com\/product\/zbiornik-na-nawoz-ogrodowy-combioliq-55-l-z-kranikiem-czarny\/\" \/>\n<meta property=\"og:locale\" content=\"pl_PL\" \/>\n<meta property=\"og:type\" content=\"article\" \/>\n<meta property=\"og:title\" content=\"Zbiornik na naw\u00f3z ogrodowy COMBIOLIQ 55 l. z kranikiem, Czarny - Selleetools.com\" \/>\n<meta property=\"og:description\" content=\"Zbiornik na naw\u00f3z ogrodowy COMBIOLIQ 55 l., Czarny. Pojemnik do wytwarzania nawozu w kolorze czarnym o pojemno\u015bci 55 l. Dane techniczne: Wysoko\u015b\u0107: 60,2 cm. \u015arednica: 38 cm. Waga: 2,482 kg. Pojemno\u015b\u0107: 55 l. Producent: Prosperplast. Zbiornik na naw\u00f3z ogrodowy COMBIOLIQ 55 l., Czarny. Pojemnik do wytwarzania nawozu w kolorze czarnym o pojemno\u015bci 55 l. Dane ... Read moreZbiornik na naw\u00f3z ogrodowy COMBIOLIQ 55 l. z kranikiem, Czarny\" \/>\n<meta property=\"og:url\" content=\"https:\/\/admincentral.selleetools.com\/product\/zbiornik-na-nawoz-ogrodowy-combioliq-55-l-z-kranikiem-czarny\/\" \/>\n<meta property=\"og:site_name\" content=\"Selleetools.com\" \/>\n<meta property=\"article:modified_time\" content=\"2026-04-09T15:09:50+00:00\" \/>\n<meta property=\"og:image\" content=\"https:\/\/selleetools.com\/wp-content\/uploads\/2026\/02\/42c4b339cc93a3e6d5f8bd390809db58.jpg\" \/>\n\t<meta property=\"og:image:width\" content=\"1000\" \/>\n\t<meta property=\"og:image:height\" content=\"887\" \/>\n\t<meta property=\"og:image:type\" content=\"image\/jpeg\" \/>\n<meta name=\"twitter:card\" content=\"summary_large_image\" \/>\n<!-- \/ Yoast SEO plugin. -->","yoast_head_json":{"title":"Zbiornik na naw\u00f3z ogrodowy COMBIOLIQ 55 l. z kranikiem, Czarny - Selleetools.com","robots":{"index":"index","follow":"follow","max-snippet":"max-snippet:-1","max-image-preview":"max-image-preview:large","max-video-preview":"max-video-preview:-1"},"canonical":"https:\/\/admincentral.selleetools.com\/product\/zbiornik-na-nawoz-ogrodowy-combioliq-55-l-z-kranikiem-czarny\/","og_locale":"pl_PL","og_type":"article","og_title":"Zbiornik na naw\u00f3z ogrodowy COMBIOLIQ 55 l. z kranikiem, Czarny - Selleetools.com","og_description":"Zbiornik na naw\u00f3z ogrodowy COMBIOLIQ 55 l., Czarny. Pojemnik do wytwarzania nawozu w kolorze czarnym o pojemno\u015bci 55 l. Dane techniczne: Wysoko\u015b\u0107: 60,2 cm. \u015arednica: 38 cm. Waga: 2,482 kg. Pojemno\u015b\u0107: 55 l. Producent: Prosperplast. Zbiornik na naw\u00f3z ogrodowy COMBIOLIQ 55 l., Czarny. Pojemnik do wytwarzania nawozu w kolorze czarnym o pojemno\u015bci 55 l. Dane ... Read moreZbiornik na naw\u00f3z ogrodowy COMBIOLIQ 55 l. z kranikiem, Czarny","og_url":"https:\/\/admincentral.selleetools.com\/product\/zbiornik-na-nawoz-ogrodowy-combioliq-55-l-z-kranikiem-czarny\/","og_site_name":"Selleetools.com","article_modified_time":"2026-04-09T15:09:50+00:00","og_image":[{"width":1000,"height":887,"url":"https:\/\/selleetools.com\/wp-content\/uploads\/2026\/02\/42c4b339cc93a3e6d5f8bd390809db58.jpg","type":"image\/jpeg"}],"twitter_card":"summary_large_image","schema":{"@context":"https:\/\/schema.org","@graph":[{"@type":"Organization","@id":"https:\/\/selleetools.com\/#organization","name":"Selleetools","url":"https:\/\/selleetools.com\/","sameAs":[],"logo":{"@type":"ImageObject","inLanguage":"pl-PL","@id":"https:\/\/selleetools.com\/#\/schema\/logo\/image\/","url":"https:\/\/selleetools.com\/wp-content\/uploads\/2021\/10\/logo-dark.png","contentUrl":"https:\/\/selleetools.com\/wp-content\/uploads\/2021\/10\/logo-dark.png","width":320,"height":76,"caption":"Selleetools"},"image":{"@id":"https:\/\/selleetools.com\/#\/schema\/logo\/image\/"}},{"@type":"WebSite","@id":"https:\/\/selleetools.com\/#website","url":"https:\/\/selleetools.com\/","name":"Selleetools.com","description":"","publisher":{"@id":"https:\/\/selleetools.com\/#organization"},"potentialAction":[{"@type":"SearchAction","target":{"@type":"EntryPoint","urlTemplate":"https:\/\/selleetools.com\/?s={search_term_string}"},"query-input":"required name=search_term_string"}],"inLanguage":"pl-PL"},{"@type":"WebPage","@id":"https:\/\/admincentral.selleetools.com\/product\/zbiornik-na-nawoz-ogrodowy-combioliq-55-l-z-kranikiem-czarny\/","url":"https:\/\/admincentral.selleetools.com\/product\/zbiornik-na-nawoz-ogrodowy-combioliq-55-l-z-kranikiem-czarny\/","name":"Zbiornik na naw\u00f3z ogrodowy COMBIOLIQ 55 l. z kranikiem, Czarny - Selleetools.com","isPartOf":{"@id":"https:\/\/selleetools.com\/#website"},"datePublished":"2026-02-19T15:23:08+00:00","dateModified":"2026-04-09T15:09:50+00:00","breadcrumb":{"@id":"https:\/\/admincentral.selleetools.com\/product\/zbiornik-na-nawoz-ogrodowy-combioliq-55-l-z-kranikiem-czarny\/#breadcrumb"},"inLanguage":"pl-PL","potentialAction":[{"@type":"ReadAction","target":["https:\/\/admincentral.selleetools.com\/product\/zbiornik-na-nawoz-ogrodowy-combioliq-55-l-z-kranikiem-czarny\/"]}]},{"@type":"BreadcrumbList","@id":"https:\/\/admincentral.selleetools.com\/product\/zbiornik-na-nawoz-ogrodowy-combioliq-55-l-z-kranikiem-czarny\/#breadcrumb","itemListElement":[{"@type":"ListItem","position":1,"name":"Home","item":"https:\/\/selleetools.com\/pl\/"},{"@type":"ListItem","position":2,"name":"Katalog","item":"https:\/\/selleetools.com\/pl\/katalog\/"},{"@type":"ListItem","position":3,"name":"Zbiornik na naw\u00f3z ogrodowy COMBIOLIQ 55 l. z kranikiem, Czarny"}]}]}},"_links":{"self":[{"href":"https:\/\/admincentral.selleetools.com\/pl\/wp-json\/wp\/v2\/product\/675005"}],"collection":[{"href":"https:\/\/admincentral.selleetools.com\/pl\/wp-json\/wp\/v2\/product"}],"about":[{"href":"https:\/\/admincentral.selleetools.com\/pl\/wp-json\/wp\/v2\/types\/product"}],"replies":[{"embeddable":true,"href":"https:\/\/admincentral.selleetools.com\/pl\/wp-json\/wp\/v2\/comments?post=675005"}],"wp:featuredmedia":[{"embeddable":true,"href":"https:\/\/admincentral.selleetools.com\/pl\/wp-json\/wp\/v2\/media\/674987"}],"wp:attachment":[{"href":"https:\/\/admincentral.selleetools.com\/pl\/wp-json\/wp\/v2\/media?parent=675005"}],"curies":[{"name":"wp","href":"https:\/\/api.w.org\/{rel}","templated":true}]}}