{"id":675020,"date":"2026-02-19T16:23:14","date_gmt":"2026-02-19T15:23:14","guid":{"rendered":"https:\/\/selleetools.com\/?post_type=product&#038;p=675020"},"modified":"2026-04-18T15:47:23","modified_gmt":"2026-04-18T13:47:23","slug":"zestaw-okraglych-koszy-na-smieci-nrbo25s3-3-kosze-po-25l-pokrywa-zolta-niebieska-zielona","status":"publish","type":"product","link":"https:\/\/admincentral.selleetools.com\/pl\/product\/zestaw-okraglych-koszy-na-smieci-nrbo25s3-3-kosze-po-25l-pokrywa-zolta-niebieska-zielona\/","title":{"rendered":"Zestaw okr\u0105g\u0142ych koszy na \u015bmieci NRBO25S3, 3 kosze po 25l, Pokrywa: \u017b\u00f3\u0142ta, Niebieska, Zielona"},"content":{"rendered":"<p>Zestaw okr\u0105g\u0142ych koszy na \u015bmieci NRBO25, 3x25l Zestaw 3 praktycznych, okr\u0105g\u0142ych koszy o pojemno\u015bci 25l ka\u017cdy. Kosze z linii Compacta R set posiadaj\u0105 profilowan\u0105 pokryw\u0119 z ramk\u0105 umo\u017cliwiaj\u0105c\u0105 \u0142atwy dost\u0119p do przestrzeni kosza. Ich estetyczna, dost\u0119pna w 3 kolorach ramka (\u017c\u00f3\u0142ta, niebieska, zielona) nie tylko skutecznie zabezpiecza worek przed osuni\u0119ciem, ale te\u017c u\u0142atwia segregacj\u0119 odpad\u00f3w. Posiadaj\u0105 g\u0142adk\u0105 powierzchni\u0119, \u0142atw\u0105 w utrzymaniu czysto\u015bci. Na produkcie umiejscowiona zosta\u0142a marka firmy &#8211; Keden. Parametry pojedynczego kosza: Wysoko\u015b\u0107: 52,5 cm. Szeroko\u015b\u0107: 31,8 cm G\u0142\u0119boko\u015b\u0107: 31,8 cm. Pojemno\u015b\u0107: 25l Dane techniczne zestawu: Wysoko\u015b\u0107: 68 cm. Szeroko\u015b\u0107: 31,8 cm G\u0142\u0119boko\u015b\u0107: 31,8 cm. Pojemno\u015b\u0107: 75l Waga: 2,55 kg. Seria: Compacta R set. Marka: Keden. Producent: Prosperplast.<\/p>\n<p>Zestaw okr\u0105g\u0142ych koszy na \u015bmieci NRBO25, 3x25l Zestaw 3 praktycznych, okr\u0105g\u0142ych koszy o pojemno\u015bci 25l ka\u017cdy. Kosze z linii Compacta R set posiadaj\u0105 profilowan\u0105 pokryw\u0119 z ramk\u0105 umo\u017cliwiaj\u0105c\u0105 \u0142atwy dost\u0119p do przestrzeni kosza. Ich estetyczna, dost\u0119pna w 3 kolorach ramka (\u017c\u00f3\u0142ta, niebieska, zielona) nie tylko skutecznie zabezpiecza worek przed osuni\u0119ciem, ale te\u017c u\u0142atwia segregacj\u0119 odpad\u00f3w. Posiadaj\u0105 g\u0142adk\u0105 powierzchni\u0119, \u0142atw\u0105 w utrzymaniu czysto\u015bci. Na produkcie umiejscowiona zosta\u0142a marka firmy &#8211; Keden. Parametry pojedynczego kosza: Wysoko\u015b\u0107: 52,5 cm. Szeroko\u015b\u0107: 31,8 cm G\u0142\u0119boko\u015b\u0107: 31,8 cm. Pojemno\u015b\u0107: 25l Dane techniczne zestawu: Wysoko\u015b\u0107: 68 cm. Szeroko\u015b\u0107: 31,8 cm G\u0142\u0119boko\u015b\u0107: 31,8 cm. Pojemno\u015b\u0107: 75l Waga: 2,55 kg. Seria: Compacta R set. Marka: Keden. Producent: Prosperplast.<\/p>\n","protected":false},"excerpt":{"rendered":"<p>Zestaw okr\u0105g\u0142ych koszy na \u015bmieci NRBO25, 3x25l Zestaw 3 praktycznych, okr\u0105g\u0142ych koszy o pojemno\u015bci 25l ka\u017cdy. Kosze z linii Compacta R set posiadaj\u0105 profilowan\u0105 pokryw\u0119 z ramk\u0105 umo\u017cliwiaj\u0105c\u0105 \u0142atwy dost\u0119p do przestrzeni kosza. Ich estetyczna, dost\u0119pna w 3 kolorach ramka (\u017c\u00f3\u0142ta, niebieska, zielona) nie tylko skutecznie zabezpiecza worek przed osuni\u0119ciem, ale te\u017c u\u0142atwia segregacj\u0119 odpad\u00f3w. &#8230; <a title=\"Zestaw okr\u0105g\u0142ych koszy na \u015bmieci NRBO25S3, 3 kosze po 25l, Pokrywa: \u017b\u00f3\u0142ta, Niebieska, Zielona\" class=\"read-more\" href=\"https:\/\/admincentral.selleetools.com\/pl\/product\/zestaw-okraglych-koszy-na-smieci-nrbo25s3-3-kosze-po-25l-pokrywa-zolta-niebieska-zielona\/\">Read more<span class=\"screen-reader-text\">Zestaw okr\u0105g\u0142ych koszy na \u015bmieci NRBO25S3, 3 kosze po 25l, Pokrywa: \u017b\u00f3\u0142ta, Niebieska, Zielona<\/span><\/a><\/p>\n","protected":false},"featured_media":675006,"comment_status":"open","ping_status":"closed","template":"","meta":{"_links_to":"","_links_to_target":""},"yoast_head":"<!-- This site is optimized with the Yoast SEO plugin v19.4 - https:\/\/yoast.com\/wordpress\/plugins\/seo\/ -->\n<title>Zestaw okr\u0105g\u0142ych koszy na \u015bmieci NRBO25S3, 3 kosze po 25l, Pokrywa: \u017b\u00f3\u0142ta, Niebieska, Zielona - Selleetools.com<\/title>\n<meta name=\"robots\" content=\"index, follow, max-snippet:-1, max-image-preview:large, max-video-preview:-1\" \/>\n<link rel=\"canonical\" href=\"https:\/\/selleetools.com\/pl\/product\/zestaw-okraglych-koszy-na-smieci-nrbo25s3-3-kosze-po-25l-pokrywa-zolta-niebieska-zielona\/\" \/>\n<meta property=\"og:locale\" content=\"pl_PL\" \/>\n<meta property=\"og:type\" content=\"article\" \/>\n<meta property=\"og:title\" content=\"Zestaw okr\u0105g\u0142ych koszy na \u015bmieci NRBO25S3, 3 kosze po 25l, Pokrywa: \u017b\u00f3\u0142ta, Niebieska, Zielona - Selleetools.com\" \/>\n<meta property=\"og:description\" content=\"Zestaw okr\u0105g\u0142ych koszy na \u015bmieci NRBO25, 3x25l Zestaw 3 praktycznych, okr\u0105g\u0142ych koszy o pojemno\u015bci 25l ka\u017cdy. Kosze z linii Compacta R set posiadaj\u0105 profilowan\u0105 pokryw\u0119 z ramk\u0105 umo\u017cliwiaj\u0105c\u0105 \u0142atwy dost\u0119p do przestrzeni kosza. Ich estetyczna, dost\u0119pna w 3 kolorach ramka (\u017c\u00f3\u0142ta, niebieska, zielona) nie tylko skutecznie zabezpiecza worek przed osuni\u0119ciem, ale te\u017c u\u0142atwia segregacj\u0119 odpad\u00f3w. ... Read moreZestaw okr\u0105g\u0142ych koszy na \u015bmieci NRBO25S3, 3 kosze po 25l, Pokrywa: \u017b\u00f3\u0142ta, Niebieska, Zielona\" \/>\n<meta property=\"og:url\" content=\"https:\/\/selleetools.com\/pl\/product\/zestaw-okraglych-koszy-na-smieci-nrbo25s3-3-kosze-po-25l-pokrywa-zolta-niebieska-zielona\/\" \/>\n<meta property=\"og:site_name\" content=\"Selleetools.com\" \/>\n<meta property=\"article:modified_time\" content=\"2026-04-18T13:47:23+00:00\" \/>\n<meta property=\"og:image\" content=\"https:\/\/selleetools.com\/wp-content\/uploads\/2026\/02\/feaa0783520c2ec70fbadf51204bf531.jpg\" \/>\n\t<meta property=\"og:image:width\" content=\"536\" \/>\n\t<meta property=\"og:image:height\" content=\"1000\" \/>\n\t<meta property=\"og:image:type\" content=\"image\/jpeg\" \/>\n<meta name=\"twitter:card\" content=\"summary_large_image\" \/>\n<meta name=\"twitter:label1\" content=\"Est. reading time\" \/>\n\t<meta name=\"twitter:data1\" content=\"1 minuta\" \/>\n<!-- \/ Yoast SEO plugin. -->","yoast_head_json":{"title":"Zestaw okr\u0105g\u0142ych koszy na \u015bmieci NRBO25S3, 3 kosze po 25l, Pokrywa: \u017b\u00f3\u0142ta, Niebieska, Zielona - Selleetools.com","robots":{"index":"index","follow":"follow","max-snippet":"max-snippet:-1","max-image-preview":"max-image-preview:large","max-video-preview":"max-video-preview:-1"},"canonical":"https:\/\/selleetools.com\/pl\/product\/zestaw-okraglych-koszy-na-smieci-nrbo25s3-3-kosze-po-25l-pokrywa-zolta-niebieska-zielona\/","og_locale":"pl_PL","og_type":"article","og_title":"Zestaw okr\u0105g\u0142ych koszy na \u015bmieci NRBO25S3, 3 kosze po 25l, Pokrywa: \u017b\u00f3\u0142ta, Niebieska, Zielona - Selleetools.com","og_description":"Zestaw okr\u0105g\u0142ych koszy na \u015bmieci NRBO25, 3x25l Zestaw 3 praktycznych, okr\u0105g\u0142ych koszy o pojemno\u015bci 25l ka\u017cdy. Kosze z linii Compacta R set posiadaj\u0105 profilowan\u0105 pokryw\u0119 z ramk\u0105 umo\u017cliwiaj\u0105c\u0105 \u0142atwy dost\u0119p do przestrzeni kosza. Ich estetyczna, dost\u0119pna w 3 kolorach ramka (\u017c\u00f3\u0142ta, niebieska, zielona) nie tylko skutecznie zabezpiecza worek przed osuni\u0119ciem, ale te\u017c u\u0142atwia segregacj\u0119 odpad\u00f3w. ... Read moreZestaw okr\u0105g\u0142ych koszy na \u015bmieci NRBO25S3, 3 kosze po 25l, Pokrywa: \u017b\u00f3\u0142ta, Niebieska, Zielona","og_url":"https:\/\/selleetools.com\/pl\/product\/zestaw-okraglych-koszy-na-smieci-nrbo25s3-3-kosze-po-25l-pokrywa-zolta-niebieska-zielona\/","og_site_name":"Selleetools.com","article_modified_time":"2026-04-18T13:47:23+00:00","og_image":[{"width":536,"height":1000,"url":"https:\/\/selleetools.com\/wp-content\/uploads\/2026\/02\/feaa0783520c2ec70fbadf51204bf531.jpg","type":"image\/jpeg"}],"twitter_card":"summary_large_image","twitter_misc":{"Est. reading time":"1 minuta"},"schema":{"@context":"https:\/\/schema.org","@graph":[{"@type":"Organization","@id":"https:\/\/selleetools.com\/#organization","name":"Selleetools","url":"https:\/\/selleetools.com\/","sameAs":[],"logo":{"@type":"ImageObject","inLanguage":"pl-PL","@id":"https:\/\/selleetools.com\/#\/schema\/logo\/image\/","url":"https:\/\/selleetools.com\/wp-content\/uploads\/2021\/10\/logo-dark.png","contentUrl":"https:\/\/selleetools.com\/wp-content\/uploads\/2021\/10\/logo-dark.png","width":320,"height":76,"caption":"Selleetools"},"image":{"@id":"https:\/\/selleetools.com\/#\/schema\/logo\/image\/"}},{"@type":"WebSite","@id":"https:\/\/selleetools.com\/#website","url":"https:\/\/selleetools.com\/","name":"Selleetools.com","description":"","publisher":{"@id":"https:\/\/selleetools.com\/#organization"},"potentialAction":[{"@type":"SearchAction","target":{"@type":"EntryPoint","urlTemplate":"https:\/\/selleetools.com\/?s={search_term_string}"},"query-input":"required name=search_term_string"}],"inLanguage":"pl-PL"},{"@type":"WebPage","@id":"https:\/\/selleetools.com\/pl\/product\/zestaw-okraglych-koszy-na-smieci-nrbo25s3-3-kosze-po-25l-pokrywa-zolta-niebieska-zielona\/","url":"https:\/\/selleetools.com\/pl\/product\/zestaw-okraglych-koszy-na-smieci-nrbo25s3-3-kosze-po-25l-pokrywa-zolta-niebieska-zielona\/","name":"Zestaw okr\u0105g\u0142ych koszy na \u015bmieci NRBO25S3, 3 kosze po 25l, Pokrywa: \u017b\u00f3\u0142ta, Niebieska, Zielona - Selleetools.com","isPartOf":{"@id":"https:\/\/selleetools.com\/#website"},"datePublished":"2026-02-19T15:23:14+00:00","dateModified":"2026-04-18T13:47:23+00:00","breadcrumb":{"@id":"https:\/\/selleetools.com\/pl\/product\/zestaw-okraglych-koszy-na-smieci-nrbo25s3-3-kosze-po-25l-pokrywa-zolta-niebieska-zielona\/#breadcrumb"},"inLanguage":"pl-PL","potentialAction":[{"@type":"ReadAction","target":["https:\/\/selleetools.com\/pl\/product\/zestaw-okraglych-koszy-na-smieci-nrbo25s3-3-kosze-po-25l-pokrywa-zolta-niebieska-zielona\/"]}]},{"@type":"BreadcrumbList","@id":"https:\/\/selleetools.com\/pl\/product\/zestaw-okraglych-koszy-na-smieci-nrbo25s3-3-kosze-po-25l-pokrywa-zolta-niebieska-zielona\/#breadcrumb","itemListElement":[{"@type":"ListItem","position":1,"name":"Home","item":"https:\/\/selleetools.com\/pl\/"},{"@type":"ListItem","position":2,"name":"Katalog","item":"https:\/\/selleetools.com\/pl\/katalog\/"},{"@type":"ListItem","position":3,"name":"Zestaw okr\u0105g\u0142ych koszy na \u015bmieci NRBO25S3, 3 kosze po 25l, Pokrywa: \u017b\u00f3\u0142ta, Niebieska, Zielona"}]}]}},"_links":{"self":[{"href":"https:\/\/admincentral.selleetools.com\/pl\/wp-json\/wp\/v2\/product\/675020"}],"collection":[{"href":"https:\/\/admincentral.selleetools.com\/pl\/wp-json\/wp\/v2\/product"}],"about":[{"href":"https:\/\/admincentral.selleetools.com\/pl\/wp-json\/wp\/v2\/types\/product"}],"replies":[{"embeddable":true,"href":"https:\/\/admincentral.selleetools.com\/pl\/wp-json\/wp\/v2\/comments?post=675020"}],"wp:featuredmedia":[{"embeddable":true,"href":"https:\/\/admincentral.selleetools.com\/pl\/wp-json\/wp\/v2\/media\/675006"}],"wp:attachment":[{"href":"https:\/\/admincentral.selleetools.com\/pl\/wp-json\/wp\/v2\/media?parent=675020"}],"curies":[{"name":"wp","href":"https:\/\/api.w.org\/{rel}","templated":true}]}}