{"id":675059,"date":"2026-02-19T16:23:37","date_gmt":"2026-02-19T15:23:37","guid":{"rendered":"https:\/\/selleetools.com\/?post_type=product&#038;p=675059"},"modified":"2026-04-08T17:27:25","modified_gmt":"2026-04-08T15:27:25","slug":"obrzeze-ogrodowe-easy-border-set-40mm-czarny","status":"publish","type":"product","link":"https:\/\/admincentral.selleetools.com\/pl\/product\/obrzeze-ogrodowe-easy-border-set-40mm-czarny\/","title":{"rendered":"Obrze\u017ce ogrodowe EASY BORDER SET 40mm | Czarny"},"content":{"rendered":"<section class=\"section\">\n<div class=\"item item-12\">\n<section class=\"text-item\">\n<h1>Obrze\u017ce ogrodowe EASY BORDER SET 40mm &#8211; Czarny<\/h1>\n<p><b>Specyfikacja:<\/b><\/p>\n<ul>\n<li>D\u0142ugo\u015b\u0107 obrze\u017ca &#8211; 10m<\/li>\n<li>Wysoko\u015b\u0107 &#8211; 40mm<\/li>\n<li>Ilo\u015b\u0107 kotew mocuj\u0105cych &#8211; 20 sztuk kotew<\/li>\n<\/ul>\n<p><b>W\u0142a\u015bciwo\u015bci:<\/b>\u00a0<\/p>\n<ul>\n<li>wysoka elastyczno\u015b\u0107\u00a0<\/li>\n<li>estetyczny wygl\u0105d\u00a0<\/li>\n<li>oddziela trawnik od pod\u0142o\u017ca z kory lub kamieni\u00a0<\/li>\n<li>u\u0142atwia koszenie trawy\u00a0<\/li>\n<li>\u0142atwy i szybki monta\u017c\u00a0<\/li>\n<li>mo\u017cliwo\u015b\u0107 swobodnego kszta\u0142towania\u00a0<\/li>\n<li>trwa\u0142e i odporne na czynniki atmosferyczne<\/li>\n<\/ul>\n<\/section><\/div>\n<\/section>\n<section class=\"section\">\n<div class=\"item item-12\">\n<section class=\"image-item\"><img src=\"https:\/\/upload.cdn.baselinker.com\/products\/3028621\/33989609536397385226e5ce171f58d6.png\"><\/section>\n<\/p><\/div>\n<\/section>\n<section class=\"section\">\n<div class=\"item item-12\">\n<section class=\"image-item\"><img src=\"https:\/\/upload.cdn.baselinker.com\/products\/3028621\/6123384c43e5a9f8c0d9ba1e2a7ff184.png\"><\/section>\n<\/p><\/div>\n<\/section>\n<section class=\"section\">\n<div class=\"item item-6\">\n<section class=\"image-item\"><img src=\"https:\/\/upload.cdn.baselinker.com\/products\/3028621\/33989609536397385226e5ce171f58d6.png\"><\/section>\n<\/p><\/div>\n<div class=\"item item-6\">\n<section class=\"image-item\"><img src=\"https:\/\/upload.cdn.baselinker.com\/products\/3028621\/d8a0d9140e7c88eb05ce13ecd0166ede.png\"><\/section>\n<\/p><\/div>\n<\/section>\n<section class=\"section\">\n<div class=\"item item-6\">\n<section class=\"image-item\"><img src=\"https:\/\/upload.cdn.baselinker.com\/products\/3028621\/daf9bda33fd361df37c2932568df311c.png\"><\/section>\n<\/p><\/div>\n<div class=\"item item-6\">\n<section class=\"image-item\"><img src=\"https:\/\/upload.cdn.baselinker.com\/products\/3028621\/6123384c43e5a9f8c0d9ba1e2a7ff184.png\"><\/section>\n<\/p><\/div>\n<\/section>\n","protected":false},"excerpt":{"rendered":"<p>Obrze\u017ce ogrodowe EASY BORDER SET 40mm &#8211; Czarny Specyfikacja: D\u0142ugo\u015b\u0107 obrze\u017ca &#8211; 10m Wysoko\u015b\u0107 &#8211; 40mm Ilo\u015b\u0107 kotew mocuj\u0105cych &#8211; 20 sztuk kotew W\u0142a\u015bciwo\u015bci:\u00a0 wysoka elastyczno\u015b\u0107\u00a0 estetyczny wygl\u0105d\u00a0 oddziela trawnik od pod\u0142o\u017ca z kory lub kamieni\u00a0 u\u0142atwia koszenie trawy\u00a0 \u0142atwy i szybki monta\u017c\u00a0 mo\u017cliwo\u015b\u0107 swobodnego kszta\u0142towania\u00a0 trwa\u0142e i odporne na czynniki atmosferyczne<\/p>\n","protected":false},"featured_media":675051,"comment_status":"open","ping_status":"closed","template":"","meta":{"_links_to":"","_links_to_target":""},"yoast_head":"<!-- This site is optimized with the Yoast SEO plugin v19.4 - https:\/\/yoast.com\/wordpress\/plugins\/seo\/ -->\n<title>Obrze\u017ce ogrodowe EASY BORDER SET 40mm | Czarny - Selleetools.com<\/title>\n<meta name=\"robots\" content=\"index, follow, max-snippet:-1, max-image-preview:large, max-video-preview:-1\" \/>\n<link rel=\"canonical\" href=\"https:\/\/admincentral.selleetools.com\/product\/obrzeze-ogrodowe-easy-border-set-40mm-czarny\/\" \/>\n<meta property=\"og:locale\" content=\"pl_PL\" \/>\n<meta property=\"og:type\" content=\"article\" \/>\n<meta property=\"og:title\" content=\"Obrze\u017ce ogrodowe EASY BORDER SET 40mm | Czarny - Selleetools.com\" \/>\n<meta property=\"og:description\" content=\"Obrze\u017ce ogrodowe EASY BORDER SET 40mm &#8211; Czarny Specyfikacja: D\u0142ugo\u015b\u0107 obrze\u017ca &#8211; 10m Wysoko\u015b\u0107 &#8211; 40mm Ilo\u015b\u0107 kotew mocuj\u0105cych &#8211; 20 sztuk kotew W\u0142a\u015bciwo\u015bci:\u00a0 wysoka elastyczno\u015b\u0107\u00a0 estetyczny wygl\u0105d\u00a0 oddziela trawnik od pod\u0142o\u017ca z kory lub kamieni\u00a0 u\u0142atwia koszenie trawy\u00a0 \u0142atwy i szybki monta\u017c\u00a0 mo\u017cliwo\u015b\u0107 swobodnego kszta\u0142towania\u00a0 trwa\u0142e i odporne na czynniki atmosferyczne\" \/>\n<meta property=\"og:url\" content=\"https:\/\/admincentral.selleetools.com\/product\/obrzeze-ogrodowe-easy-border-set-40mm-czarny\/\" \/>\n<meta property=\"og:site_name\" content=\"Selleetools.com\" \/>\n<meta property=\"article:modified_time\" content=\"2026-04-08T15:27:25+00:00\" \/>\n<meta property=\"og:image\" content=\"https:\/\/selleetools.com\/wp-content\/uploads\/2026\/02\/33989609536397385226e5ce171f58d6.png\" \/>\n\t<meta property=\"og:image:width\" content=\"600\" \/>\n\t<meta property=\"og:image:height\" content=\"466\" \/>\n\t<meta property=\"og:image:type\" content=\"image\/png\" \/>\n<meta name=\"twitter:card\" content=\"summary_large_image\" \/>\n<!-- \/ Yoast SEO plugin. -->","yoast_head_json":{"title":"Obrze\u017ce ogrodowe EASY BORDER SET 40mm | Czarny - Selleetools.com","robots":{"index":"index","follow":"follow","max-snippet":"max-snippet:-1","max-image-preview":"max-image-preview:large","max-video-preview":"max-video-preview:-1"},"canonical":"https:\/\/admincentral.selleetools.com\/product\/obrzeze-ogrodowe-easy-border-set-40mm-czarny\/","og_locale":"pl_PL","og_type":"article","og_title":"Obrze\u017ce ogrodowe EASY BORDER SET 40mm | Czarny - Selleetools.com","og_description":"Obrze\u017ce ogrodowe EASY BORDER SET 40mm &#8211; Czarny Specyfikacja: D\u0142ugo\u015b\u0107 obrze\u017ca &#8211; 10m Wysoko\u015b\u0107 &#8211; 40mm Ilo\u015b\u0107 kotew mocuj\u0105cych &#8211; 20 sztuk kotew W\u0142a\u015bciwo\u015bci:\u00a0 wysoka elastyczno\u015b\u0107\u00a0 estetyczny wygl\u0105d\u00a0 oddziela trawnik od pod\u0142o\u017ca z kory lub kamieni\u00a0 u\u0142atwia koszenie trawy\u00a0 \u0142atwy i szybki monta\u017c\u00a0 mo\u017cliwo\u015b\u0107 swobodnego kszta\u0142towania\u00a0 trwa\u0142e i odporne na czynniki atmosferyczne","og_url":"https:\/\/admincentral.selleetools.com\/product\/obrzeze-ogrodowe-easy-border-set-40mm-czarny\/","og_site_name":"Selleetools.com","article_modified_time":"2026-04-08T15:27:25+00:00","og_image":[{"width":600,"height":466,"url":"https:\/\/selleetools.com\/wp-content\/uploads\/2026\/02\/33989609536397385226e5ce171f58d6.png","type":"image\/png"}],"twitter_card":"summary_large_image","schema":{"@context":"https:\/\/schema.org","@graph":[{"@type":"Organization","@id":"https:\/\/selleetools.com\/#organization","name":"Selleetools","url":"https:\/\/selleetools.com\/","sameAs":[],"logo":{"@type":"ImageObject","inLanguage":"pl-PL","@id":"https:\/\/selleetools.com\/#\/schema\/logo\/image\/","url":"https:\/\/selleetools.com\/wp-content\/uploads\/2021\/10\/logo-dark.png","contentUrl":"https:\/\/selleetools.com\/wp-content\/uploads\/2021\/10\/logo-dark.png","width":320,"height":76,"caption":"Selleetools"},"image":{"@id":"https:\/\/selleetools.com\/#\/schema\/logo\/image\/"}},{"@type":"WebSite","@id":"https:\/\/selleetools.com\/#website","url":"https:\/\/selleetools.com\/","name":"Selleetools.com","description":"","publisher":{"@id":"https:\/\/selleetools.com\/#organization"},"potentialAction":[{"@type":"SearchAction","target":{"@type":"EntryPoint","urlTemplate":"https:\/\/selleetools.com\/?s={search_term_string}"},"query-input":"required name=search_term_string"}],"inLanguage":"pl-PL"},{"@type":"WebPage","@id":"https:\/\/admincentral.selleetools.com\/product\/obrzeze-ogrodowe-easy-border-set-40mm-czarny\/","url":"https:\/\/admincentral.selleetools.com\/product\/obrzeze-ogrodowe-easy-border-set-40mm-czarny\/","name":"Obrze\u017ce ogrodowe EASY BORDER SET 40mm | Czarny - Selleetools.com","isPartOf":{"@id":"https:\/\/selleetools.com\/#website"},"datePublished":"2026-02-19T15:23:37+00:00","dateModified":"2026-04-08T15:27:25+00:00","breadcrumb":{"@id":"https:\/\/admincentral.selleetools.com\/product\/obrzeze-ogrodowe-easy-border-set-40mm-czarny\/#breadcrumb"},"inLanguage":"pl-PL","potentialAction":[{"@type":"ReadAction","target":["https:\/\/admincentral.selleetools.com\/product\/obrzeze-ogrodowe-easy-border-set-40mm-czarny\/"]}]},{"@type":"BreadcrumbList","@id":"https:\/\/admincentral.selleetools.com\/product\/obrzeze-ogrodowe-easy-border-set-40mm-czarny\/#breadcrumb","itemListElement":[{"@type":"ListItem","position":1,"name":"Home","item":"https:\/\/selleetools.com\/pl\/"},{"@type":"ListItem","position":2,"name":"Katalog","item":"https:\/\/selleetools.com\/pl\/katalog\/"},{"@type":"ListItem","position":3,"name":"Obrze\u017ce ogrodowe EASY BORDER SET 40mm | Czarny"}]}]}},"_links":{"self":[{"href":"https:\/\/admincentral.selleetools.com\/pl\/wp-json\/wp\/v2\/product\/675059"}],"collection":[{"href":"https:\/\/admincentral.selleetools.com\/pl\/wp-json\/wp\/v2\/product"}],"about":[{"href":"https:\/\/admincentral.selleetools.com\/pl\/wp-json\/wp\/v2\/types\/product"}],"replies":[{"embeddable":true,"href":"https:\/\/admincentral.selleetools.com\/pl\/wp-json\/wp\/v2\/comments?post=675059"}],"wp:featuredmedia":[{"embeddable":true,"href":"https:\/\/admincentral.selleetools.com\/pl\/wp-json\/wp\/v2\/media\/675051"}],"wp:attachment":[{"href":"https:\/\/admincentral.selleetools.com\/pl\/wp-json\/wp\/v2\/media?parent=675059"}],"curies":[{"name":"wp","href":"https:\/\/api.w.org\/{rel}","templated":true}]}}