{"id":675082,"date":"2026-02-19T16:23:47","date_gmt":"2026-02-19T15:23:47","guid":{"rendered":"https:\/\/selleetools.com\/?post_type=product&#038;p=675082"},"modified":"2026-04-08T17:27:34","modified_gmt":"2026-04-08T15:27:34","slug":"siekiera-rozlupujaca-fiberglass-1000g","status":"publish","type":"product","link":"https:\/\/admincentral.selleetools.com\/pl\/product\/siekiera-rozlupujaca-fiberglass-1000g\/","title":{"rendered":"Siekiera roz\u0142upuj\u0105ca FIBERGLASS 1000g"},"content":{"rendered":"<section class=\"section\">\n<div class=\"item item-12\">\n<section class=\"text-item\">\n<h1> Siekiera roz\u0142upuj\u0105ca FIBERGLASS 1000g<\/h1>\n<p><b> Cechy produktu:<\/b><\/p>\n<ul>\n<li>ostrze wykonane ze stali hartowanej<\/li>\n<li>kszta\u0142t g\u0142owicy przystosowany do roz\u0142upywania drewna<\/li>\n<li>antypo\u015blizgowa powierzchnia r\u0105czki TPR\u00a0<\/li>\n<li>trzonek wzmocniony w\u0142\u00f3knem szklanym<\/li>\n<\/ul>\n<p><b>Specyfikacja:<\/b><\/p>\n<ul>\n<li>waga g\u0142owicy: 1000g<\/li>\n<li>d\u0142ugo\u015b\u0107 ca\u0142kowita narz\u0119dzia: 40cm<\/li>\n<li>d\u0142ugo\u015b\u0107 trzonka: 35cm<\/li>\n<li>szeroko\u015b\u0107 g\u0142owicy: 5cm<\/li>\n<li>d\u0142ugo\u015b\u0107 g\u0142owicy: 14cm<\/li>\n<li>\u00a0szeroko\u015b\u0107 ostrza: 8,3cm<\/li>\n<li>\u00a0szeroko\u015b\u0107 klina: 5,5cm<\/li>\n<\/ul>\n<\/section><\/div>\n<\/section>\n<section class=\"section\">\n<div class=\"item item-12\">\n<section class=\"image-item\"><img src=\"https:\/\/upload.cdn.baselinker.com\/products\/3028621\/be2751bf45af32b1d27365578a1665d1.png\"><\/section>\n<\/p><\/div>\n<\/section>\n<section class=\"section\">\n<div class=\"item item-6\">\n<section class=\"image-item\"><img src=\"https:\/\/upload.cdn.baselinker.com\/products\/3028621\/be2751bf45af32b1d27365578a1665d1.png\"><\/section>\n<\/p><\/div>\n<div class=\"item item-6\">\n<section class=\"image-item\"><img src=\"https:\/\/upload.cdn.baselinker.com\/products\/3028621\/d3836f67b551e2e95905f9bcf8390b81.png\"><\/section>\n<\/p><\/div>\n<\/section>\n<section class=\"section\">\n<div class=\"item item-6\">\n<section class=\"image-item\"><img src=\"https:\/\/upload.cdn.baselinker.com\/products\/3028621\/e22855ce62c75f05796b0e07e2289b1e.png\"><\/section>\n<\/p><\/div>\n<div class=\"item item-6\">\n<section class=\"image-item\"><img src=\"https:\/\/upload.cdn.baselinker.com\/products\/3028621\/9ddfb4dbbadd43a5735b8e52ded351c2.png\"><\/section>\n<\/p><\/div>\n<\/section>\n","protected":false},"excerpt":{"rendered":"<p>Siekiera roz\u0142upuj\u0105ca FIBERGLASS 1000g Cechy produktu: ostrze wykonane ze stali hartowanej kszta\u0142t g\u0142owicy przystosowany do roz\u0142upywania drewna antypo\u015blizgowa powierzchnia r\u0105czki TPR\u00a0 trzonek wzmocniony w\u0142\u00f3knem szklanym Specyfikacja: waga g\u0142owicy: 1000g d\u0142ugo\u015b\u0107 ca\u0142kowita narz\u0119dzia: 40cm d\u0142ugo\u015b\u0107 trzonka: 35cm szeroko\u015b\u0107 g\u0142owicy: 5cm d\u0142ugo\u015b\u0107 g\u0142owicy: 14cm \u00a0szeroko\u015b\u0107 ostrza: 8,3cm \u00a0szeroko\u015b\u0107 klina: 5,5cm<\/p>\n","protected":false},"featured_media":675074,"comment_status":"open","ping_status":"closed","template":"","meta":{"_links_to":"","_links_to_target":""},"yoast_head":"<!-- This site is optimized with the Yoast SEO plugin v19.4 - https:\/\/yoast.com\/wordpress\/plugins\/seo\/ -->\n<title>Siekiera roz\u0142upuj\u0105ca FIBERGLASS 1000g - Selleetools.com<\/title>\n<meta name=\"robots\" content=\"index, follow, max-snippet:-1, max-image-preview:large, max-video-preview:-1\" \/>\n<link rel=\"canonical\" href=\"https:\/\/admincentral.selleetools.com\/product\/siekiera-rozlupujaca-fiberglass-1000g\/\" \/>\n<meta property=\"og:locale\" content=\"pl_PL\" \/>\n<meta property=\"og:type\" content=\"article\" \/>\n<meta property=\"og:title\" content=\"Siekiera roz\u0142upuj\u0105ca FIBERGLASS 1000g - Selleetools.com\" \/>\n<meta property=\"og:description\" content=\"Siekiera roz\u0142upuj\u0105ca FIBERGLASS 1000g Cechy produktu: ostrze wykonane ze stali hartowanej kszta\u0142t g\u0142owicy przystosowany do roz\u0142upywania drewna antypo\u015blizgowa powierzchnia r\u0105czki TPR\u00a0 trzonek wzmocniony w\u0142\u00f3knem szklanym Specyfikacja: waga g\u0142owicy: 1000g d\u0142ugo\u015b\u0107 ca\u0142kowita narz\u0119dzia: 40cm d\u0142ugo\u015b\u0107 trzonka: 35cm szeroko\u015b\u0107 g\u0142owicy: 5cm d\u0142ugo\u015b\u0107 g\u0142owicy: 14cm \u00a0szeroko\u015b\u0107 ostrza: 8,3cm \u00a0szeroko\u015b\u0107 klina: 5,5cm\" \/>\n<meta property=\"og:url\" content=\"https:\/\/admincentral.selleetools.com\/product\/siekiera-rozlupujaca-fiberglass-1000g\/\" \/>\n<meta property=\"og:site_name\" content=\"Selleetools.com\" \/>\n<meta property=\"article:modified_time\" content=\"2026-04-08T15:27:34+00:00\" \/>\n<meta property=\"og:image\" content=\"https:\/\/selleetools.com\/wp-content\/uploads\/2026\/02\/be2751bf45af32b1d27365578a1665d1.png\" \/>\n\t<meta property=\"og:image:width\" content=\"600\" \/>\n\t<meta property=\"og:image:height\" content=\"600\" \/>\n\t<meta property=\"og:image:type\" content=\"image\/png\" \/>\n<meta name=\"twitter:card\" content=\"summary_large_image\" \/>\n<!-- \/ Yoast SEO plugin. -->","yoast_head_json":{"title":"Siekiera roz\u0142upuj\u0105ca FIBERGLASS 1000g - Selleetools.com","robots":{"index":"index","follow":"follow","max-snippet":"max-snippet:-1","max-image-preview":"max-image-preview:large","max-video-preview":"max-video-preview:-1"},"canonical":"https:\/\/admincentral.selleetools.com\/product\/siekiera-rozlupujaca-fiberglass-1000g\/","og_locale":"pl_PL","og_type":"article","og_title":"Siekiera roz\u0142upuj\u0105ca FIBERGLASS 1000g - Selleetools.com","og_description":"Siekiera roz\u0142upuj\u0105ca FIBERGLASS 1000g Cechy produktu: ostrze wykonane ze stali hartowanej kszta\u0142t g\u0142owicy przystosowany do roz\u0142upywania drewna antypo\u015blizgowa powierzchnia r\u0105czki TPR\u00a0 trzonek wzmocniony w\u0142\u00f3knem szklanym Specyfikacja: waga g\u0142owicy: 1000g d\u0142ugo\u015b\u0107 ca\u0142kowita narz\u0119dzia: 40cm d\u0142ugo\u015b\u0107 trzonka: 35cm szeroko\u015b\u0107 g\u0142owicy: 5cm d\u0142ugo\u015b\u0107 g\u0142owicy: 14cm \u00a0szeroko\u015b\u0107 ostrza: 8,3cm \u00a0szeroko\u015b\u0107 klina: 5,5cm","og_url":"https:\/\/admincentral.selleetools.com\/product\/siekiera-rozlupujaca-fiberglass-1000g\/","og_site_name":"Selleetools.com","article_modified_time":"2026-04-08T15:27:34+00:00","og_image":[{"width":600,"height":600,"url":"https:\/\/selleetools.com\/wp-content\/uploads\/2026\/02\/be2751bf45af32b1d27365578a1665d1.png","type":"image\/png"}],"twitter_card":"summary_large_image","schema":{"@context":"https:\/\/schema.org","@graph":[{"@type":"Organization","@id":"https:\/\/selleetools.com\/#organization","name":"Selleetools","url":"https:\/\/selleetools.com\/","sameAs":[],"logo":{"@type":"ImageObject","inLanguage":"pl-PL","@id":"https:\/\/selleetools.com\/#\/schema\/logo\/image\/","url":"https:\/\/selleetools.com\/wp-content\/uploads\/2021\/10\/logo-dark.png","contentUrl":"https:\/\/selleetools.com\/wp-content\/uploads\/2021\/10\/logo-dark.png","width":320,"height":76,"caption":"Selleetools"},"image":{"@id":"https:\/\/selleetools.com\/#\/schema\/logo\/image\/"}},{"@type":"WebSite","@id":"https:\/\/selleetools.com\/#website","url":"https:\/\/selleetools.com\/","name":"Selleetools.com","description":"","publisher":{"@id":"https:\/\/selleetools.com\/#organization"},"potentialAction":[{"@type":"SearchAction","target":{"@type":"EntryPoint","urlTemplate":"https:\/\/selleetools.com\/?s={search_term_string}"},"query-input":"required name=search_term_string"}],"inLanguage":"pl-PL"},{"@type":"WebPage","@id":"https:\/\/admincentral.selleetools.com\/product\/siekiera-rozlupujaca-fiberglass-1000g\/","url":"https:\/\/admincentral.selleetools.com\/product\/siekiera-rozlupujaca-fiberglass-1000g\/","name":"Siekiera roz\u0142upuj\u0105ca FIBERGLASS 1000g - Selleetools.com","isPartOf":{"@id":"https:\/\/selleetools.com\/#website"},"datePublished":"2026-02-19T15:23:47+00:00","dateModified":"2026-04-08T15:27:34+00:00","breadcrumb":{"@id":"https:\/\/admincentral.selleetools.com\/product\/siekiera-rozlupujaca-fiberglass-1000g\/#breadcrumb"},"inLanguage":"pl-PL","potentialAction":[{"@type":"ReadAction","target":["https:\/\/admincentral.selleetools.com\/product\/siekiera-rozlupujaca-fiberglass-1000g\/"]}]},{"@type":"BreadcrumbList","@id":"https:\/\/admincentral.selleetools.com\/product\/siekiera-rozlupujaca-fiberglass-1000g\/#breadcrumb","itemListElement":[{"@type":"ListItem","position":1,"name":"Home","item":"https:\/\/selleetools.com\/pl\/"},{"@type":"ListItem","position":2,"name":"Katalog","item":"https:\/\/selleetools.com\/pl\/katalog\/"},{"@type":"ListItem","position":3,"name":"Siekiera roz\u0142upuj\u0105ca FIBERGLASS 1000g"}]}]}},"_links":{"self":[{"href":"https:\/\/admincentral.selleetools.com\/pl\/wp-json\/wp\/v2\/product\/675082"}],"collection":[{"href":"https:\/\/admincentral.selleetools.com\/pl\/wp-json\/wp\/v2\/product"}],"about":[{"href":"https:\/\/admincentral.selleetools.com\/pl\/wp-json\/wp\/v2\/types\/product"}],"replies":[{"embeddable":true,"href":"https:\/\/admincentral.selleetools.com\/pl\/wp-json\/wp\/v2\/comments?post=675082"}],"wp:featuredmedia":[{"embeddable":true,"href":"https:\/\/admincentral.selleetools.com\/pl\/wp-json\/wp\/v2\/media\/675074"}],"wp:attachment":[{"href":"https:\/\/admincentral.selleetools.com\/pl\/wp-json\/wp\/v2\/media?parent=675082"}],"curies":[{"name":"wp","href":"https:\/\/api.w.org\/{rel}","templated":true}]}}