{"id":675393,"date":"2026-02-19T16:26:40","date_gmt":"2026-02-19T15:26:40","guid":{"rendered":"https:\/\/selleetools.com\/?post_type=product&#038;p=675393"},"modified":"2026-04-08T16:35:50","modified_gmt":"2026-04-08T14:35:50","slug":"doniczka-okragla-niska-urbi-duro250-bialy","status":"publish","type":"product","link":"https:\/\/admincentral.selleetools.com\/pl\/product\/doniczka-okragla-niska-urbi-duro250-bialy\/","title":{"rendered":"Doniczka okr\u0105g\u0142a niska URBI DURO250 | Bia\u0142y"},"content":{"rendered":"<section class=\"section\">\n<div class=\"item item-12\">\n<section class=\"text-item\">\n<h1>Doniczka okr\u0105g\u0142a niska URBI DURO250 z wk\u0142adem &#8211; Bia\u0142y<\/h1>\n<p><b>Specyfikacja doniczki:<\/b><\/p>\n<ul>\n<li>\u015arednica &#8211; 25cm<\/li>\n<li>Wysoko\u015b\u0107 &#8211; 25cm<\/li>\n<li>Pojemno\u015b\u0107- 9 l<\/li>\n<li>Materia\u0142 &#8211; tworzywo sztuczne<\/li>\n<li>Efekt powierzchni &#8211; matowa<\/li>\n<\/ul>\n<p><b>Informacj\u0119 dodatkowe:<\/b><\/p>\n<ul>\n<li>doniczka nie posiada podstawki<\/li>\n<li>posiada otw\u00f3r w dnie z gumowym korkiem<\/li>\n<\/ul>\n<p><b>W tej ofercie kupujesz zestaw zawieraj\u0105cy:<\/b><\/p>\n<ul>\n<li>doniczk\u0119 (os\u0142onk\u0119)<\/li>\n<li>wk\u0142ad wewn\u0119trzny<\/li>\n<\/ul>\n<\/section><\/div>\n<\/section>\n<section class=\"section\">\n<div class=\"item item-12\">\n<section class=\"image-item\"><img src=\"https:\/\/upload.cdn.baselinker.com\/products\/3028621\/6fe4d83789c0f4e4d7dc4c4c3e03045c.jpg\"><\/section>\n<\/p><\/div>\n<\/section>\n<section class=\"section\">\n<div class=\"item item-12\">\n<section class=\"text-item\">\n<p>Wk\u0142ad dystansowy do doniczki z serii Urbi. Wk\u0142ady pozwalaj\u0105 zaoszcz\u0119dzi\u0107 ilo\u015b\u0107 ziemi jak\u0105 nale\u017cy wsypa\u0107 do doniczki, mo\u017cna r\u00f3wnie\u017c w \u0142atwy spos\u00f3b dokona\u0107 prze\u0142o\u017cenia kwiat\u00f3w do innej doniczki poprzez przeniesienie ca\u0142ego wk\u0142adu.<\/p>\n<p><b>Specyfikacja wk\u0142adu:<\/b><\/p>\n<ul>\n<li>\u015brednica g\u00f3ry &#8211; 25 cm<\/li>\n<li>\u015brednica podstawy &#8211; 21 cm<\/li>\n<li>wysoko\u015b\u0107 &#8211; 20 cm<\/li>\n<li>pojemno\u015b\u0107 &#8211; 9 l<\/li>\n<\/ul>\n<\/section><\/div>\n<\/section>\n<section class=\"section\">\n<div class=\"item item-12\">\n<section class=\"image-item\"><img src=\"https:\/\/upload.cdn.baselinker.com\/products\/3028621\/b45f007bd47bc025e7e78c0f5585ca9c.jpg\"><\/section>\n<\/p><\/div>\n<\/section>\n<section class=\"section\">\n<div class=\"item item-12\">\n<section class=\"text-item\">\n<p>Doniczki wykonane z trwa\u0142ego plastiku. Nowoczesny design, doda ka\u017cdemu wn\u0119trzu stylu i elegancji. Mog\u0105 s\u0142u\u017cy\u0107 jako os\u0142onki, ale tak\u017ce jako doniczki.<\/p>\n<ul>\n<li>Charakteryzuje si\u0119 zgrabn\u0105, form\u0105 zw\u0119\u017can\u0105 ku do\u0142owi.<\/li>\n<li>Lekka i nowoczesna,<\/li>\n<li>Stanowi elegancki i stylowy element zar\u00f3wno we wn\u0119trzach nowoczesnych, jak i tradycyjnych.<\/li>\n<li>\u0141atwa w utrzymaniu czysto\u015bci.<\/li>\n<li>Odporna na dzia\u0142anie warunk\u00f3w atmosferycznych i promieni UV.<\/li>\n<\/ul>\n<p><b>Mo\u017cemy j\u0105 umie\u015bci\u0107:<\/b><\/p>\n<ul>\n<li>w domu<\/li>\n<li>przestronnym wn\u0119trzu<\/li>\n<li>na tarasie<\/li>\n<li>na balkonie<\/li>\n<li>w ogrodzie<\/li>\n<\/ul>\n<\/section><\/div>\n<\/section>\n<section class=\"section\">\n<div class=\"item item-6\">\n<section class=\"image-item\"><img src=\"https:\/\/upload.cdn.baselinker.com\/products\/3028621\/6fe4d83789c0f4e4d7dc4c4c3e03045c.jpg\"><\/section>\n<\/p><\/div>\n<div class=\"item item-6\">\n<section class=\"image-item\"><img src=\"https:\/\/upload.cdn.baselinker.com\/products\/3028621\/b45f007bd47bc025e7e78c0f5585ca9c.jpg\"><\/section>\n<\/p><\/div>\n<\/section>\n<section class=\"section\">\n<div class=\"item item-6\">\n<section class=\"image-item\"><img src=\"https:\/\/upload.cdn.baselinker.com\/products\/3028621\/101eef61a7757fbb7aa774126bbdce5c.jpg\"><\/section>\n<\/p><\/div>\n<div class=\"item item-6\">\n<section class=\"image-item\"><img src=\"https:\/\/upload.cdn.baselinker.com\/products\/3028621\/f429792601d114c9f60037c91b424326.jpg\"><\/section>\n<\/p><\/div>\n<\/section>\n","protected":false},"excerpt":{"rendered":"<p>Doniczka okr\u0105g\u0142a niska URBI DURO250 z wk\u0142adem &#8211; Bia\u0142y Specyfikacja doniczki: \u015arednica &#8211; 25cm Wysoko\u015b\u0107 &#8211; 25cm Pojemno\u015b\u0107- 9 l Materia\u0142 &#8211; tworzywo sztuczne Efekt powierzchni &#8211; matowa Informacj\u0119 dodatkowe: doniczka nie posiada podstawki posiada otw\u00f3r w dnie z gumowym korkiem W tej ofercie kupujesz zestaw zawieraj\u0105cy: doniczk\u0119 (os\u0142onk\u0119) wk\u0142ad wewn\u0119trzny Wk\u0142ad dystansowy do doniczki &#8230; <a title=\"Doniczka okr\u0105g\u0142a niska URBI DURO250 | Bia\u0142y\" class=\"read-more\" href=\"https:\/\/admincentral.selleetools.com\/pl\/product\/doniczka-okragla-niska-urbi-duro250-bialy\/\">Read more<span class=\"screen-reader-text\">Doniczka okr\u0105g\u0142a niska URBI DURO250 | Bia\u0142y<\/span><\/a><\/p>\n","protected":false},"featured_media":675385,"comment_status":"open","ping_status":"closed","template":"","meta":{"_links_to":"","_links_to_target":""},"yoast_head":"<!-- This site is optimized with the Yoast SEO plugin v19.4 - https:\/\/yoast.com\/wordpress\/plugins\/seo\/ -->\n<title>Doniczka okr\u0105g\u0142a niska URBI DURO250 | Bia\u0142y - Selleetools.com<\/title>\n<meta name=\"robots\" content=\"index, follow, max-snippet:-1, max-image-preview:large, max-video-preview:-1\" \/>\n<link rel=\"canonical\" href=\"https:\/\/admincentral.selleetools.com\/product\/doniczka-okragla-niska-urbi-duro250-bialy\/\" \/>\n<meta property=\"og:locale\" content=\"pl_PL\" \/>\n<meta property=\"og:type\" content=\"article\" \/>\n<meta property=\"og:title\" content=\"Doniczka okr\u0105g\u0142a niska URBI DURO250 | Bia\u0142y - Selleetools.com\" \/>\n<meta property=\"og:description\" content=\"Doniczka okr\u0105g\u0142a niska URBI DURO250 z wk\u0142adem &#8211; Bia\u0142y Specyfikacja doniczki: \u015arednica &#8211; 25cm Wysoko\u015b\u0107 &#8211; 25cm Pojemno\u015b\u0107- 9 l Materia\u0142 &#8211; tworzywo sztuczne Efekt powierzchni &#8211; matowa Informacj\u0119 dodatkowe: doniczka nie posiada podstawki posiada otw\u00f3r w dnie z gumowym korkiem W tej ofercie kupujesz zestaw zawieraj\u0105cy: doniczk\u0119 (os\u0142onk\u0119) wk\u0142ad wewn\u0119trzny Wk\u0142ad dystansowy do doniczki ... Read moreDoniczka okr\u0105g\u0142a niska URBI DURO250 | Bia\u0142y\" \/>\n<meta property=\"og:url\" content=\"https:\/\/admincentral.selleetools.com\/product\/doniczka-okragla-niska-urbi-duro250-bialy\/\" \/>\n<meta property=\"og:site_name\" content=\"Selleetools.com\" \/>\n<meta property=\"article:modified_time\" content=\"2026-04-08T14:35:50+00:00\" \/>\n<meta property=\"og:image\" content=\"https:\/\/selleetools.com\/wp-content\/uploads\/2026\/02\/6fe4d83789c0f4e4d7dc4c4c3e03045c.jpg\" \/>\n\t<meta property=\"og:image:width\" content=\"793\" \/>\n\t<meta property=\"og:image:height\" content=\"1000\" \/>\n\t<meta property=\"og:image:type\" content=\"image\/jpeg\" \/>\n<meta name=\"twitter:card\" content=\"summary_large_image\" \/>\n<meta name=\"twitter:label1\" content=\"Est. reading time\" \/>\n\t<meta name=\"twitter:data1\" content=\"1 minuta\" \/>\n<!-- \/ Yoast SEO plugin. -->","yoast_head_json":{"title":"Doniczka okr\u0105g\u0142a niska URBI DURO250 | Bia\u0142y - Selleetools.com","robots":{"index":"index","follow":"follow","max-snippet":"max-snippet:-1","max-image-preview":"max-image-preview:large","max-video-preview":"max-video-preview:-1"},"canonical":"https:\/\/admincentral.selleetools.com\/product\/doniczka-okragla-niska-urbi-duro250-bialy\/","og_locale":"pl_PL","og_type":"article","og_title":"Doniczka okr\u0105g\u0142a niska URBI DURO250 | Bia\u0142y - Selleetools.com","og_description":"Doniczka okr\u0105g\u0142a niska URBI DURO250 z wk\u0142adem &#8211; Bia\u0142y Specyfikacja doniczki: \u015arednica &#8211; 25cm Wysoko\u015b\u0107 &#8211; 25cm Pojemno\u015b\u0107- 9 l Materia\u0142 &#8211; tworzywo sztuczne Efekt powierzchni &#8211; matowa Informacj\u0119 dodatkowe: doniczka nie posiada podstawki posiada otw\u00f3r w dnie z gumowym korkiem W tej ofercie kupujesz zestaw zawieraj\u0105cy: doniczk\u0119 (os\u0142onk\u0119) wk\u0142ad wewn\u0119trzny Wk\u0142ad dystansowy do doniczki ... Read moreDoniczka okr\u0105g\u0142a niska URBI DURO250 | Bia\u0142y","og_url":"https:\/\/admincentral.selleetools.com\/product\/doniczka-okragla-niska-urbi-duro250-bialy\/","og_site_name":"Selleetools.com","article_modified_time":"2026-04-08T14:35:50+00:00","og_image":[{"width":793,"height":1000,"url":"https:\/\/selleetools.com\/wp-content\/uploads\/2026\/02\/6fe4d83789c0f4e4d7dc4c4c3e03045c.jpg","type":"image\/jpeg"}],"twitter_card":"summary_large_image","twitter_misc":{"Est. reading time":"1 minuta"},"schema":{"@context":"https:\/\/schema.org","@graph":[{"@type":"Organization","@id":"https:\/\/selleetools.com\/#organization","name":"Selleetools","url":"https:\/\/selleetools.com\/","sameAs":[],"logo":{"@type":"ImageObject","inLanguage":"pl-PL","@id":"https:\/\/selleetools.com\/#\/schema\/logo\/image\/","url":"https:\/\/selleetools.com\/wp-content\/uploads\/2021\/10\/logo-dark.png","contentUrl":"https:\/\/selleetools.com\/wp-content\/uploads\/2021\/10\/logo-dark.png","width":320,"height":76,"caption":"Selleetools"},"image":{"@id":"https:\/\/selleetools.com\/#\/schema\/logo\/image\/"}},{"@type":"WebSite","@id":"https:\/\/selleetools.com\/#website","url":"https:\/\/selleetools.com\/","name":"Selleetools.com","description":"","publisher":{"@id":"https:\/\/selleetools.com\/#organization"},"potentialAction":[{"@type":"SearchAction","target":{"@type":"EntryPoint","urlTemplate":"https:\/\/selleetools.com\/?s={search_term_string}"},"query-input":"required name=search_term_string"}],"inLanguage":"pl-PL"},{"@type":"WebPage","@id":"https:\/\/admincentral.selleetools.com\/product\/doniczka-okragla-niska-urbi-duro250-bialy\/","url":"https:\/\/admincentral.selleetools.com\/product\/doniczka-okragla-niska-urbi-duro250-bialy\/","name":"Doniczka okr\u0105g\u0142a niska URBI DURO250 | Bia\u0142y - Selleetools.com","isPartOf":{"@id":"https:\/\/selleetools.com\/#website"},"datePublished":"2026-02-19T15:26:40+00:00","dateModified":"2026-04-08T14:35:50+00:00","breadcrumb":{"@id":"https:\/\/admincentral.selleetools.com\/product\/doniczka-okragla-niska-urbi-duro250-bialy\/#breadcrumb"},"inLanguage":"pl-PL","potentialAction":[{"@type":"ReadAction","target":["https:\/\/admincentral.selleetools.com\/product\/doniczka-okragla-niska-urbi-duro250-bialy\/"]}]},{"@type":"BreadcrumbList","@id":"https:\/\/admincentral.selleetools.com\/product\/doniczka-okragla-niska-urbi-duro250-bialy\/#breadcrumb","itemListElement":[{"@type":"ListItem","position":1,"name":"Home","item":"https:\/\/selleetools.com\/pl\/"},{"@type":"ListItem","position":2,"name":"Katalog","item":"https:\/\/selleetools.com\/pl\/katalog\/"},{"@type":"ListItem","position":3,"name":"Doniczka okr\u0105g\u0142a niska URBI DURO250 | Bia\u0142y"}]}]}},"_links":{"self":[{"href":"https:\/\/admincentral.selleetools.com\/pl\/wp-json\/wp\/v2\/product\/675393"}],"collection":[{"href":"https:\/\/admincentral.selleetools.com\/pl\/wp-json\/wp\/v2\/product"}],"about":[{"href":"https:\/\/admincentral.selleetools.com\/pl\/wp-json\/wp\/v2\/types\/product"}],"replies":[{"embeddable":true,"href":"https:\/\/admincentral.selleetools.com\/pl\/wp-json\/wp\/v2\/comments?post=675393"}],"wp:featuredmedia":[{"embeddable":true,"href":"https:\/\/admincentral.selleetools.com\/pl\/wp-json\/wp\/v2\/media\/675385"}],"wp:attachment":[{"href":"https:\/\/admincentral.selleetools.com\/pl\/wp-json\/wp\/v2\/media?parent=675393"}],"curies":[{"name":"wp","href":"https:\/\/api.w.org\/{rel}","templated":true}]}}