{"id":675451,"date":"2026-02-19T16:27:19","date_gmt":"2026-02-19T15:27:19","guid":{"rendered":"https:\/\/selleetools.com\/?post_type=product&#038;p=675451"},"modified":"2026-04-08T17:44:05","modified_gmt":"2026-04-08T15:44:05","slug":"sanki-z-oparciem-bezzy-seat-zielony","status":"publish","type":"product","link":"https:\/\/admincentral.selleetools.com\/pl\/product\/sanki-z-oparciem-bezzy-seat-zielony\/","title":{"rendered":"Sanki z oparciem BEZZY SEAT | Zielony"},"content":{"rendered":"<section class=\"section\">\n<div class=\"item item-12\">\n<section class=\"text-item\">\n<h1>Sanki z oparciem BEZZY SEAT &#8211; Zielony<\/h1>\n<p><b>Specyfikacja:<\/b><\/p>\n<ul>\n<li>d\u0142ugo\u015b\u0107 &#8211; 88 cm<\/li>\n<li>szeroko\u015b\u0107- 45,2 cm<\/li>\n<li>wysoko\u015b\u0107 &#8211; 42 cm<\/li>\n<li>materia\u0142 &#8211; tworzywo sztuczne<\/li>\n<li>sznurek z uchwytem<\/li>\n<li>oparcie<\/li>\n<li>pasy do zapi\u0119cia<\/li>\n<\/ul>\n<\/section><\/div>\n<\/section>\n<section class=\"section\">\n<div class=\"item item-12\">\n<section class=\"image-item\">\n            <img src=\"https:\/\/upload.cdn.baselinker.com\/products\/3028621\/b0394e76f85042958ccb71da5a7a3389.jpg\" \/><br \/>\n        <\/section>\n<\/p><\/div>\n<\/section>\n<section class=\"section\">\n<div class=\"item item-12\">\n<section class=\"text-item\">\n<p>\u017beby dobrze przygotowa\u0107 si\u0119 na \u015bnie\u017cne szale\u0144stwo, warto zaopatrzy\u0107 si\u0119 w sprz\u0119t, kt\u00f3ry sprawi, \u017ce wsp\u00f3lne spacery i zabawa na stoku b\u0119d\u0105 wyj\u0105tkowo udane. Jedn\u0105 z takich propozycji od marki Prosperplast s\u0105\u00a0<b>sanki dzieci\u0119ce Beezy Seat<\/b>. Dzi\u0119ki praktycznemu i wygodnemu oparciu oraz zabezpieczeniu w formie pasa, Twoja pociecha b\u0119dzie odpowiednio chroniona podczas zjazd\u00f3w, czy wsp\u00f3lnych spacer\u00f3w. Do sanek do\u0142\u0105czono kolorow\u0105 link\u0119 z uchwytem, kt\u00f3ra umo\u017cliwia ci\u0105gniecie malucha po \u015bniegu, a stalowe p\u0142ozy sprawiaj\u0105, \u017ce zjazdy z g\u00f3rki przysporz\u0105 Twojej pociesze niezapomnianych wra\u017ce\u0144<\/p>\n<\/section><\/div>\n<\/section>\n","protected":false},"excerpt":{"rendered":"<p>Sanki z oparciem BEZZY SEAT &#8211; Zielony Specyfikacja: d\u0142ugo\u015b\u0107 &#8211; 88 cm szeroko\u015b\u0107- 45,2 cm wysoko\u015b\u0107 &#8211; 42 cm materia\u0142 &#8211; tworzywo sztuczne sznurek z uchwytem oparcie pasy do zapi\u0119cia \u017beby dobrze przygotowa\u0107 si\u0119 na \u015bnie\u017cne szale\u0144stwo, warto zaopatrzy\u0107 si\u0119 w sprz\u0119t, kt\u00f3ry sprawi, \u017ce wsp\u00f3lne spacery i zabawa na stoku b\u0119d\u0105 wyj\u0105tkowo udane. Jedn\u0105 &#8230; <a title=\"Sanki z oparciem BEZZY SEAT | Zielony\" class=\"read-more\" href=\"https:\/\/admincentral.selleetools.com\/pl\/product\/sanki-z-oparciem-bezzy-seat-zielony\/\">Read more<span class=\"screen-reader-text\">Sanki z oparciem BEZZY SEAT | Zielony<\/span><\/a><\/p>\n","protected":false},"featured_media":675445,"comment_status":"open","ping_status":"closed","template":"","meta":{"_links_to":"","_links_to_target":""},"yoast_head":"<!-- This site is optimized with the Yoast SEO plugin v19.4 - https:\/\/yoast.com\/wordpress\/plugins\/seo\/ -->\n<title>Sanki z oparciem BEZZY SEAT | Zielony - Selleetools.com<\/title>\n<meta name=\"robots\" content=\"index, follow, max-snippet:-1, max-image-preview:large, max-video-preview:-1\" \/>\n<link rel=\"canonical\" href=\"https:\/\/admincentral.selleetools.com\/product\/sanki-z-oparciem-bezzy-seat-zielony\/\" \/>\n<meta property=\"og:locale\" content=\"pl_PL\" \/>\n<meta property=\"og:type\" content=\"article\" \/>\n<meta property=\"og:title\" content=\"Sanki z oparciem BEZZY SEAT | Zielony - Selleetools.com\" \/>\n<meta property=\"og:description\" content=\"Sanki z oparciem BEZZY SEAT &#8211; Zielony Specyfikacja: d\u0142ugo\u015b\u0107 &#8211; 88 cm szeroko\u015b\u0107- 45,2 cm wysoko\u015b\u0107 &#8211; 42 cm materia\u0142 &#8211; tworzywo sztuczne sznurek z uchwytem oparcie pasy do zapi\u0119cia \u017beby dobrze przygotowa\u0107 si\u0119 na \u015bnie\u017cne szale\u0144stwo, warto zaopatrzy\u0107 si\u0119 w sprz\u0119t, kt\u00f3ry sprawi, \u017ce wsp\u00f3lne spacery i zabawa na stoku b\u0119d\u0105 wyj\u0105tkowo udane. Jedn\u0105 ... Read moreSanki z oparciem BEZZY SEAT | Zielony\" \/>\n<meta property=\"og:url\" content=\"https:\/\/admincentral.selleetools.com\/product\/sanki-z-oparciem-bezzy-seat-zielony\/\" \/>\n<meta property=\"og:site_name\" content=\"Selleetools.com\" \/>\n<meta property=\"article:modified_time\" content=\"2026-04-08T15:44:05+00:00\" \/>\n<meta property=\"og:image\" content=\"https:\/\/selleetools.com\/wp-content\/uploads\/2026\/02\/b0394e76f85042958ccb71da5a7a3389.jpg\" \/>\n\t<meta property=\"og:image:width\" content=\"1000\" \/>\n\t<meta property=\"og:image:height\" content=\"615\" \/>\n\t<meta property=\"og:image:type\" content=\"image\/jpeg\" \/>\n<meta name=\"twitter:card\" content=\"summary_large_image\" \/>\n<meta name=\"twitter:label1\" content=\"Est. reading time\" \/>\n\t<meta name=\"twitter:data1\" content=\"1 minuta\" \/>\n<!-- \/ Yoast SEO plugin. -->","yoast_head_json":{"title":"Sanki z oparciem BEZZY SEAT | Zielony - Selleetools.com","robots":{"index":"index","follow":"follow","max-snippet":"max-snippet:-1","max-image-preview":"max-image-preview:large","max-video-preview":"max-video-preview:-1"},"canonical":"https:\/\/admincentral.selleetools.com\/product\/sanki-z-oparciem-bezzy-seat-zielony\/","og_locale":"pl_PL","og_type":"article","og_title":"Sanki z oparciem BEZZY SEAT | Zielony - Selleetools.com","og_description":"Sanki z oparciem BEZZY SEAT &#8211; Zielony Specyfikacja: d\u0142ugo\u015b\u0107 &#8211; 88 cm szeroko\u015b\u0107- 45,2 cm wysoko\u015b\u0107 &#8211; 42 cm materia\u0142 &#8211; tworzywo sztuczne sznurek z uchwytem oparcie pasy do zapi\u0119cia \u017beby dobrze przygotowa\u0107 si\u0119 na \u015bnie\u017cne szale\u0144stwo, warto zaopatrzy\u0107 si\u0119 w sprz\u0119t, kt\u00f3ry sprawi, \u017ce wsp\u00f3lne spacery i zabawa na stoku b\u0119d\u0105 wyj\u0105tkowo udane. Jedn\u0105 ... Read moreSanki z oparciem BEZZY SEAT | Zielony","og_url":"https:\/\/admincentral.selleetools.com\/product\/sanki-z-oparciem-bezzy-seat-zielony\/","og_site_name":"Selleetools.com","article_modified_time":"2026-04-08T15:44:05+00:00","og_image":[{"width":1000,"height":615,"url":"https:\/\/selleetools.com\/wp-content\/uploads\/2026\/02\/b0394e76f85042958ccb71da5a7a3389.jpg","type":"image\/jpeg"}],"twitter_card":"summary_large_image","twitter_misc":{"Est. reading time":"1 minuta"},"schema":{"@context":"https:\/\/schema.org","@graph":[{"@type":"Organization","@id":"https:\/\/selleetools.com\/#organization","name":"Selleetools","url":"https:\/\/selleetools.com\/","sameAs":[],"logo":{"@type":"ImageObject","inLanguage":"pl-PL","@id":"https:\/\/selleetools.com\/#\/schema\/logo\/image\/","url":"https:\/\/selleetools.com\/wp-content\/uploads\/2021\/10\/logo-dark.png","contentUrl":"https:\/\/selleetools.com\/wp-content\/uploads\/2021\/10\/logo-dark.png","width":320,"height":76,"caption":"Selleetools"},"image":{"@id":"https:\/\/selleetools.com\/#\/schema\/logo\/image\/"}},{"@type":"WebSite","@id":"https:\/\/selleetools.com\/#website","url":"https:\/\/selleetools.com\/","name":"Selleetools.com","description":"","publisher":{"@id":"https:\/\/selleetools.com\/#organization"},"potentialAction":[{"@type":"SearchAction","target":{"@type":"EntryPoint","urlTemplate":"https:\/\/selleetools.com\/?s={search_term_string}"},"query-input":"required name=search_term_string"}],"inLanguage":"pl-PL"},{"@type":"WebPage","@id":"https:\/\/admincentral.selleetools.com\/product\/sanki-z-oparciem-bezzy-seat-zielony\/","url":"https:\/\/admincentral.selleetools.com\/product\/sanki-z-oparciem-bezzy-seat-zielony\/","name":"Sanki z oparciem BEZZY SEAT | Zielony - Selleetools.com","isPartOf":{"@id":"https:\/\/selleetools.com\/#website"},"datePublished":"2026-02-19T15:27:19+00:00","dateModified":"2026-04-08T15:44:05+00:00","breadcrumb":{"@id":"https:\/\/admincentral.selleetools.com\/product\/sanki-z-oparciem-bezzy-seat-zielony\/#breadcrumb"},"inLanguage":"pl-PL","potentialAction":[{"@type":"ReadAction","target":["https:\/\/admincentral.selleetools.com\/product\/sanki-z-oparciem-bezzy-seat-zielony\/"]}]},{"@type":"BreadcrumbList","@id":"https:\/\/admincentral.selleetools.com\/product\/sanki-z-oparciem-bezzy-seat-zielony\/#breadcrumb","itemListElement":[{"@type":"ListItem","position":1,"name":"Home","item":"https:\/\/selleetools.com\/pl\/"},{"@type":"ListItem","position":2,"name":"Katalog","item":"https:\/\/selleetools.com\/pl\/katalog\/"},{"@type":"ListItem","position":3,"name":"Sanki z oparciem BEZZY SEAT | Zielony"}]}]}},"_links":{"self":[{"href":"https:\/\/admincentral.selleetools.com\/pl\/wp-json\/wp\/v2\/product\/675451"}],"collection":[{"href":"https:\/\/admincentral.selleetools.com\/pl\/wp-json\/wp\/v2\/product"}],"about":[{"href":"https:\/\/admincentral.selleetools.com\/pl\/wp-json\/wp\/v2\/types\/product"}],"replies":[{"embeddable":true,"href":"https:\/\/admincentral.selleetools.com\/pl\/wp-json\/wp\/v2\/comments?post=675451"}],"wp:featuredmedia":[{"embeddable":true,"href":"https:\/\/admincentral.selleetools.com\/pl\/wp-json\/wp\/v2\/media\/675445"}],"wp:attachment":[{"href":"https:\/\/admincentral.selleetools.com\/pl\/wp-json\/wp\/v2\/media?parent=675451"}],"curies":[{"name":"wp","href":"https:\/\/api.w.org\/{rel}","templated":true}]}}