{"id":675630,"date":"2026-02-19T16:28:36","date_gmt":"2026-02-19T15:28:36","guid":{"rendered":"https:\/\/selleetools.com\/?post_type=product&#038;p=675630"},"modified":"2026-04-15T17:42:33","modified_gmt":"2026-04-15T15:42:33","slug":"kosz-na-smieci-12l-compacta-q-jasny-zielony-pop","status":"publish","type":"product","link":"https:\/\/admincentral.selleetools.com\/pl\/product\/kosz-na-smieci-12l-compacta-q-jasny-zielony-pop\/","title":{"rendered":"Kosz na \u015bmieci 12L COMPACTA Q jasny zielony | Pop"},"content":{"rendered":"<section class=\"section\">\n<div class=\"item item-12\">\n<section class=\"text-item\">\n<h1>Kosze na \u015bmieci 12L COMPACTA Q &#8211; Popielaty &#8211; Jasny zielony<\/h1>\n<p><b>Specyfikacja:<\/b><\/p>\n<ul>\n<li>Wysoko\u015b\u0107 &#8211; 37 cm<\/li>\n<li>Szeroko\u015b\u0107 &#8211; 19,5 cm<\/li>\n<li>D\u0142ugo\u015b\u0107 -26 cm<\/li>\n<li>Pojemno\u015b\u0107 &#8211; 12l<\/li>\n<li>Materia\u0142 &#8211; tworzywo sztuczne<\/li>\n<\/ul>\n<p><b>Zalety:<\/b><\/p>\n<ul>\n<li>Produkt \u0142atwy w czyszczeniu\u00a0<\/li>\n<li>Wygodny w u\u017cytkowaniu<\/li>\n<li>Ponadczasowa, minimalistyczna estetyka<\/li>\n<li>Kosz modu\u0142owy<\/li>\n<li>Idealne rozwi\u0105zanie do miejsc o ograniczonej przestrzeni<\/li>\n<li>Doskonale pasuje do wymiar\u00f3w szafki pod zlewozmywakiem<\/li>\n<li>Mo\u017cna dzi\u0119ki niemu stworzy\u0107 indywidualny system segregacji i organizacji<\/li>\n<li>\u0141atwy w czyszczeniu<\/li>\n<li>Solidny i trwa\u0142y<\/li>\n<\/ul>\n<\/section><\/div>\n<\/section>\n<section class=\"section\">\n<div class=\"item item-12\">\n<section class=\"image-item\"><img src=\"https:\/\/upload.cdn.baselinker.com\/products\/3028621\/ce66dc4ef641221ca125d77ca3649f58.jpg\"><\/section>\n<\/p><\/div>\n<\/section>\n<section class=\"section\">\n<div class=\"item item-12\">\n<section class=\"text-item\">\n<p>Praktyczny kosz Compacta Q zosta\u0142 dostosowany do r\u00f3\u017cnorodnych potrzeb u\u017cytkownik\u00f3w. Wyposa\u017cony jest w klap\u0119, kt\u00f3ra otwiera si\u0119 na dwa sposoby &#8211; mo\u017cna j\u0105 uchyli\u0107 lub otworzy\u0107, zale\u017cnie od preferencji. Jego estetyczna, dost\u0119pna w r\u00f3\u017cnych kolorach ramka nie tylko skutecznie zabezpiecza worek przed osuni\u0119ciem, ale te\u017c u\u0142atwia segregacj\u0119 odpad\u00f3w.<\/p>\n<p><b>Przeznaczenie:<\/b><\/p>\n<p><b>Zielony kosz <\/b>\u2013 SZK\u0141O:<\/p>\n<ul>\n<li>butelki po napojach i alkoholu;<\/li>\n<li>szklane pojemniki po \u017cywno\u015bci (s\u0142oiki);<\/li>\n<li>buteleczki i s\u0142oiczki po kosmetykach, pami\u0119taj\u0105c jednak, \u017ce wszystkie zakr\u0119tki i wieczka nale\u017cy umie\u015bci\u0107 w pojemniku na odpady z tworzywa sztucznego i metalu.<\/li>\n<\/ul>\n<\/section><\/div>\n<\/section>\n<section class=\"section\">\n<div class=\"item item-6\">\n<section class=\"image-item\"><img src=\"https:\/\/upload.cdn.baselinker.com\/products\/3028621\/ce66dc4ef641221ca125d77ca3649f58.jpg\"><\/section>\n<\/p><\/div>\n<div class=\"item item-6\">\n<section class=\"image-item\"><img src=\"https:\/\/upload.cdn.baselinker.com\/products\/3028621\/e1e71869be7f2a3085122274a27c1426.jpg\"><\/section>\n<\/p><\/div>\n<\/section>\n<section class=\"section\">\n<div class=\"item item-6\">\n<section class=\"image-item\"><img src=\"https:\/\/upload.cdn.baselinker.com\/products\/3028621\/3e03955a9d2a4346b6b225836afec209.jpg\"><\/section>\n<\/p><\/div>\n<div class=\"item item-6\">\n<section class=\"image-item\"><img src=\"https:\/\/upload.cdn.baselinker.com\/products\/3028621\/2e6a323cac4e53e0468dd3d41e8359f9.jpg\"><\/section>\n<\/p><\/div>\n<\/section>\n<section class=\"section\">\n<div class=\"item item-12\">\n<section class=\"image-item\"><img src=\"https:\/\/upload.cdn.baselinker.com\/products\/3028621\/20faade195c439a5fc1b33f176c41452.jpg\"><\/section>\n<\/p><\/div>\n<\/section>\n","protected":false},"excerpt":{"rendered":"<p>Kosze na \u015bmieci 12L COMPACTA Q &#8211; Popielaty &#8211; Jasny zielony Specyfikacja: Wysoko\u015b\u0107 &#8211; 37 cm Szeroko\u015b\u0107 &#8211; 19,5 cm D\u0142ugo\u015b\u0107 -26 cm Pojemno\u015b\u0107 &#8211; 12l Materia\u0142 &#8211; tworzywo sztuczne Zalety: Produkt \u0142atwy w czyszczeniu\u00a0 Wygodny w u\u017cytkowaniu Ponadczasowa, minimalistyczna estetyka Kosz modu\u0142owy Idealne rozwi\u0105zanie do miejsc o ograniczonej przestrzeni Doskonale pasuje do wymiar\u00f3w szafki &#8230; <a title=\"Kosz na \u015bmieci 12L COMPACTA Q jasny zielony | Pop\" class=\"read-more\" href=\"https:\/\/admincentral.selleetools.com\/pl\/product\/kosz-na-smieci-12l-compacta-q-jasny-zielony-pop\/\">Read more<span class=\"screen-reader-text\">Kosz na \u015bmieci 12L COMPACTA Q jasny zielony | Pop<\/span><\/a><\/p>\n","protected":false},"featured_media":675620,"comment_status":"open","ping_status":"closed","template":"","meta":{"_links_to":"","_links_to_target":""},"yoast_head":"<!-- This site is optimized with the Yoast SEO plugin v19.4 - https:\/\/yoast.com\/wordpress\/plugins\/seo\/ -->\n<title>Kosz na \u015bmieci 12L COMPACTA Q jasny zielony | Pop - Selleetools.com<\/title>\n<meta name=\"robots\" content=\"index, follow, max-snippet:-1, max-image-preview:large, max-video-preview:-1\" \/>\n<link rel=\"canonical\" href=\"https:\/\/selleetools.com\/pl\/product\/kosz-na-smieci-12l-compacta-q-jasny-zielony-pop\/\" \/>\n<meta property=\"og:locale\" content=\"pl_PL\" \/>\n<meta property=\"og:type\" content=\"article\" \/>\n<meta property=\"og:title\" content=\"Kosz na \u015bmieci 12L COMPACTA Q jasny zielony | Pop - Selleetools.com\" \/>\n<meta property=\"og:description\" content=\"Kosze na \u015bmieci 12L COMPACTA Q &#8211; Popielaty &#8211; Jasny zielony Specyfikacja: Wysoko\u015b\u0107 &#8211; 37 cm Szeroko\u015b\u0107 &#8211; 19,5 cm D\u0142ugo\u015b\u0107 -26 cm Pojemno\u015b\u0107 &#8211; 12l Materia\u0142 &#8211; tworzywo sztuczne Zalety: Produkt \u0142atwy w czyszczeniu\u00a0 Wygodny w u\u017cytkowaniu Ponadczasowa, minimalistyczna estetyka Kosz modu\u0142owy Idealne rozwi\u0105zanie do miejsc o ograniczonej przestrzeni Doskonale pasuje do wymiar\u00f3w szafki ... Read moreKosz na \u015bmieci 12L COMPACTA Q jasny zielony | Pop\" \/>\n<meta property=\"og:url\" content=\"https:\/\/selleetools.com\/pl\/product\/kosz-na-smieci-12l-compacta-q-jasny-zielony-pop\/\" \/>\n<meta property=\"og:site_name\" content=\"Selleetools.com\" \/>\n<meta property=\"article:modified_time\" content=\"2026-04-15T15:42:33+00:00\" \/>\n<meta property=\"og:image\" content=\"https:\/\/selleetools.com\/wp-content\/uploads\/2026\/02\/ce66dc4ef641221ca125d77ca3649f58.jpg\" \/>\n\t<meta property=\"og:image:width\" content=\"750\" \/>\n\t<meta property=\"og:image:height\" content=\"1000\" \/>\n\t<meta property=\"og:image:type\" content=\"image\/jpeg\" \/>\n<meta name=\"twitter:card\" content=\"summary_large_image\" \/>\n<meta name=\"twitter:label1\" content=\"Est. reading time\" \/>\n\t<meta name=\"twitter:data1\" content=\"1 minuta\" \/>\n<!-- \/ Yoast SEO plugin. -->","yoast_head_json":{"title":"Kosz na \u015bmieci 12L COMPACTA Q jasny zielony | Pop - Selleetools.com","robots":{"index":"index","follow":"follow","max-snippet":"max-snippet:-1","max-image-preview":"max-image-preview:large","max-video-preview":"max-video-preview:-1"},"canonical":"https:\/\/selleetools.com\/pl\/product\/kosz-na-smieci-12l-compacta-q-jasny-zielony-pop\/","og_locale":"pl_PL","og_type":"article","og_title":"Kosz na \u015bmieci 12L COMPACTA Q jasny zielony | Pop - Selleetools.com","og_description":"Kosze na \u015bmieci 12L COMPACTA Q &#8211; Popielaty &#8211; Jasny zielony Specyfikacja: Wysoko\u015b\u0107 &#8211; 37 cm Szeroko\u015b\u0107 &#8211; 19,5 cm D\u0142ugo\u015b\u0107 -26 cm Pojemno\u015b\u0107 &#8211; 12l Materia\u0142 &#8211; tworzywo sztuczne Zalety: Produkt \u0142atwy w czyszczeniu\u00a0 Wygodny w u\u017cytkowaniu Ponadczasowa, minimalistyczna estetyka Kosz modu\u0142owy Idealne rozwi\u0105zanie do miejsc o ograniczonej przestrzeni Doskonale pasuje do wymiar\u00f3w szafki ... Read moreKosz na \u015bmieci 12L COMPACTA Q jasny zielony | Pop","og_url":"https:\/\/selleetools.com\/pl\/product\/kosz-na-smieci-12l-compacta-q-jasny-zielony-pop\/","og_site_name":"Selleetools.com","article_modified_time":"2026-04-15T15:42:33+00:00","og_image":[{"width":750,"height":1000,"url":"https:\/\/selleetools.com\/wp-content\/uploads\/2026\/02\/ce66dc4ef641221ca125d77ca3649f58.jpg","type":"image\/jpeg"}],"twitter_card":"summary_large_image","twitter_misc":{"Est. reading time":"1 minuta"},"schema":{"@context":"https:\/\/schema.org","@graph":[{"@type":"Organization","@id":"https:\/\/selleetools.com\/#organization","name":"Selleetools","url":"https:\/\/selleetools.com\/","sameAs":[],"logo":{"@type":"ImageObject","inLanguage":"pl-PL","@id":"https:\/\/selleetools.com\/#\/schema\/logo\/image\/","url":"https:\/\/selleetools.com\/wp-content\/uploads\/2021\/10\/logo-dark.png","contentUrl":"https:\/\/selleetools.com\/wp-content\/uploads\/2021\/10\/logo-dark.png","width":320,"height":76,"caption":"Selleetools"},"image":{"@id":"https:\/\/selleetools.com\/#\/schema\/logo\/image\/"}},{"@type":"WebSite","@id":"https:\/\/selleetools.com\/#website","url":"https:\/\/selleetools.com\/","name":"Selleetools.com","description":"","publisher":{"@id":"https:\/\/selleetools.com\/#organization"},"potentialAction":[{"@type":"SearchAction","target":{"@type":"EntryPoint","urlTemplate":"https:\/\/selleetools.com\/?s={search_term_string}"},"query-input":"required name=search_term_string"}],"inLanguage":"pl-PL"},{"@type":"WebPage","@id":"https:\/\/selleetools.com\/pl\/product\/kosz-na-smieci-12l-compacta-q-jasny-zielony-pop\/","url":"https:\/\/selleetools.com\/pl\/product\/kosz-na-smieci-12l-compacta-q-jasny-zielony-pop\/","name":"Kosz na \u015bmieci 12L COMPACTA Q jasny zielony | Pop - Selleetools.com","isPartOf":{"@id":"https:\/\/selleetools.com\/#website"},"datePublished":"2026-02-19T15:28:36+00:00","dateModified":"2026-04-15T15:42:33+00:00","breadcrumb":{"@id":"https:\/\/selleetools.com\/pl\/product\/kosz-na-smieci-12l-compacta-q-jasny-zielony-pop\/#breadcrumb"},"inLanguage":"pl-PL","potentialAction":[{"@type":"ReadAction","target":["https:\/\/selleetools.com\/pl\/product\/kosz-na-smieci-12l-compacta-q-jasny-zielony-pop\/"]}]},{"@type":"BreadcrumbList","@id":"https:\/\/selleetools.com\/pl\/product\/kosz-na-smieci-12l-compacta-q-jasny-zielony-pop\/#breadcrumb","itemListElement":[{"@type":"ListItem","position":1,"name":"Home","item":"https:\/\/selleetools.com\/pl\/"},{"@type":"ListItem","position":2,"name":"Katalog","item":"https:\/\/selleetools.com\/pl\/katalog\/"},{"@type":"ListItem","position":3,"name":"Kosz na \u015bmieci 12L COMPACTA Q jasny zielony | Pop"}]}]}},"_links":{"self":[{"href":"https:\/\/admincentral.selleetools.com\/pl\/wp-json\/wp\/v2\/product\/675630"}],"collection":[{"href":"https:\/\/admincentral.selleetools.com\/pl\/wp-json\/wp\/v2\/product"}],"about":[{"href":"https:\/\/admincentral.selleetools.com\/pl\/wp-json\/wp\/v2\/types\/product"}],"replies":[{"embeddable":true,"href":"https:\/\/admincentral.selleetools.com\/pl\/wp-json\/wp\/v2\/comments?post=675630"}],"wp:featuredmedia":[{"embeddable":true,"href":"https:\/\/admincentral.selleetools.com\/pl\/wp-json\/wp\/v2\/media\/675620"}],"wp:attachment":[{"href":"https:\/\/admincentral.selleetools.com\/pl\/wp-json\/wp\/v2\/media?parent=675630"}],"curies":[{"name":"wp","href":"https:\/\/api.w.org\/{rel}","templated":true}]}}