{"id":675650,"date":"2026-02-19T16:28:45","date_gmt":"2026-02-19T15:28:45","guid":{"rendered":"https:\/\/selleetools.com\/?post_type=product&#038;p=675650"},"modified":"2026-04-18T15:41:35","modified_gmt":"2026-04-18T13:41:35","slug":"siekiera-rozlupujaca-fiberglass-1500g","status":"publish","type":"product","link":"https:\/\/admincentral.selleetools.com\/pl\/product\/siekiera-rozlupujaca-fiberglass-1500g\/","title":{"rendered":"Siekiera roz\u0142upuj\u0105ca FIBERGLASS 1500g"},"content":{"rendered":"<section class=\"section\">\n<div class=\"item item-12\">\n<section class=\"text-item\">\n<h1>Siekiera roz\u0142upuj\u0105ca FIBERGLASS 1500g<\/h1>\n<p><b> Cechy produktu:<\/b><\/p>\n<ul>\n<li>ostrze wykonane ze stali hartowanej<\/li>\n<li>kszta\u0142t g\u0142owicy przystosowany do roz\u0142upywania drewna<\/li>\n<li>antypo\u015blizgowa powierzchnia r\u0105czki TPR\u00a0<\/li>\n<li>trzonek wzmocniony w\u0142\u00f3knem szklanym<\/li>\n<\/ul>\n<p><b>Specyfikacja:<\/b><\/p>\n<ul>\n<li>waga g\u0142owicy: 1500g<\/li>\n<li>d\u0142ugo\u015b\u0107 ca\u0142kowita narz\u0119dzia: 80cm<\/li>\n<li>wymiary g\u0142owicy\u00a0<b>16,5 x 8 x 5,5 x 3cm<\/b><\/li>\n<\/ul>\n<\/section><\/div>\n<\/section>\n<section class=\"section\">\n<div class=\"item item-12\">\n<section class=\"image-item\"><img src=\"https:\/\/upload.cdn.baselinker.com\/products\/3028621\/73a877d332f09fd2302d8ff0cec0c2f4.png\"><\/section>\n<\/p><\/div>\n<\/section>\n<section class=\"section\">\n<div class=\"item item-6\">\n<section class=\"image-item\"><img src=\"https:\/\/upload.cdn.baselinker.com\/products\/3028621\/73a877d332f09fd2302d8ff0cec0c2f4.png\"><\/section>\n<\/p><\/div>\n<div class=\"item item-6\">\n<section class=\"image-item\"><img src=\"https:\/\/upload.cdn.baselinker.com\/products\/3028621\/73fde1e38adf082139994ebf18637a8d.png\"><\/section>\n<\/p><\/div>\n<\/section>\n<section class=\"section\">\n<div class=\"item item-6\">\n<section class=\"image-item\"><img src=\"https:\/\/upload.cdn.baselinker.com\/products\/3028621\/1a59580a5b44bb40812cffef4418bdff.png\"><\/section>\n<\/p><\/div>\n<div class=\"item item-6\">\n<section class=\"image-item\"><img src=\"https:\/\/upload.cdn.baselinker.com\/products\/3028621\/514bc56d83910eb06160b65e4f1e0f81.png\"><\/section>\n<\/p><\/div>\n<\/section>\n","protected":false},"excerpt":{"rendered":"<p>Siekiera roz\u0142upuj\u0105ca FIBERGLASS 1500g Cechy produktu: ostrze wykonane ze stali hartowanej kszta\u0142t g\u0142owicy przystosowany do roz\u0142upywania drewna antypo\u015blizgowa powierzchnia r\u0105czki TPR\u00a0 trzonek wzmocniony w\u0142\u00f3knem szklanym Specyfikacja: waga g\u0142owicy: 1500g d\u0142ugo\u015b\u0107 ca\u0142kowita narz\u0119dzia: 80cm wymiary g\u0142owicy\u00a016,5 x 8 x 5,5 x 3cm<\/p>\n","protected":false},"featured_media":675642,"comment_status":"open","ping_status":"closed","template":"","meta":{"_links_to":"","_links_to_target":""},"yoast_head":"<!-- This site is optimized with the Yoast SEO plugin v19.4 - https:\/\/yoast.com\/wordpress\/plugins\/seo\/ -->\n<title>Siekiera roz\u0142upuj\u0105ca FIBERGLASS 1500g - Selleetools.com<\/title>\n<meta name=\"robots\" content=\"index, follow, max-snippet:-1, max-image-preview:large, max-video-preview:-1\" \/>\n<link rel=\"canonical\" href=\"https:\/\/selleetools.com\/pl\/product\/siekiera-rozlupujaca-fiberglass-1500g\/\" \/>\n<meta property=\"og:locale\" content=\"pl_PL\" \/>\n<meta property=\"og:type\" content=\"article\" \/>\n<meta property=\"og:title\" content=\"Siekiera roz\u0142upuj\u0105ca FIBERGLASS 1500g - Selleetools.com\" \/>\n<meta property=\"og:description\" content=\"Siekiera roz\u0142upuj\u0105ca FIBERGLASS 1500g Cechy produktu: ostrze wykonane ze stali hartowanej kszta\u0142t g\u0142owicy przystosowany do roz\u0142upywania drewna antypo\u015blizgowa powierzchnia r\u0105czki TPR\u00a0 trzonek wzmocniony w\u0142\u00f3knem szklanym Specyfikacja: waga g\u0142owicy: 1500g d\u0142ugo\u015b\u0107 ca\u0142kowita narz\u0119dzia: 80cm wymiary g\u0142owicy\u00a016,5 x 8 x 5,5 x 3cm\" \/>\n<meta property=\"og:url\" content=\"https:\/\/selleetools.com\/pl\/product\/siekiera-rozlupujaca-fiberglass-1500g\/\" \/>\n<meta property=\"og:site_name\" content=\"Selleetools.com\" \/>\n<meta property=\"article:modified_time\" content=\"2026-04-18T13:41:35+00:00\" \/>\n<meta property=\"og:image\" content=\"https:\/\/selleetools.com\/wp-content\/uploads\/2026\/02\/73a877d332f09fd2302d8ff0cec0c2f4.png\" \/>\n\t<meta property=\"og:image:width\" content=\"800\" \/>\n\t<meta property=\"og:image:height\" content=\"800\" \/>\n\t<meta property=\"og:image:type\" content=\"image\/png\" \/>\n<meta name=\"twitter:card\" content=\"summary_large_image\" \/>\n<!-- \/ Yoast SEO plugin. -->","yoast_head_json":{"title":"Siekiera roz\u0142upuj\u0105ca FIBERGLASS 1500g - Selleetools.com","robots":{"index":"index","follow":"follow","max-snippet":"max-snippet:-1","max-image-preview":"max-image-preview:large","max-video-preview":"max-video-preview:-1"},"canonical":"https:\/\/selleetools.com\/pl\/product\/siekiera-rozlupujaca-fiberglass-1500g\/","og_locale":"pl_PL","og_type":"article","og_title":"Siekiera roz\u0142upuj\u0105ca FIBERGLASS 1500g - Selleetools.com","og_description":"Siekiera roz\u0142upuj\u0105ca FIBERGLASS 1500g Cechy produktu: ostrze wykonane ze stali hartowanej kszta\u0142t g\u0142owicy przystosowany do roz\u0142upywania drewna antypo\u015blizgowa powierzchnia r\u0105czki TPR\u00a0 trzonek wzmocniony w\u0142\u00f3knem szklanym Specyfikacja: waga g\u0142owicy: 1500g d\u0142ugo\u015b\u0107 ca\u0142kowita narz\u0119dzia: 80cm wymiary g\u0142owicy\u00a016,5 x 8 x 5,5 x 3cm","og_url":"https:\/\/selleetools.com\/pl\/product\/siekiera-rozlupujaca-fiberglass-1500g\/","og_site_name":"Selleetools.com","article_modified_time":"2026-04-18T13:41:35+00:00","og_image":[{"width":800,"height":800,"url":"https:\/\/selleetools.com\/wp-content\/uploads\/2026\/02\/73a877d332f09fd2302d8ff0cec0c2f4.png","type":"image\/png"}],"twitter_card":"summary_large_image","schema":{"@context":"https:\/\/schema.org","@graph":[{"@type":"Organization","@id":"https:\/\/selleetools.com\/#organization","name":"Selleetools","url":"https:\/\/selleetools.com\/","sameAs":[],"logo":{"@type":"ImageObject","inLanguage":"pl-PL","@id":"https:\/\/selleetools.com\/#\/schema\/logo\/image\/","url":"https:\/\/selleetools.com\/wp-content\/uploads\/2021\/10\/logo-dark.png","contentUrl":"https:\/\/selleetools.com\/wp-content\/uploads\/2021\/10\/logo-dark.png","width":320,"height":76,"caption":"Selleetools"},"image":{"@id":"https:\/\/selleetools.com\/#\/schema\/logo\/image\/"}},{"@type":"WebSite","@id":"https:\/\/selleetools.com\/#website","url":"https:\/\/selleetools.com\/","name":"Selleetools.com","description":"","publisher":{"@id":"https:\/\/selleetools.com\/#organization"},"potentialAction":[{"@type":"SearchAction","target":{"@type":"EntryPoint","urlTemplate":"https:\/\/selleetools.com\/?s={search_term_string}"},"query-input":"required name=search_term_string"}],"inLanguage":"pl-PL"},{"@type":"WebPage","@id":"https:\/\/selleetools.com\/pl\/product\/siekiera-rozlupujaca-fiberglass-1500g\/","url":"https:\/\/selleetools.com\/pl\/product\/siekiera-rozlupujaca-fiberglass-1500g\/","name":"Siekiera roz\u0142upuj\u0105ca FIBERGLASS 1500g - Selleetools.com","isPartOf":{"@id":"https:\/\/selleetools.com\/#website"},"datePublished":"2026-02-19T15:28:45+00:00","dateModified":"2026-04-18T13:41:35+00:00","breadcrumb":{"@id":"https:\/\/selleetools.com\/pl\/product\/siekiera-rozlupujaca-fiberglass-1500g\/#breadcrumb"},"inLanguage":"pl-PL","potentialAction":[{"@type":"ReadAction","target":["https:\/\/selleetools.com\/pl\/product\/siekiera-rozlupujaca-fiberglass-1500g\/"]}]},{"@type":"BreadcrumbList","@id":"https:\/\/selleetools.com\/pl\/product\/siekiera-rozlupujaca-fiberglass-1500g\/#breadcrumb","itemListElement":[{"@type":"ListItem","position":1,"name":"Home","item":"https:\/\/selleetools.com\/pl\/"},{"@type":"ListItem","position":2,"name":"Katalog","item":"https:\/\/selleetools.com\/pl\/katalog\/"},{"@type":"ListItem","position":3,"name":"Siekiera roz\u0142upuj\u0105ca FIBERGLASS 1500g"}]}]}},"_links":{"self":[{"href":"https:\/\/admincentral.selleetools.com\/pl\/wp-json\/wp\/v2\/product\/675650"}],"collection":[{"href":"https:\/\/admincentral.selleetools.com\/pl\/wp-json\/wp\/v2\/product"}],"about":[{"href":"https:\/\/admincentral.selleetools.com\/pl\/wp-json\/wp\/v2\/types\/product"}],"replies":[{"embeddable":true,"href":"https:\/\/admincentral.selleetools.com\/pl\/wp-json\/wp\/v2\/comments?post=675650"}],"wp:featuredmedia":[{"embeddable":true,"href":"https:\/\/admincentral.selleetools.com\/pl\/wp-json\/wp\/v2\/media\/675642"}],"wp:attachment":[{"href":"https:\/\/admincentral.selleetools.com\/pl\/wp-json\/wp\/v2\/media?parent=675650"}],"curies":[{"name":"wp","href":"https:\/\/api.w.org\/{rel}","templated":true}]}}