{"id":675690,"date":"2026-02-19T16:29:04","date_gmt":"2026-02-19T15:29:04","guid":{"rendered":"https:\/\/selleetools.com\/?post_type=product&#038;p=675690"},"modified":"2026-04-18T15:41:54","modified_gmt":"2026-04-18T13:41:54","slug":"stojak-choinkowy-planet-1-brazowy","status":"publish","type":"product","link":"https:\/\/admincentral.selleetools.com\/pl\/product\/stojak-choinkowy-planet-1-brazowy\/","title":{"rendered":"Stojak choinkowy Planet 1 | Br\u0105zowy"},"content":{"rendered":"<section class=\"section\">\t<\/p>\n<div class=\"item item-6\">\t\t<\/p>\n<section class=\"text-item\"><\/p>\n<h1>Stojak choinkowy Planet 1 | Br\u0105zowy<\/h1>\n<p>Stojak na choink\u0119 Planet wykonany jest z solidnego i wytrzyma\u0142ego plastiku, o fakturze drewna. Dwie obr\u0119cze mocuj\u0105ce sprawi\u0105, \u017ce drzewko b\u0119dzie sta\u0142o stabilnie i prosto. Pojemnik zamaskuje ewentualne doci\u0105\u017cenia. Zastosowanie doniczki z uchwytami u\u0142atwia podlewanie. Stojak po wyj\u0119ciu obr\u0119czy mocuj\u0105cych, mo\u017ce z powodzeniem s\u0142u\u017cy\u0107 jako doniczka. Tradycyjny styl pasuj\u0119 do wszystkich wn\u0119trz.<\/p>\n<ul>\n<li>Solidnie wykonany i z trwa\u0142ego tworzywa<\/li>\n<li>2w1 stojak i doniczka<\/li>\n<li>Stabilnie utrzymuje drzewko<\/li>\n<li>Dwa mocne uchwyty<\/li>\n<li>\u0141atwe podlewanie<\/li>\n<li>Funkcjonalna<\/li>\n<li>Faktura drewna, kt\u00f3ra wpasuje si\u0119 w ka\u017cde wn\u0119trze<\/li>\n<\/ul>\n<p><b>Dane techniczne:<\/b><\/p>\n<ul>\n<li>\u015arednica: 22-29,5 cm<\/li>\n<li>Wysoko\u015b\u0107 doniczki: 25,5 cm<\/li>\n<li>Maksymalna wysoko\u015b\u0107 choinki: 2,5m<\/li>\n<li>Maksymalna \u015brednica pnia: 9 cm<\/li>\n<li>Mo\u017cliwo\u015b\u0107 podlewania<\/li>\n<li>Pojemno\u015b\u0107 11 l<\/li>\n<li>Materia\u0142 wykonania: tworzywo sztuczne \/ plastik<\/li>\n<\/ul>\n<p>\t\t<\/section>\n<p>\t<\/div>\n<p>\t<\/p>\n<div class=\"item item-6\">\t\t<\/p>\n<section class=\"image-item\"><img src=\"https:\/\/upload.cdn.baselinker.com\/products\/3028621\/53de19341c65b6df323841f55d34c7fa.jpg\"><\/section>\n<p>\t<\/div>\n<p><\/section>\n<section class=\"section\">\t<\/p>\n<div class=\"item item-12\">\t\t<\/p>\n<section class=\"image-item\"><img src=\"https:\/\/upload.cdn.baselinker.com\/products\/3028621\/53de19341c65b6df323841f55d34c7fa.jpg\"><\/section>\n<p>\t<\/div>\n<p><\/section>\n<section class=\"section\">\t<\/p>\n<div class=\"item item-12\">\t\t<\/p>\n<section class=\"image-item\"><img src=\"https:\/\/upload.cdn.baselinker.com\/products\/3028621\/637fac0fa8332ca5c8441dd12ae11484.jpg\"><\/section>\n<p>\t<\/div>\n<p><\/section>\n<section class=\"section\">\t<\/p>\n<div class=\"item item-12\">\t\t<\/p>\n<section class=\"image-item\"><img src=\"https:\/\/upload.cdn.baselinker.com\/products\/3028621\/c0d52441930e1d13f6658db74eb6da1e.jpg\"><\/section>\n<p>\t<\/div>\n<p><\/section>\n","protected":false},"excerpt":{"rendered":"<p>Stojak choinkowy Planet 1 | Br\u0105zowy Stojak na choink\u0119 Planet wykonany jest z solidnego i wytrzyma\u0142ego plastiku, o fakturze drewna. Dwie obr\u0119cze mocuj\u0105ce sprawi\u0105, \u017ce drzewko b\u0119dzie sta\u0142o stabilnie i prosto. Pojemnik zamaskuje ewentualne doci\u0105\u017cenia. Zastosowanie doniczki z uchwytami u\u0142atwia podlewanie. Stojak po wyj\u0119ciu obr\u0119czy mocuj\u0105cych, mo\u017ce z powodzeniem s\u0142u\u017cy\u0107 jako doniczka. Tradycyjny styl pasuj\u0119 &#8230; <a title=\"Stojak choinkowy Planet 1 | Br\u0105zowy\" class=\"read-more\" href=\"https:\/\/admincentral.selleetools.com\/pl\/product\/stojak-choinkowy-planet-1-brazowy\/\">Read more<span class=\"screen-reader-text\">Stojak choinkowy Planet 1 | Br\u0105zowy<\/span><\/a><\/p>\n","protected":false},"featured_media":675680,"comment_status":"open","ping_status":"closed","template":"","meta":{"_links_to":"","_links_to_target":""},"yoast_head":"<!-- This site is optimized with the Yoast SEO plugin v19.4 - https:\/\/yoast.com\/wordpress\/plugins\/seo\/ -->\n<title>Stojak choinkowy Planet 1 | Br\u0105zowy - Selleetools.com<\/title>\n<meta name=\"robots\" content=\"index, follow, max-snippet:-1, max-image-preview:large, max-video-preview:-1\" \/>\n<link rel=\"canonical\" href=\"https:\/\/selleetools.com\/pl\/product\/stojak-choinkowy-planet-1-brazowy\/\" \/>\n<meta property=\"og:locale\" content=\"pl_PL\" \/>\n<meta property=\"og:type\" content=\"article\" \/>\n<meta property=\"og:title\" content=\"Stojak choinkowy Planet 1 | Br\u0105zowy - Selleetools.com\" \/>\n<meta property=\"og:description\" content=\"Stojak choinkowy Planet 1 | Br\u0105zowy Stojak na choink\u0119 Planet wykonany jest z solidnego i wytrzyma\u0142ego plastiku, o fakturze drewna. Dwie obr\u0119cze mocuj\u0105ce sprawi\u0105, \u017ce drzewko b\u0119dzie sta\u0142o stabilnie i prosto. Pojemnik zamaskuje ewentualne doci\u0105\u017cenia. Zastosowanie doniczki z uchwytami u\u0142atwia podlewanie. Stojak po wyj\u0119ciu obr\u0119czy mocuj\u0105cych, mo\u017ce z powodzeniem s\u0142u\u017cy\u0107 jako doniczka. Tradycyjny styl pasuj\u0119 ... Read moreStojak choinkowy Planet 1 | Br\u0105zowy\" \/>\n<meta property=\"og:url\" content=\"https:\/\/selleetools.com\/pl\/product\/stojak-choinkowy-planet-1-brazowy\/\" \/>\n<meta property=\"og:site_name\" content=\"Selleetools.com\" \/>\n<meta property=\"article:modified_time\" content=\"2026-04-18T13:41:54+00:00\" \/>\n<meta property=\"og:image\" content=\"https:\/\/selleetools.com\/wp-content\/uploads\/2026\/02\/53de19341c65b6df323841f55d34c7fa.jpg\" \/>\n\t<meta property=\"og:image:width\" content=\"709\" \/>\n\t<meta property=\"og:image:height\" content=\"517\" \/>\n\t<meta property=\"og:image:type\" content=\"image\/jpeg\" \/>\n<meta name=\"twitter:card\" content=\"summary_large_image\" \/>\n<meta name=\"twitter:label1\" content=\"Est. reading time\" \/>\n\t<meta name=\"twitter:data1\" content=\"1 minuta\" \/>\n<!-- \/ Yoast SEO plugin. -->","yoast_head_json":{"title":"Stojak choinkowy Planet 1 | Br\u0105zowy - Selleetools.com","robots":{"index":"index","follow":"follow","max-snippet":"max-snippet:-1","max-image-preview":"max-image-preview:large","max-video-preview":"max-video-preview:-1"},"canonical":"https:\/\/selleetools.com\/pl\/product\/stojak-choinkowy-planet-1-brazowy\/","og_locale":"pl_PL","og_type":"article","og_title":"Stojak choinkowy Planet 1 | Br\u0105zowy - Selleetools.com","og_description":"Stojak choinkowy Planet 1 | Br\u0105zowy Stojak na choink\u0119 Planet wykonany jest z solidnego i wytrzyma\u0142ego plastiku, o fakturze drewna. Dwie obr\u0119cze mocuj\u0105ce sprawi\u0105, \u017ce drzewko b\u0119dzie sta\u0142o stabilnie i prosto. Pojemnik zamaskuje ewentualne doci\u0105\u017cenia. Zastosowanie doniczki z uchwytami u\u0142atwia podlewanie. Stojak po wyj\u0119ciu obr\u0119czy mocuj\u0105cych, mo\u017ce z powodzeniem s\u0142u\u017cy\u0107 jako doniczka. Tradycyjny styl pasuj\u0119 ... Read moreStojak choinkowy Planet 1 | Br\u0105zowy","og_url":"https:\/\/selleetools.com\/pl\/product\/stojak-choinkowy-planet-1-brazowy\/","og_site_name":"Selleetools.com","article_modified_time":"2026-04-18T13:41:54+00:00","og_image":[{"width":709,"height":517,"url":"https:\/\/selleetools.com\/wp-content\/uploads\/2026\/02\/53de19341c65b6df323841f55d34c7fa.jpg","type":"image\/jpeg"}],"twitter_card":"summary_large_image","twitter_misc":{"Est. reading time":"1 minuta"},"schema":{"@context":"https:\/\/schema.org","@graph":[{"@type":"Organization","@id":"https:\/\/selleetools.com\/#organization","name":"Selleetools","url":"https:\/\/selleetools.com\/","sameAs":[],"logo":{"@type":"ImageObject","inLanguage":"pl-PL","@id":"https:\/\/selleetools.com\/#\/schema\/logo\/image\/","url":"https:\/\/selleetools.com\/wp-content\/uploads\/2021\/10\/logo-dark.png","contentUrl":"https:\/\/selleetools.com\/wp-content\/uploads\/2021\/10\/logo-dark.png","width":320,"height":76,"caption":"Selleetools"},"image":{"@id":"https:\/\/selleetools.com\/#\/schema\/logo\/image\/"}},{"@type":"WebSite","@id":"https:\/\/selleetools.com\/#website","url":"https:\/\/selleetools.com\/","name":"Selleetools.com","description":"","publisher":{"@id":"https:\/\/selleetools.com\/#organization"},"potentialAction":[{"@type":"SearchAction","target":{"@type":"EntryPoint","urlTemplate":"https:\/\/selleetools.com\/?s={search_term_string}"},"query-input":"required name=search_term_string"}],"inLanguage":"pl-PL"},{"@type":"WebPage","@id":"https:\/\/selleetools.com\/pl\/product\/stojak-choinkowy-planet-1-brazowy\/","url":"https:\/\/selleetools.com\/pl\/product\/stojak-choinkowy-planet-1-brazowy\/","name":"Stojak choinkowy Planet 1 | Br\u0105zowy - Selleetools.com","isPartOf":{"@id":"https:\/\/selleetools.com\/#website"},"datePublished":"2026-02-19T15:29:04+00:00","dateModified":"2026-04-18T13:41:54+00:00","breadcrumb":{"@id":"https:\/\/selleetools.com\/pl\/product\/stojak-choinkowy-planet-1-brazowy\/#breadcrumb"},"inLanguage":"pl-PL","potentialAction":[{"@type":"ReadAction","target":["https:\/\/selleetools.com\/pl\/product\/stojak-choinkowy-planet-1-brazowy\/"]}]},{"@type":"BreadcrumbList","@id":"https:\/\/selleetools.com\/pl\/product\/stojak-choinkowy-planet-1-brazowy\/#breadcrumb","itemListElement":[{"@type":"ListItem","position":1,"name":"Home","item":"https:\/\/selleetools.com\/pl\/"},{"@type":"ListItem","position":2,"name":"Katalog","item":"https:\/\/selleetools.com\/pl\/katalog\/"},{"@type":"ListItem","position":3,"name":"Stojak choinkowy Planet 1 | Br\u0105zowy"}]}]}},"_links":{"self":[{"href":"https:\/\/admincentral.selleetools.com\/pl\/wp-json\/wp\/v2\/product\/675690"}],"collection":[{"href":"https:\/\/admincentral.selleetools.com\/pl\/wp-json\/wp\/v2\/product"}],"about":[{"href":"https:\/\/admincentral.selleetools.com\/pl\/wp-json\/wp\/v2\/types\/product"}],"replies":[{"embeddable":true,"href":"https:\/\/admincentral.selleetools.com\/pl\/wp-json\/wp\/v2\/comments?post=675690"}],"wp:featuredmedia":[{"embeddable":true,"href":"https:\/\/admincentral.selleetools.com\/pl\/wp-json\/wp\/v2\/media\/675680"}],"wp:attachment":[{"href":"https:\/\/admincentral.selleetools.com\/pl\/wp-json\/wp\/v2\/media?parent=675690"}],"curies":[{"name":"wp","href":"https:\/\/api.w.org\/{rel}","templated":true}]}}