{"id":675740,"date":"2026-02-19T16:29:23","date_gmt":"2026-02-19T15:29:23","guid":{"rendered":"https:\/\/selleetools.com\/?post_type=product&#038;p=675740"},"modified":"2026-04-18T10:49:54","modified_gmt":"2026-04-18T08:49:54","slug":"stojak-choinkowy-eko-na-choinke-do-4m","status":"publish","type":"product","link":"https:\/\/admincentral.selleetools.com\/pl\/product\/stojak-choinkowy-eko-na-choinke-do-4m\/","title":{"rendered":"Stojak choinkowy Eko na choink\u0119 do 4m"},"content":{"rendered":"<section class=\"section\">\t<\/p>\n<div class=\"item item-6\">\t\t<\/p>\n<section class=\"image-item\"><img src=\"https:\/\/upload.cdn.baselinker.com\/products\/3028621\/5768185c5fa4b59fe2610342d9abf088.jpg\"><\/section>\n<p>\t<\/div>\n<p>\t<\/p>\n<div class=\"item item-6\">\t\t<\/p>\n<section class=\"text-item\"><\/p>\n<h1>Stojak choinkowy EKO 25W<\/h1>\n<p><\/p>\n<h2>Specyfikacja\u00a0stojaka:<\/h2>\n<p><\/p>\n<ul>\n<li>rozpi\u0119to\u015b\u0107 &#8211; 68 cm,<\/li>\n<li>wysoko\u015b\u0107 &#8211; 21 cm<\/li>\n<li>waga &#8211; 1,20 kg<\/li>\n<li>\u015brednica pnia &#8211; do 11,5 cm<\/li>\n<li>ilo\u015b\u0107 wody\/piasku &#8211; \u00a0do 0,5l<\/li>\n<li>wysoko\u015b\u0107 choinki &#8211; do 3,5 m<\/li>\n<\/ul>\n<p>\t\t<\/section>\n<p>\t<\/div>\n<p><\/section>\n<section class=\"section\">\t<\/p>\n<div class=\"item item-12\">\t\t<\/p>\n<section class=\"text-item\"><\/p>\n<p><b>Stojak choinkowy EKO 25W<\/b> <b>jest:<\/b><\/p>\n<p><\/p>\n<ul>\n<li>wykonany\u00a0jest z tworzywa sztucznego o znacznej wytrzyma\u0142o\u015bci<\/li>\n<li>bezpieczny i bardzo stabilny dzi\u0119ki optymalnemu doborowi punkt\u00f3w podparcia<\/li>\n<li>lekki i niewielkich rozmiar\u00f3w, co u\u0142atwia przechowywanie<\/li>\n<li>umo\u017cliwia \u0142atwy i szybki monta\u017c drzewek zar\u00f3wno o ma\u0142ej jak i du\u017cej \u015brednicy pnia drzewka (jod\u0142a kaukaska, \u015bwierk srebrny)<\/li>\n<li>posiada pojemnik na wod\u0119, co pozwala zachowa\u0107 przez d\u0142ugi czas \u015bwie\u017co\u015b\u0107 i naturalny zapach choinki.<\/li>\n<\/ul>\n<p>\t\t<\/section>\n<p>\t<\/div>\n<p><\/section>\n<section class=\"section\">\t<\/p>\n<div class=\"item item-6\">\t\t<\/p>\n<section class=\"image-item\"><img src=\"https:\/\/upload.cdn.baselinker.com\/products\/3028621\/90e2115ca7ec3e783a8187233ecee889.jpg\"><\/section>\n<p>\t<\/div>\n<p>\t<\/p>\n<div class=\"item item-6\">\t\t<\/p>\n<section class=\"image-item\"><img src=\"https:\/\/upload.cdn.baselinker.com\/products\/3028621\/81cbb988c079eb24f0b99340dbd999c6.jpg\"><\/section>\n<p>\t<\/div>\n<p><\/section>\n<section class=\"section\">\t<\/p>\n<div class=\"item item-12\">\t\t<\/p>\n<section class=\"image-item\"><img src=\"https:\/\/upload.cdn.baselinker.com\/products\/3028621\/c42fa0c13e2100e98bad1cd034ca9817.jpg\"><\/section>\n<p>\t<\/div>\n<p><\/section>\n<section class=\"section\">\t<\/p>\n<div class=\"item item-6\">\t\t<\/p>\n<section class=\"image-item\"><img src=\"https:\/\/upload.cdn.baselinker.com\/products\/3028621\/5768185c5fa4b59fe2610342d9abf088.jpg\"><\/section>\n<p>\t<\/div>\n<p>\t<\/p>\n<div class=\"item item-6\">\t\t<\/p>\n<section class=\"image-item\"><img src=\"https:\/\/upload.cdn.baselinker.com\/products\/3028621\/efa1ce2ca2c03b0518de888c11e30089.jpg\"><\/section>\n<p>\t<\/div>\n<p><\/section>\n<section class=\"section\">\t<\/p>\n<div class=\"item item-6\">\t\t<\/p>\n<section class=\"image-item\"><img src=\"https:\/\/upload.cdn.baselinker.com\/products\/3028621\/90e2115ca7ec3e783a8187233ecee889.jpg\"><\/section>\n<p>\t<\/div>\n<p>\t<\/p>\n<div class=\"item item-6\">\t\t<\/p>\n<section class=\"image-item\"><img src=\"https:\/\/upload.cdn.baselinker.com\/products\/3028621\/c42fa0c13e2100e98bad1cd034ca9817.jpg\"><\/section>\n<p>\t<\/div>\n<p><\/section>\n<section class=\"section\">\t<\/p>\n<div class=\"item item-6\">\t\t<\/p>\n<section class=\"image-item\"><img src=\"https:\/\/upload.cdn.baselinker.com\/products\/3028621\/4aa80c5513eb08e8d6b4bc569705d0c0.jpg\"><\/section>\n<p>\t<\/div>\n<p>\t<\/p>\n<div class=\"item item-6\">\t\t<\/p>\n<section class=\"image-item\"><img src=\"https:\/\/upload.cdn.baselinker.com\/products\/3028621\/81cbb988c079eb24f0b99340dbd999c6.jpg\"><\/section>\n<p>\t<\/div>\n<p><\/section>\n","protected":false},"excerpt":{"rendered":"<p>Stojak choinkowy EKO 25W Specyfikacja\u00a0stojaka: rozpi\u0119to\u015b\u0107 &#8211; 68 cm, wysoko\u015b\u0107 &#8211; 21 cm waga &#8211; 1,20 kg \u015brednica pnia &#8211; do 11,5 cm ilo\u015b\u0107 wody\/piasku &#8211; \u00a0do 0,5l wysoko\u015b\u0107 choinki &#8211; do 3,5 m Stojak choinkowy EKO 25W jest: wykonany\u00a0jest z tworzywa sztucznego o znacznej wytrzyma\u0142o\u015bci bezpieczny i bardzo stabilny dzi\u0119ki optymalnemu doborowi punkt\u00f3w podparcia &#8230; <a title=\"Stojak choinkowy Eko na choink\u0119 do 4m\" class=\"read-more\" href=\"https:\/\/admincentral.selleetools.com\/pl\/product\/stojak-choinkowy-eko-na-choinke-do-4m\/\">Read more<span class=\"screen-reader-text\">Stojak choinkowy Eko na choink\u0119 do 4m<\/span><\/a><\/p>\n","protected":false},"featured_media":675728,"comment_status":"open","ping_status":"closed","template":"","meta":{"_links_to":"","_links_to_target":""},"yoast_head":"<!-- This site is optimized with the Yoast SEO plugin v19.4 - https:\/\/yoast.com\/wordpress\/plugins\/seo\/ -->\n<title>Stojak choinkowy Eko na choink\u0119 do 4m - Selleetools.com<\/title>\n<meta name=\"robots\" content=\"index, follow, max-snippet:-1, max-image-preview:large, max-video-preview:-1\" \/>\n<link rel=\"canonical\" href=\"https:\/\/selleetools.com\/pl\/product\/stojak-choinkowy-eko-na-choinke-do-4m\/\" \/>\n<meta property=\"og:locale\" content=\"pl_PL\" \/>\n<meta property=\"og:type\" content=\"article\" \/>\n<meta property=\"og:title\" content=\"Stojak choinkowy Eko na choink\u0119 do 4m - Selleetools.com\" \/>\n<meta property=\"og:description\" content=\"Stojak choinkowy EKO 25W Specyfikacja\u00a0stojaka: rozpi\u0119to\u015b\u0107 &#8211; 68 cm, wysoko\u015b\u0107 &#8211; 21 cm waga &#8211; 1,20 kg \u015brednica pnia &#8211; do 11,5 cm ilo\u015b\u0107 wody\/piasku &#8211; \u00a0do 0,5l wysoko\u015b\u0107 choinki &#8211; do 3,5 m Stojak choinkowy EKO 25W jest: wykonany\u00a0jest z tworzywa sztucznego o znacznej wytrzyma\u0142o\u015bci bezpieczny i bardzo stabilny dzi\u0119ki optymalnemu doborowi punkt\u00f3w podparcia ... Read moreStojak choinkowy Eko na choink\u0119 do 4m\" \/>\n<meta property=\"og:url\" content=\"https:\/\/selleetools.com\/pl\/product\/stojak-choinkowy-eko-na-choinke-do-4m\/\" \/>\n<meta property=\"og:site_name\" content=\"Selleetools.com\" \/>\n<meta property=\"article:modified_time\" content=\"2026-04-18T08:49:54+00:00\" \/>\n<meta property=\"og:image\" content=\"https:\/\/selleetools.com\/wp-content\/uploads\/2026\/02\/5768185c5fa4b59fe2610342d9abf088.jpg\" \/>\n\t<meta property=\"og:image:width\" content=\"550\" \/>\n\t<meta property=\"og:image:height\" content=\"318\" \/>\n\t<meta property=\"og:image:type\" content=\"image\/jpeg\" \/>\n<meta name=\"twitter:card\" content=\"summary_large_image\" \/>\n<meta name=\"twitter:label1\" content=\"Est. reading time\" \/>\n\t<meta name=\"twitter:data1\" content=\"1 minuta\" \/>\n<!-- \/ Yoast SEO plugin. -->","yoast_head_json":{"title":"Stojak choinkowy Eko na choink\u0119 do 4m - Selleetools.com","robots":{"index":"index","follow":"follow","max-snippet":"max-snippet:-1","max-image-preview":"max-image-preview:large","max-video-preview":"max-video-preview:-1"},"canonical":"https:\/\/selleetools.com\/pl\/product\/stojak-choinkowy-eko-na-choinke-do-4m\/","og_locale":"pl_PL","og_type":"article","og_title":"Stojak choinkowy Eko na choink\u0119 do 4m - Selleetools.com","og_description":"Stojak choinkowy EKO 25W Specyfikacja\u00a0stojaka: rozpi\u0119to\u015b\u0107 &#8211; 68 cm, wysoko\u015b\u0107 &#8211; 21 cm waga &#8211; 1,20 kg \u015brednica pnia &#8211; do 11,5 cm ilo\u015b\u0107 wody\/piasku &#8211; \u00a0do 0,5l wysoko\u015b\u0107 choinki &#8211; do 3,5 m Stojak choinkowy EKO 25W jest: wykonany\u00a0jest z tworzywa sztucznego o znacznej wytrzyma\u0142o\u015bci bezpieczny i bardzo stabilny dzi\u0119ki optymalnemu doborowi punkt\u00f3w podparcia ... Read moreStojak choinkowy Eko na choink\u0119 do 4m","og_url":"https:\/\/selleetools.com\/pl\/product\/stojak-choinkowy-eko-na-choinke-do-4m\/","og_site_name":"Selleetools.com","article_modified_time":"2026-04-18T08:49:54+00:00","og_image":[{"width":550,"height":318,"url":"https:\/\/selleetools.com\/wp-content\/uploads\/2026\/02\/5768185c5fa4b59fe2610342d9abf088.jpg","type":"image\/jpeg"}],"twitter_card":"summary_large_image","twitter_misc":{"Est. reading time":"1 minuta"},"schema":{"@context":"https:\/\/schema.org","@graph":[{"@type":"Organization","@id":"https:\/\/selleetools.com\/#organization","name":"Selleetools","url":"https:\/\/selleetools.com\/","sameAs":[],"logo":{"@type":"ImageObject","inLanguage":"pl-PL","@id":"https:\/\/selleetools.com\/#\/schema\/logo\/image\/","url":"https:\/\/selleetools.com\/wp-content\/uploads\/2021\/10\/logo-dark.png","contentUrl":"https:\/\/selleetools.com\/wp-content\/uploads\/2021\/10\/logo-dark.png","width":320,"height":76,"caption":"Selleetools"},"image":{"@id":"https:\/\/selleetools.com\/#\/schema\/logo\/image\/"}},{"@type":"WebSite","@id":"https:\/\/selleetools.com\/#website","url":"https:\/\/selleetools.com\/","name":"Selleetools.com","description":"","publisher":{"@id":"https:\/\/selleetools.com\/#organization"},"potentialAction":[{"@type":"SearchAction","target":{"@type":"EntryPoint","urlTemplate":"https:\/\/selleetools.com\/?s={search_term_string}"},"query-input":"required name=search_term_string"}],"inLanguage":"pl-PL"},{"@type":"WebPage","@id":"https:\/\/selleetools.com\/pl\/product\/stojak-choinkowy-eko-na-choinke-do-4m\/","url":"https:\/\/selleetools.com\/pl\/product\/stojak-choinkowy-eko-na-choinke-do-4m\/","name":"Stojak choinkowy Eko na choink\u0119 do 4m - Selleetools.com","isPartOf":{"@id":"https:\/\/selleetools.com\/#website"},"datePublished":"2026-02-19T15:29:23+00:00","dateModified":"2026-04-18T08:49:54+00:00","breadcrumb":{"@id":"https:\/\/selleetools.com\/pl\/product\/stojak-choinkowy-eko-na-choinke-do-4m\/#breadcrumb"},"inLanguage":"pl-PL","potentialAction":[{"@type":"ReadAction","target":["https:\/\/selleetools.com\/pl\/product\/stojak-choinkowy-eko-na-choinke-do-4m\/"]}]},{"@type":"BreadcrumbList","@id":"https:\/\/selleetools.com\/pl\/product\/stojak-choinkowy-eko-na-choinke-do-4m\/#breadcrumb","itemListElement":[{"@type":"ListItem","position":1,"name":"Home","item":"https:\/\/selleetools.com\/pl\/"},{"@type":"ListItem","position":2,"name":"Katalog","item":"https:\/\/selleetools.com\/pl\/katalog\/"},{"@type":"ListItem","position":3,"name":"Stojak choinkowy Eko na choink\u0119 do 4m"}]}]}},"_links":{"self":[{"href":"https:\/\/admincentral.selleetools.com\/pl\/wp-json\/wp\/v2\/product\/675740"}],"collection":[{"href":"https:\/\/admincentral.selleetools.com\/pl\/wp-json\/wp\/v2\/product"}],"about":[{"href":"https:\/\/admincentral.selleetools.com\/pl\/wp-json\/wp\/v2\/types\/product"}],"replies":[{"embeddable":true,"href":"https:\/\/admincentral.selleetools.com\/pl\/wp-json\/wp\/v2\/comments?post=675740"}],"wp:featuredmedia":[{"embeddable":true,"href":"https:\/\/admincentral.selleetools.com\/pl\/wp-json\/wp\/v2\/media\/675728"}],"wp:attachment":[{"href":"https:\/\/admincentral.selleetools.com\/pl\/wp-json\/wp\/v2\/media?parent=675740"}],"curies":[{"name":"wp","href":"https:\/\/api.w.org\/{rel}","templated":true}]}}