{"id":676010,"date":"2026-02-19T16:31:13","date_gmt":"2026-02-19T15:31:13","guid":{"rendered":"https:\/\/selleetools.com\/?post_type=product&#038;p=676010"},"modified":"2026-04-18T15:44:11","modified_gmt":"2026-04-18T13:44:11","slug":"zestaw-pojemnikow-ordeline-kor2","status":"publish","type":"product","link":"https:\/\/admincentral.selleetools.com\/pl\/product\/zestaw-pojemnikow-ordeline-kor2\/","title":{"rendered":"Zestaw pojemnik\u00f3w Ordeline KOR2"},"content":{"rendered":"<section class=\"section\">\t<\/p>\n<div class=\"item item-6\">\t\t<\/p>\n<section class=\"image-item\"><img src=\"https:\/\/upload.cdn.baselinker.com\/products\/3028621\/0b9e4a7c0734a446c1277986c608a3a0.jpg\"><\/section>\n<p>\t<\/div>\n<p>\t<\/p>\n<div class=\"item item-6\">\t\t<\/p>\n<section class=\"text-item\"><\/p>\n<h1>Zestaw pojemnik\u00f3w Ordeline KOR2<\/h1>\n<p><b>Specyfikacja \u015bcianki: 770 x 390mm<\/b><\/p>\n<p>Zestaw pojemnik\u00f3w zawieraj\u0105cy 26 cz\u0119\u015bci.<\/p>\n<h2>W sk\u0142ad zestawu wchodzi:<\/h2>\n<ul>\n<li>kuweta Truck NP4 pomara\u0144czowa &#8211; 10 szt.<\/li>\n<li>kuweta Truck NP6 pomara\u0144czowa &#8211; 8 szt.<\/li>\n<li>kuweta Truck NP8 pomara\u0144czowa &#8211; 6 szt.<\/li>\n<li>tablica na\u015bcienna &#8211; 2 szt.<\/li>\n<\/ul>\n<p><b>W sk\u0142ad zestawu nie wchodz\u0105 narz\u0119dzia widoczne na zdj\u0119ciach.<\/b><\/p>\n<p>\t\t<\/section>\n<p>\t<\/div>\n<p><\/section>\n<section class=\"section\">\t<\/p>\n<div class=\"item item-12\">\t\t<\/p>\n<section class=\"text-item\"><\/p>\n<p>Pojemnik Truck jest idealnym narz\u0119dziem, dzi\u0119ki kt\u00f3remu jasno i przejrzy\u015bcie posortujesz drobne oraz wi\u0119ksze elementy zar\u00f3wno w pracy, magazynie, gara\u017cu jak i w domu.<\/p>\n<p>Dzi\u0119ki specjalnemu kszta\u0142towi mo\u017cna je uk\u0142ada\u0107 jeden na drugim.<\/p>\n<p>Posiadaj\u0105 mo\u017cliwo\u015b\u0107 zawieszenia na \u015bcianie za pomoc\u0105 listwy plastikowej, metalowej b\u0105d\u017a tablicy monta\u017cowej.<\/p>\n<p>Wyst\u0119puj\u0105 w 6 rozmiarach i 2 kolorach.<\/p>\n<p>Tablica monta\u017cowa jest nowym rozwi\u0105zaniem pozwalaj\u0105cym na swobodne wykorzystanie przestrzeni \u015bciany.<\/p>\n<p>Zestawy typu NTBNP doskonale sprawdzaj\u0105 si\u0119 w profesjonalnym warsztacie, magazynie czy te\u017c w przydomowym gara\u017cu.<\/p>\n<p>\t\t<\/section>\n<p>\t<\/div>\n<p><\/section>\n<section class=\"section\">\t<\/p>\n<div class=\"item item-6\">\t\t<\/p>\n<section class=\"text-item\"><\/p>\n<p><b>Producent:<\/b><\/p>\n<p>\t\t<\/section>\n<p>\t<\/div>\n<p>\t<\/p>\n<div class=\"item item-6\">\t\t<\/p>\n<section class=\"image-item\"><img src=\"https:\/\/upload.cdn.baselinker.com\/products\/3028621\/58e8285ba8c7c8ebffa2e3f16ebb6b4d.jpg\"><\/section>\n<p>\t<\/div>\n<p><\/section>\n<section class=\"section\">\t<\/p>\n<div class=\"item item-6\">\t\t<\/p>\n<section class=\"image-item\"><img src=\"https:\/\/upload.cdn.baselinker.com\/products\/3028621\/6c125f4a06f11c47abe5aba183a81f91.jpg\"><\/section>\n<p>\t<\/div>\n<p>\t<\/p>\n<div class=\"item item-6\">\t\t<\/p>\n<section class=\"text-item\"><\/p>\n<h2>Dane techniczne tablicy:<\/h2>\n<ul>\n<li>g\u0142\u0119boko\u015b\u0107 &#8211; 2 cm<\/li>\n<li>szeroko\u015b\u0107 &#8211; 39,5 cm<\/li>\n<li>wysoko\u015b\u0107 &#8211; 38,5 cm<\/li>\n<li>materia\u0142 &#8211; tworzywo sztuczne<\/li>\n<\/ul>\n<p>\t\t<\/section>\n<p>\t<\/div>\n<p><\/section>\n<section class=\"section\">\t<\/p>\n<div class=\"item item-6\">\t\t<\/p>\n<section class=\"text-item\"><\/p>\n<h1>Kuweta Truck KTR12<\/h1>\n<p>\t\t<\/section>\n<p>\t<\/div>\n<p>\t<\/p>\n<div class=\"item item-6\">\t\t<\/p>\n<section class=\"image-item\"><img src=\"https:\/\/upload.cdn.baselinker.com\/products\/3028621\/acae5878f38082073a7cd30c62e59890.jpg\"><\/section>\n<p>\t<\/div>\n<p><\/section>\n<section class=\"section\">\t<\/p>\n<div class=\"item item-6\">\t\t<\/p>\n<section class=\"image-item\"><img src=\"https:\/\/upload.cdn.baselinker.com\/products\/3028621\/acae5878f38082073a7cd30c62e59890.jpg\"><\/section>\n<p>\t<\/div>\n<p>\t<\/p>\n<div class=\"item item-6\">\t\t<\/p>\n<section class=\"text-item\"><\/p>\n<h1>Kuweta Truck KTR16<\/h1>\n<p>\t\t<\/section>\n<p>\t<\/div>\n<p><\/section>\n<section class=\"section\">\t<\/p>\n<div class=\"item item-6\">\t\t<\/p>\n<section class=\"text-item\"><\/p>\n<h1>Kuweta Truck KTR20<\/h1>\n<p>\t\t<\/section>\n<p>\t<\/div>\n<p>\t<\/p>\n<div class=\"item item-6\">\t\t<\/p>\n<section class=\"image-item\"><img src=\"https:\/\/upload.cdn.baselinker.com\/products\/3028621\/c0b6655eab1a34ddb593e7bd36e3bca3.jpg\"><\/section>\n<p>\t<\/div>\n<p><\/section>\n<section class=\"section\">\t<\/p>\n<div class=\"item item-12\">\t\t<\/p>\n<section class=\"image-item\"><img src=\"https:\/\/upload.cdn.baselinker.com\/products\/3028621\/9949938afd94b3c29f26c0f3fab5d737.jpg\"><\/section>\n<p>\t<\/div>\n<p><\/section>\n<section class=\"section\">\t<\/p>\n<div class=\"item item-12\">\t\t<\/p>\n<section class=\"image-item\"><img src=\"https:\/\/upload.cdn.baselinker.com\/products\/3028621\/de2e38ecdafff339e9122a60f80bb69e.jpg\"><\/section>\n<p>\t<\/div>\n<p><\/section>\n","protected":false},"excerpt":{"rendered":"<p>Zestaw pojemnik\u00f3w Ordeline KOR2 Specyfikacja \u015bcianki: 770 x 390mm Zestaw pojemnik\u00f3w zawieraj\u0105cy 26 cz\u0119\u015bci. W sk\u0142ad zestawu wchodzi: kuweta Truck NP4 pomara\u0144czowa &#8211; 10 szt. kuweta Truck NP6 pomara\u0144czowa &#8211; 8 szt. kuweta Truck NP8 pomara\u0144czowa &#8211; 6 szt. tablica na\u015bcienna &#8211; 2 szt. W sk\u0142ad zestawu nie wchodz\u0105 narz\u0119dzia widoczne na zdj\u0119ciach. Pojemnik Truck &#8230; <a title=\"Zestaw pojemnik\u00f3w Ordeline KOR2\" class=\"read-more\" href=\"https:\/\/admincentral.selleetools.com\/pl\/product\/zestaw-pojemnikow-ordeline-kor2\/\">Read more<span class=\"screen-reader-text\">Zestaw pojemnik\u00f3w Ordeline KOR2<\/span><\/a><\/p>\n","protected":false},"featured_media":675992,"comment_status":"open","ping_status":"closed","template":"","meta":{"_links_to":"","_links_to_target":""},"yoast_head":"<!-- This site is optimized with the Yoast SEO plugin v19.4 - https:\/\/yoast.com\/wordpress\/plugins\/seo\/ -->\n<title>Zestaw pojemnik\u00f3w Ordeline KOR2 - Selleetools.com<\/title>\n<meta name=\"robots\" content=\"index, follow, max-snippet:-1, max-image-preview:large, max-video-preview:-1\" \/>\n<link rel=\"canonical\" href=\"https:\/\/selleetools.com\/pl\/product\/zestaw-pojemnikow-ordeline-kor2\/\" \/>\n<meta property=\"og:locale\" content=\"pl_PL\" \/>\n<meta property=\"og:type\" content=\"article\" \/>\n<meta property=\"og:title\" content=\"Zestaw pojemnik\u00f3w Ordeline KOR2 - Selleetools.com\" \/>\n<meta property=\"og:description\" content=\"Zestaw pojemnik\u00f3w Ordeline KOR2 Specyfikacja \u015bcianki: 770 x 390mm Zestaw pojemnik\u00f3w zawieraj\u0105cy 26 cz\u0119\u015bci. W sk\u0142ad zestawu wchodzi: kuweta Truck NP4 pomara\u0144czowa &#8211; 10 szt. kuweta Truck NP6 pomara\u0144czowa &#8211; 8 szt. kuweta Truck NP8 pomara\u0144czowa &#8211; 6 szt. tablica na\u015bcienna &#8211; 2 szt. W sk\u0142ad zestawu nie wchodz\u0105 narz\u0119dzia widoczne na zdj\u0119ciach. Pojemnik Truck ... Read moreZestaw pojemnik\u00f3w Ordeline KOR2\" \/>\n<meta property=\"og:url\" content=\"https:\/\/selleetools.com\/pl\/product\/zestaw-pojemnikow-ordeline-kor2\/\" \/>\n<meta property=\"og:site_name\" content=\"Selleetools.com\" \/>\n<meta property=\"article:modified_time\" content=\"2026-04-18T13:44:11+00:00\" \/>\n<meta property=\"og:image\" content=\"https:\/\/selleetools.com\/wp-content\/uploads\/2026\/02\/0b9e4a7c0734a446c1277986c608a3a0.jpg\" \/>\n\t<meta property=\"og:image:width\" content=\"712\" \/>\n\t<meta property=\"og:image:height\" content=\"380\" \/>\n\t<meta property=\"og:image:type\" content=\"image\/jpeg\" \/>\n<meta name=\"twitter:card\" content=\"summary_large_image\" \/>\n<meta name=\"twitter:label1\" content=\"Est. reading time\" \/>\n\t<meta name=\"twitter:data1\" content=\"1 minuta\" \/>\n<!-- \/ Yoast SEO plugin. -->","yoast_head_json":{"title":"Zestaw pojemnik\u00f3w Ordeline KOR2 - Selleetools.com","robots":{"index":"index","follow":"follow","max-snippet":"max-snippet:-1","max-image-preview":"max-image-preview:large","max-video-preview":"max-video-preview:-1"},"canonical":"https:\/\/selleetools.com\/pl\/product\/zestaw-pojemnikow-ordeline-kor2\/","og_locale":"pl_PL","og_type":"article","og_title":"Zestaw pojemnik\u00f3w Ordeline KOR2 - Selleetools.com","og_description":"Zestaw pojemnik\u00f3w Ordeline KOR2 Specyfikacja \u015bcianki: 770 x 390mm Zestaw pojemnik\u00f3w zawieraj\u0105cy 26 cz\u0119\u015bci. W sk\u0142ad zestawu wchodzi: kuweta Truck NP4 pomara\u0144czowa &#8211; 10 szt. kuweta Truck NP6 pomara\u0144czowa &#8211; 8 szt. kuweta Truck NP8 pomara\u0144czowa &#8211; 6 szt. tablica na\u015bcienna &#8211; 2 szt. W sk\u0142ad zestawu nie wchodz\u0105 narz\u0119dzia widoczne na zdj\u0119ciach. Pojemnik Truck ... Read moreZestaw pojemnik\u00f3w Ordeline KOR2","og_url":"https:\/\/selleetools.com\/pl\/product\/zestaw-pojemnikow-ordeline-kor2\/","og_site_name":"Selleetools.com","article_modified_time":"2026-04-18T13:44:11+00:00","og_image":[{"width":712,"height":380,"url":"https:\/\/selleetools.com\/wp-content\/uploads\/2026\/02\/0b9e4a7c0734a446c1277986c608a3a0.jpg","type":"image\/jpeg"}],"twitter_card":"summary_large_image","twitter_misc":{"Est. reading time":"1 minuta"},"schema":{"@context":"https:\/\/schema.org","@graph":[{"@type":"Organization","@id":"https:\/\/selleetools.com\/#organization","name":"Selleetools","url":"https:\/\/selleetools.com\/","sameAs":[],"logo":{"@type":"ImageObject","inLanguage":"pl-PL","@id":"https:\/\/selleetools.com\/#\/schema\/logo\/image\/","url":"https:\/\/selleetools.com\/wp-content\/uploads\/2021\/10\/logo-dark.png","contentUrl":"https:\/\/selleetools.com\/wp-content\/uploads\/2021\/10\/logo-dark.png","width":320,"height":76,"caption":"Selleetools"},"image":{"@id":"https:\/\/selleetools.com\/#\/schema\/logo\/image\/"}},{"@type":"WebSite","@id":"https:\/\/selleetools.com\/#website","url":"https:\/\/selleetools.com\/","name":"Selleetools.com","description":"","publisher":{"@id":"https:\/\/selleetools.com\/#organization"},"potentialAction":[{"@type":"SearchAction","target":{"@type":"EntryPoint","urlTemplate":"https:\/\/selleetools.com\/?s={search_term_string}"},"query-input":"required name=search_term_string"}],"inLanguage":"pl-PL"},{"@type":"WebPage","@id":"https:\/\/selleetools.com\/pl\/product\/zestaw-pojemnikow-ordeline-kor2\/","url":"https:\/\/selleetools.com\/pl\/product\/zestaw-pojemnikow-ordeline-kor2\/","name":"Zestaw pojemnik\u00f3w Ordeline KOR2 - Selleetools.com","isPartOf":{"@id":"https:\/\/selleetools.com\/#website"},"datePublished":"2026-02-19T15:31:13+00:00","dateModified":"2026-04-18T13:44:11+00:00","breadcrumb":{"@id":"https:\/\/selleetools.com\/pl\/product\/zestaw-pojemnikow-ordeline-kor2\/#breadcrumb"},"inLanguage":"pl-PL","potentialAction":[{"@type":"ReadAction","target":["https:\/\/selleetools.com\/pl\/product\/zestaw-pojemnikow-ordeline-kor2\/"]}]},{"@type":"BreadcrumbList","@id":"https:\/\/selleetools.com\/pl\/product\/zestaw-pojemnikow-ordeline-kor2\/#breadcrumb","itemListElement":[{"@type":"ListItem","position":1,"name":"Home","item":"https:\/\/selleetools.com\/pl\/"},{"@type":"ListItem","position":2,"name":"Katalog","item":"https:\/\/selleetools.com\/pl\/katalog\/"},{"@type":"ListItem","position":3,"name":"Zestaw pojemnik\u00f3w Ordeline KOR2"}]}]}},"_links":{"self":[{"href":"https:\/\/admincentral.selleetools.com\/pl\/wp-json\/wp\/v2\/product\/676010"}],"collection":[{"href":"https:\/\/admincentral.selleetools.com\/pl\/wp-json\/wp\/v2\/product"}],"about":[{"href":"https:\/\/admincentral.selleetools.com\/pl\/wp-json\/wp\/v2\/types\/product"}],"replies":[{"embeddable":true,"href":"https:\/\/admincentral.selleetools.com\/pl\/wp-json\/wp\/v2\/comments?post=676010"}],"wp:featuredmedia":[{"embeddable":true,"href":"https:\/\/admincentral.selleetools.com\/pl\/wp-json\/wp\/v2\/media\/675992"}],"wp:attachment":[{"href":"https:\/\/admincentral.selleetools.com\/pl\/wp-json\/wp\/v2\/media?parent=676010"}],"curies":[{"name":"wp","href":"https:\/\/api.w.org\/{rel}","templated":true}]}}