{"id":676087,"date":"2026-02-19T16:31:48","date_gmt":"2026-02-19T15:31:48","guid":{"rendered":"https:\/\/selleetools.com\/?post_type=product&#038;p=676087"},"modified":"2026-04-08T16:35:45","modified_gmt":"2026-04-08T14:35:45","slug":"organizer-narzedziowy-tandem-c-400","status":"publish","type":"product","link":"https:\/\/admincentral.selleetools.com\/pl\/product\/organizer-narzedziowy-tandem-c-400\/","title":{"rendered":"Organizer narz\u0119dziowy Tandem C 400"},"content":{"rendered":"<section class=\"section\"><\/p>\n<div class=\"item item-6\"><\/p>\n<section class=\"text-item\"><\/p>\n<h1>ORGANIZER TANDEM C 400 (z kube\u0142kami) (PG820964)<\/h1>\n<p><b>Specyfikacja:<\/b><\/p>\n<ul>\n<li>D\u0142ugo\u015b\u0107 &#8211; 38,5 cm<\/li>\n<li>Szeroko\u015b\u0107 &#8211; 28,3 cm<\/li>\n<li>Wysoko\u015b\u0107 &#8211; 5 cm<\/li>\n<li>Materia\u0142 &#8211;\u00a0 tworzywo sztuczne<\/li>\n<\/ul>\n<p><b>Informacje dodatkowe:<\/b><\/p>\n<ul>\n<li>Maksymalnie mo\u017cna uzyska\u0107\u00a016 kom\u00f3r.<\/li>\n<li>Prze\u017aroczysta pokrywa<\/li>\n<li>W\u00a0organizerze znajduj\u0105 si\u0119\u00a016 sztuki pojemnik\u00f3w Combibox<\/li>\n<\/ul>\n<\/section>\n<\/div>\n<p><\/p>\n<div class=\"item item-6\"><\/p>\n<section class=\"image-item\"><img src=\"https:\/\/upload.cdn.baselinker.com\/products\/3028621\/b6da892f5914962dba2366712af0588c.jpg\" \/><\/section>\n<\/div>\n<\/section>\n<p>&nbsp;<\/p>\n<section class=\"section\"><\/p>\n<div class=\"item item-12\"><\/p>\n<section class=\"text-item\"><\/p>\n<p><b>Sortownik zawiera:<\/b><\/p>\n<ul>\n<li>pojemnik o wymiarach 41 x 41 x 45 mm &#8211;\u00a08 szt.<\/li>\n<li>pojemnik o wymiarach 41 x 84 x 45 mm &#8211; 2 szt.<\/li>\n<li>pojemnik o wymiarach 84 x 84 x 45 mm &#8211;\u00a02 szt.<\/li>\n<li>pojemnik o wymiarach 124 x 84 x 45 mm &#8211;\u00a02 szt.<\/li>\n<\/ul>\n<p><b>Idealne zastosowanie do:<\/b><\/p>\n<ul>\n<li>Domu<\/li>\n<li>Gara\u017cu<\/li>\n<li>Magazynu<\/li>\n<li>Warsztatu<\/li>\n<\/ul>\n<\/section>\n<\/div>\n<\/section>\n<p>&nbsp;<\/p>\n<section class=\"section\"><\/p>\n<div class=\"item item-6\"><\/p>\n<section class=\"text-item\"><\/p>\n<p><b>Producent:<\/b><\/p>\n<\/section>\n<\/div>\n<p><\/p>\n<div class=\"item item-6\"><\/p>\n<section class=\"image-item\"><img src=\"https:\/\/upload.cdn.baselinker.com\/products\/3028621\/ea4e03707c485100f894e7504c400653.jpg\" \/><\/section>\n<\/div>\n<\/section>\n<p>&nbsp;<\/p>\n","protected":false},"excerpt":{"rendered":"<p>ORGANIZER TANDEM C 400 (z kube\u0142kami) (PG820964) Specyfikacja: D\u0142ugo\u015b\u0107 &#8211; 38,5 cm Szeroko\u015b\u0107 &#8211; 28,3 cm Wysoko\u015b\u0107 &#8211; 5 cm Materia\u0142 &#8211;\u00a0 tworzywo sztuczne Informacje dodatkowe: Maksymalnie mo\u017cna uzyska\u0107\u00a016 kom\u00f3r. Prze\u017aroczysta pokrywa W\u00a0organizerze znajduj\u0105 si\u0119\u00a016 sztuki pojemnik\u00f3w Combibox &nbsp; Sortownik zawiera: pojemnik o wymiarach 41 x 41 x 45 mm &#8211;\u00a08 szt. pojemnik o wymiarach &#8230; <a title=\"Organizer narz\u0119dziowy Tandem C 400\" class=\"read-more\" href=\"https:\/\/admincentral.selleetools.com\/pl\/product\/organizer-narzedziowy-tandem-c-400\/\">Read more<span class=\"screen-reader-text\">Organizer narz\u0119dziowy Tandem C 400<\/span><\/a><\/p>\n","protected":false},"featured_media":676081,"comment_status":"closed","ping_status":"closed","template":"","meta":{"_links_to":"","_links_to_target":""},"yoast_head":"<!-- This site is optimized with the Yoast SEO plugin v19.4 - https:\/\/yoast.com\/wordpress\/plugins\/seo\/ -->\n<title>Organizer narz\u0119dziowy Tandem C 400 - Selleetools.com<\/title>\n<meta name=\"robots\" content=\"index, follow, max-snippet:-1, max-image-preview:large, max-video-preview:-1\" \/>\n<link rel=\"canonical\" href=\"https:\/\/admincentral.selleetools.com\/product\/organizer-narzedziowy-tandem-c-400\/\" \/>\n<meta property=\"og:locale\" content=\"pl_PL\" \/>\n<meta property=\"og:type\" content=\"article\" \/>\n<meta property=\"og:title\" content=\"Organizer narz\u0119dziowy Tandem C 400 - Selleetools.com\" \/>\n<meta property=\"og:description\" content=\"ORGANIZER TANDEM C 400 (z kube\u0142kami) (PG820964) Specyfikacja: D\u0142ugo\u015b\u0107 &#8211; 38,5 cm Szeroko\u015b\u0107 &#8211; 28,3 cm Wysoko\u015b\u0107 &#8211; 5 cm Materia\u0142 &#8211;\u00a0 tworzywo sztuczne Informacje dodatkowe: Maksymalnie mo\u017cna uzyska\u0107\u00a016 kom\u00f3r. Prze\u017aroczysta pokrywa W\u00a0organizerze znajduj\u0105 si\u0119\u00a016 sztuki pojemnik\u00f3w Combibox &nbsp; Sortownik zawiera: pojemnik o wymiarach 41 x 41 x 45 mm &#8211;\u00a08 szt. pojemnik o wymiarach ... Read moreOrganizer narz\u0119dziowy Tandem C 400\" \/>\n<meta property=\"og:url\" content=\"https:\/\/admincentral.selleetools.com\/product\/organizer-narzedziowy-tandem-c-400\/\" \/>\n<meta property=\"og:site_name\" content=\"Selleetools.com\" \/>\n<meta property=\"article:modified_time\" content=\"2026-04-08T14:35:45+00:00\" \/>\n<meta property=\"og:image\" content=\"https:\/\/selleetools.com\/wp-content\/uploads\/2026\/02\/b6da892f5914962dba2366712af0588c.jpg\" \/>\n\t<meta property=\"og:image:width\" content=\"2560\" \/>\n\t<meta property=\"og:image:height\" content=\"2438\" \/>\n\t<meta property=\"og:image:type\" content=\"image\/jpeg\" \/>\n<meta name=\"twitter:card\" content=\"summary_large_image\" \/>\n<!-- \/ Yoast SEO plugin. -->","yoast_head_json":{"title":"Organizer narz\u0119dziowy Tandem C 400 - Selleetools.com","robots":{"index":"index","follow":"follow","max-snippet":"max-snippet:-1","max-image-preview":"max-image-preview:large","max-video-preview":"max-video-preview:-1"},"canonical":"https:\/\/admincentral.selleetools.com\/product\/organizer-narzedziowy-tandem-c-400\/","og_locale":"pl_PL","og_type":"article","og_title":"Organizer narz\u0119dziowy Tandem C 400 - Selleetools.com","og_description":"ORGANIZER TANDEM C 400 (z kube\u0142kami) (PG820964) Specyfikacja: D\u0142ugo\u015b\u0107 &#8211; 38,5 cm Szeroko\u015b\u0107 &#8211; 28,3 cm Wysoko\u015b\u0107 &#8211; 5 cm Materia\u0142 &#8211;\u00a0 tworzywo sztuczne Informacje dodatkowe: Maksymalnie mo\u017cna uzyska\u0107\u00a016 kom\u00f3r. Prze\u017aroczysta pokrywa W\u00a0organizerze znajduj\u0105 si\u0119\u00a016 sztuki pojemnik\u00f3w Combibox &nbsp; Sortownik zawiera: pojemnik o wymiarach 41 x 41 x 45 mm &#8211;\u00a08 szt. pojemnik o wymiarach ... Read moreOrganizer narz\u0119dziowy Tandem C 400","og_url":"https:\/\/admincentral.selleetools.com\/product\/organizer-narzedziowy-tandem-c-400\/","og_site_name":"Selleetools.com","article_modified_time":"2026-04-08T14:35:45+00:00","og_image":[{"width":2560,"height":2438,"url":"https:\/\/selleetools.com\/wp-content\/uploads\/2026\/02\/b6da892f5914962dba2366712af0588c.jpg","type":"image\/jpeg"}],"twitter_card":"summary_large_image","schema":{"@context":"https:\/\/schema.org","@graph":[{"@type":"Organization","@id":"https:\/\/selleetools.com\/#organization","name":"Selleetools","url":"https:\/\/selleetools.com\/","sameAs":[],"logo":{"@type":"ImageObject","inLanguage":"pl-PL","@id":"https:\/\/selleetools.com\/#\/schema\/logo\/image\/","url":"https:\/\/selleetools.com\/wp-content\/uploads\/2021\/10\/logo-dark.png","contentUrl":"https:\/\/selleetools.com\/wp-content\/uploads\/2021\/10\/logo-dark.png","width":320,"height":76,"caption":"Selleetools"},"image":{"@id":"https:\/\/selleetools.com\/#\/schema\/logo\/image\/"}},{"@type":"WebSite","@id":"https:\/\/selleetools.com\/#website","url":"https:\/\/selleetools.com\/","name":"Selleetools.com","description":"","publisher":{"@id":"https:\/\/selleetools.com\/#organization"},"potentialAction":[{"@type":"SearchAction","target":{"@type":"EntryPoint","urlTemplate":"https:\/\/selleetools.com\/?s={search_term_string}"},"query-input":"required name=search_term_string"}],"inLanguage":"pl-PL"},{"@type":"WebPage","@id":"https:\/\/admincentral.selleetools.com\/product\/organizer-narzedziowy-tandem-c-400\/","url":"https:\/\/admincentral.selleetools.com\/product\/organizer-narzedziowy-tandem-c-400\/","name":"Organizer narz\u0119dziowy Tandem C 400 - Selleetools.com","isPartOf":{"@id":"https:\/\/selleetools.com\/#website"},"datePublished":"2026-02-19T15:31:48+00:00","dateModified":"2026-04-08T14:35:45+00:00","breadcrumb":{"@id":"https:\/\/admincentral.selleetools.com\/product\/organizer-narzedziowy-tandem-c-400\/#breadcrumb"},"inLanguage":"pl-PL","potentialAction":[{"@type":"ReadAction","target":["https:\/\/admincentral.selleetools.com\/product\/organizer-narzedziowy-tandem-c-400\/"]}]},{"@type":"BreadcrumbList","@id":"https:\/\/admincentral.selleetools.com\/product\/organizer-narzedziowy-tandem-c-400\/#breadcrumb","itemListElement":[{"@type":"ListItem","position":1,"name":"Home","item":"https:\/\/selleetools.com\/pl\/"},{"@type":"ListItem","position":2,"name":"Katalog","item":"https:\/\/selleetools.com\/pl\/katalog\/"},{"@type":"ListItem","position":3,"name":"Organizer narz\u0119dziowy Tandem C 400"}]}]}},"_links":{"self":[{"href":"https:\/\/admincentral.selleetools.com\/pl\/wp-json\/wp\/v2\/product\/676087"}],"collection":[{"href":"https:\/\/admincentral.selleetools.com\/pl\/wp-json\/wp\/v2\/product"}],"about":[{"href":"https:\/\/admincentral.selleetools.com\/pl\/wp-json\/wp\/v2\/types\/product"}],"replies":[{"embeddable":true,"href":"https:\/\/admincentral.selleetools.com\/pl\/wp-json\/wp\/v2\/comments?post=676087"}],"wp:featuredmedia":[{"embeddable":true,"href":"https:\/\/admincentral.selleetools.com\/pl\/wp-json\/wp\/v2\/media\/676081"}],"wp:attachment":[{"href":"https:\/\/admincentral.selleetools.com\/pl\/wp-json\/wp\/v2\/media?parent=676087"}],"curies":[{"name":"wp","href":"https:\/\/api.w.org\/{rel}","templated":true}]}}