{"id":676241,"date":"2026-02-19T16:32:57","date_gmt":"2026-02-19T15:32:57","guid":{"rendered":"https:\/\/selleetools.com\/?post_type=product&#038;p=676241"},"modified":"2026-04-08T16:35:44","modified_gmt":"2026-04-08T14:35:44","slug":"organizer-narzedziowy-warsztatowy-unibox-knu40","status":"publish","type":"product","link":"https:\/\/admincentral.selleetools.com\/pl\/product\/organizer-narzedziowy-warsztatowy-unibox-knu40\/","title":{"rendered":"Organizer narz\u0119dziowy, warsztatowy UNIBOX KNU40"},"content":{"rendered":"<section class=\"section\">\t<\/p>\n<div class=\"item item-12\">\t\t<\/p>\n<section class=\"text-item\"><\/p>\n<h1>Pude\u0142ko z przegr\u00f3dkami organizer UNIBOX KNU40<\/h1>\n<p>\t\t<\/section>\n<p>\t<\/div>\n<p><\/section>\n<section class=\"section\">\t<\/p>\n<div class=\"item item-6\">\t\t<\/p>\n<section class=\"image-item\"><img src=\"https:\/\/upload.cdn.baselinker.com\/products\/3028621\/35b1ad498a35c6a3c9d55ee27dd15e48.jpg\"><\/section>\n<p>\t<\/div>\n<p>\t<\/p>\n<div class=\"item item-6\">\t\t<\/p>\n<section class=\"text-item\"><\/p>\n<p>Organizer jest idealnym narz\u0119dziem, dzi\u0119ki kt\u00f3remu jasno i przejrzy\u015bcie posortujesz drobne elementy zar\u00f3wno w pracy, gara\u017cu jak i w domu.<\/p>\n<p>Polecany tam gdzie jest wymagany porz\u0105dek i przejrzysto\u015b\u0107 asortymentu.<\/p>\n<h2>Specyfikacja:<\/h2>\n<ul>\n<li>D\u0142ugo\u015b\u0107 &#8211; 40 cm<\/li>\n<li>Szeroko\u015b\u0107 &#8211; 30 cm<\/li>\n<li>Wysoko\u015b\u0107 &#8211; 8,5 cm<\/li>\n<li>Materia\u0142 &#8211; tworzywo sztuczne<\/li>\n<\/ul>\n<p>\t\t<\/section>\n<p>\t<\/div>\n<p><\/section>\n<section class=\"section\">\t<\/p>\n<div class=\"item item-6\">\t\t<\/p>\n<section class=\"text-item\"><\/p>\n<p><b>Informacje dodatkowe:<\/b><\/p>\n<ul>\n<li>Posiada 6 kom\u00f3r<\/li>\n<li>Zaprojektowany do przechowywania i organizowania du\u017cej liczby drobnym przedmiot\u00f3w w jednym miejscu<\/li>\n<li>Prze\u017aroczysta pokrywa<\/li>\n<li>Dostepny w 5 rozmiarach<\/li>\n<li>Posiada zatrzaski zabezpieczaj\u0105ce<\/li>\n<\/ul>\n<p>\t\t<\/section>\n<p>\t<\/div>\n<p>\t<\/p>\n<div class=\"item item-6\">\t\t<\/p>\n<section class=\"image-item\"><img src=\"https:\/\/upload.cdn.baselinker.com\/products\/3028621\/3d8edd338df3f443fe190d84dea5cc34.jpg\"><\/section>\n<p>\t<\/div>\n<p><\/section>\n<section class=\"section\">\t<\/p>\n<div class=\"item item-12\">\t\t<\/p>\n<section class=\"text-item\"><\/p>\n<p><b>W tej ofercie kupujesz:<\/b><\/p>\n<p>\t\t<\/section>\n<p>\t<\/div>\n<p><\/section>\n<section class=\"section\">\t<\/p>\n<div class=\"item item-12\">\t\t<\/p>\n<section class=\"image-item\"><img src=\"https:\/\/upload.cdn.baselinker.com\/products\/3028621\/179287107c0ba487e68aa9e5ee07356e.jpg\"><\/section>\n<p>\t<\/div>\n<p><\/section>\n<section class=\"section\">\t<\/p>\n<div class=\"item item-6\">\t\t<\/p>\n<section class=\"text-item\"><\/p>\n<p><b>Producent:<\/b><\/p>\n<p>\t\t<\/section>\n<p>\t<\/div>\n<p>\t<\/p>\n<div class=\"item item-6\">\t\t<\/p>\n<section class=\"image-item\"><img src=\"https:\/\/upload.cdn.baselinker.com\/products\/3028621\/b559d7b616d7835fea93c40f8578c61b.jpg\"><\/section>\n<p>\t<\/div>\n<p><\/section>\n<section class=\"section\">\t<\/p>\n<div class=\"item item-12\">\t\t<\/p>\n<section class=\"text-item\"><\/p>\n<p><b>Galeria:<\/b><\/p>\n<p>\t\t<\/section>\n<p>\t<\/div>\n<p><\/section>\n<section class=\"section\">\t<\/p>\n<div class=\"item item-12\">\t\t<\/p>\n<section class=\"image-item\"><img src=\"https:\/\/upload.cdn.baselinker.com\/products\/3028621\/9fbcba1ee65ed363cee2686a97783d6d.jpg\"><\/section>\n<p>\t<\/div>\n<p><\/section>\n<section class=\"section\">\t<\/p>\n<div class=\"item item-12\">\t\t<\/p>\n<section class=\"image-item\"><img src=\"https:\/\/upload.cdn.baselinker.com\/products\/3028621\/d93dd9d139b00cc3b66d2120fbcf79c8.jpg\"><\/section>\n<p>\t<\/div>\n<p><\/section>\n","protected":false},"excerpt":{"rendered":"<p>Pude\u0142ko z przegr\u00f3dkami organizer UNIBOX KNU40 Organizer jest idealnym narz\u0119dziem, dzi\u0119ki kt\u00f3remu jasno i przejrzy\u015bcie posortujesz drobne elementy zar\u00f3wno w pracy, gara\u017cu jak i w domu. Polecany tam gdzie jest wymagany porz\u0105dek i przejrzysto\u015b\u0107 asortymentu. Specyfikacja: D\u0142ugo\u015b\u0107 &#8211; 40 cm Szeroko\u015b\u0107 &#8211; 30 cm Wysoko\u015b\u0107 &#8211; 8,5 cm Materia\u0142 &#8211; tworzywo sztuczne Informacje dodatkowe: Posiada &#8230; <a title=\"Organizer narz\u0119dziowy, warsztatowy UNIBOX KNU40\" class=\"read-more\" href=\"https:\/\/admincentral.selleetools.com\/pl\/product\/organizer-narzedziowy-warsztatowy-unibox-knu40\/\">Read more<span class=\"screen-reader-text\">Organizer narz\u0119dziowy, warsztatowy UNIBOX KNU40<\/span><\/a><\/p>\n","protected":false},"featured_media":676229,"comment_status":"open","ping_status":"closed","template":"","meta":{"_links_to":"","_links_to_target":""},"yoast_head":"<!-- This site is optimized with the Yoast SEO plugin v19.4 - https:\/\/yoast.com\/wordpress\/plugins\/seo\/ -->\n<title>Organizer narz\u0119dziowy, warsztatowy UNIBOX KNU40 - Selleetools.com<\/title>\n<meta name=\"robots\" content=\"index, follow, max-snippet:-1, max-image-preview:large, max-video-preview:-1\" \/>\n<link rel=\"canonical\" href=\"https:\/\/selleetools.com\/pl\/product\/organizer-narzedziowy-warsztatowy-unibox-knu40\/\" \/>\n<meta property=\"og:locale\" content=\"pl_PL\" \/>\n<meta property=\"og:type\" content=\"article\" \/>\n<meta property=\"og:title\" content=\"Organizer narz\u0119dziowy, warsztatowy UNIBOX KNU40 - Selleetools.com\" \/>\n<meta property=\"og:description\" content=\"Pude\u0142ko z przegr\u00f3dkami organizer UNIBOX KNU40 Organizer jest idealnym narz\u0119dziem, dzi\u0119ki kt\u00f3remu jasno i przejrzy\u015bcie posortujesz drobne elementy zar\u00f3wno w pracy, gara\u017cu jak i w domu. Polecany tam gdzie jest wymagany porz\u0105dek i przejrzysto\u015b\u0107 asortymentu. Specyfikacja: D\u0142ugo\u015b\u0107 &#8211; 40 cm Szeroko\u015b\u0107 &#8211; 30 cm Wysoko\u015b\u0107 &#8211; 8,5 cm Materia\u0142 &#8211; tworzywo sztuczne Informacje dodatkowe: Posiada ... Read moreOrganizer narz\u0119dziowy, warsztatowy UNIBOX KNU40\" \/>\n<meta property=\"og:url\" content=\"https:\/\/selleetools.com\/pl\/product\/organizer-narzedziowy-warsztatowy-unibox-knu40\/\" \/>\n<meta property=\"og:site_name\" content=\"Selleetools.com\" \/>\n<meta property=\"article:modified_time\" content=\"2026-04-08T14:35:44+00:00\" \/>\n<meta property=\"og:image\" content=\"https:\/\/selleetools.com\/wp-content\/uploads\/2026\/02\/35b1ad498a35c6a3c9d55ee27dd15e48.jpg\" \/>\n\t<meta property=\"og:image:width\" content=\"1500\" \/>\n\t<meta property=\"og:image:height\" content=\"1500\" \/>\n\t<meta property=\"og:image:type\" content=\"image\/jpeg\" \/>\n<meta name=\"twitter:card\" content=\"summary_large_image\" \/>\n<!-- \/ Yoast SEO plugin. -->","yoast_head_json":{"title":"Organizer narz\u0119dziowy, warsztatowy UNIBOX KNU40 - Selleetools.com","robots":{"index":"index","follow":"follow","max-snippet":"max-snippet:-1","max-image-preview":"max-image-preview:large","max-video-preview":"max-video-preview:-1"},"canonical":"https:\/\/selleetools.com\/pl\/product\/organizer-narzedziowy-warsztatowy-unibox-knu40\/","og_locale":"pl_PL","og_type":"article","og_title":"Organizer narz\u0119dziowy, warsztatowy UNIBOX KNU40 - Selleetools.com","og_description":"Pude\u0142ko z przegr\u00f3dkami organizer UNIBOX KNU40 Organizer jest idealnym narz\u0119dziem, dzi\u0119ki kt\u00f3remu jasno i przejrzy\u015bcie posortujesz drobne elementy zar\u00f3wno w pracy, gara\u017cu jak i w domu. Polecany tam gdzie jest wymagany porz\u0105dek i przejrzysto\u015b\u0107 asortymentu. Specyfikacja: D\u0142ugo\u015b\u0107 &#8211; 40 cm Szeroko\u015b\u0107 &#8211; 30 cm Wysoko\u015b\u0107 &#8211; 8,5 cm Materia\u0142 &#8211; tworzywo sztuczne Informacje dodatkowe: Posiada ... Read moreOrganizer narz\u0119dziowy, warsztatowy UNIBOX KNU40","og_url":"https:\/\/selleetools.com\/pl\/product\/organizer-narzedziowy-warsztatowy-unibox-knu40\/","og_site_name":"Selleetools.com","article_modified_time":"2026-04-08T14:35:44+00:00","og_image":[{"width":1500,"height":1500,"url":"https:\/\/selleetools.com\/wp-content\/uploads\/2026\/02\/35b1ad498a35c6a3c9d55ee27dd15e48.jpg","type":"image\/jpeg"}],"twitter_card":"summary_large_image","schema":{"@context":"https:\/\/schema.org","@graph":[{"@type":"Organization","@id":"https:\/\/selleetools.com\/#organization","name":"Selleetools","url":"https:\/\/selleetools.com\/","sameAs":[],"logo":{"@type":"ImageObject","inLanguage":"pl-PL","@id":"https:\/\/selleetools.com\/#\/schema\/logo\/image\/","url":"https:\/\/selleetools.com\/wp-content\/uploads\/2021\/10\/logo-dark.png","contentUrl":"https:\/\/selleetools.com\/wp-content\/uploads\/2021\/10\/logo-dark.png","width":320,"height":76,"caption":"Selleetools"},"image":{"@id":"https:\/\/selleetools.com\/#\/schema\/logo\/image\/"}},{"@type":"WebSite","@id":"https:\/\/selleetools.com\/#website","url":"https:\/\/selleetools.com\/","name":"Selleetools.com","description":"","publisher":{"@id":"https:\/\/selleetools.com\/#organization"},"potentialAction":[{"@type":"SearchAction","target":{"@type":"EntryPoint","urlTemplate":"https:\/\/selleetools.com\/?s={search_term_string}"},"query-input":"required name=search_term_string"}],"inLanguage":"pl-PL"},{"@type":"WebPage","@id":"https:\/\/selleetools.com\/pl\/product\/organizer-narzedziowy-warsztatowy-unibox-knu40\/","url":"https:\/\/selleetools.com\/pl\/product\/organizer-narzedziowy-warsztatowy-unibox-knu40\/","name":"Organizer narz\u0119dziowy, warsztatowy UNIBOX KNU40 - Selleetools.com","isPartOf":{"@id":"https:\/\/selleetools.com\/#website"},"datePublished":"2026-02-19T15:32:57+00:00","dateModified":"2026-04-08T14:35:44+00:00","breadcrumb":{"@id":"https:\/\/selleetools.com\/pl\/product\/organizer-narzedziowy-warsztatowy-unibox-knu40\/#breadcrumb"},"inLanguage":"pl-PL","potentialAction":[{"@type":"ReadAction","target":["https:\/\/selleetools.com\/pl\/product\/organizer-narzedziowy-warsztatowy-unibox-knu40\/"]}]},{"@type":"BreadcrumbList","@id":"https:\/\/selleetools.com\/pl\/product\/organizer-narzedziowy-warsztatowy-unibox-knu40\/#breadcrumb","itemListElement":[{"@type":"ListItem","position":1,"name":"Home","item":"https:\/\/selleetools.com\/pl\/"},{"@type":"ListItem","position":2,"name":"Katalog","item":"https:\/\/selleetools.com\/pl\/katalog\/"},{"@type":"ListItem","position":3,"name":"Organizer narz\u0119dziowy, warsztatowy UNIBOX KNU40"}]}]}},"_links":{"self":[{"href":"https:\/\/admincentral.selleetools.com\/pl\/wp-json\/wp\/v2\/product\/676241"}],"collection":[{"href":"https:\/\/admincentral.selleetools.com\/pl\/wp-json\/wp\/v2\/product"}],"about":[{"href":"https:\/\/admincentral.selleetools.com\/pl\/wp-json\/wp\/v2\/types\/product"}],"replies":[{"embeddable":true,"href":"https:\/\/admincentral.selleetools.com\/pl\/wp-json\/wp\/v2\/comments?post=676241"}],"wp:featuredmedia":[{"embeddable":true,"href":"https:\/\/admincentral.selleetools.com\/pl\/wp-json\/wp\/v2\/media\/676229"}],"wp:attachment":[{"href":"https:\/\/admincentral.selleetools.com\/pl\/wp-json\/wp\/v2\/media?parent=676241"}],"curies":[{"name":"wp","href":"https:\/\/api.w.org\/{rel}","templated":true}]}}