{"id":676329,"date":"2026-02-19T16:33:47","date_gmt":"2026-02-19T15:33:47","guid":{"rendered":"https:\/\/selleetools.com\/?post_type=product&#038;p=676329"},"modified":"2026-04-08T16:35:44","modified_gmt":"2026-04-08T14:35:44","slug":"pojemnik-na-elektronarzedzia-premium","status":"publish","type":"product","link":"https:\/\/admincentral.selleetools.com\/pl\/product\/pojemnik-na-elektronarzedzia-premium\/","title":{"rendered":"Pojemnik na elektronarz\u0119dzia Premium"},"content":{"rendered":"<section class=\"section\">\t<\/p>\n<div class=\"item item-6\">\t\t<\/p>\n<section class=\"text-item\"><\/p>\n<h1>SKRZYNKA NA ELEKTRONARZ\u0118DZIA PREMIUM (PG550117)<\/h1>\n<ul><\/ul>\n<ul><\/ul>\n<ul><\/ul>\n<ul><\/ul>\n<ul><\/ul>\n<ul><\/ul>\n<ul><\/ul>\n<ul><\/ul>\n<ul><\/ul>\n<ul><\/ul>\n<ul><\/ul>\n<ul><\/ul>\n<ul><\/ul>\n<p>Walizka na elektronarz\u0119dzia zar\u00f3wno dla majsterkowicz\u00f3w jak i profesjonalist\u00f3w. Idealna do warsztatu, gara\u017cu, na budow\u0119 oraz do domu.<\/p>\n<p>Teraz ju\u017c zawsze b\u0119dziesz mia\u0142 pod r\u0119k\u0105 swoj\u0105 wiertark\u0119, wyrzynark\u0119, wkr\u0119tark\u0119, szlifierk\u0119 i inne narz\u0119dzie elektryczne.<\/p>\n<p>Pojemnik posiada wewn\u0105trz g\u0105bk\u0119 dzi\u0119ki, kt\u00f3rej urz\u0105dzenie b\u0119dzie bezpieczne.<\/p>\n<\/p>\n<p>\t\t<\/section>\n<p>\t<\/div>\n<p>\t<\/p>\n<div class=\"item item-6\">\t\t<\/p>\n<section class=\"image-item\"><img src=\"https:\/\/upload.cdn.baselinker.com\/products\/3028621\/8560b286679232173a36fdd616534b2f.jpg\"><\/section>\n<p>\t<\/div>\n<p><\/section>\n<section class=\"section\">\t<\/p>\n<div class=\"item item-6\">\t\t<\/p>\n<section class=\"image-item\"><img src=\"https:\/\/upload.cdn.baselinker.com\/products\/3028621\/8bd10d6b61edcf61f7746e1ad36b7003.jpg\"><\/section>\n<p>\t<\/div>\n<p>\t<\/p>\n<div class=\"item item-6\">\t\t<\/p>\n<section class=\"text-item\"><\/p>\n<h2>Dane techniczne: wymiar zew. \/ wew.<\/h2>\n<ul>\n<li>D\u0142ugo\u015b\u0107 &#8211;\u00a0 32 \/ 25 cm<\/li>\n<li>Szeroko\u015b\u0107 &#8211; 39,5 \/ 38,5 cm<\/li>\n<li>Wysoko\u015b\u0107 &#8211; 18 \/ 17 cm<\/li>\n<li>Materia\u0142 &#8211; tworzywo sztuczne<\/li>\n<li>Waga &#8211; 1,20 kg<\/li>\n<\/ul>\n<p>\t\t<\/section>\n<p>\t<\/div>\n<p><\/section>\n","protected":false},"excerpt":{"rendered":"<p>SKRZYNKA NA ELEKTRONARZ\u0118DZIA PREMIUM (PG550117) Walizka na elektronarz\u0119dzia zar\u00f3wno dla majsterkowicz\u00f3w jak i profesjonalist\u00f3w. Idealna do warsztatu, gara\u017cu, na budow\u0119 oraz do domu. Teraz ju\u017c zawsze b\u0119dziesz mia\u0142 pod r\u0119k\u0105 swoj\u0105 wiertark\u0119, wyrzynark\u0119, wkr\u0119tark\u0119, szlifierk\u0119 i inne narz\u0119dzie elektryczne. Pojemnik posiada wewn\u0105trz g\u0105bk\u0119 dzi\u0119ki, kt\u00f3rej urz\u0105dzenie b\u0119dzie bezpieczne. Dane techniczne: wymiar zew. \/ wew. D\u0142ugo\u015b\u0107 &#8230; <a title=\"Pojemnik na elektronarz\u0119dzia Premium\" class=\"read-more\" href=\"https:\/\/admincentral.selleetools.com\/pl\/product\/pojemnik-na-elektronarzedzia-premium\/\">Read more<span class=\"screen-reader-text\">Pojemnik na elektronarz\u0119dzia Premium<\/span><\/a><\/p>\n","protected":false},"featured_media":676325,"comment_status":"open","ping_status":"closed","template":"","meta":{"_links_to":"","_links_to_target":""},"yoast_head":"<!-- This site is optimized with the Yoast SEO plugin v19.4 - https:\/\/yoast.com\/wordpress\/plugins\/seo\/ -->\n<title>Pojemnik na elektronarz\u0119dzia Premium - Selleetools.com<\/title>\n<meta name=\"robots\" content=\"index, follow, max-snippet:-1, max-image-preview:large, max-video-preview:-1\" \/>\n<link rel=\"canonical\" href=\"https:\/\/selleetools.com\/pl\/product\/pojemnik-na-elektronarzedzia-premium\/\" \/>\n<meta property=\"og:locale\" content=\"pl_PL\" \/>\n<meta property=\"og:type\" content=\"article\" \/>\n<meta property=\"og:title\" content=\"Pojemnik na elektronarz\u0119dzia Premium - Selleetools.com\" \/>\n<meta property=\"og:description\" content=\"SKRZYNKA NA ELEKTRONARZ\u0118DZIA PREMIUM (PG550117) Walizka na elektronarz\u0119dzia zar\u00f3wno dla majsterkowicz\u00f3w jak i profesjonalist\u00f3w. Idealna do warsztatu, gara\u017cu, na budow\u0119 oraz do domu. Teraz ju\u017c zawsze b\u0119dziesz mia\u0142 pod r\u0119k\u0105 swoj\u0105 wiertark\u0119, wyrzynark\u0119, wkr\u0119tark\u0119, szlifierk\u0119 i inne narz\u0119dzie elektryczne. Pojemnik posiada wewn\u0105trz g\u0105bk\u0119 dzi\u0119ki, kt\u00f3rej urz\u0105dzenie b\u0119dzie bezpieczne. Dane techniczne: wymiar zew. \/ wew. D\u0142ugo\u015b\u0107 ... Read morePojemnik na elektronarz\u0119dzia Premium\" \/>\n<meta property=\"og:url\" content=\"https:\/\/selleetools.com\/pl\/product\/pojemnik-na-elektronarzedzia-premium\/\" \/>\n<meta property=\"og:site_name\" content=\"Selleetools.com\" \/>\n<meta property=\"article:modified_time\" content=\"2026-04-08T14:35:44+00:00\" \/>\n<meta property=\"og:image\" content=\"https:\/\/selleetools.com\/wp-content\/uploads\/2026\/02\/8560b286679232173a36fdd616534b2f.jpg\" \/>\n\t<meta property=\"og:image:width\" content=\"800\" \/>\n\t<meta property=\"og:image:height\" content=\"600\" \/>\n\t<meta property=\"og:image:type\" content=\"image\/jpeg\" \/>\n<meta name=\"twitter:card\" content=\"summary_large_image\" \/>\n<!-- \/ Yoast SEO plugin. -->","yoast_head_json":{"title":"Pojemnik na elektronarz\u0119dzia Premium - Selleetools.com","robots":{"index":"index","follow":"follow","max-snippet":"max-snippet:-1","max-image-preview":"max-image-preview:large","max-video-preview":"max-video-preview:-1"},"canonical":"https:\/\/selleetools.com\/pl\/product\/pojemnik-na-elektronarzedzia-premium\/","og_locale":"pl_PL","og_type":"article","og_title":"Pojemnik na elektronarz\u0119dzia Premium - Selleetools.com","og_description":"SKRZYNKA NA ELEKTRONARZ\u0118DZIA PREMIUM (PG550117) Walizka na elektronarz\u0119dzia zar\u00f3wno dla majsterkowicz\u00f3w jak i profesjonalist\u00f3w. Idealna do warsztatu, gara\u017cu, na budow\u0119 oraz do domu. Teraz ju\u017c zawsze b\u0119dziesz mia\u0142 pod r\u0119k\u0105 swoj\u0105 wiertark\u0119, wyrzynark\u0119, wkr\u0119tark\u0119, szlifierk\u0119 i inne narz\u0119dzie elektryczne. Pojemnik posiada wewn\u0105trz g\u0105bk\u0119 dzi\u0119ki, kt\u00f3rej urz\u0105dzenie b\u0119dzie bezpieczne. Dane techniczne: wymiar zew. \/ wew. D\u0142ugo\u015b\u0107 ... Read morePojemnik na elektronarz\u0119dzia Premium","og_url":"https:\/\/selleetools.com\/pl\/product\/pojemnik-na-elektronarzedzia-premium\/","og_site_name":"Selleetools.com","article_modified_time":"2026-04-08T14:35:44+00:00","og_image":[{"width":800,"height":600,"url":"https:\/\/selleetools.com\/wp-content\/uploads\/2026\/02\/8560b286679232173a36fdd616534b2f.jpg","type":"image\/jpeg"}],"twitter_card":"summary_large_image","schema":{"@context":"https:\/\/schema.org","@graph":[{"@type":"Organization","@id":"https:\/\/selleetools.com\/#organization","name":"Selleetools","url":"https:\/\/selleetools.com\/","sameAs":[],"logo":{"@type":"ImageObject","inLanguage":"pl-PL","@id":"https:\/\/selleetools.com\/#\/schema\/logo\/image\/","url":"https:\/\/selleetools.com\/wp-content\/uploads\/2021\/10\/logo-dark.png","contentUrl":"https:\/\/selleetools.com\/wp-content\/uploads\/2021\/10\/logo-dark.png","width":320,"height":76,"caption":"Selleetools"},"image":{"@id":"https:\/\/selleetools.com\/#\/schema\/logo\/image\/"}},{"@type":"WebSite","@id":"https:\/\/selleetools.com\/#website","url":"https:\/\/selleetools.com\/","name":"Selleetools.com","description":"","publisher":{"@id":"https:\/\/selleetools.com\/#organization"},"potentialAction":[{"@type":"SearchAction","target":{"@type":"EntryPoint","urlTemplate":"https:\/\/selleetools.com\/?s={search_term_string}"},"query-input":"required name=search_term_string"}],"inLanguage":"pl-PL"},{"@type":"WebPage","@id":"https:\/\/selleetools.com\/pl\/product\/pojemnik-na-elektronarzedzia-premium\/","url":"https:\/\/selleetools.com\/pl\/product\/pojemnik-na-elektronarzedzia-premium\/","name":"Pojemnik na elektronarz\u0119dzia Premium - Selleetools.com","isPartOf":{"@id":"https:\/\/selleetools.com\/#website"},"datePublished":"2026-02-19T15:33:47+00:00","dateModified":"2026-04-08T14:35:44+00:00","breadcrumb":{"@id":"https:\/\/selleetools.com\/pl\/product\/pojemnik-na-elektronarzedzia-premium\/#breadcrumb"},"inLanguage":"pl-PL","potentialAction":[{"@type":"ReadAction","target":["https:\/\/selleetools.com\/pl\/product\/pojemnik-na-elektronarzedzia-premium\/"]}]},{"@type":"BreadcrumbList","@id":"https:\/\/selleetools.com\/pl\/product\/pojemnik-na-elektronarzedzia-premium\/#breadcrumb","itemListElement":[{"@type":"ListItem","position":1,"name":"Home","item":"https:\/\/selleetools.com\/pl\/"},{"@type":"ListItem","position":2,"name":"Katalog","item":"https:\/\/selleetools.com\/pl\/katalog\/"},{"@type":"ListItem","position":3,"name":"Pojemnik na elektronarz\u0119dzia Premium"}]}]}},"_links":{"self":[{"href":"https:\/\/admincentral.selleetools.com\/pl\/wp-json\/wp\/v2\/product\/676329"}],"collection":[{"href":"https:\/\/admincentral.selleetools.com\/pl\/wp-json\/wp\/v2\/product"}],"about":[{"href":"https:\/\/admincentral.selleetools.com\/pl\/wp-json\/wp\/v2\/types\/product"}],"replies":[{"embeddable":true,"href":"https:\/\/admincentral.selleetools.com\/pl\/wp-json\/wp\/v2\/comments?post=676329"}],"wp:featuredmedia":[{"embeddable":true,"href":"https:\/\/admincentral.selleetools.com\/pl\/wp-json\/wp\/v2\/media\/676325"}],"wp:attachment":[{"href":"https:\/\/admincentral.selleetools.com\/pl\/wp-json\/wp\/v2\/media?parent=676329"}],"curies":[{"name":"wp","href":"https:\/\/api.w.org\/{rel}","templated":true}]}}