{"id":676389,"date":"2026-02-19T16:34:23","date_gmt":"2026-02-19T15:34:23","guid":{"rendered":"https:\/\/selleetools.com\/?post_type=product&#038;p=676389"},"modified":"2026-04-08T20:37:56","modified_gmt":"2026-04-08T18:37:56","slug":"zbiornik-na-deszczowke-tower-brick-idtb350-rustykalna-cegla","status":"publish","type":"product","link":"https:\/\/admincentral.selleetools.com\/pl\/product\/zbiornik-na-deszczowke-tower-brick-idtb350-rustykalna-cegla\/","title":{"rendered":"Zbiornik na deszcz\u00f3wk\u0119 TOWER BRICK IDTB350 | Rustykalna ceg\u0142a"},"content":{"rendered":"<section class=\"section\">\n<div class=\"item item-12\">\n<section class=\"text-item\">\n<h1>Zbiornik na deszcz\u00f3wk\u0119 TOWER BRICK IDTB350 &#8211; Rustykalna ceg\u0142a<\/h1>\n<p><b>Specyfikacja beczki:<\/b><\/p>\n<ul>\n<li>Szeroko\u015b\u0107 &#8211;\u00a057,5 cm<\/li>\n<li>G\u0142\u0119boko\u015b\u0107 &#8211;\u00a038,4 cm<\/li>\n<li>Wysoko\u015b\u0107 &#8211;\u00a0180 cm.<\/li>\n<li>Pojemno\u015b\u0107 &#8211;\u00a0350 l<\/li>\n<\/ul>\n<p><b>W sk\u0142ad zestawu wchodzi:<\/b><\/p>\n<ul>\n<li>Zbiornik na deszcz\u00f3wk\u0119 TOWER BRICK IDTB350 350l<\/li>\n<li>Pokrywa do beczki<\/li>\n<\/ul>\n<p><b>Zbiornik wyposa\u017cony jest w:<\/b><\/p>\n<ul>\n<li>g\u00f3rny otw\u00f3r z pokryw\u0105,<\/li>\n<li>cztery miejsca do przymocowania rury spustowej z rynny<\/li>\n<li>cztery otwory gwintowane na kran lub szybkoz\u0142\u0105czk\u0119 do monta\u017cu w\u0119\u017ca ogrodowego.<\/li>\n<\/ul>\n<\/section>\n<\/div>\n<\/section>\n<section class=\"section\">\n<div class=\"item item-12\">\n<section class=\"image-item\"><img src=\"https:\/\/upload.cdn.baselinker.com\/products\/3028621\/56c1aa754b3d7fd864d4d43a61e00d35.jpg\" \/><\/section>\n<\/div>\n<\/section>\n<section class=\"section\">\n<div class=\"item item-12\">\n<section class=\"text-item\">\n<p>Niepowtarzalny wygl\u0105d zbiornika i jego perfekcyjne wykonanie pozwala ze zwyk\u0142ego zbiornika uczyni\u0107 ozdob\u0119 ogrodu.<\/p>\n<p>Gromadzenie wody deszczowej to oszcz\u0119dno\u015b\u0107 i ekologia na co dzie\u0144.<\/p>\n<\/section>\n<\/div>\n<\/section>\n<section class=\"section\">\n<div class=\"item item-6\">\n<section class=\"text-item\">\n<h2>Zainwestuj w \u015brodowisko i uzyskaj nawet do 80% zwrotu koszt\u00f3w inwestycji.<\/h2>\n<p>Zmiany klimatyczne zmuszaj\u0105 Nas do racjonalnego gospodarowania dobrami natury. Programy takiej jak <b>Moja Woda<\/b>, czy te\u017c<b> Z\u0142ap Deszcz\u00f3wk\u0119<\/b> maj\u0105 na celu ochron\u0119 zasob\u00f3w wody poprzez zatrzymanie deszcz\u00f3wki oraz jej wykorzystanie do codziennych prac przydomowych.<\/p>\n<p>Tylko do programu Moja Woda w ubieg\u0142ym roku zosta\u0142o zainwestowanych <b>100 mln z\u0142otych<\/b>.<\/p>\n<p>Za realizacj\u0119 programu Moja Woda odpowiada Narodowy Fundusz Ochrony \u015arodowiska i Gospodarki Wodnej, poza tym, urz\u0119dy miast oraz gmin uruchamiaj\u0105 w\u0142asne projekty zwi\u0105zane z zakupem zbiornika na deszcz\u00f3wk\u0119. <b>Sprawd\u017a, czy w twojej okolicy aktualnie s\u0105 realizowane tego typu dofinansowania!<\/b><\/p>\n<h2>Podstawowe informacj\u0119 na temat dofinansowa\u0144:<\/h2>\n<ol>\n<li>Ka\u017cdy projekt ma <b>indywidualne wymagania oraz warunki odzyskania pieni\u0119dzy<\/b> &#8211; sprawd\u017a w projekcie jaka jest minimalna pojemno\u015b\u0107 zbiornika.<\/li>\n<li>Od pojemno\u015bci zbiornika uzale\u017cniona jest wielko\u015b\u0107 zwrotu.<\/li>\n<li><b>Zakup zbiornika powinien zosta\u0107 dokonany po podpisaniu umowy o dofinansowanie.<\/b><\/li>\n<li>Do rozliczenia konieczna jest <b>faktura<\/b>.<\/li>\n<\/ol>\n<p>Wi\u0119cej informacji dost\u0119pne na stronie NFO\u015aiGW lub na stronach miast i gmin.<\/p>\n<\/section>\n<\/div>\n<div class=\"item item-6\">\n<section class=\"image-item\"><img src=\"https:\/\/upload.cdn.baselinker.com\/products\/3028621\/ad332227e586a93c016e110c98b27eb9.webp\" \/><\/section>\n<\/div>\n<\/section>\n","protected":false},"excerpt":{"rendered":"<p>Zbiornik na deszcz\u00f3wk\u0119 TOWER BRICK IDTB350 &#8211; Rustykalna ceg\u0142a Specyfikacja beczki: Szeroko\u015b\u0107 &#8211;\u00a057,5 cm G\u0142\u0119boko\u015b\u0107 &#8211;\u00a038,4 cm Wysoko\u015b\u0107 &#8211;\u00a0180 cm. Pojemno\u015b\u0107 &#8211;\u00a0350 l W sk\u0142ad zestawu wchodzi: Zbiornik na deszcz\u00f3wk\u0119 TOWER BRICK IDTB350 350l Pokrywa do beczki Zbiornik wyposa\u017cony jest w: g\u00f3rny otw\u00f3r z pokryw\u0105, cztery miejsca do przymocowania rury spustowej z rynny cztery otwory &#8230; <a title=\"Zbiornik na deszcz\u00f3wk\u0119 TOWER BRICK IDTB350 | Rustykalna ceg\u0142a\" class=\"read-more\" href=\"https:\/\/admincentral.selleetools.com\/pl\/product\/zbiornik-na-deszczowke-tower-brick-idtb350-rustykalna-cegla\/\">Read more<span class=\"screen-reader-text\">Zbiornik na deszcz\u00f3wk\u0119 TOWER BRICK IDTB350 | Rustykalna ceg\u0142a<\/span><\/a><\/p>\n","protected":false},"featured_media":676383,"comment_status":"closed","ping_status":"closed","template":"","meta":{"_links_to":"","_links_to_target":""},"yoast_head":"<!-- This site is optimized with the Yoast SEO plugin v19.4 - https:\/\/yoast.com\/wordpress\/plugins\/seo\/ -->\n<title>Zbiornik na deszcz\u00f3wk\u0119 TOWER BRICK IDTB350 | Rustykalna ceg\u0142a - Selleetools.com<\/title>\n<meta name=\"robots\" content=\"index, follow, max-snippet:-1, max-image-preview:large, max-video-preview:-1\" \/>\n<link rel=\"canonical\" href=\"https:\/\/selleetools.com\/pl\/product\/zbiornik-na-deszczowke-tower-brick-idtb350-rustykalna-cegla\/\" \/>\n<meta property=\"og:locale\" content=\"pl_PL\" \/>\n<meta property=\"og:type\" content=\"article\" \/>\n<meta property=\"og:title\" content=\"Zbiornik na deszcz\u00f3wk\u0119 TOWER BRICK IDTB350 | Rustykalna ceg\u0142a - Selleetools.com\" \/>\n<meta property=\"og:description\" content=\"Zbiornik na deszcz\u00f3wk\u0119 TOWER BRICK IDTB350 &#8211; Rustykalna ceg\u0142a Specyfikacja beczki: Szeroko\u015b\u0107 &#8211;\u00a057,5 cm G\u0142\u0119boko\u015b\u0107 &#8211;\u00a038,4 cm Wysoko\u015b\u0107 &#8211;\u00a0180 cm. Pojemno\u015b\u0107 &#8211;\u00a0350 l W sk\u0142ad zestawu wchodzi: Zbiornik na deszcz\u00f3wk\u0119 TOWER BRICK IDTB350 350l Pokrywa do beczki Zbiornik wyposa\u017cony jest w: g\u00f3rny otw\u00f3r z pokryw\u0105, cztery miejsca do przymocowania rury spustowej z rynny cztery otwory ... Read moreZbiornik na deszcz\u00f3wk\u0119 TOWER BRICK IDTB350 | Rustykalna ceg\u0142a\" \/>\n<meta property=\"og:url\" content=\"https:\/\/selleetools.com\/pl\/product\/zbiornik-na-deszczowke-tower-brick-idtb350-rustykalna-cegla\/\" \/>\n<meta property=\"og:site_name\" content=\"Selleetools.com\" \/>\n<meta property=\"article:modified_time\" content=\"2026-04-08T18:37:56+00:00\" \/>\n<meta property=\"og:image\" content=\"https:\/\/selleetools.com\/wp-content\/uploads\/2026\/02\/56c1aa754b3d7fd864d4d43a61e00d35.jpg\" \/>\n\t<meta property=\"og:image:width\" content=\"2500\" \/>\n\t<meta property=\"og:image:height\" content=\"2500\" \/>\n\t<meta property=\"og:image:type\" content=\"image\/jpeg\" \/>\n<meta name=\"twitter:card\" content=\"summary_large_image\" \/>\n<meta name=\"twitter:label1\" content=\"Est. reading time\" \/>\n\t<meta name=\"twitter:data1\" content=\"1 minuta\" \/>\n<!-- \/ Yoast SEO plugin. -->","yoast_head_json":{"title":"Zbiornik na deszcz\u00f3wk\u0119 TOWER BRICK IDTB350 | Rustykalna ceg\u0142a - Selleetools.com","robots":{"index":"index","follow":"follow","max-snippet":"max-snippet:-1","max-image-preview":"max-image-preview:large","max-video-preview":"max-video-preview:-1"},"canonical":"https:\/\/selleetools.com\/pl\/product\/zbiornik-na-deszczowke-tower-brick-idtb350-rustykalna-cegla\/","og_locale":"pl_PL","og_type":"article","og_title":"Zbiornik na deszcz\u00f3wk\u0119 TOWER BRICK IDTB350 | Rustykalna ceg\u0142a - Selleetools.com","og_description":"Zbiornik na deszcz\u00f3wk\u0119 TOWER BRICK IDTB350 &#8211; Rustykalna ceg\u0142a Specyfikacja beczki: Szeroko\u015b\u0107 &#8211;\u00a057,5 cm G\u0142\u0119boko\u015b\u0107 &#8211;\u00a038,4 cm Wysoko\u015b\u0107 &#8211;\u00a0180 cm. Pojemno\u015b\u0107 &#8211;\u00a0350 l W sk\u0142ad zestawu wchodzi: Zbiornik na deszcz\u00f3wk\u0119 TOWER BRICK IDTB350 350l Pokrywa do beczki Zbiornik wyposa\u017cony jest w: g\u00f3rny otw\u00f3r z pokryw\u0105, cztery miejsca do przymocowania rury spustowej z rynny cztery otwory ... Read moreZbiornik na deszcz\u00f3wk\u0119 TOWER BRICK IDTB350 | Rustykalna ceg\u0142a","og_url":"https:\/\/selleetools.com\/pl\/product\/zbiornik-na-deszczowke-tower-brick-idtb350-rustykalna-cegla\/","og_site_name":"Selleetools.com","article_modified_time":"2026-04-08T18:37:56+00:00","og_image":[{"width":2500,"height":2500,"url":"https:\/\/selleetools.com\/wp-content\/uploads\/2026\/02\/56c1aa754b3d7fd864d4d43a61e00d35.jpg","type":"image\/jpeg"}],"twitter_card":"summary_large_image","twitter_misc":{"Est. reading time":"1 minuta"},"schema":{"@context":"https:\/\/schema.org","@graph":[{"@type":"Organization","@id":"https:\/\/selleetools.com\/#organization","name":"Selleetools","url":"https:\/\/selleetools.com\/","sameAs":[],"logo":{"@type":"ImageObject","inLanguage":"pl-PL","@id":"https:\/\/selleetools.com\/#\/schema\/logo\/image\/","url":"https:\/\/selleetools.com\/wp-content\/uploads\/2021\/10\/logo-dark.png","contentUrl":"https:\/\/selleetools.com\/wp-content\/uploads\/2021\/10\/logo-dark.png","width":320,"height":76,"caption":"Selleetools"},"image":{"@id":"https:\/\/selleetools.com\/#\/schema\/logo\/image\/"}},{"@type":"WebSite","@id":"https:\/\/selleetools.com\/#website","url":"https:\/\/selleetools.com\/","name":"Selleetools.com","description":"","publisher":{"@id":"https:\/\/selleetools.com\/#organization"},"potentialAction":[{"@type":"SearchAction","target":{"@type":"EntryPoint","urlTemplate":"https:\/\/selleetools.com\/?s={search_term_string}"},"query-input":"required name=search_term_string"}],"inLanguage":"pl-PL"},{"@type":"WebPage","@id":"https:\/\/selleetools.com\/pl\/product\/zbiornik-na-deszczowke-tower-brick-idtb350-rustykalna-cegla\/","url":"https:\/\/selleetools.com\/pl\/product\/zbiornik-na-deszczowke-tower-brick-idtb350-rustykalna-cegla\/","name":"Zbiornik na deszcz\u00f3wk\u0119 TOWER BRICK IDTB350 | Rustykalna ceg\u0142a - Selleetools.com","isPartOf":{"@id":"https:\/\/selleetools.com\/#website"},"datePublished":"2026-02-19T15:34:23+00:00","dateModified":"2026-04-08T18:37:56+00:00","breadcrumb":{"@id":"https:\/\/selleetools.com\/pl\/product\/zbiornik-na-deszczowke-tower-brick-idtb350-rustykalna-cegla\/#breadcrumb"},"inLanguage":"pl-PL","potentialAction":[{"@type":"ReadAction","target":["https:\/\/selleetools.com\/pl\/product\/zbiornik-na-deszczowke-tower-brick-idtb350-rustykalna-cegla\/"]}]},{"@type":"BreadcrumbList","@id":"https:\/\/selleetools.com\/pl\/product\/zbiornik-na-deszczowke-tower-brick-idtb350-rustykalna-cegla\/#breadcrumb","itemListElement":[{"@type":"ListItem","position":1,"name":"Home","item":"https:\/\/selleetools.com\/pl\/"},{"@type":"ListItem","position":2,"name":"Katalog","item":"https:\/\/selleetools.com\/pl\/katalog\/"},{"@type":"ListItem","position":3,"name":"Zbiornik na deszcz\u00f3wk\u0119 TOWER BRICK IDTB350 | Rustykalna ceg\u0142a"}]}]}},"_links":{"self":[{"href":"https:\/\/admincentral.selleetools.com\/pl\/wp-json\/wp\/v2\/product\/676389"}],"collection":[{"href":"https:\/\/admincentral.selleetools.com\/pl\/wp-json\/wp\/v2\/product"}],"about":[{"href":"https:\/\/admincentral.selleetools.com\/pl\/wp-json\/wp\/v2\/types\/product"}],"replies":[{"embeddable":true,"href":"https:\/\/admincentral.selleetools.com\/pl\/wp-json\/wp\/v2\/comments?post=676389"}],"wp:featuredmedia":[{"embeddable":true,"href":"https:\/\/admincentral.selleetools.com\/pl\/wp-json\/wp\/v2\/media\/676383"}],"wp:attachment":[{"href":"https:\/\/admincentral.selleetools.com\/pl\/wp-json\/wp\/v2\/media?parent=676389"}],"curies":[{"name":"wp","href":"https:\/\/api.w.org\/{rel}","templated":true}]}}