{"id":676622,"date":"2026-02-19T16:37:20","date_gmt":"2026-02-19T15:37:20","guid":{"rendered":"https:\/\/selleetools.com\/?post_type=product&#038;p=676622"},"modified":"2026-04-08T16:35:43","modified_gmt":"2026-04-08T14:35:43","slug":"rabata-ogrodowa-base-woody-1480x1290-mm-rustykal","status":"publish","type":"product","link":"https:\/\/admincentral.selleetools.com\/pl\/product\/rabata-ogrodowa-base-woody-1480x1290-mm-rustykal\/","title":{"rendered":"Rabata ogrodowa Base Woody 1480&#215;1290 mm | Rustykal"},"content":{"rendered":"<section class=\"section\">\n<div class=\"item item-12\">\n<section class=\"text-item\">\n<h1>Rabata ogrodowa Base Woody 1480x1290mm &#8211; Rustykalna ceg\u0142a<\/h1>\n<p><b>Specyfikacja:<\/b><\/p>\n<ul>\n<li>d\u0142ugo\u015b\u0107 &#8211; 148cm<\/li>\n<li>szeroko\u015b\u0107 &#8211; 129cm<\/li>\n<li>wysoko\u015b\u0107 &#8211; 25cm<\/li>\n<li>materia\u0142 &#8211; tworzywo sztuczne<\/li>\n<\/ul>\n<p><b>Praktyczne rozwi\u0105zanie na upraw\u0119:<\/b><\/p>\n<ul>\n<li>ro\u015blin ozdobnych,<\/li>\n<li>warzyw<\/li>\n<li>zi\u00f3\u0142<\/li>\n<\/ul>\n<\/section><\/div>\n<\/section>\n<section class=\"section\">\n<div class=\"item item-12\">\n<section class=\"image-item\">\n            <img src=\"https:\/\/upload.cdn.baselinker.com\/products\/3028621\/c249e10d754ae6820d6c573a3fbec9dd.jpg\" \/><br \/>\n        <\/section>\n<\/p><\/div>\n<\/section>\n<section class=\"section\">\n<div class=\"item item-12\">\n<section class=\"text-item\">\n<p>Base Woody to rabatka ogrodowa pe\u0142ni\u0105ca tak\u017ce funkcj\u0119 grz\u0105dki podniesionej. Jest praktycznym rozwi\u0105zaniem na upraw\u0119 ro\u015blin ozdobnych, warzyw lub zi\u00f3\u0142. Wyprodukowana jest z wysokiej jako\u015bci tworzywa odpornego na uszkodzenia mechaniczne, dzia\u0142anie niskich i wysokich temperatur, a tak\u017ce na promieniowanie UV. Wyst\u0119puje w kszta\u0142cie kwadratu, prostok\u0105ta lub sze\u015bciok\u0105ta oferuj\u0105c nieograniczone mo\u017cliwo\u015bci aran\u017cacyjne. \u0141\u0105cz\u0105c elementy ze sob\u0105 wzwy\u017c, mo\u017cna stworzy\u0107 grz\u0105dki podniesione dopasowane do aran\u017cacji otoczenia, pozwalaj\u0105ce jednocze\u015bnie na ergonomiczn\u0105 prac\u0119 na wygodnej wysoko\u015bci. Neutralna kolorystyka oraz powierzchnia inspirowana drewnem sprawiaj\u0105, \u017ce rabatki wkomponowuj\u0105 si\u0119 w krajobraz ogrodu idealnie \u0142\u0105cz\u0105c si\u0119 z ro\u015blinno\u015bci\u0105.<\/p>\n<\/section><\/div>\n<\/section>\n","protected":false},"excerpt":{"rendered":"<p>Rabata ogrodowa Base Woody 1480x1290mm &#8211; Rustykalna ceg\u0142a Specyfikacja: d\u0142ugo\u015b\u0107 &#8211; 148cm szeroko\u015b\u0107 &#8211; 129cm wysoko\u015b\u0107 &#8211; 25cm materia\u0142 &#8211; tworzywo sztuczne Praktyczne rozwi\u0105zanie na upraw\u0119: ro\u015blin ozdobnych, warzyw zi\u00f3\u0142 Base Woody to rabatka ogrodowa pe\u0142ni\u0105ca tak\u017ce funkcj\u0119 grz\u0105dki podniesionej. Jest praktycznym rozwi\u0105zaniem na upraw\u0119 ro\u015blin ozdobnych, warzyw lub zi\u00f3\u0142. Wyprodukowana jest z wysokiej jako\u015bci &#8230; <a title=\"Rabata ogrodowa Base Woody 1480&#215;1290 mm | Rustykal\" class=\"read-more\" href=\"https:\/\/admincentral.selleetools.com\/pl\/product\/rabata-ogrodowa-base-woody-1480x1290-mm-rustykal\/\">Read more<span class=\"screen-reader-text\">Rabata ogrodowa Base Woody 1480&#215;1290 mm | Rustykal<\/span><\/a><\/p>\n","protected":false},"featured_media":676614,"comment_status":"open","ping_status":"closed","template":"","meta":{"_links_to":"","_links_to_target":""},"yoast_head":"<!-- This site is optimized with the Yoast SEO plugin v19.4 - https:\/\/yoast.com\/wordpress\/plugins\/seo\/ -->\n<title>Rabata ogrodowa Base Woody 1480x1290 mm | Rustykal - Selleetools.com<\/title>\n<meta name=\"robots\" content=\"index, follow, max-snippet:-1, max-image-preview:large, max-video-preview:-1\" \/>\n<link rel=\"canonical\" href=\"https:\/\/selleetools.com\/pl\/product\/rabata-ogrodowa-base-woody-1480x1290-mm-rustykal\/\" \/>\n<meta property=\"og:locale\" content=\"pl_PL\" \/>\n<meta property=\"og:type\" content=\"article\" \/>\n<meta property=\"og:title\" content=\"Rabata ogrodowa Base Woody 1480x1290 mm | Rustykal - Selleetools.com\" \/>\n<meta property=\"og:description\" content=\"Rabata ogrodowa Base Woody 1480x1290mm &#8211; Rustykalna ceg\u0142a Specyfikacja: d\u0142ugo\u015b\u0107 &#8211; 148cm szeroko\u015b\u0107 &#8211; 129cm wysoko\u015b\u0107 &#8211; 25cm materia\u0142 &#8211; tworzywo sztuczne Praktyczne rozwi\u0105zanie na upraw\u0119: ro\u015blin ozdobnych, warzyw zi\u00f3\u0142 Base Woody to rabatka ogrodowa pe\u0142ni\u0105ca tak\u017ce funkcj\u0119 grz\u0105dki podniesionej. Jest praktycznym rozwi\u0105zaniem na upraw\u0119 ro\u015blin ozdobnych, warzyw lub zi\u00f3\u0142. Wyprodukowana jest z wysokiej jako\u015bci ... Read moreRabata ogrodowa Base Woody 1480&#215;1290 mm | Rustykal\" \/>\n<meta property=\"og:url\" content=\"https:\/\/selleetools.com\/pl\/product\/rabata-ogrodowa-base-woody-1480x1290-mm-rustykal\/\" \/>\n<meta property=\"og:site_name\" content=\"Selleetools.com\" \/>\n<meta property=\"article:modified_time\" content=\"2026-04-08T14:35:43+00:00\" \/>\n<meta property=\"og:image\" content=\"https:\/\/selleetools.com\/wp-content\/uploads\/2026\/02\/c249e10d754ae6820d6c573a3fbec9dd.jpg\" \/>\n\t<meta property=\"og:image:width\" content=\"2500\" \/>\n\t<meta property=\"og:image:height\" content=\"2500\" \/>\n\t<meta property=\"og:image:type\" content=\"image\/jpeg\" \/>\n<meta name=\"twitter:card\" content=\"summary_large_image\" \/>\n<meta name=\"twitter:label1\" content=\"Est. reading time\" \/>\n\t<meta name=\"twitter:data1\" content=\"1 minuta\" \/>\n<!-- \/ Yoast SEO plugin. -->","yoast_head_json":{"title":"Rabata ogrodowa Base Woody 1480x1290 mm | Rustykal - Selleetools.com","robots":{"index":"index","follow":"follow","max-snippet":"max-snippet:-1","max-image-preview":"max-image-preview:large","max-video-preview":"max-video-preview:-1"},"canonical":"https:\/\/selleetools.com\/pl\/product\/rabata-ogrodowa-base-woody-1480x1290-mm-rustykal\/","og_locale":"pl_PL","og_type":"article","og_title":"Rabata ogrodowa Base Woody 1480x1290 mm | Rustykal - Selleetools.com","og_description":"Rabata ogrodowa Base Woody 1480x1290mm &#8211; Rustykalna ceg\u0142a Specyfikacja: d\u0142ugo\u015b\u0107 &#8211; 148cm szeroko\u015b\u0107 &#8211; 129cm wysoko\u015b\u0107 &#8211; 25cm materia\u0142 &#8211; tworzywo sztuczne Praktyczne rozwi\u0105zanie na upraw\u0119: ro\u015blin ozdobnych, warzyw zi\u00f3\u0142 Base Woody to rabatka ogrodowa pe\u0142ni\u0105ca tak\u017ce funkcj\u0119 grz\u0105dki podniesionej. Jest praktycznym rozwi\u0105zaniem na upraw\u0119 ro\u015blin ozdobnych, warzyw lub zi\u00f3\u0142. Wyprodukowana jest z wysokiej jako\u015bci ... Read moreRabata ogrodowa Base Woody 1480&#215;1290 mm | Rustykal","og_url":"https:\/\/selleetools.com\/pl\/product\/rabata-ogrodowa-base-woody-1480x1290-mm-rustykal\/","og_site_name":"Selleetools.com","article_modified_time":"2026-04-08T14:35:43+00:00","og_image":[{"width":2500,"height":2500,"url":"https:\/\/selleetools.com\/wp-content\/uploads\/2026\/02\/c249e10d754ae6820d6c573a3fbec9dd.jpg","type":"image\/jpeg"}],"twitter_card":"summary_large_image","twitter_misc":{"Est. reading time":"1 minuta"},"schema":{"@context":"https:\/\/schema.org","@graph":[{"@type":"Organization","@id":"https:\/\/selleetools.com\/#organization","name":"Selleetools","url":"https:\/\/selleetools.com\/","sameAs":[],"logo":{"@type":"ImageObject","inLanguage":"pl-PL","@id":"https:\/\/selleetools.com\/#\/schema\/logo\/image\/","url":"https:\/\/selleetools.com\/wp-content\/uploads\/2021\/10\/logo-dark.png","contentUrl":"https:\/\/selleetools.com\/wp-content\/uploads\/2021\/10\/logo-dark.png","width":320,"height":76,"caption":"Selleetools"},"image":{"@id":"https:\/\/selleetools.com\/#\/schema\/logo\/image\/"}},{"@type":"WebSite","@id":"https:\/\/selleetools.com\/#website","url":"https:\/\/selleetools.com\/","name":"Selleetools.com","description":"","publisher":{"@id":"https:\/\/selleetools.com\/#organization"},"potentialAction":[{"@type":"SearchAction","target":{"@type":"EntryPoint","urlTemplate":"https:\/\/selleetools.com\/?s={search_term_string}"},"query-input":"required name=search_term_string"}],"inLanguage":"pl-PL"},{"@type":"WebPage","@id":"https:\/\/selleetools.com\/pl\/product\/rabata-ogrodowa-base-woody-1480x1290-mm-rustykal\/","url":"https:\/\/selleetools.com\/pl\/product\/rabata-ogrodowa-base-woody-1480x1290-mm-rustykal\/","name":"Rabata ogrodowa Base Woody 1480x1290 mm | Rustykal - Selleetools.com","isPartOf":{"@id":"https:\/\/selleetools.com\/#website"},"datePublished":"2026-02-19T15:37:20+00:00","dateModified":"2026-04-08T14:35:43+00:00","breadcrumb":{"@id":"https:\/\/selleetools.com\/pl\/product\/rabata-ogrodowa-base-woody-1480x1290-mm-rustykal\/#breadcrumb"},"inLanguage":"pl-PL","potentialAction":[{"@type":"ReadAction","target":["https:\/\/selleetools.com\/pl\/product\/rabata-ogrodowa-base-woody-1480x1290-mm-rustykal\/"]}]},{"@type":"BreadcrumbList","@id":"https:\/\/selleetools.com\/pl\/product\/rabata-ogrodowa-base-woody-1480x1290-mm-rustykal\/#breadcrumb","itemListElement":[{"@type":"ListItem","position":1,"name":"Home","item":"https:\/\/selleetools.com\/pl\/"},{"@type":"ListItem","position":2,"name":"Katalog","item":"https:\/\/selleetools.com\/pl\/katalog\/"},{"@type":"ListItem","position":3,"name":"Rabata ogrodowa Base Woody 1480&#215;1290 mm | Rustykal"}]}]}},"_links":{"self":[{"href":"https:\/\/admincentral.selleetools.com\/pl\/wp-json\/wp\/v2\/product\/676622"}],"collection":[{"href":"https:\/\/admincentral.selleetools.com\/pl\/wp-json\/wp\/v2\/product"}],"about":[{"href":"https:\/\/admincentral.selleetools.com\/pl\/wp-json\/wp\/v2\/types\/product"}],"replies":[{"embeddable":true,"href":"https:\/\/admincentral.selleetools.com\/pl\/wp-json\/wp\/v2\/comments?post=676622"}],"wp:featuredmedia":[{"embeddable":true,"href":"https:\/\/admincentral.selleetools.com\/pl\/wp-json\/wp\/v2\/media\/676614"}],"wp:attachment":[{"href":"https:\/\/admincentral.selleetools.com\/pl\/wp-json\/wp\/v2\/media?parent=676622"}],"curies":[{"name":"wp","href":"https:\/\/api.w.org\/{rel}","templated":true}]}}