{"id":676724,"date":"2026-02-19T16:38:49","date_gmt":"2026-02-19T15:38:49","guid":{"rendered":"https:\/\/selleetools.com\/?post_type=product&#038;p=676724"},"modified":"2026-04-08T16:35:42","modified_gmt":"2026-04-08T14:35:42","slug":"koc-piknikowy-plazowy-195x200-cm-kratka-czerwona","status":"publish","type":"product","link":"https:\/\/admincentral.selleetools.com\/pl\/product\/koc-piknikowy-plazowy-195x200-cm-kratka-czerwona\/","title":{"rendered":"Koc piknikowy pla\u017cowy 195&#215;200 cm | Kratka czerwona"},"content":{"rendered":"<section class=\"section\">\n<div class=\"item item-12\">\n<section class=\"text-item\">\n<h1>Koc piknikowy pla\u017cowy 195x200cm &#8211; Kratka czerwona<\/h1>\n<p><b>Specyfikacja:<\/b><\/p>\n<ul>\n<li>rozmiar: 195x200cm<\/li>\n<li>materia\u0142: tkanina poliestrowa<\/li>\n<li>grubo\u015b\u0107: ok. 5mm<\/li>\n<\/ul>\n<p><b>Dzi\u0119ki du\u017cemu wymiarowi 200x195cm, koc pla\u017cowy oferuje du\u017co przestrzeni dla Ciebie, rodziny i przyjaci\u00f3\u0142.<\/b><\/p>\n<ul>\n<li>dla 3-4 os\u00f3b w pozycji le\u017c\u0105cej<\/li>\n<li>dla 4-6 os\u00f3b w pozycji siedz\u0105cej<\/li>\n<\/ul>\n<p><b>Koc idealnie nada si\u0119<\/b>:<\/p>\n<ul>\n<li>na pla\u017c\u0119,<\/li>\n<li>pikniki,<\/li>\n<li>biwak<\/li>\n<li>kemping,<\/li>\n<li>piesze wycieczki,<\/li>\n<li>imprezy sportowe,<\/li>\n<li>zabawy na podw\u00f3rku,<\/li>\n<li>zaj\u0119cia na \u015bwie\u017cym powietrzu.<\/li>\n<\/ul>\n<p><b>Zalety:<\/b><\/p>\n<ul>\n<li>Lekki,<\/li>\n<li>sk\u0142adany,<\/li>\n<li>\u0142atwy do przenoszenia, monta\u017cu i sk\u0142adania.<\/li>\n<li>\u0142atwy w czyszczeniu &#8211; wystarczy tylko przetrze\u0107 wilgotn\u0105 szmatk\u0105.<\/li>\n<\/ul>\n<\/section>\n<\/div>\n<\/section>\n<section class=\"section\">\n<div class=\"item item-12\">\n<section class=\"text-item\">\n<ol>\n<li>Koc zosta\u0142 wykonany z materia\u0142u Ripstop 600D Oxford, jest to solidny a zarazem lekki i przewiewny materia\u0142 Rip-Stop.<\/li>\n<li>Ripstop jest elanobawe\u0142n\u0105 nie podatn\u0105 na rozci\u0105ganie, przy tym to materia\u0142 odporny na uszkodzenia mechaniczne i tarcie.<\/li>\n<\/ol>\n<p>Rip-Stop \u2013 technika wzmacniania tkaniny poprzez dodanie w sta\u0142ych odst\u0119pach dodatkowego, mocniejszego w\u0142\u00f3kna. Tkanin\u0119 tego typu mo\u017cna \u0142atwo rozpozna\u0107 ze wzgl\u0119du na wypuk\u0142\u0105 kratk\u0119. Zapobiega ona rozdzieraniu si\u0119 materia\u0142u.<\/p>\n<\/section>\n<\/div>\n<\/section>\n<section class=\"section\">\n<div class=\"item item-12\">\n<section class=\"text-item\">\n<h1>WODOODPORNY<\/h1>\n<p>Koc nie ch\u0142onie wody, jest odporny na intensywne zabrudzenia, wystarczy go czy\u015bci\u0107 powierzchniowo lub pra\u0107 w pralce w niskiej temperaturze.<\/p>\n<p>Koc piknikowy zapewni sucho\u015b\u0107 nawet na wilgotnych powierzchniach, zapewniaj\u0105c komfort na pla\u017cy i podczas kempingu.<\/p>\n<\/section>\n<\/div>\n<\/section>\n<section class=\"section\">\n<div class=\"item item-12\">\n<section class=\"text-item\">\n<h1>PRAKTYCZNY I POR\u0118CZNY<\/h1>\n<ul>\n<li>Koc mo\u017cna w \u0142atwy spos\u00f3b z\u0142o\u017cy\u0107, tak aby nie zajmowa\u0142 du\u017co miejsca.\u00a0Mo\u017cna u\u017cywa\u0107 go nie tylko w przydomowym ogr\u00f3dku, ale zabra\u0107 ze sob\u0105 na pla\u017c\u0119, nad jezioro lub do lasu! Koc zda egzamin gdziekolwiek zabierzesz go ze sob\u0105.<\/li>\n<li>Koc po z\u0142o\u017ceniu mo\u017cna przenosi\u0107 wykorzystuj\u0105c wszyty uchwyt. Dzi\u0119ki wszytemu rzepowi koc jest bardzo stabilny podczas transportu i nie rozwija si\u0119.<\/li>\n<\/ul>\n<\/section>\n<\/div>\n<\/section>\n<section class=\"section\">\n<div class=\"item item-12\">\n<section class=\"text-item\">\n<h1>\u0141ATWY W CZYSZCZENIU<\/h1>\n<p>Po zako\u0144czeniu pla\u017cowania wystarczy, \u017ce wytrzepiesz koc z resztek piasku jakie mog\u0142y zosta\u0107 pomi\u0119dzy siatk\u0105 i gotowe. Natomiast po d\u0142u\u017cszym u\u017cytkowaniu do czyszczenia u\u017cyj samej wody.<\/p>\n<p>Powierzchnia \u0142atwa w czyszczeniu, dzi\u0119ki temu utrzymanie koca w czysto\u015bci po ka\u017cdym u\u017cyciu jest wyj\u0105tkowo proste i wygodne. Wystarczy delikatnie przetrze\u0107 powierzchni\u0119 wilgotn\u0105 szmatk\u0105, aby usun\u0105\u0107 ewentualne zabrudzenia. Ta \u0142atwo\u015b\u0107 czyszczenia gwarantuje \u015bwie\u017co\u015b\u0107 i higien\u0119 dla Twoich piknikowych przyg\u00f3d, pozwalaj\u0105c Ci skupi\u0107 si\u0119 na relaksie i zabawie z rodzin\u0105 i przyjaci\u00f3\u0142mi, zamiast martwi\u0107 si\u0119 o utrzymanie koca w czysto\u015bci.<\/p>\n<\/section>\n<\/div>\n<\/section>\n<section class=\"section\">\n<div class=\"item item-12\">\n<section class=\"text-item\">\n<h1>SAND FREE<\/h1>\n<p>Materia\u0142 koca przepuszcza znajduj\u0105cy si\u0119 na nim piasek, dzi\u0119ki czemu problem z przyklejaj\u0105cym si\u0119 do cia\u0142a piaskiem zniknie na zawsze.<\/p>\n<\/section>\n<\/div>\n<\/section>\n<section class=\"section\">\n<div class=\"item item-12\">\n<section class=\"text-item\">\n<h1>Koc piknikowy pla\u017cowy 195x200cm &#8211; Kratka czerwona<\/h1>\n<p><b>Specyfikacja:<\/b><\/p>\n<ul>\n<li>rozmiar: 195x200cm<\/li>\n<li>materia\u0142: tkanina poliestrowa<\/li>\n<li>grubo\u015b\u0107: ok. 5mm<\/li>\n<\/ul>\n<p><b>Dzi\u0119ki du\u017cemu wymiarowi 200x195cm, koc pla\u017cowy oferuje du\u017co przestrzeni dla Ciebie, rodziny i przyjaci\u00f3\u0142.<\/b><\/p>\n<ul>\n<li>dla 3-4 os\u00f3b w pozycji le\u017c\u0105cej<\/li>\n<li>dla 4-6 os\u00f3b w pozycji siedz\u0105cej<\/li>\n<\/ul>\n<p><b>Koc idealnie nada si\u0119<\/b>:<\/p>\n<ul>\n<li>na pla\u017c\u0119,<\/li>\n<li>pikniki,<\/li>\n<li>biwak<\/li>\n<li>kemping,<\/li>\n<li>piesze wycieczki,<\/li>\n<li>imprezy sportowe,<\/li>\n<li>zabawy na podw\u00f3rku,<\/li>\n<li>zaj\u0119cia na \u015bwie\u017cym powietrzu.<\/li>\n<\/ul>\n<p><b>Zalety:<\/b><\/p>\n<ul>\n<li>Lekki,<\/li>\n<li>sk\u0142adany,<\/li>\n<li>\u0142atwy do przenoszenia, monta\u017cu i sk\u0142adania.<\/li>\n<li>\u0142atwy w czyszczeniu &#8211; wystarczy tylko przetrze\u0107 wilgotn\u0105 szmatk\u0105.<\/li>\n<\/ul>\n<\/section>\n<\/div>\n<\/section>\n<section class=\"section\">\n<div class=\"item item-12\">\n<section class=\"text-item\">\n<ol>\n<li>Koc zosta\u0142 wykonany z materia\u0142u Ripstop 600D Oxford, jest to solidny a zarazem lekki i przewiewny materia\u0142 Rip-Stop.<\/li>\n<li>Ripstop jest elanobawe\u0142n\u0105 nie podatn\u0105 na rozci\u0105ganie, przy tym to materia\u0142 odporny na uszkodzenia mechaniczne i tarcie.<\/li>\n<\/ol>\n<p>Rip-Stop \u2013 technika wzmacniania tkaniny poprzez dodanie w sta\u0142ych odst\u0119pach dodatkowego, mocniejszego w\u0142\u00f3kna. Tkanin\u0119 tego typu mo\u017cna \u0142atwo rozpozna\u0107 ze wzgl\u0119du na wypuk\u0142\u0105 kratk\u0119. Zapobiega ona rozdzieraniu si\u0119 materia\u0142u.<\/p>\n<\/section>\n<\/div>\n<\/section>\n<section class=\"section\">\n<div class=\"item item-12\">\n<section class=\"text-item\">\n<h1>WODOODPORNY<\/h1>\n<p>Koc nie ch\u0142onie wody, jest odporny na intensywne zabrudzenia, wystarczy go czy\u015bci\u0107 powierzchniowo lub pra\u0107 w pralce w niskiej temperaturze.<\/p>\n<p>Koc piknikowy zapewni sucho\u015b\u0107 nawet na wilgotnych powierzchniach, zapewniaj\u0105c komfort na pla\u017cy i podczas kempingu.<\/p>\n<\/section>\n<\/div>\n<\/section>\n<section class=\"section\">\n<div class=\"item item-12\">\n<section class=\"text-item\">\n<h1>PRAKTYCZNY I POR\u0118CZNY<\/h1>\n<ul>\n<li>Koc mo\u017cna w \u0142atwy spos\u00f3b z\u0142o\u017cy\u0107, tak aby nie zajmowa\u0142 du\u017co miejsca.\u00a0Mo\u017cna u\u017cywa\u0107 go nie tylko w przydomowym ogr\u00f3dku, ale zabra\u0107 ze sob\u0105 na pla\u017c\u0119, nad jezioro lub do lasu! Koc zda egzamin gdziekolwiek zabierzesz go ze sob\u0105.<\/li>\n<li>Koc po z\u0142o\u017ceniu mo\u017cna przenosi\u0107 wykorzystuj\u0105c wszyty uchwyt. Dzi\u0119ki wszytemu rzepowi koc jest bardzo stabilny podczas transportu i nie rozwija si\u0119.<\/li>\n<\/ul>\n<\/section>\n<\/div>\n<\/section>\n<section class=\"section\">\n<div class=\"item item-12\">\n<section class=\"text-item\">\n<h1>\u0141ATWY W CZYSZCZENIU<\/h1>\n<p>Po zako\u0144czeniu pla\u017cowania wystarczy, \u017ce wytrzepiesz koc z resztek piasku jakie mog\u0142y zosta\u0107 pomi\u0119dzy siatk\u0105 i gotowe. Natomiast po d\u0142u\u017cszym u\u017cytkowaniu do czyszczenia u\u017cyj samej wody.<\/p>\n<p>Powierzchnia \u0142atwa w czyszczeniu, dzi\u0119ki temu utrzymanie koca w czysto\u015bci po ka\u017cdym u\u017cyciu jest wyj\u0105tkowo proste i wygodne. Wystarczy delikatnie przetrze\u0107 powierzchni\u0119 wilgotn\u0105 szmatk\u0105, aby usun\u0105\u0107 ewentualne zabrudzenia. Ta \u0142atwo\u015b\u0107 czyszczenia gwarantuje \u015bwie\u017co\u015b\u0107 i higien\u0119 dla Twoich piknikowych przyg\u00f3d, pozwalaj\u0105c Ci skupi\u0107 si\u0119 na relaksie i zabawie z rodzin\u0105 i przyjaci\u00f3\u0142mi, zamiast martwi\u0107 si\u0119 o utrzymanie koca w czysto\u015bci.<\/p>\n<\/section>\n<\/div>\n<\/section>\n<section class=\"section\">\n<div class=\"item item-12\">\n<section class=\"text-item\">\n<h1>SAND FREE<\/h1>\n<p>Materia\u0142 koca przepuszcza znajduj\u0105cy si\u0119 na nim piasek, dzi\u0119ki czemu problem z przyklejaj\u0105cym si\u0119 do cia\u0142a piaskiem zniknie na zawsze.<\/p>\n<\/section>\n<\/div>\n<\/section>\n","protected":false},"excerpt":{"rendered":"<p>Koc piknikowy pla\u017cowy 195x200cm &#8211; Kratka czerwona Specyfikacja: rozmiar: 195x200cm materia\u0142: tkanina poliestrowa grubo\u015b\u0107: ok. 5mm Dzi\u0119ki du\u017cemu wymiarowi 200x195cm, koc pla\u017cowy oferuje du\u017co przestrzeni dla Ciebie, rodziny i przyjaci\u00f3\u0142. dla 3-4 os\u00f3b w pozycji le\u017c\u0105cej dla 4-6 os\u00f3b w pozycji siedz\u0105cej Koc idealnie nada si\u0119: na pla\u017c\u0119, pikniki, biwak kemping, piesze wycieczki, imprezy sportowe, &#8230; <a title=\"Koc piknikowy pla\u017cowy 195&#215;200 cm | Kratka czerwona\" class=\"read-more\" href=\"https:\/\/admincentral.selleetools.com\/pl\/product\/koc-piknikowy-plazowy-195x200-cm-kratka-czerwona\/\">Read more<span class=\"screen-reader-text\">Koc piknikowy pla\u017cowy 195&#215;200 cm | Kratka czerwona<\/span><\/a><\/p>\n","protected":false},"featured_media":676694,"comment_status":"closed","ping_status":"closed","template":"","meta":{"_links_to":"","_links_to_target":""},"yoast_head":"<!-- This site is optimized with the Yoast SEO plugin v19.4 - https:\/\/yoast.com\/wordpress\/plugins\/seo\/ -->\n<title>Koc piknikowy pla\u017cowy 195x200 cm | Kratka czerwona - Selleetools.com<\/title>\n<meta name=\"robots\" content=\"index, follow, max-snippet:-1, max-image-preview:large, max-video-preview:-1\" \/>\n<link rel=\"canonical\" href=\"https:\/\/admincentral.selleetools.com\/product\/koc-piknikowy-plazowy-195x200-cm-kratka-czerwona\/\" \/>\n<meta property=\"og:locale\" content=\"pl_PL\" \/>\n<meta property=\"og:type\" content=\"article\" \/>\n<meta property=\"og:title\" content=\"Koc piknikowy pla\u017cowy 195x200 cm | Kratka czerwona - Selleetools.com\" \/>\n<meta property=\"og:description\" content=\"Koc piknikowy pla\u017cowy 195x200cm &#8211; Kratka czerwona Specyfikacja: rozmiar: 195x200cm materia\u0142: tkanina poliestrowa grubo\u015b\u0107: ok. 5mm Dzi\u0119ki du\u017cemu wymiarowi 200x195cm, koc pla\u017cowy oferuje du\u017co przestrzeni dla Ciebie, rodziny i przyjaci\u00f3\u0142. dla 3-4 os\u00f3b w pozycji le\u017c\u0105cej dla 4-6 os\u00f3b w pozycji siedz\u0105cej Koc idealnie nada si\u0119: na pla\u017c\u0119, pikniki, biwak kemping, piesze wycieczki, imprezy sportowe, ... Read moreKoc piknikowy pla\u017cowy 195&#215;200 cm | Kratka czerwona\" \/>\n<meta property=\"og:url\" content=\"https:\/\/admincentral.selleetools.com\/product\/koc-piknikowy-plazowy-195x200-cm-kratka-czerwona\/\" \/>\n<meta property=\"og:site_name\" content=\"Selleetools.com\" \/>\n<meta property=\"article:modified_time\" content=\"2026-04-08T14:35:42+00:00\" \/>\n<meta property=\"og:image\" content=\"https:\/\/selleetools.com\/wp-content\/uploads\/2026\/02\/915ca4aee14d56aff248f7362c61b19f.jpg\" \/>\n\t<meta property=\"og:image:width\" content=\"2500\" \/>\n\t<meta property=\"og:image:height\" content=\"2500\" \/>\n\t<meta property=\"og:image:type\" content=\"image\/jpeg\" \/>\n<meta name=\"twitter:card\" content=\"summary_large_image\" \/>\n<meta name=\"twitter:label1\" content=\"Est. reading time\" \/>\n\t<meta name=\"twitter:data1\" content=\"4 minuty\" \/>\n<!-- \/ Yoast SEO plugin. -->","yoast_head_json":{"title":"Koc piknikowy pla\u017cowy 195x200 cm | Kratka czerwona - Selleetools.com","robots":{"index":"index","follow":"follow","max-snippet":"max-snippet:-1","max-image-preview":"max-image-preview:large","max-video-preview":"max-video-preview:-1"},"canonical":"https:\/\/admincentral.selleetools.com\/product\/koc-piknikowy-plazowy-195x200-cm-kratka-czerwona\/","og_locale":"pl_PL","og_type":"article","og_title":"Koc piknikowy pla\u017cowy 195x200 cm | Kratka czerwona - Selleetools.com","og_description":"Koc piknikowy pla\u017cowy 195x200cm &#8211; Kratka czerwona Specyfikacja: rozmiar: 195x200cm materia\u0142: tkanina poliestrowa grubo\u015b\u0107: ok. 5mm Dzi\u0119ki du\u017cemu wymiarowi 200x195cm, koc pla\u017cowy oferuje du\u017co przestrzeni dla Ciebie, rodziny i przyjaci\u00f3\u0142. dla 3-4 os\u00f3b w pozycji le\u017c\u0105cej dla 4-6 os\u00f3b w pozycji siedz\u0105cej Koc idealnie nada si\u0119: na pla\u017c\u0119, pikniki, biwak kemping, piesze wycieczki, imprezy sportowe, ... Read moreKoc piknikowy pla\u017cowy 195&#215;200 cm | Kratka czerwona","og_url":"https:\/\/admincentral.selleetools.com\/product\/koc-piknikowy-plazowy-195x200-cm-kratka-czerwona\/","og_site_name":"Selleetools.com","article_modified_time":"2026-04-08T14:35:42+00:00","og_image":[{"width":2500,"height":2500,"url":"https:\/\/selleetools.com\/wp-content\/uploads\/2026\/02\/915ca4aee14d56aff248f7362c61b19f.jpg","type":"image\/jpeg"}],"twitter_card":"summary_large_image","twitter_misc":{"Est. reading time":"4 minuty"},"schema":{"@context":"https:\/\/schema.org","@graph":[{"@type":"Organization","@id":"https:\/\/selleetools.com\/#organization","name":"Selleetools","url":"https:\/\/selleetools.com\/","sameAs":[],"logo":{"@type":"ImageObject","inLanguage":"pl-PL","@id":"https:\/\/selleetools.com\/#\/schema\/logo\/image\/","url":"https:\/\/selleetools.com\/wp-content\/uploads\/2021\/10\/logo-dark.png","contentUrl":"https:\/\/selleetools.com\/wp-content\/uploads\/2021\/10\/logo-dark.png","width":320,"height":76,"caption":"Selleetools"},"image":{"@id":"https:\/\/selleetools.com\/#\/schema\/logo\/image\/"}},{"@type":"WebSite","@id":"https:\/\/selleetools.com\/#website","url":"https:\/\/selleetools.com\/","name":"Selleetools.com","description":"","publisher":{"@id":"https:\/\/selleetools.com\/#organization"},"potentialAction":[{"@type":"SearchAction","target":{"@type":"EntryPoint","urlTemplate":"https:\/\/selleetools.com\/?s={search_term_string}"},"query-input":"required name=search_term_string"}],"inLanguage":"pl-PL"},{"@type":"WebPage","@id":"https:\/\/admincentral.selleetools.com\/product\/koc-piknikowy-plazowy-195x200-cm-kratka-czerwona\/","url":"https:\/\/admincentral.selleetools.com\/product\/koc-piknikowy-plazowy-195x200-cm-kratka-czerwona\/","name":"Koc piknikowy pla\u017cowy 195x200 cm | Kratka czerwona - Selleetools.com","isPartOf":{"@id":"https:\/\/selleetools.com\/#website"},"datePublished":"2026-02-19T15:38:49+00:00","dateModified":"2026-04-08T14:35:42+00:00","breadcrumb":{"@id":"https:\/\/admincentral.selleetools.com\/product\/koc-piknikowy-plazowy-195x200-cm-kratka-czerwona\/#breadcrumb"},"inLanguage":"pl-PL","potentialAction":[{"@type":"ReadAction","target":["https:\/\/admincentral.selleetools.com\/product\/koc-piknikowy-plazowy-195x200-cm-kratka-czerwona\/"]}]},{"@type":"BreadcrumbList","@id":"https:\/\/admincentral.selleetools.com\/product\/koc-piknikowy-plazowy-195x200-cm-kratka-czerwona\/#breadcrumb","itemListElement":[{"@type":"ListItem","position":1,"name":"Home","item":"https:\/\/selleetools.com\/pl\/"},{"@type":"ListItem","position":2,"name":"Katalog","item":"https:\/\/selleetools.com\/pl\/katalog\/"},{"@type":"ListItem","position":3,"name":"Koc piknikowy pla\u017cowy 195&#215;200 cm | Kratka czerwona"}]}]}},"_links":{"self":[{"href":"https:\/\/admincentral.selleetools.com\/pl\/wp-json\/wp\/v2\/product\/676724"}],"collection":[{"href":"https:\/\/admincentral.selleetools.com\/pl\/wp-json\/wp\/v2\/product"}],"about":[{"href":"https:\/\/admincentral.selleetools.com\/pl\/wp-json\/wp\/v2\/types\/product"}],"replies":[{"embeddable":true,"href":"https:\/\/admincentral.selleetools.com\/pl\/wp-json\/wp\/v2\/comments?post=676724"}],"wp:featuredmedia":[{"embeddable":true,"href":"https:\/\/admincentral.selleetools.com\/pl\/wp-json\/wp\/v2\/media\/676694"}],"wp:attachment":[{"href":"https:\/\/admincentral.selleetools.com\/pl\/wp-json\/wp\/v2\/media?parent=676724"}],"curies":[{"name":"wp","href":"https:\/\/api.w.org\/{rel}","templated":true}]}}