{"id":764641,"date":"2026-04-29T00:58:32","date_gmt":"2026-04-28T22:58:32","guid":{"rendered":"https:\/\/selleetools.com\/?post_type=product&#038;p=764641"},"modified":"2026-05-10T11:46:29","modified_gmt":"2026-05-10T09:46:29","slug":"biopon-nawoz-kompostujacy-komposter-3kg-2","status":"publish","type":"product","link":"https:\/\/admincentral.selleetools.com\/pl\/product\/biopon-nawoz-kompostujacy-komposter-3kg-2\/","title":{"rendered":"BIOPON Naw\u00f3z kompostuj\u0105cy Komposter 3kg"},"content":{"rendered":"<p>Naw\u00f3z przyszpieszaj\u0105cy kompostowanie BIOPON\u00a03 kg Preparat przeznaczony do przyspieszania rozk\u0142adu resztek organicznych pochodz\u0105cych z gospodarstw rolnych, domowych czy ogr\u00f3dk\u00f3w dzia\u0142kowych. Zawarto\u015b\u0107 odpowiednio dobranych mikroorganizm\u00f3w i enzym\u00f3w przyspiesza powstawanie kompostu, zapobiegaj\u0105c tym samym rozwojowi szkodliwych zwi\u0105zk\u00f3w. Spos\u00f3b u\u017cycia: &#8211; Utworzy\u0107 pryzm\u0119 o wymiarach 2 m x 2 m. &#8211; Uk\u0142ada\u0107 resztki organiczne warstwami. &#8211; Na ka\u017cde 20 cm wysoko\u015bci wysypa\u0107 200 g preparatu. &#8211; W suche dni pryzm\u0119 nale\u017cy pola\u0107 wod\u0105. &#8211; Po up\u0142ywie trzech tygodni otrzymujemy gotowy kompost. Producent:<\/p>\n<p>Naw\u00f3z przyszpieszaj\u0105cy kompostowanie BIOPON\u00a03 kg Preparat przeznaczony do przyspieszania rozk\u0142adu resztek organicznych pochodz\u0105cych z gospodarstw rolnych, domowych czy ogr\u00f3dk\u00f3w dzia\u0142kowych. Zawarto\u015b\u0107 odpowiednio dobranych mikroorganizm\u00f3w i enzym\u00f3w przyspiesza powstawanie kompostu, zapobiegaj\u0105c tym samym rozwojowi szkodliwych zwi\u0105zk\u00f3w. Spos\u00f3b u\u017cycia: &#8211; Utworzy\u0107 pryzm\u0119 o wymiarach 2 m x 2 m. &#8211; Uk\u0142ada\u0107 resztki organiczne warstwami. &#8211; Na ka\u017cde 20 cm wysoko\u015bci wysypa\u0107 200 g preparatu. &#8211; W suche dni pryzm\u0119 nale\u017cy pola\u0107 wod\u0105. &#8211; Po up\u0142ywie trzech tygodni otrzymujemy gotowy kompost. Producent:<\/p>\n","protected":false},"excerpt":{"rendered":"<p>Naw\u00f3z przyszpieszaj\u0105cy kompostowanie BIOPON\u00a03 kg Preparat przeznaczony do przyspieszania rozk\u0142adu resztek organicznych pochodz\u0105cych z gospodarstw rolnych, domowych czy ogr\u00f3dk\u00f3w dzia\u0142kowych. Zawarto\u015b\u0107 odpowiednio dobranych mikroorganizm\u00f3w i enzym\u00f3w przyspiesza powstawanie kompostu, zapobiegaj\u0105c tym samym rozwojowi szkodliwych zwi\u0105zk\u00f3w. Spos\u00f3b u\u017cycia: &#8211; Utworzy\u0107 pryzm\u0119 o wymiarach 2 m x 2 m. &#8211; Uk\u0142ada\u0107 resztki organiczne warstwami. &#8211; Na ka\u017cde &#8230; <a title=\"BIOPON Naw\u00f3z kompostuj\u0105cy Komposter 3kg\" class=\"read-more\" href=\"https:\/\/admincentral.selleetools.com\/pl\/product\/biopon-nawoz-kompostujacy-komposter-3kg-2\/\">Read more<span class=\"screen-reader-text\">BIOPON Naw\u00f3z kompostuj\u0105cy Komposter 3kg<\/span><\/a><\/p>\n","protected":false},"featured_media":764637,"comment_status":"closed","ping_status":"closed","template":"","meta":{"_links_to":"","_links_to_target":""},"yoast_head":"<!-- This site is optimized with the Yoast SEO plugin v19.4 - https:\/\/yoast.com\/wordpress\/plugins\/seo\/ -->\n<title>BIOPON Naw\u00f3z kompostuj\u0105cy Komposter 3kg - Selleetools.com<\/title>\n<meta name=\"robots\" content=\"index, follow, max-snippet:-1, max-image-preview:large, max-video-preview:-1\" \/>\n<link rel=\"canonical\" href=\"https:\/\/selleetools.com\/pl\/product\/biopon-nawoz-kompostujacy-komposter-3kg-2\/\" \/>\n<meta property=\"og:locale\" content=\"pl_PL\" \/>\n<meta property=\"og:type\" content=\"article\" \/>\n<meta property=\"og:title\" content=\"BIOPON Naw\u00f3z kompostuj\u0105cy Komposter 3kg - Selleetools.com\" \/>\n<meta property=\"og:description\" content=\"Naw\u00f3z przyszpieszaj\u0105cy kompostowanie BIOPON\u00a03 kg Preparat przeznaczony do przyspieszania rozk\u0142adu resztek organicznych pochodz\u0105cych z gospodarstw rolnych, domowych czy ogr\u00f3dk\u00f3w dzia\u0142kowych. Zawarto\u015b\u0107 odpowiednio dobranych mikroorganizm\u00f3w i enzym\u00f3w przyspiesza powstawanie kompostu, zapobiegaj\u0105c tym samym rozwojowi szkodliwych zwi\u0105zk\u00f3w. Spos\u00f3b u\u017cycia: &#8211; Utworzy\u0107 pryzm\u0119 o wymiarach 2 m x 2 m. &#8211; Uk\u0142ada\u0107 resztki organiczne warstwami. &#8211; Na ka\u017cde ... Read moreBIOPON Naw\u00f3z kompostuj\u0105cy Komposter 3kg\" \/>\n<meta property=\"og:url\" content=\"https:\/\/selleetools.com\/pl\/product\/biopon-nawoz-kompostujacy-komposter-3kg-2\/\" \/>\n<meta property=\"og:site_name\" content=\"Selleetools.com\" \/>\n<meta property=\"article:modified_time\" content=\"2026-05-10T09:46:29+00:00\" \/>\n<meta property=\"og:image\" content=\"https:\/\/selleetools.com\/wp-content\/uploads\/2026\/04\/6ae66a3cd9d0f29a1e4a0d370cbe8f92.jpg\" \/>\n\t<meta property=\"og:image:width\" content=\"862\" \/>\n\t<meta property=\"og:image:height\" content=\"1200\" \/>\n\t<meta property=\"og:image:type\" content=\"image\/jpeg\" \/>\n<meta name=\"twitter:card\" content=\"summary_large_image\" \/>\n<meta name=\"twitter:label1\" content=\"Est. reading time\" \/>\n\t<meta name=\"twitter:data1\" content=\"1 minuta\" \/>\n<!-- \/ Yoast SEO plugin. -->","yoast_head_json":{"title":"BIOPON Naw\u00f3z kompostuj\u0105cy Komposter 3kg - Selleetools.com","robots":{"index":"index","follow":"follow","max-snippet":"max-snippet:-1","max-image-preview":"max-image-preview:large","max-video-preview":"max-video-preview:-1"},"canonical":"https:\/\/selleetools.com\/pl\/product\/biopon-nawoz-kompostujacy-komposter-3kg-2\/","og_locale":"pl_PL","og_type":"article","og_title":"BIOPON Naw\u00f3z kompostuj\u0105cy Komposter 3kg - Selleetools.com","og_description":"Naw\u00f3z przyszpieszaj\u0105cy kompostowanie BIOPON\u00a03 kg Preparat przeznaczony do przyspieszania rozk\u0142adu resztek organicznych pochodz\u0105cych z gospodarstw rolnych, domowych czy ogr\u00f3dk\u00f3w dzia\u0142kowych. Zawarto\u015b\u0107 odpowiednio dobranych mikroorganizm\u00f3w i enzym\u00f3w przyspiesza powstawanie kompostu, zapobiegaj\u0105c tym samym rozwojowi szkodliwych zwi\u0105zk\u00f3w. Spos\u00f3b u\u017cycia: &#8211; Utworzy\u0107 pryzm\u0119 o wymiarach 2 m x 2 m. &#8211; Uk\u0142ada\u0107 resztki organiczne warstwami. &#8211; Na ka\u017cde ... Read moreBIOPON Naw\u00f3z kompostuj\u0105cy Komposter 3kg","og_url":"https:\/\/selleetools.com\/pl\/product\/biopon-nawoz-kompostujacy-komposter-3kg-2\/","og_site_name":"Selleetools.com","article_modified_time":"2026-05-10T09:46:29+00:00","og_image":[{"width":862,"height":1200,"url":"https:\/\/selleetools.com\/wp-content\/uploads\/2026\/04\/6ae66a3cd9d0f29a1e4a0d370cbe8f92.jpg","type":"image\/jpeg"}],"twitter_card":"summary_large_image","twitter_misc":{"Est. reading time":"1 minuta"},"schema":{"@context":"https:\/\/schema.org","@graph":[{"@type":"Organization","@id":"https:\/\/selleetools.com\/#organization","name":"Selleetools","url":"https:\/\/selleetools.com\/","sameAs":[],"logo":{"@type":"ImageObject","inLanguage":"pl-PL","@id":"https:\/\/selleetools.com\/#\/schema\/logo\/image\/","url":"https:\/\/selleetools.com\/wp-content\/uploads\/2021\/10\/logo-dark.png","contentUrl":"https:\/\/selleetools.com\/wp-content\/uploads\/2021\/10\/logo-dark.png","width":320,"height":76,"caption":"Selleetools"},"image":{"@id":"https:\/\/selleetools.com\/#\/schema\/logo\/image\/"}},{"@type":"WebSite","@id":"https:\/\/selleetools.com\/#website","url":"https:\/\/selleetools.com\/","name":"Selleetools.com","description":"","publisher":{"@id":"https:\/\/selleetools.com\/#organization"},"potentialAction":[{"@type":"SearchAction","target":{"@type":"EntryPoint","urlTemplate":"https:\/\/selleetools.com\/?s={search_term_string}"},"query-input":"required name=search_term_string"}],"inLanguage":"pl-PL"},{"@type":"WebPage","@id":"https:\/\/selleetools.com\/pl\/product\/biopon-nawoz-kompostujacy-komposter-3kg-2\/","url":"https:\/\/selleetools.com\/pl\/product\/biopon-nawoz-kompostujacy-komposter-3kg-2\/","name":"BIOPON Naw\u00f3z kompostuj\u0105cy Komposter 3kg - Selleetools.com","isPartOf":{"@id":"https:\/\/selleetools.com\/#website"},"datePublished":"2026-04-28T22:58:32+00:00","dateModified":"2026-05-10T09:46:29+00:00","breadcrumb":{"@id":"https:\/\/selleetools.com\/pl\/product\/biopon-nawoz-kompostujacy-komposter-3kg-2\/#breadcrumb"},"inLanguage":"pl-PL","potentialAction":[{"@type":"ReadAction","target":["https:\/\/selleetools.com\/pl\/product\/biopon-nawoz-kompostujacy-komposter-3kg-2\/"]}]},{"@type":"BreadcrumbList","@id":"https:\/\/selleetools.com\/pl\/product\/biopon-nawoz-kompostujacy-komposter-3kg-2\/#breadcrumb","itemListElement":[{"@type":"ListItem","position":1,"name":"Home","item":"https:\/\/selleetools.com\/pl\/"},{"@type":"ListItem","position":2,"name":"Katalog","item":"https:\/\/selleetools.com\/pl\/katalog\/"},{"@type":"ListItem","position":3,"name":"BIOPON Naw\u00f3z kompostuj\u0105cy Komposter 3kg"}]}]}},"_links":{"self":[{"href":"https:\/\/admincentral.selleetools.com\/pl\/wp-json\/wp\/v2\/product\/764641"}],"collection":[{"href":"https:\/\/admincentral.selleetools.com\/pl\/wp-json\/wp\/v2\/product"}],"about":[{"href":"https:\/\/admincentral.selleetools.com\/pl\/wp-json\/wp\/v2\/types\/product"}],"replies":[{"embeddable":true,"href":"https:\/\/admincentral.selleetools.com\/pl\/wp-json\/wp\/v2\/comments?post=764641"}],"wp:featuredmedia":[{"embeddable":true,"href":"https:\/\/admincentral.selleetools.com\/pl\/wp-json\/wp\/v2\/media\/764637"}],"wp:attachment":[{"href":"https:\/\/admincentral.selleetools.com\/pl\/wp-json\/wp\/v2\/media?parent=764641"}],"curies":[{"name":"wp","href":"https:\/\/api.w.org\/{rel}","templated":true}]}}