{"id":764646,"date":"2026-04-29T00:58:37","date_gmt":"2026-04-28T22:58:37","guid":{"rendered":"https:\/\/selleetools.com\/?post_type=product&#038;p=764646"},"modified":"2026-05-10T11:41:46","modified_gmt":"2026-05-10T09:41:46","slug":"lacznik-zawor-z-gwintem-3-4-ramp","status":"publish","type":"product","link":"https:\/\/admincentral.selleetools.com\/pl\/product\/lacznik-zawor-z-gwintem-3-4-ramp\/","title":{"rendered":"\u0141\u0105cznik, zaw\u00f3r z gwintem 3\/4&#8221; RAMP"},"content":{"rendered":"<p>\u0141\u0105cznik, zaw\u00f3r z gwintem 3\/4&#8221; RAMP (RT1121) Przy\u0142\u0105cze na kran 3\/4&#8243; z zaworem. \u0141\u0105cznik umo\u017cliwia \u0142atwe po\u0142\u0105czenie dw\u00f3ch element\u00f3w posiadaj\u0105cych gwint 3\/4&#8243;. Wbudowany zaw\u00f3r umo\u017cliwia odci\u0119cie dop\u0142ywu wody.Mo\u017cna wykorzysta\u0107 np do zbiornik\u00f3w na deszcz\u00f3wk\u0119. &#8211; gwint wewn\u0119trzny 3\/4&#8243; &#8211; gwint zewn\u0119trzny 3\/4&#8243; &#8211; zaw\u00f3r kulowy &#8211; d\u0142ugo\u015b\u0107 50 mm<\/p>\n<p>\u0141\u0105cznik, zaw\u00f3r z gwintem 3\/4&#8221; RAMP (RT1121) Przy\u0142\u0105cze na kran 3\/4&#8243; z zaworem. \u0141\u0105cznik umo\u017cliwia \u0142atwe po\u0142\u0105czenie dw\u00f3ch element\u00f3w posiadaj\u0105cych gwint 3\/4&#8243;. Wbudowany zaw\u00f3r umo\u017cliwia odci\u0119cie dop\u0142ywu wody.Mo\u017cna wykorzysta\u0107 np do zbiornik\u00f3w na deszcz\u00f3wk\u0119. &#8211; gwint wewn\u0119trzny 3\/4&#8243; &#8211; gwint zewn\u0119trzny 3\/4&#8243; &#8211; zaw\u00f3r kulowy &#8211; d\u0142ugo\u015b\u0107 50 mm<\/p>\n","protected":false},"excerpt":{"rendered":"<p>\u0141\u0105cznik, zaw\u00f3r z gwintem 3\/4&#8221; RAMP (RT1121) Przy\u0142\u0105cze na kran 3\/4&#8243; z zaworem. \u0141\u0105cznik umo\u017cliwia \u0142atwe po\u0142\u0105czenie dw\u00f3ch element\u00f3w posiadaj\u0105cych gwint 3\/4&#8243;. Wbudowany zaw\u00f3r umo\u017cliwia odci\u0119cie dop\u0142ywu wody.Mo\u017cna wykorzysta\u0107 np do zbiornik\u00f3w na deszcz\u00f3wk\u0119. &#8211; gwint wewn\u0119trzny 3\/4&#8243; &#8211; gwint zewn\u0119trzny 3\/4&#8243; &#8211; zaw\u00f3r kulowy &#8211; d\u0142ugo\u015b\u0107 50 mm \u0141\u0105cznik, zaw\u00f3r z gwintem 3\/4&#8221; RAMP &#8230; <a title=\"\u0141\u0105cznik, zaw\u00f3r z gwintem 3\/4&#8221; RAMP\" class=\"read-more\" href=\"https:\/\/admincentral.selleetools.com\/pl\/product\/lacznik-zawor-z-gwintem-3-4-ramp\/\">Read more<span class=\"screen-reader-text\">\u0141\u0105cznik, zaw\u00f3r z gwintem 3\/4&#8221; RAMP<\/span><\/a><\/p>\n","protected":false},"featured_media":764642,"comment_status":"closed","ping_status":"closed","template":"","meta":{"_links_to":"","_links_to_target":""},"yoast_head":"<!-- This site is optimized with the Yoast SEO plugin v19.4 - https:\/\/yoast.com\/wordpress\/plugins\/seo\/ -->\n<title>\u0141\u0105cznik, zaw\u00f3r z gwintem 3\/4&#039;&#039; RAMP - Selleetools.com<\/title>\n<meta name=\"robots\" content=\"index, follow, max-snippet:-1, max-image-preview:large, max-video-preview:-1\" \/>\n<link rel=\"canonical\" href=\"https:\/\/selleetools.com\/pl\/product\/lacznik-zawor-z-gwintem-3-4-ramp\/\" \/>\n<meta property=\"og:locale\" content=\"pl_PL\" \/>\n<meta property=\"og:type\" content=\"article\" \/>\n<meta property=\"og:title\" content=\"\u0141\u0105cznik, zaw\u00f3r z gwintem 3\/4&#039;&#039; RAMP - Selleetools.com\" \/>\n<meta property=\"og:description\" content=\"\u0141\u0105cznik, zaw\u00f3r z gwintem 3\/4&#8221; RAMP (RT1121) Przy\u0142\u0105cze na kran 3\/4&#8243; z zaworem. \u0141\u0105cznik umo\u017cliwia \u0142atwe po\u0142\u0105czenie dw\u00f3ch element\u00f3w posiadaj\u0105cych gwint 3\/4&#8243;. Wbudowany zaw\u00f3r umo\u017cliwia odci\u0119cie dop\u0142ywu wody.Mo\u017cna wykorzysta\u0107 np do zbiornik\u00f3w na deszcz\u00f3wk\u0119. &#8211; gwint wewn\u0119trzny 3\/4&#8243; &#8211; gwint zewn\u0119trzny 3\/4&#8243; &#8211; zaw\u00f3r kulowy &#8211; d\u0142ugo\u015b\u0107 50 mm \u0141\u0105cznik, zaw\u00f3r z gwintem 3\/4&#8221; RAMP ... Read more\u0141\u0105cznik, zaw\u00f3r z gwintem 3\/4&#8221; RAMP\" \/>\n<meta property=\"og:url\" content=\"https:\/\/selleetools.com\/pl\/product\/lacznik-zawor-z-gwintem-3-4-ramp\/\" \/>\n<meta property=\"og:site_name\" content=\"Selleetools.com\" \/>\n<meta property=\"article:modified_time\" content=\"2026-05-10T09:41:46+00:00\" \/>\n<meta property=\"og:image\" content=\"https:\/\/selleetools.com\/wp-content\/uploads\/2026\/04\/f4e82958319d9800e10119f41851be07.jpg\" \/>\n\t<meta property=\"og:image:width\" content=\"800\" \/>\n\t<meta property=\"og:image:height\" content=\"600\" \/>\n\t<meta property=\"og:image:type\" content=\"image\/jpeg\" \/>\n<meta name=\"twitter:card\" content=\"summary_large_image\" \/>\n<meta name=\"twitter:label1\" content=\"Est. reading time\" \/>\n\t<meta name=\"twitter:data1\" content=\"1 minuta\" \/>\n<!-- \/ Yoast SEO plugin. -->","yoast_head_json":{"title":"\u0141\u0105cznik, zaw\u00f3r z gwintem 3\/4'' RAMP - Selleetools.com","robots":{"index":"index","follow":"follow","max-snippet":"max-snippet:-1","max-image-preview":"max-image-preview:large","max-video-preview":"max-video-preview:-1"},"canonical":"https:\/\/selleetools.com\/pl\/product\/lacznik-zawor-z-gwintem-3-4-ramp\/","og_locale":"pl_PL","og_type":"article","og_title":"\u0141\u0105cznik, zaw\u00f3r z gwintem 3\/4'' RAMP - Selleetools.com","og_description":"\u0141\u0105cznik, zaw\u00f3r z gwintem 3\/4&#8221; RAMP (RT1121) Przy\u0142\u0105cze na kran 3\/4&#8243; z zaworem. \u0141\u0105cznik umo\u017cliwia \u0142atwe po\u0142\u0105czenie dw\u00f3ch element\u00f3w posiadaj\u0105cych gwint 3\/4&#8243;. Wbudowany zaw\u00f3r umo\u017cliwia odci\u0119cie dop\u0142ywu wody.Mo\u017cna wykorzysta\u0107 np do zbiornik\u00f3w na deszcz\u00f3wk\u0119. &#8211; gwint wewn\u0119trzny 3\/4&#8243; &#8211; gwint zewn\u0119trzny 3\/4&#8243; &#8211; zaw\u00f3r kulowy &#8211; d\u0142ugo\u015b\u0107 50 mm \u0141\u0105cznik, zaw\u00f3r z gwintem 3\/4&#8221; RAMP ... Read more\u0141\u0105cznik, zaw\u00f3r z gwintem 3\/4&#8221; RAMP","og_url":"https:\/\/selleetools.com\/pl\/product\/lacznik-zawor-z-gwintem-3-4-ramp\/","og_site_name":"Selleetools.com","article_modified_time":"2026-05-10T09:41:46+00:00","og_image":[{"width":800,"height":600,"url":"https:\/\/selleetools.com\/wp-content\/uploads\/2026\/04\/f4e82958319d9800e10119f41851be07.jpg","type":"image\/jpeg"}],"twitter_card":"summary_large_image","twitter_misc":{"Est. reading time":"1 minuta"},"schema":{"@context":"https:\/\/schema.org","@graph":[{"@type":"Organization","@id":"https:\/\/selleetools.com\/#organization","name":"Selleetools","url":"https:\/\/selleetools.com\/","sameAs":[],"logo":{"@type":"ImageObject","inLanguage":"pl-PL","@id":"https:\/\/selleetools.com\/#\/schema\/logo\/image\/","url":"https:\/\/selleetools.com\/wp-content\/uploads\/2021\/10\/logo-dark.png","contentUrl":"https:\/\/selleetools.com\/wp-content\/uploads\/2021\/10\/logo-dark.png","width":320,"height":76,"caption":"Selleetools"},"image":{"@id":"https:\/\/selleetools.com\/#\/schema\/logo\/image\/"}},{"@type":"WebSite","@id":"https:\/\/selleetools.com\/#website","url":"https:\/\/selleetools.com\/","name":"Selleetools.com","description":"","publisher":{"@id":"https:\/\/selleetools.com\/#organization"},"potentialAction":[{"@type":"SearchAction","target":{"@type":"EntryPoint","urlTemplate":"https:\/\/selleetools.com\/?s={search_term_string}"},"query-input":"required name=search_term_string"}],"inLanguage":"pl-PL"},{"@type":"WebPage","@id":"https:\/\/selleetools.com\/pl\/product\/lacznik-zawor-z-gwintem-3-4-ramp\/","url":"https:\/\/selleetools.com\/pl\/product\/lacznik-zawor-z-gwintem-3-4-ramp\/","name":"\u0141\u0105cznik, zaw\u00f3r z gwintem 3\/4'' RAMP - Selleetools.com","isPartOf":{"@id":"https:\/\/selleetools.com\/#website"},"datePublished":"2026-04-28T22:58:37+00:00","dateModified":"2026-05-10T09:41:46+00:00","breadcrumb":{"@id":"https:\/\/selleetools.com\/pl\/product\/lacznik-zawor-z-gwintem-3-4-ramp\/#breadcrumb"},"inLanguage":"pl-PL","potentialAction":[{"@type":"ReadAction","target":["https:\/\/selleetools.com\/pl\/product\/lacznik-zawor-z-gwintem-3-4-ramp\/"]}]},{"@type":"BreadcrumbList","@id":"https:\/\/selleetools.com\/pl\/product\/lacznik-zawor-z-gwintem-3-4-ramp\/#breadcrumb","itemListElement":[{"@type":"ListItem","position":1,"name":"Home","item":"https:\/\/selleetools.com\/pl\/"},{"@type":"ListItem","position":2,"name":"Katalog","item":"https:\/\/selleetools.com\/pl\/katalog\/"},{"@type":"ListItem","position":3,"name":"\u0141\u0105cznik, zaw\u00f3r z gwintem 3\/4&#8221; RAMP"}]}]}},"_links":{"self":[{"href":"https:\/\/admincentral.selleetools.com\/pl\/wp-json\/wp\/v2\/product\/764646"}],"collection":[{"href":"https:\/\/admincentral.selleetools.com\/pl\/wp-json\/wp\/v2\/product"}],"about":[{"href":"https:\/\/admincentral.selleetools.com\/pl\/wp-json\/wp\/v2\/types\/product"}],"replies":[{"embeddable":true,"href":"https:\/\/admincentral.selleetools.com\/pl\/wp-json\/wp\/v2\/comments?post=764646"}],"wp:featuredmedia":[{"embeddable":true,"href":"https:\/\/admincentral.selleetools.com\/pl\/wp-json\/wp\/v2\/media\/764642"}],"wp:attachment":[{"href":"https:\/\/admincentral.selleetools.com\/pl\/wp-json\/wp\/v2\/media?parent=764646"}],"curies":[{"name":"wp","href":"https:\/\/api.w.org\/{rel}","templated":true}]}}