{"id":764681,"date":"2026-04-29T00:59:04","date_gmt":"2026-04-28T22:59:04","guid":{"rendered":"https:\/\/selleetools.com\/?post_type=product&#038;p=764681"},"modified":"2026-05-10T11:42:01","modified_gmt":"2026-05-10T09:42:01","slug":"przylacze-z-zaworem-gw-gz-3-4-white-line","status":"publish","type":"product","link":"https:\/\/admincentral.selleetools.com\/pl\/product\/przylacze-z-zaworem-gw-gz-3-4-white-line\/","title":{"rendered":"Przy\u0142\u0105cze z zaworem GW\/GZ 3\/4&#8243; White Line"},"content":{"rendered":"<p>WHITE LINE Przy\u0142\u0105cze z zaworem GW\/GZ 3\/4 &#8211; przy\u0142\u0105cze na kran 3\/4&#8243; z zaworem, &#8211; dost\u0119pne w kolorze szaro-bia\u0142ym. Ka\u017cdy produkt z grupy WHITE LINE posiada przywieszk\u0119 z kodem kreskowym i opisem.<\/p>\n<p>WHITE LINE Przy\u0142\u0105cze z zaworem GW\/GZ 3\/4 &#8211; przy\u0142\u0105cze na kran 3\/4&#8243; z zaworem, &#8211; dost\u0119pne w kolorze szaro-bia\u0142ym. Ka\u017cdy produkt z grupy WHITE LINE posiada przywieszk\u0119 z kodem kreskowym i opisem.<\/p>\n","protected":false},"excerpt":{"rendered":"<p>WHITE LINE Przy\u0142\u0105cze z zaworem GW\/GZ 3\/4 &#8211; przy\u0142\u0105cze na kran 3\/4&#8243; z zaworem, &#8211; dost\u0119pne w kolorze szaro-bia\u0142ym. Ka\u017cdy produkt z grupy WHITE LINE posiada przywieszk\u0119 z kodem kreskowym i opisem. WHITE LINE Przy\u0142\u0105cze z zaworem GW\/GZ 3\/4 &#8211; przy\u0142\u0105cze na kran 3\/4&#8243; z zaworem, &#8211; dost\u0119pne w kolorze szaro-bia\u0142ym. Ka\u017cdy produkt z grupy &#8230; <a title=\"Przy\u0142\u0105cze z zaworem GW\/GZ 3\/4&#8243; White Line\" class=\"read-more\" href=\"https:\/\/admincentral.selleetools.com\/pl\/product\/przylacze-z-zaworem-gw-gz-3-4-white-line\/\">Read more<span class=\"screen-reader-text\">Przy\u0142\u0105cze z zaworem GW\/GZ 3\/4&#8243; White Line<\/span><\/a><\/p>\n","protected":false},"featured_media":764677,"comment_status":"closed","ping_status":"closed","template":"","meta":{"_links_to":"","_links_to_target":""},"yoast_head":"<!-- This site is optimized with the Yoast SEO plugin v19.4 - https:\/\/yoast.com\/wordpress\/plugins\/seo\/ -->\n<title>Przy\u0142\u0105cze z zaworem GW\/GZ 3\/4&quot; White Line - Selleetools.com<\/title>\n<meta name=\"robots\" content=\"index, follow, max-snippet:-1, max-image-preview:large, max-video-preview:-1\" \/>\n<link rel=\"canonical\" href=\"https:\/\/selleetools.com\/pl\/product\/przylacze-z-zaworem-gw-gz-3-4-white-line\/\" \/>\n<meta property=\"og:locale\" content=\"pl_PL\" \/>\n<meta property=\"og:type\" content=\"article\" \/>\n<meta property=\"og:title\" content=\"Przy\u0142\u0105cze z zaworem GW\/GZ 3\/4&quot; White Line - Selleetools.com\" \/>\n<meta property=\"og:description\" content=\"WHITE LINE Przy\u0142\u0105cze z zaworem GW\/GZ 3\/4 &#8211; przy\u0142\u0105cze na kran 3\/4&#8243; z zaworem, &#8211; dost\u0119pne w kolorze szaro-bia\u0142ym. Ka\u017cdy produkt z grupy WHITE LINE posiada przywieszk\u0119 z kodem kreskowym i opisem. WHITE LINE Przy\u0142\u0105cze z zaworem GW\/GZ 3\/4 &#8211; przy\u0142\u0105cze na kran 3\/4&#8243; z zaworem, &#8211; dost\u0119pne w kolorze szaro-bia\u0142ym. Ka\u017cdy produkt z grupy ... Read morePrzy\u0142\u0105cze z zaworem GW\/GZ 3\/4&#8243; White Line\" \/>\n<meta property=\"og:url\" content=\"https:\/\/selleetools.com\/pl\/product\/przylacze-z-zaworem-gw-gz-3-4-white-line\/\" \/>\n<meta property=\"og:site_name\" content=\"Selleetools.com\" \/>\n<meta property=\"article:modified_time\" content=\"2026-05-10T09:42:01+00:00\" \/>\n<meta property=\"og:image\" content=\"https:\/\/selleetools.com\/wp-content\/uploads\/2026\/04\/fe8c352d2587c5fb633ef511037308f1.jpg\" \/>\n\t<meta property=\"og:image:width\" content=\"1212\" \/>\n\t<meta property=\"og:image:height\" content=\"888\" \/>\n\t<meta property=\"og:image:type\" content=\"image\/jpeg\" \/>\n<meta name=\"twitter:card\" content=\"summary_large_image\" \/>\n<!-- \/ Yoast SEO plugin. -->","yoast_head_json":{"title":"Przy\u0142\u0105cze z zaworem GW\/GZ 3\/4\" White Line - Selleetools.com","robots":{"index":"index","follow":"follow","max-snippet":"max-snippet:-1","max-image-preview":"max-image-preview:large","max-video-preview":"max-video-preview:-1"},"canonical":"https:\/\/selleetools.com\/pl\/product\/przylacze-z-zaworem-gw-gz-3-4-white-line\/","og_locale":"pl_PL","og_type":"article","og_title":"Przy\u0142\u0105cze z zaworem GW\/GZ 3\/4\" White Line - Selleetools.com","og_description":"WHITE LINE Przy\u0142\u0105cze z zaworem GW\/GZ 3\/4 &#8211; przy\u0142\u0105cze na kran 3\/4&#8243; z zaworem, &#8211; dost\u0119pne w kolorze szaro-bia\u0142ym. Ka\u017cdy produkt z grupy WHITE LINE posiada przywieszk\u0119 z kodem kreskowym i opisem. WHITE LINE Przy\u0142\u0105cze z zaworem GW\/GZ 3\/4 &#8211; przy\u0142\u0105cze na kran 3\/4&#8243; z zaworem, &#8211; dost\u0119pne w kolorze szaro-bia\u0142ym. Ka\u017cdy produkt z grupy ... Read morePrzy\u0142\u0105cze z zaworem GW\/GZ 3\/4&#8243; White Line","og_url":"https:\/\/selleetools.com\/pl\/product\/przylacze-z-zaworem-gw-gz-3-4-white-line\/","og_site_name":"Selleetools.com","article_modified_time":"2026-05-10T09:42:01+00:00","og_image":[{"width":1212,"height":888,"url":"https:\/\/selleetools.com\/wp-content\/uploads\/2026\/04\/fe8c352d2587c5fb633ef511037308f1.jpg","type":"image\/jpeg"}],"twitter_card":"summary_large_image","schema":{"@context":"https:\/\/schema.org","@graph":[{"@type":"Organization","@id":"https:\/\/selleetools.com\/#organization","name":"Selleetools","url":"https:\/\/selleetools.com\/","sameAs":[],"logo":{"@type":"ImageObject","inLanguage":"pl-PL","@id":"https:\/\/selleetools.com\/#\/schema\/logo\/image\/","url":"https:\/\/selleetools.com\/wp-content\/uploads\/2021\/10\/logo-dark.png","contentUrl":"https:\/\/selleetools.com\/wp-content\/uploads\/2021\/10\/logo-dark.png","width":320,"height":76,"caption":"Selleetools"},"image":{"@id":"https:\/\/selleetools.com\/#\/schema\/logo\/image\/"}},{"@type":"WebSite","@id":"https:\/\/selleetools.com\/#website","url":"https:\/\/selleetools.com\/","name":"Selleetools.com","description":"","publisher":{"@id":"https:\/\/selleetools.com\/#organization"},"potentialAction":[{"@type":"SearchAction","target":{"@type":"EntryPoint","urlTemplate":"https:\/\/selleetools.com\/?s={search_term_string}"},"query-input":"required name=search_term_string"}],"inLanguage":"pl-PL"},{"@type":"WebPage","@id":"https:\/\/selleetools.com\/pl\/product\/przylacze-z-zaworem-gw-gz-3-4-white-line\/","url":"https:\/\/selleetools.com\/pl\/product\/przylacze-z-zaworem-gw-gz-3-4-white-line\/","name":"Przy\u0142\u0105cze z zaworem GW\/GZ 3\/4\" White Line - Selleetools.com","isPartOf":{"@id":"https:\/\/selleetools.com\/#website"},"datePublished":"2026-04-28T22:59:04+00:00","dateModified":"2026-05-10T09:42:01+00:00","breadcrumb":{"@id":"https:\/\/selleetools.com\/pl\/product\/przylacze-z-zaworem-gw-gz-3-4-white-line\/#breadcrumb"},"inLanguage":"pl-PL","potentialAction":[{"@type":"ReadAction","target":["https:\/\/selleetools.com\/pl\/product\/przylacze-z-zaworem-gw-gz-3-4-white-line\/"]}]},{"@type":"BreadcrumbList","@id":"https:\/\/selleetools.com\/pl\/product\/przylacze-z-zaworem-gw-gz-3-4-white-line\/#breadcrumb","itemListElement":[{"@type":"ListItem","position":1,"name":"Home","item":"https:\/\/selleetools.com\/pl\/"},{"@type":"ListItem","position":2,"name":"Katalog","item":"https:\/\/selleetools.com\/pl\/katalog\/"},{"@type":"ListItem","position":3,"name":"Przy\u0142\u0105cze z zaworem GW\/GZ 3\/4&#8243; White Line"}]}]}},"_links":{"self":[{"href":"https:\/\/admincentral.selleetools.com\/pl\/wp-json\/wp\/v2\/product\/764681"}],"collection":[{"href":"https:\/\/admincentral.selleetools.com\/pl\/wp-json\/wp\/v2\/product"}],"about":[{"href":"https:\/\/admincentral.selleetools.com\/pl\/wp-json\/wp\/v2\/types\/product"}],"replies":[{"embeddable":true,"href":"https:\/\/admincentral.selleetools.com\/pl\/wp-json\/wp\/v2\/comments?post=764681"}],"wp:featuredmedia":[{"embeddable":true,"href":"https:\/\/admincentral.selleetools.com\/pl\/wp-json\/wp\/v2\/media\/764677"}],"wp:attachment":[{"href":"https:\/\/admincentral.selleetools.com\/pl\/wp-json\/wp\/v2\/media?parent=764681"}],"curies":[{"name":"wp","href":"https:\/\/api.w.org\/{rel}","templated":true}]}}