{"id":766465,"date":"2026-04-29T01:13:59","date_gmt":"2026-04-28T23:13:59","guid":{"rendered":"https:\/\/selleetools.com\/?post_type=product&#038;p=766465"},"modified":"2026-05-10T13:52:26","modified_gmt":"2026-05-10T11:52:26","slug":"ziemia-uniwersalna-arex-60l","status":"publish","type":"product","link":"https:\/\/admincentral.selleetools.com\/pl\/product\/ziemia-uniwersalna-arex-60l\/","title":{"rendered":"Ziemia uniwersalna Arex | 60l"},"content":{"rendered":"<section class=\"section\">\n<div class=\"item item-6\">\n<section class=\"text-item\">\n<h1>Ziemia uniwersalna Arex\u00a0&#8211; 60l<\/h1>\n<p><b>Ziemia uniwersalna przeznaczona do uprawy kwiat\u00f3w:<\/b><\/p>\n<ul>\n<li>doniczkowych,<\/li>\n<li>balkonowych<\/li>\n<li>rabatowych.<\/li>\n<\/ul>\n<p><b>Ziemia uszlachetniona nawozem idealnie nadaje si\u0119 do:<\/b><\/p>\n<ul>\n<li>upraw pod os\u0142onami,<\/li>\n<li>na dzia\u0142k\u0119,<\/li>\n<li>na balkony,<\/li>\n<li>do ro\u015blin domowych.<\/li>\n<\/ul>\n<p><b>Doskonale nadaje si\u0119 r\u00f3wnie\u017c:<\/b><\/p>\n<ul>\n<li>pod zapraw\u0119 do\u0142k\u00f3w pod krzewy i drzewka,<\/li>\n<li>tak\u017ce do hobbystycznej uprawy ro\u015blin zielonych i kwitn\u0105cych<\/li>\n<\/ul>\n<p>Polecana dla ro\u015blin o \u015brednich wymaganiach pokarmowych, z wyj\u0105tkiem ro\u015blin kwa\u015bnolubnych, takich jak azalie czy rododendrony.<\/p>\n<p>Starannie dobrane proporcje sk\u0142adnik\u00f3w od\u017cywczych gwarantuj\u0105 ro\u015blinom optymalne warunki rozwoju. W efekcie ro\u015bliny:<\/p>\n<ul>\n<li>obficiej kwitn\u0105,<\/li>\n<li>dostarczaj\u0105 wi\u0119ksze plony<\/li>\n<li>dostarczaj\u0105 wi\u0119ksz\u0105 ilo\u015bci biomasy.<\/li>\n<\/ul>\n<p><b>Warto\u015b\u0107 pH: 5,5-6,5<\/b>.<\/p>\n<\/section>\n<\/div>\n<div class=\"item item-6\">\n<section class=\"image-item\"><img src=\"https:\/\/upload.cdn.baselinker.com\/products\/3011337\/34154b548c9ab67750c065298b8e22a7.jpg\" \/><\/section>\n<\/div>\n<\/section>\n<p>Ziemia uniwersalna Arex &#8211; 60l Ziemia uniwersalna przeznaczona do uprawy kwiat\u00f3w: &#8211; doniczkowych, &#8211; balkonowych &#8211; rabatowych. Doskonale nadaje si\u0119 pod zapraw\u0119 do\u0142k\u00f3w pod krzewy i drzewka, a tak\u017ce do hobbystycznej uprawy rozsad i warzyw. Po\u0142\u0105czenie r\u00f3\u017cnych rodzaj\u00f3w torf\u00f3w z aminokwasami gwarantuje idealnie dostosowan\u0105 biostymulacj\u0119 systemu korzeniowego. Polecana dla ro\u015blin o \u015brednich wymaganiach pokarmowych, z wyj\u0105tkiem ro\u015blin kwa\u015bnolubnych, takich jak azalie czy rododendrony. Starannie dobrane proporcje sk\u0142adnik\u00f3w od\u017cywczych gwarantuj\u0105 ro\u015blinom optymalne warunki rozwoju. W efekcie ro\u015bliny obficiej kwitn\u0105, dostarczaj\u0105 wi\u0119ksze plony oraz dostarczaj\u0105 wi\u0119ksz\u0105 ilo\u015bci biomasy. Warto\u015b\u0107 pH: 5,5-6,5. Pojemno\u015b\u0107 &#8211; 60l<\/p>\n","protected":false},"excerpt":{"rendered":"<p>Ziemia uniwersalna Arex\u00a0&#8211; 60l Ziemia uniwersalna przeznaczona do uprawy kwiat\u00f3w: doniczkowych, balkonowych rabatowych. Ziemia uszlachetniona nawozem idealnie nadaje si\u0119 do: upraw pod os\u0142onami, na dzia\u0142k\u0119, na balkony, do ro\u015blin domowych. Doskonale nadaje si\u0119 r\u00f3wnie\u017c: pod zapraw\u0119 do\u0142k\u00f3w pod krzewy i drzewka, tak\u017ce do hobbystycznej uprawy ro\u015blin zielonych i kwitn\u0105cych Polecana dla ro\u015blin o \u015brednich wymaganiach &#8230; <a title=\"Ziemia uniwersalna Arex | 60l\" class=\"read-more\" href=\"https:\/\/admincentral.selleetools.com\/pl\/product\/ziemia-uniwersalna-arex-60l\/\">Read more<span class=\"screen-reader-text\">Ziemia uniwersalna Arex | 60l<\/span><\/a><\/p>\n","protected":false},"featured_media":766463,"comment_status":"closed","ping_status":"closed","template":"","meta":{"_links_to":"","_links_to_target":""},"yoast_head":"<!-- This site is optimized with the Yoast SEO plugin v19.4 - https:\/\/yoast.com\/wordpress\/plugins\/seo\/ -->\n<title>Ziemia uniwersalna Arex | 60l - Selleetools.com<\/title>\n<meta name=\"robots\" content=\"index, follow, max-snippet:-1, max-image-preview:large, max-video-preview:-1\" \/>\n<link rel=\"canonical\" href=\"https:\/\/selleetools.com\/pl\/product\/ziemia-uniwersalna-arex-60l\/\" \/>\n<meta property=\"og:locale\" content=\"pl_PL\" \/>\n<meta property=\"og:type\" content=\"article\" \/>\n<meta property=\"og:title\" content=\"Ziemia uniwersalna Arex | 60l - Selleetools.com\" \/>\n<meta property=\"og:description\" content=\"Ziemia uniwersalna Arex\u00a0&#8211; 60l Ziemia uniwersalna przeznaczona do uprawy kwiat\u00f3w: doniczkowych, balkonowych rabatowych. Ziemia uszlachetniona nawozem idealnie nadaje si\u0119 do: upraw pod os\u0142onami, na dzia\u0142k\u0119, na balkony, do ro\u015blin domowych. Doskonale nadaje si\u0119 r\u00f3wnie\u017c: pod zapraw\u0119 do\u0142k\u00f3w pod krzewy i drzewka, tak\u017ce do hobbystycznej uprawy ro\u015blin zielonych i kwitn\u0105cych Polecana dla ro\u015blin o \u015brednich wymaganiach ... Read moreZiemia uniwersalna Arex | 60l\" \/>\n<meta property=\"og:url\" content=\"https:\/\/selleetools.com\/pl\/product\/ziemia-uniwersalna-arex-60l\/\" \/>\n<meta property=\"og:site_name\" content=\"Selleetools.com\" \/>\n<meta property=\"article:modified_time\" content=\"2026-05-10T11:52:26+00:00\" \/>\n<meta property=\"og:image\" content=\"https:\/\/selleetools.com\/wp-content\/uploads\/2026\/04\/34154b548c9ab67750c065298b8e22a7.jpg\" \/>\n\t<meta property=\"og:image:width\" content=\"2560\" \/>\n\t<meta property=\"og:image:height\" content=\"2560\" \/>\n\t<meta property=\"og:image:type\" content=\"image\/jpeg\" \/>\n<meta name=\"twitter:card\" content=\"summary_large_image\" \/>\n<meta name=\"twitter:label1\" content=\"Est. reading time\" \/>\n\t<meta name=\"twitter:data1\" content=\"1 minuta\" \/>\n<!-- \/ Yoast SEO plugin. -->","yoast_head_json":{"title":"Ziemia uniwersalna Arex | 60l - Selleetools.com","robots":{"index":"index","follow":"follow","max-snippet":"max-snippet:-1","max-image-preview":"max-image-preview:large","max-video-preview":"max-video-preview:-1"},"canonical":"https:\/\/selleetools.com\/pl\/product\/ziemia-uniwersalna-arex-60l\/","og_locale":"pl_PL","og_type":"article","og_title":"Ziemia uniwersalna Arex | 60l - Selleetools.com","og_description":"Ziemia uniwersalna Arex\u00a0&#8211; 60l Ziemia uniwersalna przeznaczona do uprawy kwiat\u00f3w: doniczkowych, balkonowych rabatowych. Ziemia uszlachetniona nawozem idealnie nadaje si\u0119 do: upraw pod os\u0142onami, na dzia\u0142k\u0119, na balkony, do ro\u015blin domowych. Doskonale nadaje si\u0119 r\u00f3wnie\u017c: pod zapraw\u0119 do\u0142k\u00f3w pod krzewy i drzewka, tak\u017ce do hobbystycznej uprawy ro\u015blin zielonych i kwitn\u0105cych Polecana dla ro\u015blin o \u015brednich wymaganiach ... Read moreZiemia uniwersalna Arex | 60l","og_url":"https:\/\/selleetools.com\/pl\/product\/ziemia-uniwersalna-arex-60l\/","og_site_name":"Selleetools.com","article_modified_time":"2026-05-10T11:52:26+00:00","og_image":[{"width":2560,"height":2560,"url":"https:\/\/selleetools.com\/wp-content\/uploads\/2026\/04\/34154b548c9ab67750c065298b8e22a7.jpg","type":"image\/jpeg"}],"twitter_card":"summary_large_image","twitter_misc":{"Est. reading time":"1 minuta"},"schema":{"@context":"https:\/\/schema.org","@graph":[{"@type":"Organization","@id":"https:\/\/selleetools.com\/#organization","name":"Selleetools","url":"https:\/\/selleetools.com\/","sameAs":[],"logo":{"@type":"ImageObject","inLanguage":"pl-PL","@id":"https:\/\/selleetools.com\/#\/schema\/logo\/image\/","url":"https:\/\/selleetools.com\/wp-content\/uploads\/2021\/10\/logo-dark.png","contentUrl":"https:\/\/selleetools.com\/wp-content\/uploads\/2021\/10\/logo-dark.png","width":320,"height":76,"caption":"Selleetools"},"image":{"@id":"https:\/\/selleetools.com\/#\/schema\/logo\/image\/"}},{"@type":"WebSite","@id":"https:\/\/selleetools.com\/#website","url":"https:\/\/selleetools.com\/","name":"Selleetools.com","description":"","publisher":{"@id":"https:\/\/selleetools.com\/#organization"},"potentialAction":[{"@type":"SearchAction","target":{"@type":"EntryPoint","urlTemplate":"https:\/\/selleetools.com\/?s={search_term_string}"},"query-input":"required name=search_term_string"}],"inLanguage":"pl-PL"},{"@type":"WebPage","@id":"https:\/\/selleetools.com\/pl\/product\/ziemia-uniwersalna-arex-60l\/","url":"https:\/\/selleetools.com\/pl\/product\/ziemia-uniwersalna-arex-60l\/","name":"Ziemia uniwersalna Arex | 60l - Selleetools.com","isPartOf":{"@id":"https:\/\/selleetools.com\/#website"},"datePublished":"2026-04-28T23:13:59+00:00","dateModified":"2026-05-10T11:52:26+00:00","breadcrumb":{"@id":"https:\/\/selleetools.com\/pl\/product\/ziemia-uniwersalna-arex-60l\/#breadcrumb"},"inLanguage":"pl-PL","potentialAction":[{"@type":"ReadAction","target":["https:\/\/selleetools.com\/pl\/product\/ziemia-uniwersalna-arex-60l\/"]}]},{"@type":"BreadcrumbList","@id":"https:\/\/selleetools.com\/pl\/product\/ziemia-uniwersalna-arex-60l\/#breadcrumb","itemListElement":[{"@type":"ListItem","position":1,"name":"Home","item":"https:\/\/selleetools.com\/pl\/"},{"@type":"ListItem","position":2,"name":"Katalog","item":"https:\/\/selleetools.com\/pl\/katalog\/"},{"@type":"ListItem","position":3,"name":"Ziemia uniwersalna Arex | 60l"}]}]}},"_links":{"self":[{"href":"https:\/\/admincentral.selleetools.com\/pl\/wp-json\/wp\/v2\/product\/766465"}],"collection":[{"href":"https:\/\/admincentral.selleetools.com\/pl\/wp-json\/wp\/v2\/product"}],"about":[{"href":"https:\/\/admincentral.selleetools.com\/pl\/wp-json\/wp\/v2\/types\/product"}],"replies":[{"embeddable":true,"href":"https:\/\/admincentral.selleetools.com\/pl\/wp-json\/wp\/v2\/comments?post=766465"}],"wp:featuredmedia":[{"embeddable":true,"href":"https:\/\/admincentral.selleetools.com\/pl\/wp-json\/wp\/v2\/media\/766463"}],"wp:attachment":[{"href":"https:\/\/admincentral.selleetools.com\/pl\/wp-json\/wp\/v2\/media?parent=766465"}],"curies":[{"name":"wp","href":"https:\/\/api.w.org\/{rel}","templated":true}]}}