{"id":766645,"date":"2026-04-29T01:15:50","date_gmt":"2026-04-28T23:15:50","guid":{"rendered":"https:\/\/selleetools.com\/?post_type=product&#038;p=766645"},"modified":"2026-05-10T13:59:50","modified_gmt":"2026-05-10T11:59:50","slug":"doniczka-coubi-dupp240-z-podstawka-bialy","status":"publish","type":"product","link":"https:\/\/admincentral.selleetools.com\/pl\/product\/doniczka-coubi-dupp240-z-podstawka-bialy\/","title":{"rendered":"Doniczka COUBI DUPP240 z podstawk\u0105 | Bia\u0142y"},"content":{"rendered":"<p>Specyfikacja: &#8211; d\u0142ugo\u015b\u0107 &#8211; 24 cm &#8211; szeroko\u015b\u0107 &#8211; 12 cm &#8211; wysoko\u015b\u0107 &#8211; 10,5 cm &#8211; pojemno\u015b\u0107 &#8211; 2,5 l &#8211; materia\u0142 &#8211; tworzywo sztuczne &#8211; waga &#8211; 0,14 kg Doniczka COUBI DUPP jest niezwykle pojemna, lekka oraz co najwa\u017cniejsze\u00a0uniwersalna &#8211; \u00a0przeznaczona do uprawy ro\u015blin ozdobnych jak r\u00f3wnie\u017c do\u00a0zi\u00f3\u0142, takich jak: &#8211; bazylia, &#8211; tymianek, &#8211; rozmaryn, &#8211; szczypiorek, &#8211; lawenda. Doniczka o bardzo nowoczesnym designie. Dzi\u0119ki g\u0142adkim, b\u0142yszcz\u0105cym \u015bciankom doniczki tej serii dodadz\u0105 ka\u017cdemu wn\u0119trzu stylu i elegancji. Wykonane z wysokiej jako\u015bci tworzywa sztucznego, odpornego na warunki atmosferyczne oraz promienie UV. Produkt z przeznaczeniem do wewn\u0105trz oraz na zewn\u0105trz budynk\u00f3w. Zestaw zawiera: &#8211; doniczk\u0119 COUBI DUP240 &#8211; podstawk\u0119 240P<\/p>\n<p>Specyfikacja: &#8211; d\u0142ugo\u015b\u0107 &#8211; 24 cm &#8211; szeroko\u015b\u0107 &#8211; 12 cm &#8211; wysoko\u015b\u0107 &#8211; 10,5 cm &#8211; pojemno\u015b\u0107 &#8211; 2,5 l &#8211; materia\u0142 &#8211; tworzywo sztuczne &#8211; waga &#8211; 0,14 kg Doniczka COUBI DUPP jest niezwykle pojemna, lekka oraz co najwa\u017cniejsze\u00a0uniwersalna &#8211; \u00a0przeznaczona do uprawy ro\u015blin ozdobnych jak r\u00f3wnie\u017c do\u00a0zi\u00f3\u0142, takich jak: &#8211; bazylia, &#8211; tymianek, &#8211; rozmaryn, &#8211; szczypiorek, &#8211; lawenda. Doniczka o bardzo nowoczesnym designie. Dzi\u0119ki g\u0142adkim, b\u0142yszcz\u0105cym \u015bciankom doniczki tej serii dodadz\u0105 ka\u017cdemu wn\u0119trzu stylu i elegancji. Wykonane z wysokiej jako\u015bci tworzywa sztucznego, odpornego na warunki atmosferyczne oraz promienie UV. Produkt z przeznaczeniem do wewn\u0105trz oraz na zewn\u0105trz budynk\u00f3w. Zestaw zawiera: &#8211; doniczk\u0119 COUBI DUP240 &#8211; podstawk\u0119 240P<\/p>\n","protected":false},"excerpt":{"rendered":"<p>Specyfikacja: &#8211; d\u0142ugo\u015b\u0107 &#8211; 24 cm &#8211; szeroko\u015b\u0107 &#8211; 12 cm &#8211; wysoko\u015b\u0107 &#8211; 10,5 cm &#8211; pojemno\u015b\u0107 &#8211; 2,5 l &#8211; materia\u0142 &#8211; tworzywo sztuczne &#8211; waga &#8211; 0,14 kg Doniczka COUBI DUPP jest niezwykle pojemna, lekka oraz co najwa\u017cniejsze\u00a0uniwersalna &#8211; \u00a0przeznaczona do uprawy ro\u015blin ozdobnych jak r\u00f3wnie\u017c do\u00a0zi\u00f3\u0142, takich jak: &#8211; bazylia, &#8211; &#8230; <a title=\"Doniczka COUBI DUPP240 z podstawk\u0105 | Bia\u0142y\" class=\"read-more\" href=\"https:\/\/admincentral.selleetools.com\/pl\/product\/doniczka-coubi-dupp240-z-podstawka-bialy\/\">Read more<span class=\"screen-reader-text\">Doniczka COUBI DUPP240 z podstawk\u0105 | Bia\u0142y<\/span><\/a><\/p>\n","protected":false},"featured_media":766639,"comment_status":"closed","ping_status":"closed","template":"","meta":{"_links_to":"","_links_to_target":""},"yoast_head":"<!-- This site is optimized with the Yoast SEO plugin v19.4 - https:\/\/yoast.com\/wordpress\/plugins\/seo\/ -->\n<title>Doniczka COUBI DUPP240 z podstawk\u0105 | Bia\u0142y - Selleetools.com<\/title>\n<meta name=\"robots\" content=\"index, follow, max-snippet:-1, max-image-preview:large, max-video-preview:-1\" \/>\n<link rel=\"canonical\" href=\"https:\/\/selleetools.com\/pl\/product\/doniczka-coubi-dupp240-z-podstawka-bialy\/\" \/>\n<meta property=\"og:locale\" content=\"pl_PL\" \/>\n<meta property=\"og:type\" content=\"article\" \/>\n<meta property=\"og:title\" content=\"Doniczka COUBI DUPP240 z podstawk\u0105 | Bia\u0142y - Selleetools.com\" \/>\n<meta property=\"og:description\" content=\"Specyfikacja: &#8211; d\u0142ugo\u015b\u0107 &#8211; 24 cm &#8211; szeroko\u015b\u0107 &#8211; 12 cm &#8211; wysoko\u015b\u0107 &#8211; 10,5 cm &#8211; pojemno\u015b\u0107 &#8211; 2,5 l &#8211; materia\u0142 &#8211; tworzywo sztuczne &#8211; waga &#8211; 0,14 kg Doniczka COUBI DUPP jest niezwykle pojemna, lekka oraz co najwa\u017cniejsze\u00a0uniwersalna &#8211; \u00a0przeznaczona do uprawy ro\u015blin ozdobnych jak r\u00f3wnie\u017c do\u00a0zi\u00f3\u0142, takich jak: &#8211; bazylia, &#8211; ... Read moreDoniczka COUBI DUPP240 z podstawk\u0105 | Bia\u0142y\" \/>\n<meta property=\"og:url\" content=\"https:\/\/selleetools.com\/pl\/product\/doniczka-coubi-dupp240-z-podstawka-bialy\/\" \/>\n<meta property=\"og:site_name\" content=\"Selleetools.com\" \/>\n<meta property=\"article:modified_time\" content=\"2026-05-10T11:59:50+00:00\" \/>\n<meta property=\"og:image\" content=\"https:\/\/selleetools.com\/wp-content\/uploads\/2026\/04\/7dda82ce227a8199473fd641deee1e72.jpg\" \/>\n\t<meta property=\"og:image:width\" content=\"1800\" \/>\n\t<meta property=\"og:image:height\" content=\"1350\" \/>\n\t<meta property=\"og:image:type\" content=\"image\/jpeg\" \/>\n<meta name=\"twitter:card\" content=\"summary_large_image\" \/>\n<meta name=\"twitter:label1\" content=\"Est. reading time\" \/>\n\t<meta name=\"twitter:data1\" content=\"1 minuta\" \/>\n<!-- \/ Yoast SEO plugin. -->","yoast_head_json":{"title":"Doniczka COUBI DUPP240 z podstawk\u0105 | Bia\u0142y - Selleetools.com","robots":{"index":"index","follow":"follow","max-snippet":"max-snippet:-1","max-image-preview":"max-image-preview:large","max-video-preview":"max-video-preview:-1"},"canonical":"https:\/\/selleetools.com\/pl\/product\/doniczka-coubi-dupp240-z-podstawka-bialy\/","og_locale":"pl_PL","og_type":"article","og_title":"Doniczka COUBI DUPP240 z podstawk\u0105 | Bia\u0142y - Selleetools.com","og_description":"Specyfikacja: &#8211; d\u0142ugo\u015b\u0107 &#8211; 24 cm &#8211; szeroko\u015b\u0107 &#8211; 12 cm &#8211; wysoko\u015b\u0107 &#8211; 10,5 cm &#8211; pojemno\u015b\u0107 &#8211; 2,5 l &#8211; materia\u0142 &#8211; tworzywo sztuczne &#8211; waga &#8211; 0,14 kg Doniczka COUBI DUPP jest niezwykle pojemna, lekka oraz co najwa\u017cniejsze\u00a0uniwersalna &#8211; \u00a0przeznaczona do uprawy ro\u015blin ozdobnych jak r\u00f3wnie\u017c do\u00a0zi\u00f3\u0142, takich jak: &#8211; bazylia, &#8211; ... Read moreDoniczka COUBI DUPP240 z podstawk\u0105 | Bia\u0142y","og_url":"https:\/\/selleetools.com\/pl\/product\/doniczka-coubi-dupp240-z-podstawka-bialy\/","og_site_name":"Selleetools.com","article_modified_time":"2026-05-10T11:59:50+00:00","og_image":[{"width":1800,"height":1350,"url":"https:\/\/selleetools.com\/wp-content\/uploads\/2026\/04\/7dda82ce227a8199473fd641deee1e72.jpg","type":"image\/jpeg"}],"twitter_card":"summary_large_image","twitter_misc":{"Est. reading time":"1 minuta"},"schema":{"@context":"https:\/\/schema.org","@graph":[{"@type":"Organization","@id":"https:\/\/selleetools.com\/#organization","name":"Selleetools","url":"https:\/\/selleetools.com\/","sameAs":[],"logo":{"@type":"ImageObject","inLanguage":"pl-PL","@id":"https:\/\/selleetools.com\/#\/schema\/logo\/image\/","url":"https:\/\/selleetools.com\/wp-content\/uploads\/2021\/10\/logo-dark.png","contentUrl":"https:\/\/selleetools.com\/wp-content\/uploads\/2021\/10\/logo-dark.png","width":320,"height":76,"caption":"Selleetools"},"image":{"@id":"https:\/\/selleetools.com\/#\/schema\/logo\/image\/"}},{"@type":"WebSite","@id":"https:\/\/selleetools.com\/#website","url":"https:\/\/selleetools.com\/","name":"Selleetools.com","description":"","publisher":{"@id":"https:\/\/selleetools.com\/#organization"},"potentialAction":[{"@type":"SearchAction","target":{"@type":"EntryPoint","urlTemplate":"https:\/\/selleetools.com\/?s={search_term_string}"},"query-input":"required name=search_term_string"}],"inLanguage":"pl-PL"},{"@type":"WebPage","@id":"https:\/\/selleetools.com\/pl\/product\/doniczka-coubi-dupp240-z-podstawka-bialy\/","url":"https:\/\/selleetools.com\/pl\/product\/doniczka-coubi-dupp240-z-podstawka-bialy\/","name":"Doniczka COUBI DUPP240 z podstawk\u0105 | Bia\u0142y - Selleetools.com","isPartOf":{"@id":"https:\/\/selleetools.com\/#website"},"datePublished":"2026-04-28T23:15:50+00:00","dateModified":"2026-05-10T11:59:50+00:00","breadcrumb":{"@id":"https:\/\/selleetools.com\/pl\/product\/doniczka-coubi-dupp240-z-podstawka-bialy\/#breadcrumb"},"inLanguage":"pl-PL","potentialAction":[{"@type":"ReadAction","target":["https:\/\/selleetools.com\/pl\/product\/doniczka-coubi-dupp240-z-podstawka-bialy\/"]}]},{"@type":"BreadcrumbList","@id":"https:\/\/selleetools.com\/pl\/product\/doniczka-coubi-dupp240-z-podstawka-bialy\/#breadcrumb","itemListElement":[{"@type":"ListItem","position":1,"name":"Home","item":"https:\/\/selleetools.com\/pl\/"},{"@type":"ListItem","position":2,"name":"Katalog","item":"https:\/\/selleetools.com\/pl\/katalog\/"},{"@type":"ListItem","position":3,"name":"Doniczka COUBI DUPP240 z podstawk\u0105 | Bia\u0142y"}]}]}},"_links":{"self":[{"href":"https:\/\/admincentral.selleetools.com\/pl\/wp-json\/wp\/v2\/product\/766645"}],"collection":[{"href":"https:\/\/admincentral.selleetools.com\/pl\/wp-json\/wp\/v2\/product"}],"about":[{"href":"https:\/\/admincentral.selleetools.com\/pl\/wp-json\/wp\/v2\/types\/product"}],"replies":[{"embeddable":true,"href":"https:\/\/admincentral.selleetools.com\/pl\/wp-json\/wp\/v2\/comments?post=766645"}],"wp:featuredmedia":[{"embeddable":true,"href":"https:\/\/admincentral.selleetools.com\/pl\/wp-json\/wp\/v2\/media\/766639"}],"wp:attachment":[{"href":"https:\/\/admincentral.selleetools.com\/pl\/wp-json\/wp\/v2\/media?parent=766645"}],"curies":[{"name":"wp","href":"https:\/\/api.w.org\/{rel}","templated":true}]}}