{"id":766688,"date":"2026-04-29T01:16:18","date_gmt":"2026-04-28T23:16:18","guid":{"rendered":"https:\/\/selleetools.com\/?post_type=product&#038;p=766688"},"modified":"2026-05-10T14:12:18","modified_gmt":"2026-05-10T12:12:18","slug":"stojak-choinkowy-xs-14w-na-choinke-do-3m-2","status":"publish","type":"product","link":"https:\/\/admincentral.selleetools.com\/pl\/product\/stojak-choinkowy-xs-14w-na-choinke-do-3m-2\/","title":{"rendered":"Stojak choinkowy XS 14W na choink\u0119 do 3m"},"content":{"rendered":"<section class=\"section\">\n<div class=\"item item-6\">\n<section class=\"text-item\">\n<p>Stabilne \u015bwi\u0119ta to podstawa<\/p>\n<p>Stojak choinkowy XS 14W to stojak dla tych, kt\u00f3rzy lubi\u0105 du\u017ce choinki, w ko\u0144cu \u015bwi\u0119ta mamy raz w roku.<\/p>\n<p>Wi\u0119cej wody w pojemniku i mo\u017cliwo\u015b\u0107 dosypania piasku powoduje, \u017ce ta unikalna konstrukcja o sze\u015bciu punktach podparcia, b\u0119dzie stanowi\u0142a solidn\u0105 podstaw\u0119 dla naszej choinki.<\/p>\n<p>Dane technicze<\/p>\n<ul>\n<li>Max wysoko\u015b\u0107 choinki do 3mb.<\/li>\n<li>\u015arednica pnia do\u00a010 cm<\/li>\n<li>Ilo\u015b\u0107 wody\/piasku do 2,2L<\/li>\n<\/ul>\n<p>Unikalna konstrukcja o sze\u015bciu punktach podparcia.<\/p>\n<p>Umo\u017cliwia obsadzenie du\u017cego drzewka przy minimum wysi\u0142ku.<\/p>\n<p>Parametry stojaka:<\/p>\n<ol>\n<li>Rozmiar stojaka &#8211; Rozpi\u0119to\u015b\u0107 &#8211; 47,5cm,<\/li>\n<li>Wysoko\u015b\u0107 &#8211; 15,5cm<\/li>\n<li>Waga stojaka &#8211; 0,8kg<\/li>\n<li>\u015arednica pnia &#8211; do\u00a0100 mm<\/li>\n<li>Ilo\u015b\u0107 wody\/piasku &#8211; \u00a0do 2,2l<\/li>\n<li>Wysoko\u015b\u0107 choinki &#8211; do 3m<\/li>\n<\/ol>\n<p><b>Stojak choinkowy XS 14W jest:<\/b><\/p>\n<ul>\n<li>bezpieczny i bardzo stabilny dzi\u0119ki optymalnemu doborowi punkt\u00f3w podparcia<\/li>\n<li>lekki i niewielkich rozmiar\u00f3w, co u\u0142atwia przechowywanie<\/li>\n<li>umo\u017cliwia \u0142atwy i szybki monta\u017c drzewek zar\u00f3wno o ma\u0142ej jak i du\u017cej \u015brednicy pnia drzewka (jod\u0142a kaukaska, \u015bwierk srebrny)<\/li>\n<li>posiada pojemnik na wod\u0119, co pozwala zachowa\u0107 przez d\u0142ugi czas \u015bwie\u017co\u015b\u0107 i naturalny zapach choinki.<\/li>\n<\/ul>\n<\/section>\n<\/div>\n<div class=\"item item-6\">\n<section class=\"image-item\"><img src=\"https:\/\/upload.cdn.baselinker.com\/products\/3011337\/1129f70012ca3f8deb4315a911ff71e4.jpg\" \/><\/section>\n<\/div>\n<\/section>\n<p>Stojak choinkowy XS 14W Specyfikacja stojaka: &#8211; rozmiar 39,5 cm, &#8211; wysoko\u015b\u0107 &#8211; 14,5 cm &#8211; waga stojaka &#8211; 0,8 kg &#8211; \u015brednica pnia &#8211; do 10 cm &#8211; ilo\u015b\u0107 wody\/piasku &#8211; do 2l &#8211; wysoko\u015b\u0107 choinki &#8211; do 2,5m Stojak choinkowy XS 14W jest: &#8211; wykonany jest z tworzywa sztucznego o znacznej wytrzyma\u0142o\u015bci &#8211; bezpieczny i bardzo stabilny dzi\u0119ki optymalnemu doborowi punkt\u00f3w podparcia &#8211; lekki i niewielkich rozmiar\u00f3w, co u\u0142atwia przechowywanie &#8211; umo\u017cliwia \u0142atwy i szybki monta\u017c drzewek zar\u00f3wno o ma\u0142ej jak i du\u017cej \u015brednicy pnia drzewka (jod\u0142a kaukaska, \u015bwierk srebrny) &#8211; posiada pojemnik na wod\u0119, co pozwala zachowa\u0107 przez d\u0142ugi czas \u015bwie\u017co\u015b\u0107 i naturalny zapach choinki.<\/p>\n","protected":false},"excerpt":{"rendered":"<p>Stabilne \u015bwi\u0119ta to podstawa Stojak choinkowy XS 14W to stojak dla tych, kt\u00f3rzy lubi\u0105 du\u017ce choinki, w ko\u0144cu \u015bwi\u0119ta mamy raz w roku. Wi\u0119cej wody w pojemniku i mo\u017cliwo\u015b\u0107 dosypania piasku powoduje, \u017ce ta unikalna konstrukcja o sze\u015bciu punktach podparcia, b\u0119dzie stanowi\u0142a solidn\u0105 podstaw\u0119 dla naszej choinki. Dane technicze Max wysoko\u015b\u0107 choinki do 3mb. \u015arednica &#8230; <a title=\"Stojak choinkowy XS 14W na choink\u0119 do 3m\" class=\"read-more\" href=\"https:\/\/admincentral.selleetools.com\/pl\/product\/stojak-choinkowy-xs-14w-na-choinke-do-3m-2\/\">Read more<span class=\"screen-reader-text\">Stojak choinkowy XS 14W na choink\u0119 do 3m<\/span><\/a><\/p>\n","protected":false},"featured_media":766676,"comment_status":"closed","ping_status":"closed","template":"","meta":{"_links_to":"","_links_to_target":""},"yoast_head":"<!-- This site is optimized with the Yoast SEO plugin v19.4 - https:\/\/yoast.com\/wordpress\/plugins\/seo\/ -->\n<title>Stojak choinkowy XS 14W na choink\u0119 do 3m - Selleetools.com<\/title>\n<meta name=\"robots\" content=\"index, follow, max-snippet:-1, max-image-preview:large, max-video-preview:-1\" \/>\n<link rel=\"canonical\" href=\"https:\/\/selleetools.com\/pl\/product\/stojak-choinkowy-xs-14w-na-choinke-do-3m-2\/\" \/>\n<meta property=\"og:locale\" content=\"pl_PL\" \/>\n<meta property=\"og:type\" content=\"article\" \/>\n<meta property=\"og:title\" content=\"Stojak choinkowy XS 14W na choink\u0119 do 3m - Selleetools.com\" \/>\n<meta property=\"og:description\" content=\"Stabilne \u015bwi\u0119ta to podstawa Stojak choinkowy XS 14W to stojak dla tych, kt\u00f3rzy lubi\u0105 du\u017ce choinki, w ko\u0144cu \u015bwi\u0119ta mamy raz w roku. Wi\u0119cej wody w pojemniku i mo\u017cliwo\u015b\u0107 dosypania piasku powoduje, \u017ce ta unikalna konstrukcja o sze\u015bciu punktach podparcia, b\u0119dzie stanowi\u0142a solidn\u0105 podstaw\u0119 dla naszej choinki. Dane technicze Max wysoko\u015b\u0107 choinki do 3mb. \u015arednica ... Read moreStojak choinkowy XS 14W na choink\u0119 do 3m\" \/>\n<meta property=\"og:url\" content=\"https:\/\/selleetools.com\/pl\/product\/stojak-choinkowy-xs-14w-na-choinke-do-3m-2\/\" \/>\n<meta property=\"og:site_name\" content=\"Selleetools.com\" \/>\n<meta property=\"article:modified_time\" content=\"2026-05-10T12:12:18+00:00\" \/>\n<meta property=\"og:image\" content=\"https:\/\/selleetools.com\/wp-content\/uploads\/2026\/04\/1129f70012ca3f8deb4315a911ff71e4.jpg\" \/>\n\t<meta property=\"og:image:width\" content=\"536\" \/>\n\t<meta property=\"og:image:height\" content=\"481\" \/>\n\t<meta property=\"og:image:type\" content=\"image\/jpeg\" \/>\n<meta name=\"twitter:card\" content=\"summary_large_image\" \/>\n<meta name=\"twitter:label1\" content=\"Est. reading time\" \/>\n\t<meta name=\"twitter:data1\" content=\"2 minuty\" \/>\n<!-- \/ Yoast SEO plugin. -->","yoast_head_json":{"title":"Stojak choinkowy XS 14W na choink\u0119 do 3m - Selleetools.com","robots":{"index":"index","follow":"follow","max-snippet":"max-snippet:-1","max-image-preview":"max-image-preview:large","max-video-preview":"max-video-preview:-1"},"canonical":"https:\/\/selleetools.com\/pl\/product\/stojak-choinkowy-xs-14w-na-choinke-do-3m-2\/","og_locale":"pl_PL","og_type":"article","og_title":"Stojak choinkowy XS 14W na choink\u0119 do 3m - Selleetools.com","og_description":"Stabilne \u015bwi\u0119ta to podstawa Stojak choinkowy XS 14W to stojak dla tych, kt\u00f3rzy lubi\u0105 du\u017ce choinki, w ko\u0144cu \u015bwi\u0119ta mamy raz w roku. Wi\u0119cej wody w pojemniku i mo\u017cliwo\u015b\u0107 dosypania piasku powoduje, \u017ce ta unikalna konstrukcja o sze\u015bciu punktach podparcia, b\u0119dzie stanowi\u0142a solidn\u0105 podstaw\u0119 dla naszej choinki. Dane technicze Max wysoko\u015b\u0107 choinki do 3mb. \u015arednica ... Read moreStojak choinkowy XS 14W na choink\u0119 do 3m","og_url":"https:\/\/selleetools.com\/pl\/product\/stojak-choinkowy-xs-14w-na-choinke-do-3m-2\/","og_site_name":"Selleetools.com","article_modified_time":"2026-05-10T12:12:18+00:00","og_image":[{"width":536,"height":481,"url":"https:\/\/selleetools.com\/wp-content\/uploads\/2026\/04\/1129f70012ca3f8deb4315a911ff71e4.jpg","type":"image\/jpeg"}],"twitter_card":"summary_large_image","twitter_misc":{"Est. reading time":"2 minuty"},"schema":{"@context":"https:\/\/schema.org","@graph":[{"@type":"Organization","@id":"https:\/\/selleetools.com\/#organization","name":"Selleetools","url":"https:\/\/selleetools.com\/","sameAs":[],"logo":{"@type":"ImageObject","inLanguage":"pl-PL","@id":"https:\/\/selleetools.com\/#\/schema\/logo\/image\/","url":"https:\/\/selleetools.com\/wp-content\/uploads\/2021\/10\/logo-dark.png","contentUrl":"https:\/\/selleetools.com\/wp-content\/uploads\/2021\/10\/logo-dark.png","width":320,"height":76,"caption":"Selleetools"},"image":{"@id":"https:\/\/selleetools.com\/#\/schema\/logo\/image\/"}},{"@type":"WebSite","@id":"https:\/\/selleetools.com\/#website","url":"https:\/\/selleetools.com\/","name":"Selleetools.com","description":"","publisher":{"@id":"https:\/\/selleetools.com\/#organization"},"potentialAction":[{"@type":"SearchAction","target":{"@type":"EntryPoint","urlTemplate":"https:\/\/selleetools.com\/?s={search_term_string}"},"query-input":"required name=search_term_string"}],"inLanguage":"pl-PL"},{"@type":"WebPage","@id":"https:\/\/selleetools.com\/pl\/product\/stojak-choinkowy-xs-14w-na-choinke-do-3m-2\/","url":"https:\/\/selleetools.com\/pl\/product\/stojak-choinkowy-xs-14w-na-choinke-do-3m-2\/","name":"Stojak choinkowy XS 14W na choink\u0119 do 3m - Selleetools.com","isPartOf":{"@id":"https:\/\/selleetools.com\/#website"},"datePublished":"2026-04-28T23:16:18+00:00","dateModified":"2026-05-10T12:12:18+00:00","breadcrumb":{"@id":"https:\/\/selleetools.com\/pl\/product\/stojak-choinkowy-xs-14w-na-choinke-do-3m-2\/#breadcrumb"},"inLanguage":"pl-PL","potentialAction":[{"@type":"ReadAction","target":["https:\/\/selleetools.com\/pl\/product\/stojak-choinkowy-xs-14w-na-choinke-do-3m-2\/"]}]},{"@type":"BreadcrumbList","@id":"https:\/\/selleetools.com\/pl\/product\/stojak-choinkowy-xs-14w-na-choinke-do-3m-2\/#breadcrumb","itemListElement":[{"@type":"ListItem","position":1,"name":"Home","item":"https:\/\/selleetools.com\/pl\/"},{"@type":"ListItem","position":2,"name":"Katalog","item":"https:\/\/selleetools.com\/pl\/katalog\/"},{"@type":"ListItem","position":3,"name":"Stojak choinkowy XS 14W na choink\u0119 do 3m"}]}]}},"_links":{"self":[{"href":"https:\/\/admincentral.selleetools.com\/pl\/wp-json\/wp\/v2\/product\/766688"}],"collection":[{"href":"https:\/\/admincentral.selleetools.com\/pl\/wp-json\/wp\/v2\/product"}],"about":[{"href":"https:\/\/admincentral.selleetools.com\/pl\/wp-json\/wp\/v2\/types\/product"}],"replies":[{"embeddable":true,"href":"https:\/\/admincentral.selleetools.com\/pl\/wp-json\/wp\/v2\/comments?post=766688"}],"wp:featuredmedia":[{"embeddable":true,"href":"https:\/\/admincentral.selleetools.com\/pl\/wp-json\/wp\/v2\/media\/766676"}],"wp:attachment":[{"href":"https:\/\/admincentral.selleetools.com\/pl\/wp-json\/wp\/v2\/media?parent=766688"}],"curies":[{"name":"wp","href":"https:\/\/api.w.org\/{rel}","templated":true}]}}