{"id":766797,"date":"2026-04-29T01:17:33","date_gmt":"2026-04-28T23:17:33","guid":{"rendered":"https:\/\/selleetools.com\/?post_type=product&#038;p=766797"},"modified":"2026-05-10T14:26:06","modified_gmt":"2026-05-10T12:26:06","slug":"zbiornik-na-wode-deszczowa-aquacan-360-l-grafit","status":"publish","type":"product","link":"https:\/\/admincentral.selleetools.com\/pl\/product\/zbiornik-na-wode-deszczowa-aquacan-360-l-grafit\/","title":{"rendered":"Zbiornik na wod\u0119 deszczow\u0105 AQUACAN 360 l | Grafit"},"content":{"rendered":"<p>Zbiornik AQUACAN 360 &#8211; Grafit W dobie wzmo\u017conego nacisku na rozs\u0105dne gospodarowanie zasobami wodnymi najlepszym rozwi\u0105zaniem staje si\u0119 zbiornik na deszcz\u00f3wk\u0119. Zbiornik o pojemno\u015bci 360 litr\u00f3w wykonany z polietylenu &#8211; to prosty w instalacji i utrzymaniu zbiornik, pozwalaj\u0105cy magazynowa\u0107 deszcz\u00f3wk\u0119,kt\u00f3r\u0105 nast\u0119pnie mo\u017cemy wykorzysta\u0107 do podlewania ogrodu. Pojemnik na deszcz\u00f3wk\u0119 to doskona\u0142e rozwi\u0105zanie dla os\u00f3b , kt\u00f3rym los naszej planety nie jest oboj\u0119tny. Zbiornik na wod\u0119 deszczow\u0105 nie musi by\u0107 zwyk\u0142\u0105 beczk\u0105, teraz mo\u017ce stanowi\u0107 ozdob\u0119 domu i ogrodu. Deszczownica AQUACAN 360l to niepowtarzalna struktura inspirowana form\u0105 antycznej ceramik. Gromadzenie wody deszczowej to oszcz\u0119dno\u015b\u0107 i ekologia na co dzie\u0144. Zbiornik zosta\u0142 wyposa\u017cony w dwa otwory z gwintem 3\/4&#8243; umo\u017cliwiaj\u0105ce zamontowanie kranika oraz w\u0119\u017ca ogrodowego. Dane techniczne: &#8211; szeroko\u015b\u0107 g\u00f3ry &#8211; 70 cm &#8211; d\u0142ugo\u015b\u0107 g\u00f3ry &#8211; 80 cm &#8211; \u015brednica podstawy &#8211; 44 cm &#8211; \u015brednica otworu g\u00f3ry &#8211; 25 cm &#8211; wysoko\u015b\u0107 &#8211; 120 cm &#8211; pojemno\u015b\u0107 &#8211; 360 l &#8211; materia\u0142 &#8211; tworzywo sztuczne &#8211; waga &#8211; 9 kg Zestaw zawiera: 1. Zbiornik na deszcz\u00f3wk\u0119 AQUACAN 360l &#8211; 1 szt.<\/p>\n<p>Zbiornik AQUACAN 360 &#8211; Grafit W dobie wzmo\u017conego nacisku na rozs\u0105dne gospodarowanie zasobami wodnymi najlepszym rozwi\u0105zaniem staje si\u0119 zbiornik na deszcz\u00f3wk\u0119. Zbiornik o pojemno\u015bci 360 litr\u00f3w wykonany z polietylenu &#8211; to prosty w instalacji i utrzymaniu zbiornik, pozwalaj\u0105cy magazynowa\u0107 deszcz\u00f3wk\u0119,kt\u00f3r\u0105 nast\u0119pnie mo\u017cemy wykorzysta\u0107 do podlewania ogrodu. Pojemnik na deszcz\u00f3wk\u0119 to doskona\u0142e rozwi\u0105zanie dla os\u00f3b , kt\u00f3rym los naszej planety nie jest oboj\u0119tny. Zbiornik na wod\u0119 deszczow\u0105 nie musi by\u0107 zwyk\u0142\u0105 beczk\u0105, teraz mo\u017ce stanowi\u0107 ozdob\u0119 domu i ogrodu. Deszczownica AQUACAN 360l to niepowtarzalna struktura inspirowana form\u0105 antycznej ceramik. Gromadzenie wody deszczowej to oszcz\u0119dno\u015b\u0107 i ekologia na co dzie\u0144. Zbiornik zosta\u0142 wyposa\u017cony w dwa otwory z gwintem 3\/4&#8243; umo\u017cliwiaj\u0105ce zamontowanie kranika oraz w\u0119\u017ca ogrodowego. Dane techniczne: &#8211; szeroko\u015b\u0107 g\u00f3ry &#8211; 70 cm &#8211; d\u0142ugo\u015b\u0107 g\u00f3ry &#8211; 80 cm &#8211; \u015brednica podstawy &#8211; 44 cm &#8211; \u015brednica otworu g\u00f3ry &#8211; 25 cm &#8211; wysoko\u015b\u0107 &#8211; 120 cm &#8211; pojemno\u015b\u0107 &#8211; 360 l &#8211; materia\u0142 &#8211; tworzywo sztuczne &#8211; waga &#8211; 9 kg Zestaw zawiera: 1. Zbiornik na deszcz\u00f3wk\u0119 AQUACAN 360l &#8211; 1 szt.<\/p>\n","protected":false},"excerpt":{"rendered":"<p>Zbiornik AQUACAN 360 &#8211; Grafit W dobie wzmo\u017conego nacisku na rozs\u0105dne gospodarowanie zasobami wodnymi najlepszym rozwi\u0105zaniem staje si\u0119 zbiornik na deszcz\u00f3wk\u0119. Zbiornik o pojemno\u015bci 360 litr\u00f3w wykonany z polietylenu &#8211; to prosty w instalacji i utrzymaniu zbiornik, pozwalaj\u0105cy magazynowa\u0107 deszcz\u00f3wk\u0119,kt\u00f3r\u0105 nast\u0119pnie mo\u017cemy wykorzysta\u0107 do podlewania ogrodu. Pojemnik na deszcz\u00f3wk\u0119 to doskona\u0142e rozwi\u0105zanie dla os\u00f3b , &#8230; <a title=\"Zbiornik na wod\u0119 deszczow\u0105 AQUACAN 360 l | Grafit\" class=\"read-more\" href=\"https:\/\/admincentral.selleetools.com\/pl\/product\/zbiornik-na-wode-deszczowa-aquacan-360-l-grafit\/\">Read more<span class=\"screen-reader-text\">Zbiornik na wod\u0119 deszczow\u0105 AQUACAN 360 l | Grafit<\/span><\/a><\/p>\n","protected":false},"featured_media":766791,"comment_status":"closed","ping_status":"closed","template":"","meta":{"_links_to":"","_links_to_target":""},"yoast_head":"<!-- This site is optimized with the Yoast SEO plugin v19.4 - https:\/\/yoast.com\/wordpress\/plugins\/seo\/ -->\n<title>Zbiornik na wod\u0119 deszczow\u0105 AQUACAN 360 l | Grafit - Selleetools.com<\/title>\n<meta name=\"robots\" content=\"index, follow, max-snippet:-1, max-image-preview:large, max-video-preview:-1\" \/>\n<link rel=\"canonical\" href=\"https:\/\/selleetools.com\/pl\/product\/zbiornik-na-wode-deszczowa-aquacan-360-l-grafit\/\" \/>\n<meta property=\"og:locale\" content=\"pl_PL\" \/>\n<meta property=\"og:type\" content=\"article\" \/>\n<meta property=\"og:title\" content=\"Zbiornik na wod\u0119 deszczow\u0105 AQUACAN 360 l | Grafit - Selleetools.com\" \/>\n<meta property=\"og:description\" content=\"Zbiornik AQUACAN 360 &#8211; Grafit W dobie wzmo\u017conego nacisku na rozs\u0105dne gospodarowanie zasobami wodnymi najlepszym rozwi\u0105zaniem staje si\u0119 zbiornik na deszcz\u00f3wk\u0119. Zbiornik o pojemno\u015bci 360 litr\u00f3w wykonany z polietylenu &#8211; to prosty w instalacji i utrzymaniu zbiornik, pozwalaj\u0105cy magazynowa\u0107 deszcz\u00f3wk\u0119,kt\u00f3r\u0105 nast\u0119pnie mo\u017cemy wykorzysta\u0107 do podlewania ogrodu. Pojemnik na deszcz\u00f3wk\u0119 to doskona\u0142e rozwi\u0105zanie dla os\u00f3b , ... Read moreZbiornik na wod\u0119 deszczow\u0105 AQUACAN 360 l | Grafit\" \/>\n<meta property=\"og:url\" content=\"https:\/\/selleetools.com\/pl\/product\/zbiornik-na-wode-deszczowa-aquacan-360-l-grafit\/\" \/>\n<meta property=\"og:site_name\" content=\"Selleetools.com\" \/>\n<meta property=\"article:modified_time\" content=\"2026-05-10T12:26:06+00:00\" \/>\n<meta property=\"og:image\" content=\"https:\/\/selleetools.com\/wp-content\/uploads\/2026\/04\/2fc79b4ce0958390fd1c63bc810b3d55.jpg\" \/>\n\t<meta property=\"og:image:width\" content=\"2500\" \/>\n\t<meta property=\"og:image:height\" content=\"2500\" \/>\n\t<meta property=\"og:image:type\" content=\"image\/jpeg\" \/>\n<meta name=\"twitter:card\" content=\"summary_large_image\" \/>\n<meta name=\"twitter:label1\" content=\"Est. reading time\" \/>\n\t<meta name=\"twitter:data1\" content=\"2 minuty\" \/>\n<!-- \/ Yoast SEO plugin. -->","yoast_head_json":{"title":"Zbiornik na wod\u0119 deszczow\u0105 AQUACAN 360 l | Grafit - Selleetools.com","robots":{"index":"index","follow":"follow","max-snippet":"max-snippet:-1","max-image-preview":"max-image-preview:large","max-video-preview":"max-video-preview:-1"},"canonical":"https:\/\/selleetools.com\/pl\/product\/zbiornik-na-wode-deszczowa-aquacan-360-l-grafit\/","og_locale":"pl_PL","og_type":"article","og_title":"Zbiornik na wod\u0119 deszczow\u0105 AQUACAN 360 l | Grafit - Selleetools.com","og_description":"Zbiornik AQUACAN 360 &#8211; Grafit W dobie wzmo\u017conego nacisku na rozs\u0105dne gospodarowanie zasobami wodnymi najlepszym rozwi\u0105zaniem staje si\u0119 zbiornik na deszcz\u00f3wk\u0119. Zbiornik o pojemno\u015bci 360 litr\u00f3w wykonany z polietylenu &#8211; to prosty w instalacji i utrzymaniu zbiornik, pozwalaj\u0105cy magazynowa\u0107 deszcz\u00f3wk\u0119,kt\u00f3r\u0105 nast\u0119pnie mo\u017cemy wykorzysta\u0107 do podlewania ogrodu. Pojemnik na deszcz\u00f3wk\u0119 to doskona\u0142e rozwi\u0105zanie dla os\u00f3b , ... Read moreZbiornik na wod\u0119 deszczow\u0105 AQUACAN 360 l | Grafit","og_url":"https:\/\/selleetools.com\/pl\/product\/zbiornik-na-wode-deszczowa-aquacan-360-l-grafit\/","og_site_name":"Selleetools.com","article_modified_time":"2026-05-10T12:26:06+00:00","og_image":[{"width":2500,"height":2500,"url":"https:\/\/selleetools.com\/wp-content\/uploads\/2026\/04\/2fc79b4ce0958390fd1c63bc810b3d55.jpg","type":"image\/jpeg"}],"twitter_card":"summary_large_image","twitter_misc":{"Est. reading time":"2 minuty"},"schema":{"@context":"https:\/\/schema.org","@graph":[{"@type":"Organization","@id":"https:\/\/selleetools.com\/#organization","name":"Selleetools","url":"https:\/\/selleetools.com\/","sameAs":[],"logo":{"@type":"ImageObject","inLanguage":"pl-PL","@id":"https:\/\/selleetools.com\/#\/schema\/logo\/image\/","url":"https:\/\/selleetools.com\/wp-content\/uploads\/2021\/10\/logo-dark.png","contentUrl":"https:\/\/selleetools.com\/wp-content\/uploads\/2021\/10\/logo-dark.png","width":320,"height":76,"caption":"Selleetools"},"image":{"@id":"https:\/\/selleetools.com\/#\/schema\/logo\/image\/"}},{"@type":"WebSite","@id":"https:\/\/selleetools.com\/#website","url":"https:\/\/selleetools.com\/","name":"Selleetools.com","description":"","publisher":{"@id":"https:\/\/selleetools.com\/#organization"},"potentialAction":[{"@type":"SearchAction","target":{"@type":"EntryPoint","urlTemplate":"https:\/\/selleetools.com\/?s={search_term_string}"},"query-input":"required name=search_term_string"}],"inLanguage":"pl-PL"},{"@type":"WebPage","@id":"https:\/\/selleetools.com\/pl\/product\/zbiornik-na-wode-deszczowa-aquacan-360-l-grafit\/","url":"https:\/\/selleetools.com\/pl\/product\/zbiornik-na-wode-deszczowa-aquacan-360-l-grafit\/","name":"Zbiornik na wod\u0119 deszczow\u0105 AQUACAN 360 l | Grafit - Selleetools.com","isPartOf":{"@id":"https:\/\/selleetools.com\/#website"},"datePublished":"2026-04-28T23:17:33+00:00","dateModified":"2026-05-10T12:26:06+00:00","breadcrumb":{"@id":"https:\/\/selleetools.com\/pl\/product\/zbiornik-na-wode-deszczowa-aquacan-360-l-grafit\/#breadcrumb"},"inLanguage":"pl-PL","potentialAction":[{"@type":"ReadAction","target":["https:\/\/selleetools.com\/pl\/product\/zbiornik-na-wode-deszczowa-aquacan-360-l-grafit\/"]}]},{"@type":"BreadcrumbList","@id":"https:\/\/selleetools.com\/pl\/product\/zbiornik-na-wode-deszczowa-aquacan-360-l-grafit\/#breadcrumb","itemListElement":[{"@type":"ListItem","position":1,"name":"Home","item":"https:\/\/selleetools.com\/pl\/"},{"@type":"ListItem","position":2,"name":"Katalog","item":"https:\/\/selleetools.com\/pl\/katalog\/"},{"@type":"ListItem","position":3,"name":"Zbiornik na wod\u0119 deszczow\u0105 AQUACAN 360 l | Grafit"}]}]}},"_links":{"self":[{"href":"https:\/\/admincentral.selleetools.com\/pl\/wp-json\/wp\/v2\/product\/766797"}],"collection":[{"href":"https:\/\/admincentral.selleetools.com\/pl\/wp-json\/wp\/v2\/product"}],"about":[{"href":"https:\/\/admincentral.selleetools.com\/pl\/wp-json\/wp\/v2\/types\/product"}],"replies":[{"embeddable":true,"href":"https:\/\/admincentral.selleetools.com\/pl\/wp-json\/wp\/v2\/comments?post=766797"}],"wp:featuredmedia":[{"embeddable":true,"href":"https:\/\/admincentral.selleetools.com\/pl\/wp-json\/wp\/v2\/media\/766791"}],"wp:attachment":[{"href":"https:\/\/admincentral.selleetools.com\/pl\/wp-json\/wp\/v2\/media?parent=766797"}],"curies":[{"name":"wp","href":"https:\/\/api.w.org\/{rel}","templated":true}]}}