{"id":766800,"date":"2026-04-29T01:17:36","date_gmt":"2026-04-28T23:17:36","guid":{"rendered":"https:\/\/selleetools.com\/?post_type=product&#038;p=766800"},"modified":"2026-05-10T14:26:53","modified_gmt":"2026-05-10T12:26:53","slug":"przylacze-z-gwintem-zewnetrznym-3-4-ramp","status":"publish","type":"product","link":"https:\/\/admincentral.selleetools.com\/pl\/product\/przylacze-z-gwintem-zewnetrznym-3-4-ramp\/","title":{"rendered":"Przy\u0142\u0105cze z gwintem zewn\u0119trznym 3\/4&#8243; RAMP"},"content":{"rendered":"<p>Przy\u0142\u0105cze z gwintem zewn\u0119trznym 3\/4&#8243; RAMP &#8211; R1115 Wkr\u0119cone do urz\u0105dzania (np. zraszacza) lub innego elementu z gwintem wewn\u0119trznym umo\u017cliwia po\u0142\u0105czenie go z w\u0119\u017cem zako\u0144czonym szybkoz\u0142\u0105czk\u0105. &#8211; gwint zewn\u0119trzny 3\/4&#8243; &#8211; d\u0142ugo\u015b\u0107 37 mm &#8211; w komplecie z uszczelk\u0105 &#8211; waga 0,007<\/p>\n<p>Przy\u0142\u0105cze z gwintem zewn\u0119trznym 3\/4&#8243; RAMP &#8211; R1115 Wkr\u0119cone do urz\u0105dzania (np. zraszacza) lub innego elementu z gwintem wewn\u0119trznym umo\u017cliwia po\u0142\u0105czenie go z w\u0119\u017cem zako\u0144czonym szybkoz\u0142\u0105czk\u0105. &#8211; gwint zewn\u0119trzny 3\/4&#8243; &#8211; d\u0142ugo\u015b\u0107 37 mm &#8211; w komplecie z uszczelk\u0105 &#8211; waga 0,007<\/p>\n","protected":false},"excerpt":{"rendered":"<p>Przy\u0142\u0105cze z gwintem zewn\u0119trznym 3\/4&#8243; RAMP &#8211; R1115 Wkr\u0119cone do urz\u0105dzania (np. zraszacza) lub innego elementu z gwintem wewn\u0119trznym umo\u017cliwia po\u0142\u0105czenie go z w\u0119\u017cem zako\u0144czonym szybkoz\u0142\u0105czk\u0105. &#8211; gwint zewn\u0119trzny 3\/4&#8243; &#8211; d\u0142ugo\u015b\u0107 37 mm &#8211; w komplecie z uszczelk\u0105 &#8211; waga 0,007 Przy\u0142\u0105cze z gwintem zewn\u0119trznym 3\/4&#8243; RAMP &#8211; R1115 Wkr\u0119cone do urz\u0105dzania (np. zraszacza) &#8230; <a title=\"Przy\u0142\u0105cze z gwintem zewn\u0119trznym 3\/4&#8243; RAMP\" class=\"read-more\" href=\"https:\/\/admincentral.selleetools.com\/pl\/product\/przylacze-z-gwintem-zewnetrznym-3-4-ramp\/\">Read more<span class=\"screen-reader-text\">Przy\u0142\u0105cze z gwintem zewn\u0119trznym 3\/4&#8243; RAMP<\/span><\/a><\/p>\n","protected":false},"featured_media":766798,"comment_status":"closed","ping_status":"closed","template":"","meta":{"_links_to":"","_links_to_target":""},"yoast_head":"<!-- This site is optimized with the Yoast SEO plugin v19.4 - https:\/\/yoast.com\/wordpress\/plugins\/seo\/ -->\n<title>Przy\u0142\u0105cze z gwintem zewn\u0119trznym 3\/4&quot; RAMP - Selleetools.com<\/title>\n<meta name=\"robots\" content=\"index, follow, max-snippet:-1, max-image-preview:large, max-video-preview:-1\" \/>\n<link rel=\"canonical\" href=\"https:\/\/selleetools.com\/pl\/product\/przylacze-z-gwintem-zewnetrznym-3-4-ramp\/\" \/>\n<meta property=\"og:locale\" content=\"pl_PL\" \/>\n<meta property=\"og:type\" content=\"article\" \/>\n<meta property=\"og:title\" content=\"Przy\u0142\u0105cze z gwintem zewn\u0119trznym 3\/4&quot; RAMP - Selleetools.com\" \/>\n<meta property=\"og:description\" content=\"Przy\u0142\u0105cze z gwintem zewn\u0119trznym 3\/4&#8243; RAMP &#8211; R1115 Wkr\u0119cone do urz\u0105dzania (np. zraszacza) lub innego elementu z gwintem wewn\u0119trznym umo\u017cliwia po\u0142\u0105czenie go z w\u0119\u017cem zako\u0144czonym szybkoz\u0142\u0105czk\u0105. &#8211; gwint zewn\u0119trzny 3\/4&#8243; &#8211; d\u0142ugo\u015b\u0107 37 mm &#8211; w komplecie z uszczelk\u0105 &#8211; waga 0,007 Przy\u0142\u0105cze z gwintem zewn\u0119trznym 3\/4&#8243; RAMP &#8211; R1115 Wkr\u0119cone do urz\u0105dzania (np. zraszacza) ... Read morePrzy\u0142\u0105cze z gwintem zewn\u0119trznym 3\/4&#8243; RAMP\" \/>\n<meta property=\"og:url\" content=\"https:\/\/selleetools.com\/pl\/product\/przylacze-z-gwintem-zewnetrznym-3-4-ramp\/\" \/>\n<meta property=\"og:site_name\" content=\"Selleetools.com\" \/>\n<meta property=\"article:modified_time\" content=\"2026-05-10T12:26:53+00:00\" \/>\n<meta property=\"og:image\" content=\"https:\/\/selleetools.com\/wp-content\/uploads\/2026\/04\/c9e0ed1d614239d5b105a738f17e4633.jpg\" \/>\n\t<meta property=\"og:image:width\" content=\"800\" \/>\n\t<meta property=\"og:image:height\" content=\"600\" \/>\n\t<meta property=\"og:image:type\" content=\"image\/jpeg\" \/>\n<meta name=\"twitter:card\" content=\"summary_large_image\" \/>\n<meta name=\"twitter:label1\" content=\"Est. reading time\" \/>\n\t<meta name=\"twitter:data1\" content=\"1 minuta\" \/>\n<!-- \/ Yoast SEO plugin. -->","yoast_head_json":{"title":"Przy\u0142\u0105cze z gwintem zewn\u0119trznym 3\/4\" RAMP - Selleetools.com","robots":{"index":"index","follow":"follow","max-snippet":"max-snippet:-1","max-image-preview":"max-image-preview:large","max-video-preview":"max-video-preview:-1"},"canonical":"https:\/\/selleetools.com\/pl\/product\/przylacze-z-gwintem-zewnetrznym-3-4-ramp\/","og_locale":"pl_PL","og_type":"article","og_title":"Przy\u0142\u0105cze z gwintem zewn\u0119trznym 3\/4\" RAMP - Selleetools.com","og_description":"Przy\u0142\u0105cze z gwintem zewn\u0119trznym 3\/4&#8243; RAMP &#8211; R1115 Wkr\u0119cone do urz\u0105dzania (np. zraszacza) lub innego elementu z gwintem wewn\u0119trznym umo\u017cliwia po\u0142\u0105czenie go z w\u0119\u017cem zako\u0144czonym szybkoz\u0142\u0105czk\u0105. &#8211; gwint zewn\u0119trzny 3\/4&#8243; &#8211; d\u0142ugo\u015b\u0107 37 mm &#8211; w komplecie z uszczelk\u0105 &#8211; waga 0,007 Przy\u0142\u0105cze z gwintem zewn\u0119trznym 3\/4&#8243; RAMP &#8211; R1115 Wkr\u0119cone do urz\u0105dzania (np. zraszacza) ... Read morePrzy\u0142\u0105cze z gwintem zewn\u0119trznym 3\/4&#8243; RAMP","og_url":"https:\/\/selleetools.com\/pl\/product\/przylacze-z-gwintem-zewnetrznym-3-4-ramp\/","og_site_name":"Selleetools.com","article_modified_time":"2026-05-10T12:26:53+00:00","og_image":[{"width":800,"height":600,"url":"https:\/\/selleetools.com\/wp-content\/uploads\/2026\/04\/c9e0ed1d614239d5b105a738f17e4633.jpg","type":"image\/jpeg"}],"twitter_card":"summary_large_image","twitter_misc":{"Est. reading time":"1 minuta"},"schema":{"@context":"https:\/\/schema.org","@graph":[{"@type":"Organization","@id":"https:\/\/selleetools.com\/#organization","name":"Selleetools","url":"https:\/\/selleetools.com\/","sameAs":[],"logo":{"@type":"ImageObject","inLanguage":"pl-PL","@id":"https:\/\/selleetools.com\/#\/schema\/logo\/image\/","url":"https:\/\/selleetools.com\/wp-content\/uploads\/2021\/10\/logo-dark.png","contentUrl":"https:\/\/selleetools.com\/wp-content\/uploads\/2021\/10\/logo-dark.png","width":320,"height":76,"caption":"Selleetools"},"image":{"@id":"https:\/\/selleetools.com\/#\/schema\/logo\/image\/"}},{"@type":"WebSite","@id":"https:\/\/selleetools.com\/#website","url":"https:\/\/selleetools.com\/","name":"Selleetools.com","description":"","publisher":{"@id":"https:\/\/selleetools.com\/#organization"},"potentialAction":[{"@type":"SearchAction","target":{"@type":"EntryPoint","urlTemplate":"https:\/\/selleetools.com\/?s={search_term_string}"},"query-input":"required name=search_term_string"}],"inLanguage":"pl-PL"},{"@type":"WebPage","@id":"https:\/\/selleetools.com\/pl\/product\/przylacze-z-gwintem-zewnetrznym-3-4-ramp\/","url":"https:\/\/selleetools.com\/pl\/product\/przylacze-z-gwintem-zewnetrznym-3-4-ramp\/","name":"Przy\u0142\u0105cze z gwintem zewn\u0119trznym 3\/4\" RAMP - Selleetools.com","isPartOf":{"@id":"https:\/\/selleetools.com\/#website"},"datePublished":"2026-04-28T23:17:36+00:00","dateModified":"2026-05-10T12:26:53+00:00","breadcrumb":{"@id":"https:\/\/selleetools.com\/pl\/product\/przylacze-z-gwintem-zewnetrznym-3-4-ramp\/#breadcrumb"},"inLanguage":"pl-PL","potentialAction":[{"@type":"ReadAction","target":["https:\/\/selleetools.com\/pl\/product\/przylacze-z-gwintem-zewnetrznym-3-4-ramp\/"]}]},{"@type":"BreadcrumbList","@id":"https:\/\/selleetools.com\/pl\/product\/przylacze-z-gwintem-zewnetrznym-3-4-ramp\/#breadcrumb","itemListElement":[{"@type":"ListItem","position":1,"name":"Home","item":"https:\/\/selleetools.com\/pl\/"},{"@type":"ListItem","position":2,"name":"Katalog","item":"https:\/\/selleetools.com\/pl\/katalog\/"},{"@type":"ListItem","position":3,"name":"Przy\u0142\u0105cze z gwintem zewn\u0119trznym 3\/4&#8243; RAMP"}]}]}},"_links":{"self":[{"href":"https:\/\/admincentral.selleetools.com\/pl\/wp-json\/wp\/v2\/product\/766800"}],"collection":[{"href":"https:\/\/admincentral.selleetools.com\/pl\/wp-json\/wp\/v2\/product"}],"about":[{"href":"https:\/\/admincentral.selleetools.com\/pl\/wp-json\/wp\/v2\/types\/product"}],"replies":[{"embeddable":true,"href":"https:\/\/admincentral.selleetools.com\/pl\/wp-json\/wp\/v2\/comments?post=766800"}],"wp:featuredmedia":[{"embeddable":true,"href":"https:\/\/admincentral.selleetools.com\/pl\/wp-json\/wp\/v2\/media\/766798"}],"wp:attachment":[{"href":"https:\/\/admincentral.selleetools.com\/pl\/wp-json\/wp\/v2\/media?parent=766800"}],"curies":[{"name":"wp","href":"https:\/\/api.w.org\/{rel}","templated":true}]}}