{"id":766849,"date":"2026-04-29T01:18:05","date_gmt":"2026-04-28T23:18:05","guid":{"rendered":"https:\/\/selleetools.com\/?post_type=product&#038;p=766849"},"modified":"2026-05-10T14:26:04","modified_gmt":"2026-05-10T12:26:04","slug":"skrzynka-balkonowa-sahara-40-z-podstawka-antracyt","status":"publish","type":"product","link":"https:\/\/admincentral.selleetools.com\/pl\/product\/skrzynka-balkonowa-sahara-40-z-podstawka-antracyt\/","title":{"rendered":"Skrzynka balkonowa Sahara 40 z podstawk\u0105 | Antracyt"},"content":{"rendered":"<p>Skrzynka balkonowa Sahara 40 z podstawk\u0105 &#8211; antracyt Specyfikacja: &#8211; wysoko\u015b\u0107 &#8211;\u00a014,5 cm &#8211; szeroko\u015b\u0107 &#8211;\u00a017 cm &#8211; d\u0142ugo\u015b\u0107 &#8211;\u00a039 cm &#8211; efekt 3D &#8211; pojemno\u015b\u0107 &#8211;\u00a05,7l. &#8211; Produkt polski &#8211; Charakteryzuje si\u0119 zgrabn\u0105 form\u0105 zw\u0119\u017can\u0105 ku do\u0142owi. &#8211; Lekka i nowoczesna. &#8211; \u0141atwa w utrzymaniu czysto\u015bci. &#8211; Odporna na dzia\u0142anie warunk\u00f3w atmosferycznych i promieni UV. Producent: Mo\u017cemy j\u0105 umie\u015bci\u0107: &#8211; na balkonie &#8211; na tarasie &#8211; w ogrodzie &#8211; w domu &#8211; przestronnym wn\u0119trzu Produkt polskiego producenta Form Plastic. Doniczka wykonana jest z elastycznego tworzywa, kt\u00f3re zapobiega uszkodzeniom, jednocze\u015bnie utrzymuje swoj\u0105 form\u0119 &#8211; wytrzymuje ci\u0119\u017car ziemi i ro\u015blin. Powierzchnia skrzynki jest wypuk\u0142a &#8211; przypomina fale, daj\u0105c efekt 3D, kt\u00f3re pi\u0119knie odbijaj\u0105 \u015bwiat\u0142o. O\u015bwietlona promieniami s\u0142onecznymi na pewno nie pozostanie niezauwa\u017cona. G\u00f3ra doniczki otoczona jest rantem, kt\u00f3ry zapobiega brudzeniu si\u0119 doniczki przy sadzeniu ro\u015blin lub podlewaniu.<\/p>\n<p>Skrzynka balkonowa Sahara 40 z podstawk\u0105 &#8211; antracyt Specyfikacja: &#8211; wysoko\u015b\u0107 &#8211;\u00a014,5 cm &#8211; szeroko\u015b\u0107 &#8211;\u00a017 cm &#8211; d\u0142ugo\u015b\u0107 &#8211;\u00a039 cm &#8211; efekt 3D &#8211; pojemno\u015b\u0107 &#8211;\u00a05,7l. &#8211; Produkt polski &#8211; Charakteryzuje si\u0119 zgrabn\u0105 form\u0105 zw\u0119\u017can\u0105 ku do\u0142owi. &#8211; Lekka i nowoczesna. &#8211; \u0141atwa w utrzymaniu czysto\u015bci. &#8211; Odporna na dzia\u0142anie warunk\u00f3w atmosferycznych i promieni UV. Producent: Mo\u017cemy j\u0105 umie\u015bci\u0107: &#8211; na balkonie &#8211; na tarasie &#8211; w ogrodzie &#8211; w domu &#8211; przestronnym wn\u0119trzu Produkt polskiego producenta Form Plastic. Doniczka wykonana jest z elastycznego tworzywa, kt\u00f3re zapobiega uszkodzeniom, jednocze\u015bnie utrzymuje swoj\u0105 form\u0119 &#8211; wytrzymuje ci\u0119\u017car ziemi i ro\u015blin. Powierzchnia skrzynki jest wypuk\u0142a &#8211; przypomina fale, daj\u0105c efekt 3D, kt\u00f3re pi\u0119knie odbijaj\u0105 \u015bwiat\u0142o. O\u015bwietlona promieniami s\u0142onecznymi na pewno nie pozostanie niezauwa\u017cona. G\u00f3ra doniczki otoczona jest rantem, kt\u00f3ry zapobiega brudzeniu si\u0119 doniczki przy sadzeniu ro\u015blin lub podlewaniu.<\/p>\n","protected":false},"excerpt":{"rendered":"<p>Skrzynka balkonowa Sahara 40 z podstawk\u0105 &#8211; antracyt Specyfikacja: &#8211; wysoko\u015b\u0107 &#8211;\u00a014,5 cm &#8211; szeroko\u015b\u0107 &#8211;\u00a017 cm &#8211; d\u0142ugo\u015b\u0107 &#8211;\u00a039 cm &#8211; efekt 3D &#8211; pojemno\u015b\u0107 &#8211;\u00a05,7l. &#8211; Produkt polski &#8211; Charakteryzuje si\u0119 zgrabn\u0105 form\u0105 zw\u0119\u017can\u0105 ku do\u0142owi. &#8211; Lekka i nowoczesna. &#8211; \u0141atwa w utrzymaniu czysto\u015bci. &#8211; Odporna na dzia\u0142anie warunk\u00f3w atmosferycznych i promieni &#8230; <a title=\"Skrzynka balkonowa Sahara 40 z podstawk\u0105 | Antracyt\" class=\"read-more\" href=\"https:\/\/admincentral.selleetools.com\/pl\/product\/skrzynka-balkonowa-sahara-40-z-podstawka-antracyt\/\">Read more<span class=\"screen-reader-text\">Skrzynka balkonowa Sahara 40 z podstawk\u0105 | Antracyt<\/span><\/a><\/p>\n","protected":false},"featured_media":766843,"comment_status":"closed","ping_status":"closed","template":"","meta":{"_links_to":"","_links_to_target":""},"yoast_head":"<!-- This site is optimized with the Yoast SEO plugin v19.4 - https:\/\/yoast.com\/wordpress\/plugins\/seo\/ -->\n<title>Skrzynka balkonowa Sahara 40 z podstawk\u0105 | Antracyt - Selleetools.com<\/title>\n<meta name=\"robots\" content=\"index, follow, max-snippet:-1, max-image-preview:large, max-video-preview:-1\" \/>\n<link rel=\"canonical\" href=\"https:\/\/selleetools.com\/pl\/product\/skrzynka-balkonowa-sahara-40-z-podstawka-antracyt\/\" \/>\n<meta property=\"og:locale\" content=\"pl_PL\" \/>\n<meta property=\"og:type\" content=\"article\" \/>\n<meta property=\"og:title\" content=\"Skrzynka balkonowa Sahara 40 z podstawk\u0105 | Antracyt - Selleetools.com\" \/>\n<meta property=\"og:description\" content=\"Skrzynka balkonowa Sahara 40 z podstawk\u0105 &#8211; antracyt Specyfikacja: &#8211; wysoko\u015b\u0107 &#8211;\u00a014,5 cm &#8211; szeroko\u015b\u0107 &#8211;\u00a017 cm &#8211; d\u0142ugo\u015b\u0107 &#8211;\u00a039 cm &#8211; efekt 3D &#8211; pojemno\u015b\u0107 &#8211;\u00a05,7l. &#8211; Produkt polski &#8211; Charakteryzuje si\u0119 zgrabn\u0105 form\u0105 zw\u0119\u017can\u0105 ku do\u0142owi. &#8211; Lekka i nowoczesna. &#8211; \u0141atwa w utrzymaniu czysto\u015bci. &#8211; Odporna na dzia\u0142anie warunk\u00f3w atmosferycznych i promieni ... Read moreSkrzynka balkonowa Sahara 40 z podstawk\u0105 | Antracyt\" \/>\n<meta property=\"og:url\" content=\"https:\/\/selleetools.com\/pl\/product\/skrzynka-balkonowa-sahara-40-z-podstawka-antracyt\/\" \/>\n<meta property=\"og:site_name\" content=\"Selleetools.com\" \/>\n<meta property=\"article:modified_time\" content=\"2026-05-10T12:26:04+00:00\" \/>\n<meta property=\"og:image\" content=\"https:\/\/selleetools.com\/wp-content\/uploads\/2026\/04\/977a9b5490f5cea7d52b26b0e1d51e33.jpg\" \/>\n\t<meta property=\"og:image:width\" content=\"1513\" \/>\n\t<meta property=\"og:image:height\" content=\"756\" \/>\n\t<meta property=\"og:image:type\" content=\"image\/jpeg\" \/>\n<meta name=\"twitter:card\" content=\"summary_large_image\" \/>\n<meta name=\"twitter:label1\" content=\"Est. reading time\" \/>\n\t<meta name=\"twitter:data1\" content=\"2 minuty\" \/>\n<!-- \/ Yoast SEO plugin. -->","yoast_head_json":{"title":"Skrzynka balkonowa Sahara 40 z podstawk\u0105 | Antracyt - Selleetools.com","robots":{"index":"index","follow":"follow","max-snippet":"max-snippet:-1","max-image-preview":"max-image-preview:large","max-video-preview":"max-video-preview:-1"},"canonical":"https:\/\/selleetools.com\/pl\/product\/skrzynka-balkonowa-sahara-40-z-podstawka-antracyt\/","og_locale":"pl_PL","og_type":"article","og_title":"Skrzynka balkonowa Sahara 40 z podstawk\u0105 | Antracyt - Selleetools.com","og_description":"Skrzynka balkonowa Sahara 40 z podstawk\u0105 &#8211; antracyt Specyfikacja: &#8211; wysoko\u015b\u0107 &#8211;\u00a014,5 cm &#8211; szeroko\u015b\u0107 &#8211;\u00a017 cm &#8211; d\u0142ugo\u015b\u0107 &#8211;\u00a039 cm &#8211; efekt 3D &#8211; pojemno\u015b\u0107 &#8211;\u00a05,7l. &#8211; Produkt polski &#8211; Charakteryzuje si\u0119 zgrabn\u0105 form\u0105 zw\u0119\u017can\u0105 ku do\u0142owi. &#8211; Lekka i nowoczesna. &#8211; \u0141atwa w utrzymaniu czysto\u015bci. &#8211; Odporna na dzia\u0142anie warunk\u00f3w atmosferycznych i promieni ... Read moreSkrzynka balkonowa Sahara 40 z podstawk\u0105 | Antracyt","og_url":"https:\/\/selleetools.com\/pl\/product\/skrzynka-balkonowa-sahara-40-z-podstawka-antracyt\/","og_site_name":"Selleetools.com","article_modified_time":"2026-05-10T12:26:04+00:00","og_image":[{"width":1513,"height":756,"url":"https:\/\/selleetools.com\/wp-content\/uploads\/2026\/04\/977a9b5490f5cea7d52b26b0e1d51e33.jpg","type":"image\/jpeg"}],"twitter_card":"summary_large_image","twitter_misc":{"Est. reading time":"2 minuty"},"schema":{"@context":"https:\/\/schema.org","@graph":[{"@type":"Organization","@id":"https:\/\/selleetools.com\/#organization","name":"Selleetools","url":"https:\/\/selleetools.com\/","sameAs":[],"logo":{"@type":"ImageObject","inLanguage":"pl-PL","@id":"https:\/\/selleetools.com\/#\/schema\/logo\/image\/","url":"https:\/\/selleetools.com\/wp-content\/uploads\/2021\/10\/logo-dark.png","contentUrl":"https:\/\/selleetools.com\/wp-content\/uploads\/2021\/10\/logo-dark.png","width":320,"height":76,"caption":"Selleetools"},"image":{"@id":"https:\/\/selleetools.com\/#\/schema\/logo\/image\/"}},{"@type":"WebSite","@id":"https:\/\/selleetools.com\/#website","url":"https:\/\/selleetools.com\/","name":"Selleetools.com","description":"","publisher":{"@id":"https:\/\/selleetools.com\/#organization"},"potentialAction":[{"@type":"SearchAction","target":{"@type":"EntryPoint","urlTemplate":"https:\/\/selleetools.com\/?s={search_term_string}"},"query-input":"required name=search_term_string"}],"inLanguage":"pl-PL"},{"@type":"WebPage","@id":"https:\/\/selleetools.com\/pl\/product\/skrzynka-balkonowa-sahara-40-z-podstawka-antracyt\/","url":"https:\/\/selleetools.com\/pl\/product\/skrzynka-balkonowa-sahara-40-z-podstawka-antracyt\/","name":"Skrzynka balkonowa Sahara 40 z podstawk\u0105 | Antracyt - Selleetools.com","isPartOf":{"@id":"https:\/\/selleetools.com\/#website"},"datePublished":"2026-04-28T23:18:05+00:00","dateModified":"2026-05-10T12:26:04+00:00","breadcrumb":{"@id":"https:\/\/selleetools.com\/pl\/product\/skrzynka-balkonowa-sahara-40-z-podstawka-antracyt\/#breadcrumb"},"inLanguage":"pl-PL","potentialAction":[{"@type":"ReadAction","target":["https:\/\/selleetools.com\/pl\/product\/skrzynka-balkonowa-sahara-40-z-podstawka-antracyt\/"]}]},{"@type":"BreadcrumbList","@id":"https:\/\/selleetools.com\/pl\/product\/skrzynka-balkonowa-sahara-40-z-podstawka-antracyt\/#breadcrumb","itemListElement":[{"@type":"ListItem","position":1,"name":"Home","item":"https:\/\/selleetools.com\/pl\/"},{"@type":"ListItem","position":2,"name":"Katalog","item":"https:\/\/selleetools.com\/pl\/katalog\/"},{"@type":"ListItem","position":3,"name":"Skrzynka balkonowa Sahara 40 z podstawk\u0105 | Antracyt"}]}]}},"_links":{"self":[{"href":"https:\/\/admincentral.selleetools.com\/pl\/wp-json\/wp\/v2\/product\/766849"}],"collection":[{"href":"https:\/\/admincentral.selleetools.com\/pl\/wp-json\/wp\/v2\/product"}],"about":[{"href":"https:\/\/admincentral.selleetools.com\/pl\/wp-json\/wp\/v2\/types\/product"}],"replies":[{"embeddable":true,"href":"https:\/\/admincentral.selleetools.com\/pl\/wp-json\/wp\/v2\/comments?post=766849"}],"wp:featuredmedia":[{"embeddable":true,"href":"https:\/\/admincentral.selleetools.com\/pl\/wp-json\/wp\/v2\/media\/766843"}],"wp:attachment":[{"href":"https:\/\/admincentral.selleetools.com\/pl\/wp-json\/wp\/v2\/media?parent=766849"}],"curies":[{"name":"wp","href":"https:\/\/api.w.org\/{rel}","templated":true}]}}