{"id":766900,"date":"2026-04-29T01:18:37","date_gmt":"2026-04-28T23:18:37","guid":{"rendered":"https:\/\/selleetools.com\/?post_type=product&#038;p=766900"},"modified":"2026-05-10T14:26:02","modified_gmt":"2026-05-10T12:26:02","slug":"doniczka-na-balustrade-crown-dcro400-terakota","status":"publish","type":"product","link":"https:\/\/admincentral.selleetools.com\/pl\/product\/doniczka-na-balustrade-crown-dcro400-terakota\/","title":{"rendered":"Doniczka na balustrad\u0119 CROWN DCRO400 | Terakota"},"content":{"rendered":"<section class=\"section\">\n<div class=\"item item-6\">\n<section class=\"text-item\">\n<h1>Doniczka na balustrad\u0119 CROWN DCRO400 &#8211; Terakota<\/h1>\n<p><b>Prostok\u0105tna skrzynka przeznaczona do zawieszania kompozycji kwiatowej:<\/b><\/p>\n<ul>\n<li>na por\u0119czach ogrodowych<\/li>\n<li>balkonowych.<\/li>\n<\/ul>\n<p><b>Idealnie nadaje si\u0119 r\u00f3wnie\u017c do dekoracji:<\/b><\/p>\n<ul>\n<li>na tarasie<\/li>\n<li>w altanie<\/li>\n<\/ul>\n<ol>\n<li>Monta\u017c za pomoc\u0105 zaczep\u00f3w do\u0142\u0105czonych do donicy.<\/li>\n<li>Skrzynki nadaj\u0105 si\u0119 do mocowania na por\u0119czach o szeroko\u015bci do 6,5 cm.<\/li>\n<\/ol>\n<p><b>Specyfikacja:<\/b><\/p>\n<ul>\n<li>d\u0142ugo\u015b\u0107 &#8211;\u00a039,5 cm,<\/li>\n<li>szeroko\u015b\u0107 &#8211; 28 cm,<\/li>\n<li>wysoko\u015b\u0107 &#8211; 20 cm<\/li>\n<li>pojemno\u015b\u0107 &#8211; 12l<\/li>\n<li>materia\u0142 &#8211; tworzywo sztuczne,<\/li>\n<\/ul>\n<\/section>\n<\/div>\n<div class=\"item item-6\">\n<section class=\"image-item\"><img src=\"https:\/\/upload.cdn.baselinker.com\/products\/3011337\/a50c30241a54390a4a668af04209de4c.jpg\" \/><\/section>\n<\/div>\n<\/section>\n<section class=\"section\">\n<div class=\"item item-12\">\n<section class=\"text-item\">\n<p><b>Mo\u017cemy je umie\u015bci\u0107:<\/b><\/p>\n<ul>\n<li>w domu<\/li>\n<li>przestronnym wn\u0119trzu<\/li>\n<li>na tarasie<\/li>\n<li>na balkonie<\/li>\n<li>w ogrodzie<\/li>\n<\/ul>\n<p>&nbsp;<\/p>\n<\/section>\n<\/div>\n<\/section>\n<p>Doniczka balkonowa CROWN DCRO400 &#8211; Terakota Skrzynki Crown wyr\u00f3\u017cnia innowacyjna konstrukcja: doniczki nadaj\u0105 si\u0119 do mocowania do balkonowych barierek i por\u0119czy, nie wymagaj\u0105 dodatkowych uchwyt\u00f3w do zawieszenia .Zaprojektowane wg\u0142\u0119bienie pozwala usztywni\u0107 j\u0105 pod barierk\u0105 za pomoc\u0105 do\u0142\u0105czonych do zestawu zacisk\u00f3w. S\u0105 odporne na uszkodzenia mechaniczne i wykazuje du\u017c\u0105 wytrzyma\u0142o\u015b\u0107 na dzia\u0142anie promieni s\u0142onecznych, dzi\u0119ki kt\u00f3rej zachowuj\u0105 sw\u00f3j kolor. Skrzynki nadaj\u0105 si\u0119 do mocowania na por\u0119czach do 65 mm szeroko\u015bci. Dane techniczne: &#8211; d\u0142ugo\u015b\u0107 &#8211; 39,5 cm &#8211; szeroko\u015b\u0107 &#8211; 28 cm &#8211; wysoko\u015b\u0107 &#8211; 20 cm &#8211; pojemno\u015b\u0107 &#8211; 12 l &#8211; materia\u0142 &#8211; tworzywo sztuczne<\/p>\n","protected":false},"excerpt":{"rendered":"<p>Doniczka na balustrad\u0119 CROWN DCRO400 &#8211; Terakota Prostok\u0105tna skrzynka przeznaczona do zawieszania kompozycji kwiatowej: na por\u0119czach ogrodowych balkonowych. Idealnie nadaje si\u0119 r\u00f3wnie\u017c do dekoracji: na tarasie w altanie Monta\u017c za pomoc\u0105 zaczep\u00f3w do\u0142\u0105czonych do donicy. Skrzynki nadaj\u0105 si\u0119 do mocowania na por\u0119czach o szeroko\u015bci do 6,5 cm. Specyfikacja: d\u0142ugo\u015b\u0107 &#8211;\u00a039,5 cm, szeroko\u015b\u0107 &#8211; 28 cm, &#8230; <a title=\"Doniczka na balustrad\u0119 CROWN DCRO400 | Terakota\" class=\"read-more\" href=\"https:\/\/admincentral.selleetools.com\/pl\/product\/doniczka-na-balustrade-crown-dcro400-terakota\/\">Read more<span class=\"screen-reader-text\">Doniczka na balustrad\u0119 CROWN DCRO400 | Terakota<\/span><\/a><\/p>\n","protected":false},"featured_media":766888,"comment_status":"closed","ping_status":"closed","template":"","meta":{"_links_to":"","_links_to_target":""},"yoast_head":"<!-- This site is optimized with the Yoast SEO plugin v19.4 - https:\/\/yoast.com\/wordpress\/plugins\/seo\/ -->\n<title>Doniczka na balustrad\u0119 CROWN DCRO400 | Terakota - Selleetools.com<\/title>\n<meta name=\"robots\" content=\"index, follow, max-snippet:-1, max-image-preview:large, max-video-preview:-1\" \/>\n<link rel=\"canonical\" href=\"https:\/\/selleetools.com\/pl\/product\/doniczka-na-balustrade-crown-dcro400-terakota\/\" \/>\n<meta property=\"og:locale\" content=\"pl_PL\" \/>\n<meta property=\"og:type\" content=\"article\" \/>\n<meta property=\"og:title\" content=\"Doniczka na balustrad\u0119 CROWN DCRO400 | Terakota - Selleetools.com\" \/>\n<meta property=\"og:description\" content=\"Doniczka na balustrad\u0119 CROWN DCRO400 &#8211; Terakota Prostok\u0105tna skrzynka przeznaczona do zawieszania kompozycji kwiatowej: na por\u0119czach ogrodowych balkonowych. Idealnie nadaje si\u0119 r\u00f3wnie\u017c do dekoracji: na tarasie w altanie Monta\u017c za pomoc\u0105 zaczep\u00f3w do\u0142\u0105czonych do donicy. Skrzynki nadaj\u0105 si\u0119 do mocowania na por\u0119czach o szeroko\u015bci do 6,5 cm. Specyfikacja: d\u0142ugo\u015b\u0107 &#8211;\u00a039,5 cm, szeroko\u015b\u0107 &#8211; 28 cm, ... Read moreDoniczka na balustrad\u0119 CROWN DCRO400 | Terakota\" \/>\n<meta property=\"og:url\" content=\"https:\/\/selleetools.com\/pl\/product\/doniczka-na-balustrade-crown-dcro400-terakota\/\" \/>\n<meta property=\"og:site_name\" content=\"Selleetools.com\" \/>\n<meta property=\"article:modified_time\" content=\"2026-05-10T12:26:02+00:00\" \/>\n<meta property=\"og:image\" content=\"https:\/\/selleetools.com\/wp-content\/uploads\/2026\/04\/a50c30241a54390a4a668af04209de4c.jpg\" \/>\n\t<meta property=\"og:image:width\" content=\"2500\" \/>\n\t<meta property=\"og:image:height\" content=\"1666\" \/>\n\t<meta property=\"og:image:type\" content=\"image\/jpeg\" \/>\n<meta name=\"twitter:card\" content=\"summary_large_image\" \/>\n<meta name=\"twitter:label1\" content=\"Est. reading time\" \/>\n\t<meta name=\"twitter:data1\" content=\"1 minuta\" \/>\n<!-- \/ Yoast SEO plugin. -->","yoast_head_json":{"title":"Doniczka na balustrad\u0119 CROWN DCRO400 | Terakota - Selleetools.com","robots":{"index":"index","follow":"follow","max-snippet":"max-snippet:-1","max-image-preview":"max-image-preview:large","max-video-preview":"max-video-preview:-1"},"canonical":"https:\/\/selleetools.com\/pl\/product\/doniczka-na-balustrade-crown-dcro400-terakota\/","og_locale":"pl_PL","og_type":"article","og_title":"Doniczka na balustrad\u0119 CROWN DCRO400 | Terakota - Selleetools.com","og_description":"Doniczka na balustrad\u0119 CROWN DCRO400 &#8211; Terakota Prostok\u0105tna skrzynka przeznaczona do zawieszania kompozycji kwiatowej: na por\u0119czach ogrodowych balkonowych. Idealnie nadaje si\u0119 r\u00f3wnie\u017c do dekoracji: na tarasie w altanie Monta\u017c za pomoc\u0105 zaczep\u00f3w do\u0142\u0105czonych do donicy. Skrzynki nadaj\u0105 si\u0119 do mocowania na por\u0119czach o szeroko\u015bci do 6,5 cm. Specyfikacja: d\u0142ugo\u015b\u0107 &#8211;\u00a039,5 cm, szeroko\u015b\u0107 &#8211; 28 cm, ... Read moreDoniczka na balustrad\u0119 CROWN DCRO400 | Terakota","og_url":"https:\/\/selleetools.com\/pl\/product\/doniczka-na-balustrade-crown-dcro400-terakota\/","og_site_name":"Selleetools.com","article_modified_time":"2026-05-10T12:26:02+00:00","og_image":[{"width":2500,"height":1666,"url":"https:\/\/selleetools.com\/wp-content\/uploads\/2026\/04\/a50c30241a54390a4a668af04209de4c.jpg","type":"image\/jpeg"}],"twitter_card":"summary_large_image","twitter_misc":{"Est. reading time":"1 minuta"},"schema":{"@context":"https:\/\/schema.org","@graph":[{"@type":"Organization","@id":"https:\/\/selleetools.com\/#organization","name":"Selleetools","url":"https:\/\/selleetools.com\/","sameAs":[],"logo":{"@type":"ImageObject","inLanguage":"pl-PL","@id":"https:\/\/selleetools.com\/#\/schema\/logo\/image\/","url":"https:\/\/selleetools.com\/wp-content\/uploads\/2021\/10\/logo-dark.png","contentUrl":"https:\/\/selleetools.com\/wp-content\/uploads\/2021\/10\/logo-dark.png","width":320,"height":76,"caption":"Selleetools"},"image":{"@id":"https:\/\/selleetools.com\/#\/schema\/logo\/image\/"}},{"@type":"WebSite","@id":"https:\/\/selleetools.com\/#website","url":"https:\/\/selleetools.com\/","name":"Selleetools.com","description":"","publisher":{"@id":"https:\/\/selleetools.com\/#organization"},"potentialAction":[{"@type":"SearchAction","target":{"@type":"EntryPoint","urlTemplate":"https:\/\/selleetools.com\/?s={search_term_string}"},"query-input":"required name=search_term_string"}],"inLanguage":"pl-PL"},{"@type":"WebPage","@id":"https:\/\/selleetools.com\/pl\/product\/doniczka-na-balustrade-crown-dcro400-terakota\/","url":"https:\/\/selleetools.com\/pl\/product\/doniczka-na-balustrade-crown-dcro400-terakota\/","name":"Doniczka na balustrad\u0119 CROWN DCRO400 | Terakota - Selleetools.com","isPartOf":{"@id":"https:\/\/selleetools.com\/#website"},"datePublished":"2026-04-28T23:18:37+00:00","dateModified":"2026-05-10T12:26:02+00:00","breadcrumb":{"@id":"https:\/\/selleetools.com\/pl\/product\/doniczka-na-balustrade-crown-dcro400-terakota\/#breadcrumb"},"inLanguage":"pl-PL","potentialAction":[{"@type":"ReadAction","target":["https:\/\/selleetools.com\/pl\/product\/doniczka-na-balustrade-crown-dcro400-terakota\/"]}]},{"@type":"BreadcrumbList","@id":"https:\/\/selleetools.com\/pl\/product\/doniczka-na-balustrade-crown-dcro400-terakota\/#breadcrumb","itemListElement":[{"@type":"ListItem","position":1,"name":"Home","item":"https:\/\/selleetools.com\/pl\/"},{"@type":"ListItem","position":2,"name":"Katalog","item":"https:\/\/selleetools.com\/pl\/katalog\/"},{"@type":"ListItem","position":3,"name":"Doniczka na balustrad\u0119 CROWN DCRO400 | Terakota"}]}]}},"_links":{"self":[{"href":"https:\/\/admincentral.selleetools.com\/pl\/wp-json\/wp\/v2\/product\/766900"}],"collection":[{"href":"https:\/\/admincentral.selleetools.com\/pl\/wp-json\/wp\/v2\/product"}],"about":[{"href":"https:\/\/admincentral.selleetools.com\/pl\/wp-json\/wp\/v2\/types\/product"}],"replies":[{"embeddable":true,"href":"https:\/\/admincentral.selleetools.com\/pl\/wp-json\/wp\/v2\/comments?post=766900"}],"wp:featuredmedia":[{"embeddable":true,"href":"https:\/\/admincentral.selleetools.com\/pl\/wp-json\/wp\/v2\/media\/766888"}],"wp:attachment":[{"href":"https:\/\/admincentral.selleetools.com\/pl\/wp-json\/wp\/v2\/media?parent=766900"}],"curies":[{"name":"wp","href":"https:\/\/api.w.org\/{rel}","templated":true}]}}