{"id":767007,"date":"2026-04-29T01:19:41","date_gmt":"2026-04-28T23:19:41","guid":{"rendered":"https:\/\/selleetools.com\/?post_type=product&#038;p=767007"},"modified":"2026-05-10T16:01:23","modified_gmt":"2026-05-10T14:01:23","slug":"skrzynka-balkonowa-espana-set-ise400p-brazowy","status":"publish","type":"product","link":"https:\/\/admincentral.selleetools.com\/pl\/product\/skrzynka-balkonowa-espana-set-ise400p-brazowy\/","title":{"rendered":"Skrzynka balkonowa ESPANA SET ISE400P | Br\u0105zowy"},"content":{"rendered":"<section class=\"section\">\n<div class=\"item item-12\">\n<section class=\"text-item\">\n<h1>Skrzynka balkonowa ESPANA SET ISE400P &#8211; br\u0105zowa<\/h1>\n<p>Pod\u0142u\u017cna doniczka balkonowa z podstawk\u0105 ESPANA SET pozwala kreowa\u0107 pi\u0119kne unikatowe wn\u0119trza i bez ogranicze\u0144 aran\u017cowa\u0107 przestrze\u0144 wok\u00f3\u0142 domu. Dzi\u0119ki klasycznej, czystej formie nadaje si\u0119 do wszystkich pomieszcze\u0144, godz\u0105c r\u00f3\u017cne style i upodobania. Jej funkcjonalno\u015b\u0107 wyra\u017ca si\u0119 przede wszystkim w komforcie u\u017cytkowania bez wzgl\u0119du na aur\u0119.<\/p>\n<p>Zestaw zawiera:<\/p>\n<ul>\n<li>doniczk\u0119 ESPANA SET<\/li>\n<li>podstawk\u0119\u00a0<\/li>\n<\/ul>\n<h2>Dane techniczne:<\/h2>\n<ul>\n<li>d\u0142ugo\u015b\u0107 g\u00f3ry &#8211; 39 cm<\/li>\n<li>d\u0142ugo\u015b\u0107 podstawy &#8211; 31 cm<\/li>\n<li>szeroko\u015b\u0107 g\u00f3ry &#8211; 18 cm<\/li>\n<li>szeroko\u015b\u0107 podstawy &#8211; 12 cm<\/li>\n<li>wysoko\u015b\u0107 &#8211; 15 cm<\/li>\n<li>pojemno\u015b\u0107 &#8211; 6 l<\/li>\n<li>materia\u0142 &#8211; tworzywo sztuczne<\/li>\n<li>efekt powierzchni &#8211; mat<\/li>\n<\/ul>\n<\/section>\n<\/div>\n<\/section>\n<section class=\"section\">\n<div class=\"item item-12\">\n<section class=\"image-item\"><img src=\"https:\/\/upload.cdn.baselinker.com\/products\/3011337\/e5e2001f7dc33386efd1cdac7247920c.jpg\" \/><\/section>\n<\/div>\n<\/section>\n<p>Skrzynka balkonowa ESPANA SET ISE400P &#8211; Umbra Pod\u0142u\u017cna doniczka balkonowa z podstawk\u0105 ESPANA SET pozwala kreowa\u0107 pi\u0119kne unikatowe wn\u0119trza i bez ogranicze\u0144 aran\u017cowa\u0107 przestrze\u0144 wok\u00f3\u0142 domu. Dzi\u0119ki klasycznej, czystej formie nadaje si\u0119 do wszystkich pomieszcze\u0144, godz\u0105c r\u00f3\u017cne style i upodobania. Jej funkcjonalno\u015b\u0107 wyra\u017ca si\u0119 przede wszystkim w komforcie u\u017cytkowania bez wzgl\u0119du na aur\u0119. Zestaw zawiera: &#8211; doniczk\u0119 ESPANA SET &#8211; podstawk\u0119\u00a0 Dane techniczne: &#8211; d\u0142ugo\u015b\u0107 g\u00f3ry &#8211; 39 cm &#8211; d\u0142ugo\u015b\u0107 podstawy &#8211; 31 cm &#8211; szeroko\u015b\u0107 g\u00f3ry &#8211; 18 cm &#8211; szeroko\u015b\u0107 podstawy &#8211; 12 cm &#8211; wysoko\u015b\u0107 &#8211; 15 cm &#8211; pojemno\u015b\u0107 &#8211; 6 l &#8211; materia\u0142 &#8211; tworzywo sztuczne &#8211; efekt powierzchni &#8211; mat<\/p>\n","protected":false},"excerpt":{"rendered":"<p>Skrzynka balkonowa ESPANA SET ISE400P &#8211; br\u0105zowa Pod\u0142u\u017cna doniczka balkonowa z podstawk\u0105 ESPANA SET pozwala kreowa\u0107 pi\u0119kne unikatowe wn\u0119trza i bez ogranicze\u0144 aran\u017cowa\u0107 przestrze\u0144 wok\u00f3\u0142 domu. Dzi\u0119ki klasycznej, czystej formie nadaje si\u0119 do wszystkich pomieszcze\u0144, godz\u0105c r\u00f3\u017cne style i upodobania. Jej funkcjonalno\u015b\u0107 wyra\u017ca si\u0119 przede wszystkim w komforcie u\u017cytkowania bez wzgl\u0119du na aur\u0119. Zestaw zawiera: &#8230; <a title=\"Skrzynka balkonowa ESPANA SET ISE400P | Br\u0105zowy\" class=\"read-more\" href=\"https:\/\/admincentral.selleetools.com\/pl\/product\/skrzynka-balkonowa-espana-set-ise400p-brazowy\/\">Read more<span class=\"screen-reader-text\">Skrzynka balkonowa ESPANA SET ISE400P | Br\u0105zowy<\/span><\/a><\/p>\n","protected":false},"featured_media":767003,"comment_status":"closed","ping_status":"closed","template":"","meta":{"_links_to":"","_links_to_target":""},"yoast_head":"<!-- This site is optimized with the Yoast SEO plugin v19.4 - https:\/\/yoast.com\/wordpress\/plugins\/seo\/ -->\n<title>Skrzynka balkonowa ESPANA SET ISE400P | Br\u0105zowy - Selleetools.com<\/title>\n<meta name=\"robots\" content=\"index, follow, max-snippet:-1, max-image-preview:large, max-video-preview:-1\" \/>\n<link rel=\"canonical\" href=\"https:\/\/selleetools.com\/pl\/product\/skrzynka-balkonowa-espana-set-ise400p-brazowy\/\" \/>\n<meta property=\"og:locale\" content=\"pl_PL\" \/>\n<meta property=\"og:type\" content=\"article\" \/>\n<meta property=\"og:title\" content=\"Skrzynka balkonowa ESPANA SET ISE400P | Br\u0105zowy - Selleetools.com\" \/>\n<meta property=\"og:description\" content=\"Skrzynka balkonowa ESPANA SET ISE400P &#8211; br\u0105zowa Pod\u0142u\u017cna doniczka balkonowa z podstawk\u0105 ESPANA SET pozwala kreowa\u0107 pi\u0119kne unikatowe wn\u0119trza i bez ogranicze\u0144 aran\u017cowa\u0107 przestrze\u0144 wok\u00f3\u0142 domu. Dzi\u0119ki klasycznej, czystej formie nadaje si\u0119 do wszystkich pomieszcze\u0144, godz\u0105c r\u00f3\u017cne style i upodobania. Jej funkcjonalno\u015b\u0107 wyra\u017ca si\u0119 przede wszystkim w komforcie u\u017cytkowania bez wzgl\u0119du na aur\u0119. Zestaw zawiera: ... Read moreSkrzynka balkonowa ESPANA SET ISE400P | Br\u0105zowy\" \/>\n<meta property=\"og:url\" content=\"https:\/\/selleetools.com\/pl\/product\/skrzynka-balkonowa-espana-set-ise400p-brazowy\/\" \/>\n<meta property=\"og:site_name\" content=\"Selleetools.com\" \/>\n<meta property=\"article:modified_time\" content=\"2026-05-10T14:01:23+00:00\" \/>\n<meta property=\"og:image\" content=\"https:\/\/selleetools.com\/wp-content\/uploads\/2026\/04\/e5e2001f7dc33386efd1cdac7247920c.jpg\" \/>\n\t<meta property=\"og:image:width\" content=\"1600\" \/>\n\t<meta property=\"og:image:height\" content=\"1066\" \/>\n\t<meta property=\"og:image:type\" content=\"image\/jpeg\" \/>\n<meta name=\"twitter:card\" content=\"summary_large_image\" \/>\n<meta name=\"twitter:label1\" content=\"Est. reading time\" \/>\n\t<meta name=\"twitter:data1\" content=\"1 minuta\" \/>\n<!-- \/ Yoast SEO plugin. -->","yoast_head_json":{"title":"Skrzynka balkonowa ESPANA SET ISE400P | Br\u0105zowy - Selleetools.com","robots":{"index":"index","follow":"follow","max-snippet":"max-snippet:-1","max-image-preview":"max-image-preview:large","max-video-preview":"max-video-preview:-1"},"canonical":"https:\/\/selleetools.com\/pl\/product\/skrzynka-balkonowa-espana-set-ise400p-brazowy\/","og_locale":"pl_PL","og_type":"article","og_title":"Skrzynka balkonowa ESPANA SET ISE400P | Br\u0105zowy - Selleetools.com","og_description":"Skrzynka balkonowa ESPANA SET ISE400P &#8211; br\u0105zowa Pod\u0142u\u017cna doniczka balkonowa z podstawk\u0105 ESPANA SET pozwala kreowa\u0107 pi\u0119kne unikatowe wn\u0119trza i bez ogranicze\u0144 aran\u017cowa\u0107 przestrze\u0144 wok\u00f3\u0142 domu. Dzi\u0119ki klasycznej, czystej formie nadaje si\u0119 do wszystkich pomieszcze\u0144, godz\u0105c r\u00f3\u017cne style i upodobania. Jej funkcjonalno\u015b\u0107 wyra\u017ca si\u0119 przede wszystkim w komforcie u\u017cytkowania bez wzgl\u0119du na aur\u0119. Zestaw zawiera: ... Read moreSkrzynka balkonowa ESPANA SET ISE400P | Br\u0105zowy","og_url":"https:\/\/selleetools.com\/pl\/product\/skrzynka-balkonowa-espana-set-ise400p-brazowy\/","og_site_name":"Selleetools.com","article_modified_time":"2026-05-10T14:01:23+00:00","og_image":[{"width":1600,"height":1066,"url":"https:\/\/selleetools.com\/wp-content\/uploads\/2026\/04\/e5e2001f7dc33386efd1cdac7247920c.jpg","type":"image\/jpeg"}],"twitter_card":"summary_large_image","twitter_misc":{"Est. reading time":"1 minuta"},"schema":{"@context":"https:\/\/schema.org","@graph":[{"@type":"Organization","@id":"https:\/\/selleetools.com\/#organization","name":"Selleetools","url":"https:\/\/selleetools.com\/","sameAs":[],"logo":{"@type":"ImageObject","inLanguage":"pl-PL","@id":"https:\/\/selleetools.com\/#\/schema\/logo\/image\/","url":"https:\/\/selleetools.com\/wp-content\/uploads\/2021\/10\/logo-dark.png","contentUrl":"https:\/\/selleetools.com\/wp-content\/uploads\/2021\/10\/logo-dark.png","width":320,"height":76,"caption":"Selleetools"},"image":{"@id":"https:\/\/selleetools.com\/#\/schema\/logo\/image\/"}},{"@type":"WebSite","@id":"https:\/\/selleetools.com\/#website","url":"https:\/\/selleetools.com\/","name":"Selleetools.com","description":"","publisher":{"@id":"https:\/\/selleetools.com\/#organization"},"potentialAction":[{"@type":"SearchAction","target":{"@type":"EntryPoint","urlTemplate":"https:\/\/selleetools.com\/?s={search_term_string}"},"query-input":"required name=search_term_string"}],"inLanguage":"pl-PL"},{"@type":"WebPage","@id":"https:\/\/selleetools.com\/pl\/product\/skrzynka-balkonowa-espana-set-ise400p-brazowy\/","url":"https:\/\/selleetools.com\/pl\/product\/skrzynka-balkonowa-espana-set-ise400p-brazowy\/","name":"Skrzynka balkonowa ESPANA SET ISE400P | Br\u0105zowy - Selleetools.com","isPartOf":{"@id":"https:\/\/selleetools.com\/#website"},"datePublished":"2026-04-28T23:19:41+00:00","dateModified":"2026-05-10T14:01:23+00:00","breadcrumb":{"@id":"https:\/\/selleetools.com\/pl\/product\/skrzynka-balkonowa-espana-set-ise400p-brazowy\/#breadcrumb"},"inLanguage":"pl-PL","potentialAction":[{"@type":"ReadAction","target":["https:\/\/selleetools.com\/pl\/product\/skrzynka-balkonowa-espana-set-ise400p-brazowy\/"]}]},{"@type":"BreadcrumbList","@id":"https:\/\/selleetools.com\/pl\/product\/skrzynka-balkonowa-espana-set-ise400p-brazowy\/#breadcrumb","itemListElement":[{"@type":"ListItem","position":1,"name":"Home","item":"https:\/\/selleetools.com\/pl\/"},{"@type":"ListItem","position":2,"name":"Katalog","item":"https:\/\/selleetools.com\/pl\/katalog\/"},{"@type":"ListItem","position":3,"name":"Skrzynka balkonowa ESPANA SET ISE400P | Br\u0105zowy"}]}]}},"_links":{"self":[{"href":"https:\/\/admincentral.selleetools.com\/pl\/wp-json\/wp\/v2\/product\/767007"}],"collection":[{"href":"https:\/\/admincentral.selleetools.com\/pl\/wp-json\/wp\/v2\/product"}],"about":[{"href":"https:\/\/admincentral.selleetools.com\/pl\/wp-json\/wp\/v2\/types\/product"}],"replies":[{"embeddable":true,"href":"https:\/\/admincentral.selleetools.com\/pl\/wp-json\/wp\/v2\/comments?post=767007"}],"wp:featuredmedia":[{"embeddable":true,"href":"https:\/\/admincentral.selleetools.com\/pl\/wp-json\/wp\/v2\/media\/767003"}],"wp:attachment":[{"href":"https:\/\/admincentral.selleetools.com\/pl\/wp-json\/wp\/v2\/media?parent=767007"}],"curies":[{"name":"wp","href":"https:\/\/api.w.org\/{rel}","templated":true}]}}