{"id":767063,"date":"2026-04-29T01:20:21","date_gmt":"2026-04-28T23:20:21","guid":{"rendered":"https:\/\/selleetools.com\/?post_type=product&#038;p=767063"},"modified":"2026-05-10T16:01:19","modified_gmt":"2026-05-10T14:01:19","slug":"doniczka-misa-dms08-grafit","status":"publish","type":"product","link":"https:\/\/admincentral.selleetools.com\/pl\/product\/doniczka-misa-dms08-grafit\/","title":{"rendered":"Doniczka Misa DMS08 | Grafit"},"content":{"rendered":"<section class=\"section\">\n<div class=\"item item-6\">\n<section class=\"text-item\">\n<h1>Doniczka Misa DMS08 | Grafit<\/h1>\n<p>Doniczka Misa przypomina doniczki ceramiczne, jednak jest znacznie bardziej od nich trwa\u0142a, odporna na uszkodzenia i blakni\u0119cie pod wp\u0142ywem s\u0142o\u0144ca. Delikatny ornament i subtelnie fakturowana powierzchnia dodaj\u0105 jej elegancji i wdzi\u0119ku. Forma Misy pozwala uzyska\u0107 du\u017c\u0105 powierzchni\u0119 do sadzenia ro\u015blin przy stosunkowo niedu\u017cej pojemno\u015bci.<\/p>\n<p>Dane techniczne:<\/p>\n<ul>\n<li>\u015brednica:\u00a034 cm,<\/li>\n<li>wysoko\u015b\u0107:\u00a013,6 cm,<\/li>\n<li>pojemno\u015b\u0107: 5,5l,<\/li>\n<li>materia\u0142: tworzywo sztuczne.<\/li>\n<\/ul>\n<\/section>\n<\/div>\n<div class=\"item item-6\">\n<section class=\"image-item\"><img src=\"https:\/\/upload.cdn.baselinker.com\/products\/3011337\/a51cae09bc96d0d02085b114ec823476.jpg\" \/><\/section>\n<\/div>\n<\/section>\n<section class=\"section\">\n<div class=\"item item-6\">\n<section class=\"image-item\"><img src=\"https:\/\/upload.cdn.baselinker.com\/products\/3011337\/a51cae09bc96d0d02085b114ec823476.jpg\" \/><\/section>\n<\/div>\n<div class=\"item item-6\">\n<section class=\"image-item\"><img src=\"https:\/\/upload.cdn.baselinker.com\/products\/3011337\/a7de8648c0f3cb75cdcb4189ce59804e.jpg\" \/><\/section>\n<\/div>\n<\/section>\n<p>Doniczka Misa DMS08 | Grafit Doniczka Misa przypomina doniczki ceramiczne, jednak jest znacznie bardziej od nich trwa\u0142a, odporna na uszkodzenia i blakni\u0119cie pod wp\u0142ywem s\u0142o\u0144ca. Delikatny ornament i subtelnie fakturowana powierzchnia dodaj\u0105 jej elegancji i wdzi\u0119ku. Forma Misy pozwala uzyska\u0107 du\u017c\u0105 powierzchni\u0119 do sadzenia ro\u015blin przy stosunkowo niedu\u017cej pojemno\u015bci. Dane techniczne: &#8211; \u015brednica:\u00a034 cm, &#8211; wysoko\u015b\u0107:\u00a013,6 cm, &#8211; pojemno\u015b\u0107: 5,5l, &#8211; materia\u0142: tworzywo sztuczne.<\/p>\n","protected":false},"excerpt":{"rendered":"<p>Doniczka Misa DMS08 | Grafit Doniczka Misa przypomina doniczki ceramiczne, jednak jest znacznie bardziej od nich trwa\u0142a, odporna na uszkodzenia i blakni\u0119cie pod wp\u0142ywem s\u0142o\u0144ca. Delikatny ornament i subtelnie fakturowana powierzchnia dodaj\u0105 jej elegancji i wdzi\u0119ku. Forma Misy pozwala uzyska\u0107 du\u017c\u0105 powierzchni\u0119 do sadzenia ro\u015blin przy stosunkowo niedu\u017cej pojemno\u015bci. Dane techniczne: \u015brednica:\u00a034 cm, wysoko\u015b\u0107:\u00a013,6 cm, &#8230; <a title=\"Doniczka Misa DMS08 | Grafit\" class=\"read-more\" href=\"https:\/\/admincentral.selleetools.com\/pl\/product\/doniczka-misa-dms08-grafit\/\">Read more<span class=\"screen-reader-text\">Doniczka Misa DMS08 | Grafit<\/span><\/a><\/p>\n","protected":false},"featured_media":767059,"comment_status":"closed","ping_status":"closed","template":"","meta":{"_links_to":"","_links_to_target":""},"yoast_head":"<!-- This site is optimized with the Yoast SEO plugin v19.4 - https:\/\/yoast.com\/wordpress\/plugins\/seo\/ -->\n<title>Doniczka Misa DMS08 | Grafit - Selleetools.com<\/title>\n<meta name=\"robots\" content=\"index, follow, max-snippet:-1, max-image-preview:large, max-video-preview:-1\" \/>\n<link rel=\"canonical\" href=\"https:\/\/selleetools.com\/pl\/product\/doniczka-misa-dms08-grafit\/\" \/>\n<meta property=\"og:locale\" content=\"pl_PL\" \/>\n<meta property=\"og:type\" content=\"article\" \/>\n<meta property=\"og:title\" content=\"Doniczka Misa DMS08 | Grafit - Selleetools.com\" \/>\n<meta property=\"og:description\" content=\"Doniczka Misa DMS08 | Grafit Doniczka Misa przypomina doniczki ceramiczne, jednak jest znacznie bardziej od nich trwa\u0142a, odporna na uszkodzenia i blakni\u0119cie pod wp\u0142ywem s\u0142o\u0144ca. Delikatny ornament i subtelnie fakturowana powierzchnia dodaj\u0105 jej elegancji i wdzi\u0119ku. Forma Misy pozwala uzyska\u0107 du\u017c\u0105 powierzchni\u0119 do sadzenia ro\u015blin przy stosunkowo niedu\u017cej pojemno\u015bci. Dane techniczne: \u015brednica:\u00a034 cm, wysoko\u015b\u0107:\u00a013,6 cm, ... Read moreDoniczka Misa DMS08 | Grafit\" \/>\n<meta property=\"og:url\" content=\"https:\/\/selleetools.com\/pl\/product\/doniczka-misa-dms08-grafit\/\" \/>\n<meta property=\"og:site_name\" content=\"Selleetools.com\" \/>\n<meta property=\"article:modified_time\" content=\"2026-05-10T14:01:19+00:00\" \/>\n<meta property=\"og:image\" content=\"https:\/\/selleetools.com\/wp-content\/uploads\/2026\/04\/a51cae09bc96d0d02085b114ec823476.jpg\" \/>\n\t<meta property=\"og:image:width\" content=\"1344\" \/>\n\t<meta property=\"og:image:height\" content=\"882\" \/>\n\t<meta property=\"og:image:type\" content=\"image\/jpeg\" \/>\n<meta name=\"twitter:card\" content=\"summary_large_image\" \/>\n<meta name=\"twitter:label1\" content=\"Est. reading time\" \/>\n\t<meta name=\"twitter:data1\" content=\"1 minuta\" \/>\n<!-- \/ Yoast SEO plugin. -->","yoast_head_json":{"title":"Doniczka Misa DMS08 | Grafit - Selleetools.com","robots":{"index":"index","follow":"follow","max-snippet":"max-snippet:-1","max-image-preview":"max-image-preview:large","max-video-preview":"max-video-preview:-1"},"canonical":"https:\/\/selleetools.com\/pl\/product\/doniczka-misa-dms08-grafit\/","og_locale":"pl_PL","og_type":"article","og_title":"Doniczka Misa DMS08 | Grafit - Selleetools.com","og_description":"Doniczka Misa DMS08 | Grafit Doniczka Misa przypomina doniczki ceramiczne, jednak jest znacznie bardziej od nich trwa\u0142a, odporna na uszkodzenia i blakni\u0119cie pod wp\u0142ywem s\u0142o\u0144ca. Delikatny ornament i subtelnie fakturowana powierzchnia dodaj\u0105 jej elegancji i wdzi\u0119ku. Forma Misy pozwala uzyska\u0107 du\u017c\u0105 powierzchni\u0119 do sadzenia ro\u015blin przy stosunkowo niedu\u017cej pojemno\u015bci. Dane techniczne: \u015brednica:\u00a034 cm, wysoko\u015b\u0107:\u00a013,6 cm, ... Read moreDoniczka Misa DMS08 | Grafit","og_url":"https:\/\/selleetools.com\/pl\/product\/doniczka-misa-dms08-grafit\/","og_site_name":"Selleetools.com","article_modified_time":"2026-05-10T14:01:19+00:00","og_image":[{"width":1344,"height":882,"url":"https:\/\/selleetools.com\/wp-content\/uploads\/2026\/04\/a51cae09bc96d0d02085b114ec823476.jpg","type":"image\/jpeg"}],"twitter_card":"summary_large_image","twitter_misc":{"Est. reading time":"1 minuta"},"schema":{"@context":"https:\/\/schema.org","@graph":[{"@type":"Organization","@id":"https:\/\/selleetools.com\/#organization","name":"Selleetools","url":"https:\/\/selleetools.com\/","sameAs":[],"logo":{"@type":"ImageObject","inLanguage":"pl-PL","@id":"https:\/\/selleetools.com\/#\/schema\/logo\/image\/","url":"https:\/\/selleetools.com\/wp-content\/uploads\/2021\/10\/logo-dark.png","contentUrl":"https:\/\/selleetools.com\/wp-content\/uploads\/2021\/10\/logo-dark.png","width":320,"height":76,"caption":"Selleetools"},"image":{"@id":"https:\/\/selleetools.com\/#\/schema\/logo\/image\/"}},{"@type":"WebSite","@id":"https:\/\/selleetools.com\/#website","url":"https:\/\/selleetools.com\/","name":"Selleetools.com","description":"","publisher":{"@id":"https:\/\/selleetools.com\/#organization"},"potentialAction":[{"@type":"SearchAction","target":{"@type":"EntryPoint","urlTemplate":"https:\/\/selleetools.com\/?s={search_term_string}"},"query-input":"required name=search_term_string"}],"inLanguage":"pl-PL"},{"@type":"WebPage","@id":"https:\/\/selleetools.com\/pl\/product\/doniczka-misa-dms08-grafit\/","url":"https:\/\/selleetools.com\/pl\/product\/doniczka-misa-dms08-grafit\/","name":"Doniczka Misa DMS08 | Grafit - Selleetools.com","isPartOf":{"@id":"https:\/\/selleetools.com\/#website"},"datePublished":"2026-04-28T23:20:21+00:00","dateModified":"2026-05-10T14:01:19+00:00","breadcrumb":{"@id":"https:\/\/selleetools.com\/pl\/product\/doniczka-misa-dms08-grafit\/#breadcrumb"},"inLanguage":"pl-PL","potentialAction":[{"@type":"ReadAction","target":["https:\/\/selleetools.com\/pl\/product\/doniczka-misa-dms08-grafit\/"]}]},{"@type":"BreadcrumbList","@id":"https:\/\/selleetools.com\/pl\/product\/doniczka-misa-dms08-grafit\/#breadcrumb","itemListElement":[{"@type":"ListItem","position":1,"name":"Home","item":"https:\/\/selleetools.com\/pl\/"},{"@type":"ListItem","position":2,"name":"Katalog","item":"https:\/\/selleetools.com\/pl\/katalog\/"},{"@type":"ListItem","position":3,"name":"Doniczka Misa DMS08 | Grafit"}]}]}},"_links":{"self":[{"href":"https:\/\/admincentral.selleetools.com\/pl\/wp-json\/wp\/v2\/product\/767063"}],"collection":[{"href":"https:\/\/admincentral.selleetools.com\/pl\/wp-json\/wp\/v2\/product"}],"about":[{"href":"https:\/\/admincentral.selleetools.com\/pl\/wp-json\/wp\/v2\/types\/product"}],"replies":[{"embeddable":true,"href":"https:\/\/admincentral.selleetools.com\/pl\/wp-json\/wp\/v2\/comments?post=767063"}],"wp:featuredmedia":[{"embeddable":true,"href":"https:\/\/admincentral.selleetools.com\/pl\/wp-json\/wp\/v2\/media\/767059"}],"wp:attachment":[{"href":"https:\/\/admincentral.selleetools.com\/pl\/wp-json\/wp\/v2\/media?parent=767063"}],"curies":[{"name":"wp","href":"https:\/\/api.w.org\/{rel}","templated":true}]}}