{"id":767100,"date":"2026-04-29T01:20:45","date_gmt":"2026-04-28T23:20:45","guid":{"rendered":"https:\/\/selleetools.com\/?post_type=product&#038;p=767100"},"modified":"2026-05-10T16:01:17","modified_gmt":"2026-05-10T14:01:17","slug":"skrzynka-balkonowa-agro-is600-brazowy","status":"publish","type":"product","link":"https:\/\/admincentral.selleetools.com\/pl\/product\/skrzynka-balkonowa-agro-is600-brazowy\/","title":{"rendered":"Skrzynka balkonowa AGRO IS600 | Br\u0105zowy"},"content":{"rendered":"<section class=\"section\">\n<div class=\"item item-12\">\n<section class=\"text-item\">\n<h1>Skrzynka balkonowa AGRO IS600 | Br\u0105zowy<\/h1>\n<p>Skrzynka balkonowa Agro o prostok\u0105tnym kszta\u0142cie i delikatnych t\u0142oczeniach na powierzchni to uniwersalny produkt \u015bwietnie nadaj\u0105cy si\u0119 do hodowli najr\u00f3\u017cniejszych typ\u00f3w ro\u015blin: kwiat\u00f3w, zi\u00f3\u0142 czy warzyw. Mo\u017cna zamocowa\u0107 j\u0105 na balustradzie balkonu albo postawi\u0107 na posadzce czy parapecie.<\/p>\n<p>Dane techniczne:<\/p>\n<ul>\n<li>d\u0142ugo\u015b\u0107 g\u00f3ra &#8211; 60 cm<\/li>\n<li>d\u0142ugo\u015b\u0107 podstawa &#8211; 54 cm<\/li>\n<li>szeroko\u015b\u0107 g\u00f3ry &#8211; 18 cm<\/li>\n<li>szeroko\u015b\u0107 podstawy &#8211; 12 cm<\/li>\n<li>wysoko\u015b\u0107 &#8211; 14 cm<\/li>\n<li>materia\u0142 &#8211; tworzywo sztuczne<\/li>\n<\/ul>\n<\/section>\n<\/div>\n<\/section>\n<section class=\"section\">\n<div class=\"item item-12\">\n<section class=\"image-item\"><img src=\"https:\/\/upload.cdn.baselinker.com\/products\/3011337\/475d7c98d8d2e1dffdd29ea2fe81114e.jpg\" \/><\/section>\n<\/div>\n<\/section>\n<section class=\"section\">\n<div class=\"item item-12\">\n<section class=\"image-item\"><img src=\"https:\/\/upload.cdn.baselinker.com\/products\/3011337\/62fd4189d6cd1f753c20bcec3f195473.jpg\" \/><\/section>\n<\/div>\n<\/section>\n<section class=\"section\">\n<div class=\"item item-12\">\n<section class=\"image-item\"><img src=\"https:\/\/upload.cdn.baselinker.com\/products\/3011337\/2fa051225ce62d32b1f94bd9de98b98c.jpg\" \/><\/section>\n<\/div>\n<\/section>\n<p>Skrzynka balkonowa AGRO IS600 | Br\u0105zowy Skrzynka balkonowa Agro o prostok\u0105tnym kszta\u0142cie i delikatnych t\u0142oczeniach na powierzchni to uniwersalny produkt \u015bwietnie nadaj\u0105cy si\u0119 do hodowli najr\u00f3\u017cniejszych typ\u00f3w ro\u015blin: kwiat\u00f3w, zi\u00f3\u0142 czy warzyw. Mo\u017cna zamocowa\u0107 j\u0105 na balustradzie balkonu albo postawi\u0107 na posadzce czy parapecie. Dane techniczne: &#8211; d\u0142ugo\u015b\u0107 g\u00f3ra &#8211; 60 cm &#8211; d\u0142ugo\u015b\u0107 podstawa &#8211; 54 cm &#8211; szeroko\u015b\u0107 g\u00f3ry &#8211; 18 cm &#8211; szeroko\u015b\u0107 podstawy &#8211; 12 cm &#8211; wysoko\u015b\u0107 &#8211; 14 cm &#8211; materia\u0142 &#8211; tworzywo sztuczne<\/p>\n","protected":false},"excerpt":{"rendered":"<p>Skrzynka balkonowa AGRO IS600 | Br\u0105zowy Skrzynka balkonowa Agro o prostok\u0105tnym kszta\u0142cie i delikatnych t\u0142oczeniach na powierzchni to uniwersalny produkt \u015bwietnie nadaj\u0105cy si\u0119 do hodowli najr\u00f3\u017cniejszych typ\u00f3w ro\u015blin: kwiat\u00f3w, zi\u00f3\u0142 czy warzyw. Mo\u017cna zamocowa\u0107 j\u0105 na balustradzie balkonu albo postawi\u0107 na posadzce czy parapecie. Dane techniczne: d\u0142ugo\u015b\u0107 g\u00f3ra &#8211; 60 cm d\u0142ugo\u015b\u0107 podstawa &#8211; 54 &#8230; <a title=\"Skrzynka balkonowa AGRO IS600 | Br\u0105zowy\" class=\"read-more\" href=\"https:\/\/admincentral.selleetools.com\/pl\/product\/skrzynka-balkonowa-agro-is600-brazowy\/\">Read more<span class=\"screen-reader-text\">Skrzynka balkonowa AGRO IS600 | Br\u0105zowy<\/span><\/a><\/p>\n","protected":false},"featured_media":767088,"comment_status":"closed","ping_status":"closed","template":"","meta":{"_links_to":"","_links_to_target":""},"yoast_head":"<!-- This site is optimized with the Yoast SEO plugin v19.4 - https:\/\/yoast.com\/wordpress\/plugins\/seo\/ -->\n<title>Skrzynka balkonowa AGRO IS600 | Br\u0105zowy - Selleetools.com<\/title>\n<meta name=\"robots\" content=\"index, follow, max-snippet:-1, max-image-preview:large, max-video-preview:-1\" \/>\n<link rel=\"canonical\" href=\"https:\/\/selleetools.com\/pl\/product\/skrzynka-balkonowa-agro-is600-brazowy\/\" \/>\n<meta property=\"og:locale\" content=\"pl_PL\" \/>\n<meta property=\"og:type\" content=\"article\" \/>\n<meta property=\"og:title\" content=\"Skrzynka balkonowa AGRO IS600 | Br\u0105zowy - Selleetools.com\" \/>\n<meta property=\"og:description\" content=\"Skrzynka balkonowa AGRO IS600 | Br\u0105zowy Skrzynka balkonowa Agro o prostok\u0105tnym kszta\u0142cie i delikatnych t\u0142oczeniach na powierzchni to uniwersalny produkt \u015bwietnie nadaj\u0105cy si\u0119 do hodowli najr\u00f3\u017cniejszych typ\u00f3w ro\u015blin: kwiat\u00f3w, zi\u00f3\u0142 czy warzyw. Mo\u017cna zamocowa\u0107 j\u0105 na balustradzie balkonu albo postawi\u0107 na posadzce czy parapecie. Dane techniczne: d\u0142ugo\u015b\u0107 g\u00f3ra &#8211; 60 cm d\u0142ugo\u015b\u0107 podstawa &#8211; 54 ... Read moreSkrzynka balkonowa AGRO IS600 | Br\u0105zowy\" \/>\n<meta property=\"og:url\" content=\"https:\/\/selleetools.com\/pl\/product\/skrzynka-balkonowa-agro-is600-brazowy\/\" \/>\n<meta property=\"og:site_name\" content=\"Selleetools.com\" \/>\n<meta property=\"article:modified_time\" content=\"2026-05-10T14:01:17+00:00\" \/>\n<meta property=\"og:image\" content=\"https:\/\/selleetools.com\/wp-content\/uploads\/2026\/04\/475d7c98d8d2e1dffdd29ea2fe81114e.jpg\" \/>\n\t<meta property=\"og:image:width\" content=\"2560\" \/>\n\t<meta property=\"og:image:height\" content=\"1435\" \/>\n\t<meta property=\"og:image:type\" content=\"image\/jpeg\" \/>\n<meta name=\"twitter:card\" content=\"summary_large_image\" \/>\n<meta name=\"twitter:label1\" content=\"Est. reading time\" \/>\n\t<meta name=\"twitter:data1\" content=\"1 minuta\" \/>\n<!-- \/ Yoast SEO plugin. -->","yoast_head_json":{"title":"Skrzynka balkonowa AGRO IS600 | Br\u0105zowy - Selleetools.com","robots":{"index":"index","follow":"follow","max-snippet":"max-snippet:-1","max-image-preview":"max-image-preview:large","max-video-preview":"max-video-preview:-1"},"canonical":"https:\/\/selleetools.com\/pl\/product\/skrzynka-balkonowa-agro-is600-brazowy\/","og_locale":"pl_PL","og_type":"article","og_title":"Skrzynka balkonowa AGRO IS600 | Br\u0105zowy - Selleetools.com","og_description":"Skrzynka balkonowa AGRO IS600 | Br\u0105zowy Skrzynka balkonowa Agro o prostok\u0105tnym kszta\u0142cie i delikatnych t\u0142oczeniach na powierzchni to uniwersalny produkt \u015bwietnie nadaj\u0105cy si\u0119 do hodowli najr\u00f3\u017cniejszych typ\u00f3w ro\u015blin: kwiat\u00f3w, zi\u00f3\u0142 czy warzyw. Mo\u017cna zamocowa\u0107 j\u0105 na balustradzie balkonu albo postawi\u0107 na posadzce czy parapecie. Dane techniczne: d\u0142ugo\u015b\u0107 g\u00f3ra &#8211; 60 cm d\u0142ugo\u015b\u0107 podstawa &#8211; 54 ... Read moreSkrzynka balkonowa AGRO IS600 | Br\u0105zowy","og_url":"https:\/\/selleetools.com\/pl\/product\/skrzynka-balkonowa-agro-is600-brazowy\/","og_site_name":"Selleetools.com","article_modified_time":"2026-05-10T14:01:17+00:00","og_image":[{"width":2560,"height":1435,"url":"https:\/\/selleetools.com\/wp-content\/uploads\/2026\/04\/475d7c98d8d2e1dffdd29ea2fe81114e.jpg","type":"image\/jpeg"}],"twitter_card":"summary_large_image","twitter_misc":{"Est. reading time":"1 minuta"},"schema":{"@context":"https:\/\/schema.org","@graph":[{"@type":"Organization","@id":"https:\/\/selleetools.com\/#organization","name":"Selleetools","url":"https:\/\/selleetools.com\/","sameAs":[],"logo":{"@type":"ImageObject","inLanguage":"pl-PL","@id":"https:\/\/selleetools.com\/#\/schema\/logo\/image\/","url":"https:\/\/selleetools.com\/wp-content\/uploads\/2021\/10\/logo-dark.png","contentUrl":"https:\/\/selleetools.com\/wp-content\/uploads\/2021\/10\/logo-dark.png","width":320,"height":76,"caption":"Selleetools"},"image":{"@id":"https:\/\/selleetools.com\/#\/schema\/logo\/image\/"}},{"@type":"WebSite","@id":"https:\/\/selleetools.com\/#website","url":"https:\/\/selleetools.com\/","name":"Selleetools.com","description":"","publisher":{"@id":"https:\/\/selleetools.com\/#organization"},"potentialAction":[{"@type":"SearchAction","target":{"@type":"EntryPoint","urlTemplate":"https:\/\/selleetools.com\/?s={search_term_string}"},"query-input":"required name=search_term_string"}],"inLanguage":"pl-PL"},{"@type":"WebPage","@id":"https:\/\/selleetools.com\/pl\/product\/skrzynka-balkonowa-agro-is600-brazowy\/","url":"https:\/\/selleetools.com\/pl\/product\/skrzynka-balkonowa-agro-is600-brazowy\/","name":"Skrzynka balkonowa AGRO IS600 | Br\u0105zowy - Selleetools.com","isPartOf":{"@id":"https:\/\/selleetools.com\/#website"},"datePublished":"2026-04-28T23:20:45+00:00","dateModified":"2026-05-10T14:01:17+00:00","breadcrumb":{"@id":"https:\/\/selleetools.com\/pl\/product\/skrzynka-balkonowa-agro-is600-brazowy\/#breadcrumb"},"inLanguage":"pl-PL","potentialAction":[{"@type":"ReadAction","target":["https:\/\/selleetools.com\/pl\/product\/skrzynka-balkonowa-agro-is600-brazowy\/"]}]},{"@type":"BreadcrumbList","@id":"https:\/\/selleetools.com\/pl\/product\/skrzynka-balkonowa-agro-is600-brazowy\/#breadcrumb","itemListElement":[{"@type":"ListItem","position":1,"name":"Home","item":"https:\/\/selleetools.com\/pl\/"},{"@type":"ListItem","position":2,"name":"Katalog","item":"https:\/\/selleetools.com\/pl\/katalog\/"},{"@type":"ListItem","position":3,"name":"Skrzynka balkonowa AGRO IS600 | Br\u0105zowy"}]}]}},"_links":{"self":[{"href":"https:\/\/admincentral.selleetools.com\/pl\/wp-json\/wp\/v2\/product\/767100"}],"collection":[{"href":"https:\/\/admincentral.selleetools.com\/pl\/wp-json\/wp\/v2\/product"}],"about":[{"href":"https:\/\/admincentral.selleetools.com\/pl\/wp-json\/wp\/v2\/types\/product"}],"replies":[{"embeddable":true,"href":"https:\/\/admincentral.selleetools.com\/pl\/wp-json\/wp\/v2\/comments?post=767100"}],"wp:featuredmedia":[{"embeddable":true,"href":"https:\/\/admincentral.selleetools.com\/pl\/wp-json\/wp\/v2\/media\/767088"}],"wp:attachment":[{"href":"https:\/\/admincentral.selleetools.com\/pl\/wp-json\/wp\/v2\/media?parent=767100"}],"curies":[{"name":"wp","href":"https:\/\/api.w.org\/{rel}","templated":true}]}}