{"id":767239,"date":"2026-04-29T01:22:29","date_gmt":"2026-04-28T23:22:29","guid":{"rendered":"https:\/\/selleetools.com\/?post_type=product&#038;p=767239"},"modified":"2026-05-10T16:13:09","modified_gmt":"2026-05-10T14:13:09","slug":"doniczka-kwadratowa-terra-dkwt37-terakota","status":"publish","type":"product","link":"https:\/\/admincentral.selleetools.com\/pl\/product\/doniczka-kwadratowa-terra-dkwt37-terakota\/","title":{"rendered":"Doniczka kwadratowa Terra DKWT37 | Terakota"},"content":{"rendered":"<p>Specyfikacja: &#8211; Wysoko\u015b\u0107:\u00a030 cm &#8211; Szeroko\u015b\u0107:\u00a037 cm &#8211; G\u0142\u0119boko\u015b\u0107:\u00a037 cm &#8211; Pojemno\u015b\u0107 25,2l Doniczka Terra to funkcjonalno\u015b\u0107 i elegancki wygl\u0105d. Przeznaczona jest do hodowania ro\u015blin, a dzi\u0119ki swojej wytrzyma\u0142o\u015bci mo\u017cesz j\u0105 wykorzysta\u0107 zar\u00f3wno do dekorowania mieszkania jak i tworzenia aran\u017cacji w Twoim ogrodzie Mo\u017cemy j\u0105 umie\u015bci\u0107: &#8211; w domu &#8211; przestronnym wn\u0119trzu &#8211; na tarasie &#8211; na balkonie &#8211; w ogrodzie<\/p>\n<p>Specyfikacja: &#8211; Wysoko\u015b\u0107:\u00a030 cm &#8211; Szeroko\u015b\u0107:\u00a037 cm &#8211; G\u0142\u0119boko\u015b\u0107:\u00a037 cm &#8211; Pojemno\u015b\u0107 25,2l Doniczka Terra to funkcjonalno\u015b\u0107 i elegancki wygl\u0105d. Przeznaczona jest do hodowania ro\u015blin, a dzi\u0119ki swojej wytrzyma\u0142o\u015bci mo\u017cesz j\u0105 wykorzysta\u0107 zar\u00f3wno do dekorowania mieszkania jak i tworzenia aran\u017cacji w Twoim ogrodzie Mo\u017cemy j\u0105 umie\u015bci\u0107: &#8211; w domu &#8211; przestronnym wn\u0119trzu &#8211; na tarasie &#8211; na balkonie &#8211; w ogrodzie<\/p>\n","protected":false},"excerpt":{"rendered":"<p>Specyfikacja: &#8211; Wysoko\u015b\u0107:\u00a030 cm &#8211; Szeroko\u015b\u0107:\u00a037 cm &#8211; G\u0142\u0119boko\u015b\u0107:\u00a037 cm &#8211; Pojemno\u015b\u0107 25,2l Doniczka Terra to funkcjonalno\u015b\u0107 i elegancki wygl\u0105d. Przeznaczona jest do hodowania ro\u015blin, a dzi\u0119ki swojej wytrzyma\u0142o\u015bci mo\u017cesz j\u0105 wykorzysta\u0107 zar\u00f3wno do dekorowania mieszkania jak i tworzenia aran\u017cacji w Twoim ogrodzie Mo\u017cemy j\u0105 umie\u015bci\u0107: &#8211; w domu &#8211; przestronnym wn\u0119trzu &#8211; na tarasie &#8230; <a title=\"Doniczka kwadratowa Terra DKWT37 | Terakota\" class=\"read-more\" href=\"https:\/\/admincentral.selleetools.com\/pl\/product\/doniczka-kwadratowa-terra-dkwt37-terakota\/\">Read more<span class=\"screen-reader-text\">Doniczka kwadratowa Terra DKWT37 | Terakota<\/span><\/a><\/p>\n","protected":false},"featured_media":767229,"comment_status":"closed","ping_status":"closed","template":"","meta":{"_links_to":"","_links_to_target":""},"yoast_head":"<!-- This site is optimized with the Yoast SEO plugin v19.4 - https:\/\/yoast.com\/wordpress\/plugins\/seo\/ -->\n<title>Doniczka kwadratowa Terra DKWT37 | Terakota - Selleetools.com<\/title>\n<meta name=\"robots\" content=\"index, follow, max-snippet:-1, max-image-preview:large, max-video-preview:-1\" \/>\n<link rel=\"canonical\" href=\"https:\/\/selleetools.com\/pl\/product\/doniczka-kwadratowa-terra-dkwt37-terakota\/\" \/>\n<meta property=\"og:locale\" content=\"pl_PL\" \/>\n<meta property=\"og:type\" content=\"article\" \/>\n<meta property=\"og:title\" content=\"Doniczka kwadratowa Terra DKWT37 | Terakota - Selleetools.com\" \/>\n<meta property=\"og:description\" content=\"Specyfikacja: &#8211; Wysoko\u015b\u0107:\u00a030 cm &#8211; Szeroko\u015b\u0107:\u00a037 cm &#8211; G\u0142\u0119boko\u015b\u0107:\u00a037 cm &#8211; Pojemno\u015b\u0107 25,2l Doniczka Terra to funkcjonalno\u015b\u0107 i elegancki wygl\u0105d. Przeznaczona jest do hodowania ro\u015blin, a dzi\u0119ki swojej wytrzyma\u0142o\u015bci mo\u017cesz j\u0105 wykorzysta\u0107 zar\u00f3wno do dekorowania mieszkania jak i tworzenia aran\u017cacji w Twoim ogrodzie Mo\u017cemy j\u0105 umie\u015bci\u0107: &#8211; w domu &#8211; przestronnym wn\u0119trzu &#8211; na tarasie ... Read moreDoniczka kwadratowa Terra DKWT37 | Terakota\" \/>\n<meta property=\"og:url\" content=\"https:\/\/selleetools.com\/pl\/product\/doniczka-kwadratowa-terra-dkwt37-terakota\/\" \/>\n<meta property=\"og:site_name\" content=\"Selleetools.com\" \/>\n<meta property=\"article:modified_time\" content=\"2026-05-10T14:13:09+00:00\" \/>\n<meta property=\"og:image\" content=\"https:\/\/selleetools.com\/wp-content\/uploads\/2026\/04\/faf7dc18d02dd5a641e061e676d32ff8.jpg\" \/>\n\t<meta property=\"og:image:width\" content=\"1220\" \/>\n\t<meta property=\"og:image:height\" content=\"1502\" \/>\n\t<meta property=\"og:image:type\" content=\"image\/jpeg\" \/>\n<meta name=\"twitter:card\" content=\"summary_large_image\" \/>\n<meta name=\"twitter:label1\" content=\"Est. reading time\" \/>\n\t<meta name=\"twitter:data1\" content=\"1 minuta\" \/>\n<!-- \/ Yoast SEO plugin. -->","yoast_head_json":{"title":"Doniczka kwadratowa Terra DKWT37 | Terakota - Selleetools.com","robots":{"index":"index","follow":"follow","max-snippet":"max-snippet:-1","max-image-preview":"max-image-preview:large","max-video-preview":"max-video-preview:-1"},"canonical":"https:\/\/selleetools.com\/pl\/product\/doniczka-kwadratowa-terra-dkwt37-terakota\/","og_locale":"pl_PL","og_type":"article","og_title":"Doniczka kwadratowa Terra DKWT37 | Terakota - Selleetools.com","og_description":"Specyfikacja: &#8211; Wysoko\u015b\u0107:\u00a030 cm &#8211; Szeroko\u015b\u0107:\u00a037 cm &#8211; G\u0142\u0119boko\u015b\u0107:\u00a037 cm &#8211; Pojemno\u015b\u0107 25,2l Doniczka Terra to funkcjonalno\u015b\u0107 i elegancki wygl\u0105d. Przeznaczona jest do hodowania ro\u015blin, a dzi\u0119ki swojej wytrzyma\u0142o\u015bci mo\u017cesz j\u0105 wykorzysta\u0107 zar\u00f3wno do dekorowania mieszkania jak i tworzenia aran\u017cacji w Twoim ogrodzie Mo\u017cemy j\u0105 umie\u015bci\u0107: &#8211; w domu &#8211; przestronnym wn\u0119trzu &#8211; na tarasie ... Read moreDoniczka kwadratowa Terra DKWT37 | Terakota","og_url":"https:\/\/selleetools.com\/pl\/product\/doniczka-kwadratowa-terra-dkwt37-terakota\/","og_site_name":"Selleetools.com","article_modified_time":"2026-05-10T14:13:09+00:00","og_image":[{"width":1220,"height":1502,"url":"https:\/\/selleetools.com\/wp-content\/uploads\/2026\/04\/faf7dc18d02dd5a641e061e676d32ff8.jpg","type":"image\/jpeg"}],"twitter_card":"summary_large_image","twitter_misc":{"Est. reading time":"1 minuta"},"schema":{"@context":"https:\/\/schema.org","@graph":[{"@type":"Organization","@id":"https:\/\/selleetools.com\/#organization","name":"Selleetools","url":"https:\/\/selleetools.com\/","sameAs":[],"logo":{"@type":"ImageObject","inLanguage":"pl-PL","@id":"https:\/\/selleetools.com\/#\/schema\/logo\/image\/","url":"https:\/\/selleetools.com\/wp-content\/uploads\/2021\/10\/logo-dark.png","contentUrl":"https:\/\/selleetools.com\/wp-content\/uploads\/2021\/10\/logo-dark.png","width":320,"height":76,"caption":"Selleetools"},"image":{"@id":"https:\/\/selleetools.com\/#\/schema\/logo\/image\/"}},{"@type":"WebSite","@id":"https:\/\/selleetools.com\/#website","url":"https:\/\/selleetools.com\/","name":"Selleetools.com","description":"","publisher":{"@id":"https:\/\/selleetools.com\/#organization"},"potentialAction":[{"@type":"SearchAction","target":{"@type":"EntryPoint","urlTemplate":"https:\/\/selleetools.com\/?s={search_term_string}"},"query-input":"required name=search_term_string"}],"inLanguage":"pl-PL"},{"@type":"WebPage","@id":"https:\/\/selleetools.com\/pl\/product\/doniczka-kwadratowa-terra-dkwt37-terakota\/","url":"https:\/\/selleetools.com\/pl\/product\/doniczka-kwadratowa-terra-dkwt37-terakota\/","name":"Doniczka kwadratowa Terra DKWT37 | Terakota - Selleetools.com","isPartOf":{"@id":"https:\/\/selleetools.com\/#website"},"datePublished":"2026-04-28T23:22:29+00:00","dateModified":"2026-05-10T14:13:09+00:00","breadcrumb":{"@id":"https:\/\/selleetools.com\/pl\/product\/doniczka-kwadratowa-terra-dkwt37-terakota\/#breadcrumb"},"inLanguage":"pl-PL","potentialAction":[{"@type":"ReadAction","target":["https:\/\/selleetools.com\/pl\/product\/doniczka-kwadratowa-terra-dkwt37-terakota\/"]}]},{"@type":"BreadcrumbList","@id":"https:\/\/selleetools.com\/pl\/product\/doniczka-kwadratowa-terra-dkwt37-terakota\/#breadcrumb","itemListElement":[{"@type":"ListItem","position":1,"name":"Home","item":"https:\/\/selleetools.com\/pl\/"},{"@type":"ListItem","position":2,"name":"Katalog","item":"https:\/\/selleetools.com\/pl\/katalog\/"},{"@type":"ListItem","position":3,"name":"Doniczka kwadratowa Terra DKWT37 | Terakota"}]}]}},"_links":{"self":[{"href":"https:\/\/admincentral.selleetools.com\/pl\/wp-json\/wp\/v2\/product\/767239"}],"collection":[{"href":"https:\/\/admincentral.selleetools.com\/pl\/wp-json\/wp\/v2\/product"}],"about":[{"href":"https:\/\/admincentral.selleetools.com\/pl\/wp-json\/wp\/v2\/types\/product"}],"replies":[{"embeddable":true,"href":"https:\/\/admincentral.selleetools.com\/pl\/wp-json\/wp\/v2\/comments?post=767239"}],"wp:featuredmedia":[{"embeddable":true,"href":"https:\/\/admincentral.selleetools.com\/pl\/wp-json\/wp\/v2\/media\/767229"}],"wp:attachment":[{"href":"https:\/\/admincentral.selleetools.com\/pl\/wp-json\/wp\/v2\/media?parent=767239"}],"curies":[{"name":"wp","href":"https:\/\/api.w.org\/{rel}","templated":true}]}}